{"id":22,"date":"2014-09-18T12:19:57","date_gmt":"2014-09-18T11:19:57","guid":{"rendered":"http:\/\/agora.xtec.cat\/ceiplatorreta\/?page_id=22"},"modified":"2021-04-13T11:53:42","modified_gmt":"2021-04-13T09:53:42","slug":"lescola","status":"publish","type":"page","link":"https:\/\/agora.xtec.cat\/ceiplatorreta\/lescola\/","title":{"rendered":"L&#8217;escola"},"content":{"rendered":"<p>L\u2019Escola La Torreta \u00e9s un centre docent d\u2019educaci\u00f3 infantil i prim\u00e0ria, de titularitat p\u00fablica del Departament d\u2019Ensenyament de la Generalitat de Catalunya. Es troba situada a la localitat de <strong>La Torreta<\/strong>, la qual pertany administrativament al municipi de<strong> La Roca del Vall\u00e8s<\/strong>, tot i que per la seva proximitat a Granollers es troba sota la influ\u00e8ncia social d\u2019aquesta ciutat.<\/p>\n<p>Es va crear com a centre independent l\u2019any 1982, per\u00f2 ha passat per diferents fases. Inicialment era una escola d\u2019una \u00fanica l\u00ednia; despr\u00e9s, alguns cursos es van desdoblar iniciant-se una doble l\u00ednia que no s\u2019ha pogut consolidar del tot, ja que actualment comptem amb 3 cursos de dues l\u00ednies i els 6 cursos restants, d\u2019una \u00fanica l\u00ednia.<\/p>\n<p>L\u2019edifici actual que acull l\u2019Escola La Torreta \u00e9s un dels m\u00e9s moderns del municipi, ja que durant l\u2019any 2012, es van enderrocar les antigues construccions i s\u2019ha constru\u00eft un nou equipament escolar que est\u00e0 preparat per donar servei a dues l\u00ednies educatives, amb tots els equipaments i serveis: aules d\u2019infantil i prim\u00e0ria amb suport \u00a0multim\u00e8dia, sala d\u2019inform\u00e0tica, cuina i menjador, aula d\u2019experimentaci\u00f3, aula de pl\u00e0stica, sala de psicomotricitat, un gimn\u00e0s i una pista poliesportiva interior.<\/p>\n","protected":false},"excerpt":{"rendered":"<p>L\u2019Escola La Torreta \u00e9s un centre docent d\u2019educaci\u00f3 infantil i prim\u00e0ria, de titularitat p\u00fablica del Departament d\u2019Ensenyament de la Generalitat de Catalunya. Es troba situada a la localitat de La Torreta, la qual pertany administrativament al municipi de La Roca del Vall\u00e8s, tot i que&hellip;  <a href=\"https:\/\/agora.xtec.cat\/ceiplatorreta\/lescola\/\" title=\"Read L&#8217;escola\">Llegeix m\u00e9s\u00bb<\/a><\/p>\n","protected":false},"author":1,"featured_media":0,"parent":0,"menu_order":0,"comment_status":"closed","ping_status":"closed","template":"page-templates\/side-menu.php","meta":{"_bbp_topic_count":0,"_bbp_reply_count":0,"_bbp_total_topic_count":0,"_bbp_total_reply_count":0,"_bbp_voice_count":0,"_bbp_anonymous_reply_count":0,"_bbp_topic_count_hidden":0,"_bbp_reply_count_hidden":0,"_bbp_forum_subforum_count":0,"footnotes":""},"class_list":["post-22","page","type-page","status-publish","hentry"],"post_mailing_queue_ids":[],"_links":{"self":[{"href":"https:\/\/agora.xtec.cat\/ceiplatorreta\/wp-json\/wp\/v2\/pages\/22","targetHints":{"allow":["GET"]}}],"collection":[{"href":"https:\/\/agora.xtec.cat\/ceiplatorreta\/wp-json\/wp\/v2\/pages"}],"about":[{"href":"https:\/\/agora.xtec.cat\/ceiplatorreta\/wp-json\/wp\/v2\/types\/page"}],"author":[{"embeddable":true,"href":"https:\/\/agora.xtec.cat\/ceiplatorreta\/wp-json\/wp\/v2\/users\/1"}],"replies":[{"embeddable":true,"href":"https:\/\/agora.xtec.cat\/ceiplatorreta\/wp-json\/wp\/v2\/comments?post=22"}],"version-history":[{"count":3,"href":"https:\/\/agora.xtec.cat\/ceiplatorreta\/wp-json\/wp\/v2\/pages\/22\/revisions"}],"predecessor-version":[{"id":6364,"href":"https:\/\/agora.xtec.cat\/ceiplatorreta\/wp-json\/wp\/v2\/pages\/22\/revisions\/6364"}],"wp:attachment":[{"href":"https:\/\/agora.xtec.cat\/ceiplatorreta\/wp-json\/wp\/v2\/media?parent=22"}],"curies":[{"name":"wp","href":"https:\/\/api.w.org\/{rel}","templated":true}]}}