{"id":13415,"date":"2025-02-28T13:14:57","date_gmt":"2025-02-28T12:14:57","guid":{"rendered":"https:\/\/agora.xtec.cat\/ceiplatorreta\/?page_id=13415"},"modified":"2025-05-05T10:04:36","modified_gmt":"2025-05-05T08:04:36","slug":"programa-de-revisio-de-menus-escolars-preme","status":"publish","type":"page","link":"https:\/\/agora.xtec.cat\/ceiplatorreta\/serveis\/menjador-escolar\/programa-de-revisio-de-menus-escolars-preme\/","title":{"rendered":"Programa de Revisi\u00f3 de Men\u00fas Escolars (PReME)"},"content":{"rendered":"<p>Consulteu l&#8217;informe de valoraci\u00f3 de la programaci\u00f3 de men\u00fas que inclou consells i recomanacions per tal de millorar la qualitat global de les programacions de men\u00fas per a l\u2019alumnat. Aquests es basen en la <a href=\"https:\/\/www.boe.es\/boe\/dias\/2011\/07\/06\/pdfs\/BOE-A-2011-11604.pdf\" data-saferedirecturl=\"https:\/\/www.google.com\/url?q=https:\/\/www.boe.es\/boe\/dias\/2011\/07\/06\/pdfs\/BOE-A-2011-11604.pdf&amp;source=gmail&amp;ust=1740822602315000&amp;usg=AOvVaw0PZspCUR0XefhuvGTPMgn0\">Llei 17\/2011, de 5 de juliol<\/a>, de seguretat aliment\u00e0ria i nutrici\u00f3 i en els documents \u201c<a href=\"https:\/\/salutpublica.gencat.cat\/web\/.content\/minisite\/aspcat\/promocio_salut\/alimentacio_saludable\/02Publicacions\/pub_alim_inf\/guia_alimentacio_saludable_etapa_escolar\/guia_alimentacio_etapa_escolar.pdf\" data-saferedirecturl=\"https:\/\/www.google.com\/url?q=https:\/\/salutpublica.gencat.cat\/web\/.content\/minisite\/aspcat\/promocio_salut\/alimentacio_saludable\/02Publicacions\/pub_alim_inf\/guia_alimentacio_saludable_etapa_escolar\/guia_alimentacio_etapa_escolar.pdf&amp;source=gmail&amp;ust=1740822602315000&amp;usg=AOvVaw2I89OOjue03U-ZnICgp83T\">L\u2019alimentaci\u00f3 saludable a l\u2019etapa escolar<\/a>\u201d (2020) i \u201c<a href=\"http:\/\/salutpublica.gencat.cat\/web\/.content\/minisite\/aspcat\/promocio_salut\/alimentacio_saludable\/02Publicacions\/pub_alim_inf\/documents_tecnics_preme\/recomanacions_per_millorar_menus_escolars.pdf\" data-saferedirecturl=\"https:\/\/www.google.com\/url?q=http:\/\/salutpublica.gencat.cat\/web\/.content\/minisite\/aspcat\/promocio_salut\/alimentacio_saludable\/02Publicacions\/pub_alim_inf\/documents_tecnics_preme\/recomanacions_per_millorar_menus_escolars.pdf&amp;source=gmail&amp;ust=1740822602315000&amp;usg=AOvVaw0GMzOYQIqsw6_LofRcnmmY\">Recomanacions per millorar la qualitat de les programacions de men\u00fas a l\u2019escola<\/a>\u201d (2017),\u00a0 de la Generalitat de Catalunya.2<\/p>\n<p><a href=\"https:\/\/agora.xtec.cat\/ceiplatorreta\/wp-content\/uploads\/usu967\/2025\/05\/20250328-La-Roca-del-Valles-Escola-La-Torreta-SEG.pdf\">20250328-La Roca del Vall\u00e8s Escola La Torreta-SEG<\/a><\/p>\n<p><a href=\"https:\/\/agora.xtec.cat\/ceiplatorreta\/wp-content\/uploads\/usu967\/2025\/02\/20241115-La-Roca-del-Valles-Escola-La-Torreta-REV.pdf\">20241115-La Roca del Vall\u00e8s Escola La Torreta-REV<\/a><\/p>\n","protected":false},"excerpt":{"rendered":"<p>Consulteu l&#8217;informe de valoraci\u00f3 de la programaci\u00f3 de men\u00fas que inclou consells i recomanacions per tal de millorar la qualitat global de les programacions de men\u00fas per a l\u2019alumnat. Aquests es basen en la <a href=\"https:\/\/www.boe.es\/boe\/dias\/2011\/07\/06\/pdfs\/BOE-A-2011-11604.pdf\" data-saferedirecturl=\"https:\/\/www.google.com\/url?q=https:\/\/www.boe.es\/boe\/dias\/2011\/07\/06\/pdfs\/BOE-A-2011-11604.pdf&amp;source=gmail&amp;ust=1740822602315000&amp;usg=AOvVaw0PZspCUR0XefhuvGTPMgn0\">Llei 17\/2011, de 5 de juliol<\/a>, de seguretat aliment\u00e0ria&hellip;  <a href=\"https:\/\/agora.xtec.cat\/ceiplatorreta\/serveis\/menjador-escolar\/programa-de-revisio-de-menus-escolars-preme\/\" title=\"Read Programa de Revisi\u00f3 de Men\u00fas Escolars (PReME)\">Llegeix m\u00e9s\u00bb<\/a><\/p>\n","protected":false},"author":1,"featured_media":0,"parent":73,"menu_order":2,"comment_status":"closed","ping_status":"closed","template":"","meta":{"_bbp_topic_count":0,"_bbp_reply_count":0,"_bbp_total_topic_count":0,"_bbp_total_reply_count":0,"_bbp_voice_count":0,"_bbp_anonymous_reply_count":0,"_bbp_topic_count_hidden":0,"_bbp_reply_count_hidden":0,"_bbp_forum_subforum_count":0,"footnotes":""},"class_list":["post-13415","page","type-page","status-publish","hentry"],"post_mailing_queue_ids":[],"_links":{"self":[{"href":"https:\/\/agora.xtec.cat\/ceiplatorreta\/wp-json\/wp\/v2\/pages\/13415","targetHints":{"allow":["GET"]}}],"collection":[{"href":"https:\/\/agora.xtec.cat\/ceiplatorreta\/wp-json\/wp\/v2\/pages"}],"about":[{"href":"https:\/\/agora.xtec.cat\/ceiplatorreta\/wp-json\/wp\/v2\/types\/page"}],"author":[{"embeddable":true,"href":"https:\/\/agora.xtec.cat\/ceiplatorreta\/wp-json\/wp\/v2\/users\/1"}],"replies":[{"embeddable":true,"href":"https:\/\/agora.xtec.cat\/ceiplatorreta\/wp-json\/wp\/v2\/comments?post=13415"}],"version-history":[{"count":2,"href":"https:\/\/agora.xtec.cat\/ceiplatorreta\/wp-json\/wp\/v2\/pages\/13415\/revisions"}],"predecessor-version":[{"id":13777,"href":"https:\/\/agora.xtec.cat\/ceiplatorreta\/wp-json\/wp\/v2\/pages\/13415\/revisions\/13777"}],"up":[{"embeddable":true,"href":"https:\/\/agora.xtec.cat\/ceiplatorreta\/wp-json\/wp\/v2\/pages\/73"}],"wp:attachment":[{"href":"https:\/\/agora.xtec.cat\/ceiplatorreta\/wp-json\/wp\/v2\/media?parent=13415"}],"curies":[{"name":"wp","href":"https:\/\/api.w.org\/{rel}","templated":true}]}}