{"id":12357,"date":"2024-06-20T10:38:07","date_gmt":"2024-06-20T08:38:07","guid":{"rendered":"https:\/\/agora.xtec.cat\/ceiplatorreta\/?page_id=12357"},"modified":"2024-06-20T10:42:12","modified_gmt":"2024-06-20T08:42:12","slug":"pla-catala-de-lesport","status":"publish","type":"page","link":"https:\/\/agora.xtec.cat\/ceiplatorreta\/projectes-descola\/pla-catala-de-lesport\/","title":{"rendered":"Pla Catal\u00e0 de l&#8217;Esport"},"content":{"rendered":"<p>Aquest programa est\u00e0 regulat des de la Secretaria General de l\u2019Esport i l\u2019Activitat F\u00edsica i el Departament d\u2019Educaci\u00f3 i s\u2019adre\u00e7a a tots els centres educatius de Catalunya.<\/p>\n<p><strong>Els objectius principals<\/strong>\u00a0s\u00f3n els seg\u00fcents:<\/p>\n<ul>\n<li>Incrementar la pr\u00e0ctica regular d&#8217;activitat f\u00edsica i esportiva en horari no lectiu<\/li>\n<li>Facilitar l\u2019acc\u00e9s a la pr\u00e0ctica esportiva escolar a tota la comunitat educativa, aix\u00ed com la col\u00b7laboraci\u00f3 en la seva dinamitzaci\u00f3<\/li>\n<li>Fomentar l\u2019adquisici\u00f3 d\u2019h\u00e0bits saludables que contribueixin a la millora del benestar personal i social<\/li>\n<li>Contribuir mitjan\u00e7ant la pr\u00e0ctica esportiva a l\u2019educaci\u00f3 en valors i fomentar la participaci\u00f3 per sobre de la competici\u00f3<\/li>\n<\/ul>\n<p><a href=\"https:\/\/esport.gencat.cat\/ca\/arees_dactuacio\/escolar\/placatala_esportescola\/index.html\">Pla Catal\u00e0 de l&#8217;Esport a l&#8217;Escola<\/a><\/p>\n","protected":false},"excerpt":{"rendered":"<p>Aquest programa est\u00e0 regulat des de la Secretaria General de l\u2019Esport i l\u2019Activitat F\u00edsica i el Departament d\u2019Educaci\u00f3 i s\u2019adre\u00e7a a tots els centres educatius de Catalunya.<br \/>\nEls objectius principals\u00a0s\u00f3n els seg\u00fcents:<\/p>\n<ul>\n<li>Incrementar la pr\u00e0ctica regular d&#8217;activitat f\u00edsica i esportiva en horari no lectiu<\/li>\n<li>Facilitar l\u2019acc\u00e9s a la&hellip;  <a href=\"https:\/\/agora.xtec.cat\/ceiplatorreta\/projectes-descola\/pla-catala-de-lesport\/\" title=\"Read Pla Catal\u00e0 de l&#8217;Esport\">Llegeix m\u00e9s\u00bb<\/a><br \/>\n","protected":false},"author":71,"featured_media":0,"parent":5926,"menu_order":10,"comment_status":"closed","ping_status":"closed","template":"","meta":{"_bbp_topic_count":0,"_bbp_reply_count":0,"_bbp_total_topic_count":0,"_bbp_total_reply_count":0,"_bbp_voice_count":0,"_bbp_anonymous_reply_count":0,"_bbp_topic_count_hidden":0,"_bbp_reply_count_hidden":0,"_bbp_forum_subforum_count":0,"footnotes":""},"class_list":["post-12357","page","type-page","status-publish","hentry"],"post_mailing_queue_ids":[],"_links":{"self":[{"href":"https:\/\/agora.xtec.cat\/ceiplatorreta\/wp-json\/wp\/v2\/pages\/12357","targetHints":{"allow":["GET"]}}],"collection":[{"href":"https:\/\/agora.xtec.cat\/ceiplatorreta\/wp-json\/wp\/v2\/pages"}],"about":[{"href":"https:\/\/agora.xtec.cat\/ceiplatorreta\/wp-json\/wp\/v2\/types\/page"}],"author":[{"embeddable":true,"href":"https:\/\/agora.xtec.cat\/ceiplatorreta\/wp-json\/wp\/v2\/users\/71"}],"replies":[{"embeddable":true,"href":"https:\/\/agora.xtec.cat\/ceiplatorreta\/wp-json\/wp\/v2\/comments?post=12357"}],"version-history":[{"count":2,"href":"https:\/\/agora.xtec.cat\/ceiplatorreta\/wp-json\/wp\/v2\/pages\/12357\/revisions"}],"predecessor-version":[{"id":12362,"href":"https:\/\/agora.xtec.cat\/ceiplatorreta\/wp-json\/wp\/v2\/pages\/12357\/revisions\/12362"}],"up":[{"embeddable":true,"href":"https:\/\/agora.xtec.cat\/ceiplatorreta\/wp-json\/wp\/v2\/pages\/5926"}],"wp:attachment":[{"href":"https:\/\/agora.xtec.cat\/ceiplatorreta\/wp-json\/wp\/v2\/media?parent=12357"}],"curies":[{"name":"wp","href":"https:\/\/api.w.org\/{rel}","templated":true}]}}