{"id":11315,"date":"2024-02-21T13:33:26","date_gmt":"2024-02-21T12:33:26","guid":{"rendered":"https:\/\/agora.xtec.cat\/ceiplatorreta\/?page_id=11315"},"modified":"2026-04-15T09:09:23","modified_gmt":"2026-04-15T07:09:23","slug":"preinscripcio","status":"publish","type":"page","link":"https:\/\/agora.xtec.cat\/ceiplatorreta\/lescola\/oferta-educativa\/preinscripcio\/","title":{"rendered":"Preinscripci\u00f3"},"content":{"rendered":"<p><img loading=\"lazy\" decoding=\"async\" class=\"aligncenter size-full wp-image-14701\" src=\"https:\/\/agora.xtec.cat\/ceiplatorreta\/wp-content\/uploads\/usu967\/2026\/02\/Preinscripcio_baners_Web_educacio__Preinscripcio_web_educacio_555x431_PRIMARIA.jpg\" alt=\"\" width=\"572\" height=\"448\" srcset=\"https:\/\/agora.xtec.cat\/ceiplatorreta\/wp-content\/uploads\/usu967\/2026\/02\/Preinscripcio_baners_Web_educacio__Preinscripcio_web_educacio_555x431_PRIMARIA.jpg 572w, https:\/\/agora.xtec.cat\/ceiplatorreta\/wp-content\/uploads\/usu967\/2026\/02\/Preinscripcio_baners_Web_educacio__Preinscripcio_web_educacio_555x431_PRIMARIA-300x235.jpg 300w\" sizes=\"auto, (max-width: 572px) 100vw, 572px\" \/><\/p>\n<p><strong><em>[Anirem actualitzant aquesta secci\u00f3 amb les \u00faltimes novetats. \u00daltima actualitzaci\u00f3 15.04.2026]<\/em><\/strong><\/p>\n<table style=\"height: 502px; border-style: double; width: 138.97%; border-color: #000000; background-color: #b5ed74;\" width=\"973\">\n<tbody>\n<tr style=\"height: 525px;\">\n<td style=\"width: 973.333px; height: 525px;\"><strong>INFORMACI\u00d3 DE L&#8217;ESCOLA<\/strong><\/p>\n<p><a href=\"https:\/\/agora.xtec.cat\/ceiplatorreta\/wp-content\/uploads\/usu967\/2026\/02\/Presentacio-portes-obertes.pdf\"><img loading=\"lazy\" decoding=\"async\" class=\"alignleft wp-image-9043\" src=\"https:\/\/agora.xtec.cat\/ceiplatorreta\/wp-content\/uploads\/usu967\/2023\/02\/info.png\" alt=\"\" width=\"79\" height=\"79\" srcset=\"https:\/\/agora.xtec.cat\/ceiplatorreta\/wp-content\/uploads\/usu967\/2023\/02\/info.png 225w, https:\/\/agora.xtec.cat\/ceiplatorreta\/wp-content\/uploads\/usu967\/2023\/02\/info-150x150.png 150w\" sizes=\"auto, (max-width: 79px) 100vw, 79px\" \/><\/a><\/p>\n<p><a href=\"https:\/\/agora.xtec.cat\/ceiplatorreta\/wp-content\/uploads\/usu967\/2025\/02\/TRIPTIC.pdf\"><img loading=\"lazy\" decoding=\"async\" class=\"alignleft wp-image-9045\" src=\"https:\/\/agora.xtec.cat\/ceiplatorreta\/wp-content\/uploads\/usu967\/2023\/02\/descarga-2-e1675346603172.png\" alt=\"\" width=\"95\" height=\"77\" \/><\/a><\/p>\n<p>&nbsp;<\/p>\n<p>&nbsp;<\/p>\n<p>&nbsp;<\/p>\n<p><strong>SOL\u00b7LICITUD I DOCUMENTACI\u00d3<\/strong><\/p>\n<p>\u2013 Cal fer la sol\u00b7licitud de manera telem\u00e0tica a\u00a0<strong><a href=\"https:\/\/preinscripcio.gencat.cat\/ca\/inici\">https:\/\/preinscripcio.gencat.cat\/ca\/inici<\/a><\/strong><b><\/b><\/p>\n<p>\u2013 \u00a0<a href=\"https:\/\/open.spotify.com\/show\/1FmEnAGmA8krm6Ebm1oNLU\">Preinscripci\u00f3 escolar en l\u00ednia<\/a> resums en format v\u00eddeo elaborats pel Departament d&#8217;Educaci\u00f3 amb tota la informaci\u00f3 sobre la preinscripci\u00f3.<\/p>\n<p><strong>CALENDARI DEL PROC\u00c9S<\/strong><\/p>\n<ul>\n<li>Oferta inicial de places: <strong>3 de mar\u00e7 <a href=\"https:\/\/agora.xtec.cat\/ceiplatorreta\/wp-content\/uploads\/usu967\/2025\/02\/INFORME_OFERTA_OME_INFORME_OFERTA.pdf\">INFORME_OFERTA_OME_INFORME_OFERTA<\/a>. <\/strong>Tamb\u00e9 podeu consultar-la a <a href=\"http:\/\/mapaescolar.gencat.cat\/\"><strong>http:\/\/mapaescolar.gencat.cat\/<\/strong><\/a><\/li>\n<li>Presentaci\u00f3 de sol\u00b7licituds:\u00a0<strong>del 4 al 18 de mar\u00e7<\/strong><\/li>\n<li>Presentaci\u00f3 de documentaci\u00f3: <strong>fins al 19 de mar\u00e7<\/strong><\/li>\n<li>Llista de sol\u00b7licituds amb puntuaci\u00f3 provisional: <strong>15 d\u2019abril <a href=\"https:\/\/agora.xtec.cat\/ceiplatorreta\/wp-content\/uploads\/usu967\/2025\/02\/INFORME_BAREM_PROVISIONAL_BAREM.pdf\">INFORME_BAREM_PROVISIONAL_BAREM<\/a><\/strong><\/li>\n<li>Presentaci\u00f3 de reclamacions:\u00a0<strong>del 15 al 20 d\u2019abril <a href=\"https:\/\/agora.xtec.cat\/ceiplatorreta\/wp-content\/uploads\/usu967\/2024\/04\/A948.pdf\">A948 Model de reclamaci\u00f3<\/a><\/strong><\/li>\n<li>Llista de sol\u00b7licituds amb puntuaci\u00f3 definitiva: <strong>23 d&#8217;abril<\/strong><\/li>\n<li>Sorteig del n\u00famero de desempat: <strong>28 d&#8217;abril (N\u00famero de desempat: <span class=\"ui-provider gr b c d e f g h i j k l m n o p q r s t u v w x y z ab ac ae af ag ah ai aj ak\" dir=\"ltr\">XXXXX<\/span>)<\/strong><\/li>\n<li>Llista ordenada definitiva: <strong>29 d&#8217;abril<\/strong><\/li>\n<li>Ampliaci\u00f3 de peticions \u2013per a alumnes NEE B que necessiten assignaci\u00f3 d&#8217;ofici i no s&#8217;han assignat per petici\u00f3 original: <strong>13 i 14 de maig<\/strong><\/li>\n<li>Ampliaci\u00f3 de peticions (per fam\u00edlies que necessitin assignaci\u00f3 d&#8217;ofici i no s&#8217;han assignat per petici\u00f3 original): <strong>de l&#8217;1 al 3 de juny<\/strong><\/li>\n<li>Oferta final de places escolars: <strong>10 de juny<\/strong><\/li>\n<li>Llista d\u2019alumnes admesos i llista d\u2019espera: <strong>10 de juny\u00a0<\/strong>\n<ul>\n<li>Alumnes assignats al centre amb indicaci\u00f3 de primera opci\u00f3:<\/li>\n<li>Alumnes preinscrits al centre:<\/li>\n<li>Sol\u00b7licituds en llista d&#8217;espera:<\/li>\n<\/ul>\n<\/li>\n<li>Per\u00edode de matriculaci\u00f3: <strong>del 22 al 30 de juny<\/strong><\/li>\n<\/ul>\n<p><strong>Podeu trobar m\u00e9s informaci\u00f3 al web del\u00a0<a href=\"https:\/\/preinscripcio.gencat.cat\/ca\/inici\/\">Departament.<\/a><\/strong><\/td>\n<\/tr>\n<\/tbody>\n<\/table>\n<p>&nbsp;<\/p>\n","protected":false},"excerpt":{"rendered":"<p>[Anirem actualitzant aquesta secci\u00f3 amb les \u00faltimes novetats. \u00daltima actualitzaci\u00f3 15.04.2026]<\/p>\n<p>INFORMACI\u00d3 DE L&#8217;ESCOLA<br \/>\n<a href=\"https:\/\/agora.xtec.cat\/ceiplatorreta\/wp-content\/uploads\/usu967\/2026\/02\/Presentacio-portes-obertes.pdf\"><\/a><br \/>\n<a href=\"https:\/\/agora.xtec.cat\/ceiplatorreta\/wp-content\/uploads\/usu967\/2025\/02\/TRIPTIC.pdf\"><\/a><br \/>\n&nbsp;<br \/>\n&nbsp;<br \/>\n&nbsp;<br \/>\nSOL\u00b7LICITUD I DOCUMENTACI\u00d3<br \/>\n\u2013 Cal fer la sol\u00b7licitud de manera telem\u00e0tica a\u00a0<a href=\"https:\/\/preinscripcio.gencat.cat\/ca\/inici\">https:\/\/preinscripcio.gencat.cat\/ca\/inici<\/a><br \/>\n\u2013 \u00a0<a href=\"https:\/\/open.spotify.com\/show\/1FmEnAGmA8krm6Ebm1oNLU\">Preinscripci\u00f3 escolar en l\u00ednia<\/a> resums en format v\u00eddeo elaborats pel Departament d&#8217;Educaci\u00f3 amb tota la informaci\u00f3 sobre la&hellip;  <a href=\"https:\/\/agora.xtec.cat\/ceiplatorreta\/lescola\/oferta-educativa\/preinscripcio\/\" title=\"Read Preinscripci\u00f3\">Llegeix m\u00e9s\u00bb<\/a><\/p>\n","protected":false},"author":1,"featured_media":0,"parent":34,"menu_order":2,"comment_status":"closed","ping_status":"closed","template":"page-templates\/side-menu.php","meta":{"_bbp_topic_count":0,"_bbp_reply_count":0,"_bbp_total_topic_count":0,"_bbp_total_reply_count":0,"_bbp_voice_count":0,"_bbp_anonymous_reply_count":0,"_bbp_topic_count_hidden":0,"_bbp_reply_count_hidden":0,"_bbp_forum_subforum_count":0,"footnotes":""},"class_list":["post-11315","page","type-page","status-publish","hentry"],"post_mailing_queue_ids":[],"_links":{"self":[{"href":"https:\/\/agora.xtec.cat\/ceiplatorreta\/wp-json\/wp\/v2\/pages\/11315","targetHints":{"allow":["GET"]}}],"collection":[{"href":"https:\/\/agora.xtec.cat\/ceiplatorreta\/wp-json\/wp\/v2\/pages"}],"about":[{"href":"https:\/\/agora.xtec.cat\/ceiplatorreta\/wp-json\/wp\/v2\/types\/page"}],"author":[{"embeddable":true,"href":"https:\/\/agora.xtec.cat\/ceiplatorreta\/wp-json\/wp\/v2\/users\/1"}],"replies":[{"embeddable":true,"href":"https:\/\/agora.xtec.cat\/ceiplatorreta\/wp-json\/wp\/v2\/comments?post=11315"}],"version-history":[{"count":7,"href":"https:\/\/agora.xtec.cat\/ceiplatorreta\/wp-json\/wp\/v2\/pages\/11315\/revisions"}],"predecessor-version":[{"id":14961,"href":"https:\/\/agora.xtec.cat\/ceiplatorreta\/wp-json\/wp\/v2\/pages\/11315\/revisions\/14961"}],"up":[{"embeddable":true,"href":"https:\/\/agora.xtec.cat\/ceiplatorreta\/wp-json\/wp\/v2\/pages\/34"}],"wp:attachment":[{"href":"https:\/\/agora.xtec.cat\/ceiplatorreta\/wp-json\/wp\/v2\/media?parent=11315"}],"curies":[{"name":"wp","href":"https:\/\/api.w.org\/{rel}","templated":true}]}}