{"id":11016,"date":"2024-02-05T15:42:11","date_gmt":"2024-02-05T14:42:11","guid":{"rendered":"https:\/\/agora.xtec.cat\/ceiplatorreta\/?page_id=11016"},"modified":"2024-02-21T13:18:18","modified_gmt":"2024-02-21T12:18:18","slug":"dia-de-laigua","status":"publish","type":"page","link":"https:\/\/agora.xtec.cat\/ceiplatorreta\/projectes-descola\/celebracions\/dia-de-laigua\/","title":{"rendered":"Dia de l&#8217;aigua"},"content":{"rendered":"<p>A l&#8217;escola estem absolutament sensibilitzats i sensibilitzades amb la sequera d&#8217;enguany i, per aix\u00f2, el dia 20 de mar\u00e7 de 2024 celebrem el dia de l&#8217;aigua desenvolupant diferents din\u00e0miques per conscienciar l&#8217;alumnat amb la causa.<\/p>\n<p><a href=\"https:\/\/agora.xtec.cat\/ceiplatorreta\/wp-content\/uploads\/usu967\/2024\/02\/poster-10-consells-estalvi_page-0001-1-scaled.jpg\"><img loading=\"lazy\" decoding=\"async\" class=\"alignnone size-full wp-image-11302\" src=\"https:\/\/agora.xtec.cat\/ceiplatorreta\/wp-content\/uploads\/usu967\/2024\/02\/poster-10-consells-estalvi_page-0001-1-scaled.jpg\" alt=\"\" width=\"1811\" height=\"2560\" srcset=\"https:\/\/agora.xtec.cat\/ceiplatorreta\/wp-content\/uploads\/usu967\/2024\/02\/poster-10-consells-estalvi_page-0001-1-scaled.jpg 1811w, https:\/\/agora.xtec.cat\/ceiplatorreta\/wp-content\/uploads\/usu967\/2024\/02\/poster-10-consells-estalvi_page-0001-1-212x300.jpg 212w, https:\/\/agora.xtec.cat\/ceiplatorreta\/wp-content\/uploads\/usu967\/2024\/02\/poster-10-consells-estalvi_page-0001-1-724x1024.jpg 724w, https:\/\/agora.xtec.cat\/ceiplatorreta\/wp-content\/uploads\/usu967\/2024\/02\/poster-10-consells-estalvi_page-0001-1-768x1086.jpg 768w, https:\/\/agora.xtec.cat\/ceiplatorreta\/wp-content\/uploads\/usu967\/2024\/02\/poster-10-consells-estalvi_page-0001-1-1086x1536.jpg 1086w, https:\/\/agora.xtec.cat\/ceiplatorreta\/wp-content\/uploads\/usu967\/2024\/02\/poster-10-consells-estalvi_page-0001-1-1448x2048.jpg 1448w\" sizes=\"auto, (max-width: 1811px) 100vw, 1811px\" \/><\/a><\/p>\n","protected":false},"excerpt":{"rendered":"<p>A l&#8217;escola estem absolutament sensibilitzats i sensibilitzades amb la sequera d&#8217;enguany i, per aix\u00f2, el dia 20 de mar\u00e7 de 2024 celebrem el dia de l&#8217;aigua desenvolupant diferents din\u00e0miques per conscienciar l&#8217;alumnat amb la causa.<br \/>\n<a href=\"https:\/\/agora.xtec.cat\/ceiplatorreta\/wp-content\/uploads\/usu967\/2024\/02\/poster-10-consells-estalvi_page-0001-1-scaled.jpg\"><\/a><\/p>\n","protected":false},"author":1,"featured_media":0,"parent":4418,"menu_order":6,"comment_status":"closed","ping_status":"closed","template":"page-templates\/side-menu.php","meta":{"_bbp_topic_count":0,"_bbp_reply_count":0,"_bbp_total_topic_count":0,"_bbp_total_reply_count":0,"_bbp_voice_count":0,"_bbp_anonymous_reply_count":0,"_bbp_topic_count_hidden":0,"_bbp_reply_count_hidden":0,"_bbp_forum_subforum_count":0,"footnotes":""},"class_list":["post-11016","page","type-page","status-publish","hentry"],"post_mailing_queue_ids":[],"_links":{"self":[{"href":"https:\/\/agora.xtec.cat\/ceiplatorreta\/wp-json\/wp\/v2\/pages\/11016","targetHints":{"allow":["GET"]}}],"collection":[{"href":"https:\/\/agora.xtec.cat\/ceiplatorreta\/wp-json\/wp\/v2\/pages"}],"about":[{"href":"https:\/\/agora.xtec.cat\/ceiplatorreta\/wp-json\/wp\/v2\/types\/page"}],"author":[{"embeddable":true,"href":"https:\/\/agora.xtec.cat\/ceiplatorreta\/wp-json\/wp\/v2\/users\/1"}],"replies":[{"embeddable":true,"href":"https:\/\/agora.xtec.cat\/ceiplatorreta\/wp-json\/wp\/v2\/comments?post=11016"}],"version-history":[{"count":3,"href":"https:\/\/agora.xtec.cat\/ceiplatorreta\/wp-json\/wp\/v2\/pages\/11016\/revisions"}],"predecessor-version":[{"id":11303,"href":"https:\/\/agora.xtec.cat\/ceiplatorreta\/wp-json\/wp\/v2\/pages\/11016\/revisions\/11303"}],"up":[{"embeddable":true,"href":"https:\/\/agora.xtec.cat\/ceiplatorreta\/wp-json\/wp\/v2\/pages\/4418"}],"wp:attachment":[{"href":"https:\/\/agora.xtec.cat\/ceiplatorreta\/wp-json\/wp\/v2\/media?parent=11016"}],"curies":[{"name":"wp","href":"https:\/\/api.w.org\/{rel}","templated":true}]}}