{"id":1002,"date":"2020-02-28T11:33:49","date_gmt":"2020-02-28T10:33:49","guid":{"rendered":"http:\/\/agora.xtec.cat\/ceiplatorreta\/?page_id=1002"},"modified":"2024-02-07T13:44:42","modified_gmt":"2024-02-07T12:44:42","slug":"ampa","status":"publish","type":"page","link":"https:\/\/agora.xtec.cat\/ceiplatorreta\/ampa\/","title":{"rendered":"AFA"},"content":{"rendered":"<p dir=\"ltr\"><a href=\"https:\/\/agora.xtec.cat\/ceiplatorreta\/wp-content\/uploads\/usu967\/2019\/11\/AMPA-logo-.jpg\"><img loading=\"lazy\" decoding=\"async\" class=\"aligncenter wp-image-3786\" src=\"https:\/\/agora.xtec.cat\/ceiplatorreta\/wp-content\/uploads\/usu967\/2019\/11\/AMPA-logo--300x291.jpg\" alt=\"\" width=\"256\" height=\"248\" srcset=\"https:\/\/agora.xtec.cat\/ceiplatorreta\/wp-content\/uploads\/usu967\/2019\/11\/AMPA-logo--300x291.jpg 300w, https:\/\/agora.xtec.cat\/ceiplatorreta\/wp-content\/uploads\/usu967\/2019\/11\/AMPA-logo--768x744.jpg 768w, https:\/\/agora.xtec.cat\/ceiplatorreta\/wp-content\/uploads\/usu967\/2019\/11\/AMPA-logo--1024x992.jpg 1024w, https:\/\/agora.xtec.cat\/ceiplatorreta\/wp-content\/uploads\/usu967\/2019\/11\/AMPA-logo-.jpg 1951w\" sizes=\"auto, (max-width: 256px) 100vw, 256px\" \/><\/a><strong><img loading=\"lazy\" decoding=\"async\" class=\"aligncenter size-large wp-image-9636\" src=\"https:\/\/agora.xtec.cat\/ceiplatorreta\/wp-content\/uploads\/usu967\/2023\/05\/Fulleto-AMPA-1024x724.png\" alt=\"\" width=\"1024\" height=\"724\" srcset=\"https:\/\/agora.xtec.cat\/ceiplatorreta\/wp-content\/uploads\/usu967\/2023\/05\/Fulleto-AMPA-1024x724.png 1024w, https:\/\/agora.xtec.cat\/ceiplatorreta\/wp-content\/uploads\/usu967\/2023\/05\/Fulleto-AMPA-300x212.png 300w, https:\/\/agora.xtec.cat\/ceiplatorreta\/wp-content\/uploads\/usu967\/2023\/05\/Fulleto-AMPA-768x543.png 768w, https:\/\/agora.xtec.cat\/ceiplatorreta\/wp-content\/uploads\/usu967\/2023\/05\/Fulleto-AMPA-1536x1086.png 1536w, https:\/\/agora.xtec.cat\/ceiplatorreta\/wp-content\/uploads\/usu967\/2023\/05\/Fulleto-AMPA.png 2000w\" sizes=\"auto, (max-width: 1024px) 100vw, 1024px\" \/><\/strong><\/p>\n<p dir=\"ltr\"><img loading=\"lazy\" decoding=\"async\" class=\"aligncenter wp-image-10989 size-full\" src=\"https:\/\/agora.xtec.cat\/ceiplatorreta\/wp-content\/uploads\/usu967\/2024\/02\/20230613_155810_0001.png\" alt=\"\" width=\"2000\" height=\"1414\" srcset=\"https:\/\/agora.xtec.cat\/ceiplatorreta\/wp-content\/uploads\/usu967\/2024\/02\/20230613_155810_0001.png 2000w, https:\/\/agora.xtec.cat\/ceiplatorreta\/wp-content\/uploads\/usu967\/2024\/02\/20230613_155810_0001-300x212.png 300w, https:\/\/agora.xtec.cat\/ceiplatorreta\/wp-content\/uploads\/usu967\/2024\/02\/20230613_155810_0001-1024x724.png 1024w, https:\/\/agora.xtec.cat\/ceiplatorreta\/wp-content\/uploads\/usu967\/2024\/02\/20230613_155810_0001-768x543.png 768w, https:\/\/agora.xtec.cat\/ceiplatorreta\/wp-content\/uploads\/usu967\/2024\/02\/20230613_155810_0001-1536x1086.png 1536w\" sizes=\"auto, (max-width: 2000px) 100vw, 2000px\" \/><\/p>\n<p dir=\"ltr\"><strong>AFA ESCOLA LA TORRETA<\/strong><\/p>\n<p dir=\"ltr\">L\u2019Associaci\u00f3 de Fam\u00edlies (AFA) dels Alumnes de l\u2019Escola La Torreta est\u00e0 formada per pares i mares de l\u2019escola. \u00c9s un motor per a la din\u00e0mica escolar i t\u00e9 com objectius participar i ajudar en el funcionament del centre i contribuir a l\u2019assoliment de nivells \u00f2ptims de qualitat en totes les activitats en qu\u00e8 participen els nostres fills i filles.<\/p>\n<p dir=\"ltr\"><strong>QU\u00c8 FA L&#8217;AFA?<\/strong><\/p>\n<ul>\n<li dir=\"ltr\">Col\u00b7labora amb l\u2019equip docent en el bon funcionament de l\u2019escola.<\/li>\n<li dir=\"ltr\">Organitza i fa el seguiment de les activitats extraescolars.<\/li>\n<li dir=\"ltr\">Organitza les festa de fi de curs i col\u00b7labora en les festes que organitza l\u2019escola.<\/li>\n<li dir=\"ltr\">Forma part amb representaci\u00f3 pr\u00f2pia al Consell Escolar del centre.<\/li>\n<li dir=\"ltr\">At\u00e9n i canalitza les inquietuds o iniciatives dels pares i mares relacionades amb l\u2019escola, a trav\u00e9s de les institucions escolars, el Consell, els\/les delegats\/des de curs i les comissions.<\/li>\n<li dir=\"ltr\">Destina els diners recaptats en activitats organitzades per AFA i Escola per ajudar a fam\u00edlies en situaci\u00f3 econ\u00f2mica desfavorida.<\/li>\n<\/ul>\n<p dir=\"ltr\"><strong>COM FUNCIONA?<\/strong><\/p>\n<p dir=\"ltr\">Per dur a terme aquestes actuacions l\u2019AFA s\u2019organitza en comissions transversals i en delegats\/des de classe. Aix\u00f2 requereix la participaci\u00f3 volunt\u00e0ria i decidida de pares i mares, que es concreta en alguna de les seg\u00fcents formes:<\/p>\n<ul>\n<li dir=\"ltr\">Formar part d\u2019alguna comissi\u00f3 (menjador, biblioteca, socialitzaci\u00f3, festes, recursos, escola de fam\u00edlies, etc.).<\/li>\n<li dir=\"ltr\">Ser membre en representaci\u00f3 de l\u2019AFA al Consell Escolar o a d\u2019altres entitats.<\/li>\n<li dir=\"ltr\">Col\u00b7laborar puntualment en els actes festius.<\/li>\n<li dir=\"ltr\">Assistir a les assemblees anuals.<\/li>\n<\/ul>\n<p dir=\"ltr\"><strong>Quant costa ser soci\/a de l\u2019AFA?<\/strong><\/p>\n<p dir=\"ltr\">Per ser soci\/a de l\u2019AFA Escola La Torreta nom\u00e9s cal pagar una \u00fanica quota anual de 20\u20ac per alumne\/a.<\/p>\n<p dir=\"ltr\">Tots\/es els\/les socis\/es de l\u2019AFA poden implicar-se m\u00e9s directament i de forma volunt\u00e0ria a les diferents comissions que la formen (Extraescolars, Festes, Comunicaci\u00f3, Patis, Audiovisuals\u2026). Sempre ser\u00e0 important la teva aportaci\u00f3!<\/p>\n<p dir=\"ltr\"><strong>Quins beneficis tinc per ser soci\/a de l\u2019AFA?<\/strong><\/p>\n<p dir=\"ltr\">EXTRAESCOLARS: Les fam\u00edlies s\u00f2cies tenen prioritat a l\u2019acc\u00e9s a qualsevol extraescolar, en cas de no disposar de places suficients. Els\/les socis\/es tenen preus redu\u00efts a les quotes, les fam\u00edlies no s\u00f2cies paguen 10\u20ac m\u00e9s de quota.<\/p>\n<p dir=\"ltr\">FESTA DE FINAL DE CURS: Els infants que siguin socis tenen el tiquet per sopar gratis a la festa.<\/p>\n<p dir=\"ltr\">BERENARS I PICA-PICA: L\u2019AFA proporciona el berenar o pica-pica per als alumnes durant les Festes de l\u2019escola (Nadal, Carnestoltes, Castanyada&#8230;).<\/p>\n<p dir=\"ltr\">FOTO DE GRUP: Des d&#8217;AFA es regala cada any una foto de grup a les fam\u00edlies s\u00f2cies.<\/p>\n<p dir=\"ltr\">ROBA: Els\/les socis\/es tenen preus especials a la roba de l\u2019escola (xandall, malles i samarretes).<\/p>\n","protected":false},"excerpt":{"rendered":"<p><a href=\"https:\/\/agora.xtec.cat\/ceiplatorreta\/wp-content\/uploads\/usu967\/2019\/11\/AMPA-logo-.jpg\"><\/a><\/p>\n<p>AFA ESCOLA LA TORRETA<br \/>\nL\u2019Associaci\u00f3 de Fam\u00edlies (AFA) dels Alumnes de l\u2019Escola La Torreta est\u00e0 formada per pares i mares de l\u2019escola. \u00c9s un motor per a la din\u00e0mica escolar i t\u00e9 com objectius participar i ajudar en el funcionament del centre i contribuir a&hellip;  <a href=\"https:\/\/agora.xtec.cat\/ceiplatorreta\/ampa\/\" title=\"Read AFA\">Llegeix m\u00e9s\u00bb<\/a><\/p>\n","protected":false},"author":1,"featured_media":0,"parent":0,"menu_order":0,"comment_status":"closed","ping_status":"closed","template":"page-templates\/side-menu.php","meta":{"_bbp_topic_count":0,"_bbp_reply_count":0,"_bbp_total_topic_count":0,"_bbp_total_reply_count":0,"_bbp_voice_count":0,"_bbp_anonymous_reply_count":0,"_bbp_topic_count_hidden":0,"_bbp_reply_count_hidden":0,"_bbp_forum_subforum_count":0,"footnotes":""},"class_list":["post-1002","page","type-page","status-publish","hentry"],"post_mailing_queue_ids":[],"_links":{"self":[{"href":"https:\/\/agora.xtec.cat\/ceiplatorreta\/wp-json\/wp\/v2\/pages\/1002","targetHints":{"allow":["GET"]}}],"collection":[{"href":"https:\/\/agora.xtec.cat\/ceiplatorreta\/wp-json\/wp\/v2\/pages"}],"about":[{"href":"https:\/\/agora.xtec.cat\/ceiplatorreta\/wp-json\/wp\/v2\/types\/page"}],"author":[{"embeddable":true,"href":"https:\/\/agora.xtec.cat\/ceiplatorreta\/wp-json\/wp\/v2\/users\/1"}],"replies":[{"embeddable":true,"href":"https:\/\/agora.xtec.cat\/ceiplatorreta\/wp-json\/wp\/v2\/comments?post=1002"}],"version-history":[{"count":7,"href":"https:\/\/agora.xtec.cat\/ceiplatorreta\/wp-json\/wp\/v2\/pages\/1002\/revisions"}],"predecessor-version":[{"id":10991,"href":"https:\/\/agora.xtec.cat\/ceiplatorreta\/wp-json\/wp\/v2\/pages\/1002\/revisions\/10991"}],"wp:attachment":[{"href":"https:\/\/agora.xtec.cat\/ceiplatorreta\/wp-json\/wp\/v2\/media?parent=1002"}],"curies":[{"name":"wp","href":"https:\/\/api.w.org\/{rel}","templated":true}]}}