{"id":64,"date":"2014-09-18T12:39:08","date_gmt":"2014-09-18T11:39:08","guid":{"rendered":"http:\/\/agora.xtec.cat\/ceiplasiniavic\/?page_id=64"},"modified":"2024-10-16T16:09:39","modified_gmt":"2024-10-16T14:09:39","slug":"projecte-educatiu","status":"publish","type":"page","link":"https:\/\/agora.xtec.cat\/ceiplasiniavic\/projecte-educatiu\/","title":{"rendered":"Projecte Educatiu"},"content":{"rendered":"<div class=\"container-wrapper-genially\" style=\"position: relative; min-height: 400px; max-width: 100%;\">\n<p>A l\u2019<strong>Escola La S\u00ednia<\/strong> entenem l\u2019educaci\u00f3 com un fet que posa l\u2019alumnat al centre de l\u2019aprenentatge i que engloba els diferents aspectes que integren la personalitat de l\u2019alumnat amb la missi\u00f3 de potenciar-los. Ens definim com a escola <strong>catalana, laica, democr\u00e0tica, participativa, plural, coeducativa i no sexista, que treballa des del prisma de la interseccionalitat.\u00a0<\/strong><\/p>\n<p><strong>Escola Catalana:<\/strong> la llengua catalana \u00e9s la llengua d\u2019ensenyament, aprenentatge i comunicaci\u00f3; \u00e9s, per tant, la llengua vehicular de l\u2019escola per totes les activitats docents i no docents realitzades durant la jornada escolar. La nostra voluntat \u00e9s fomentar un ensenyament integrador de tota la realitat social catalana, obert al coneixement, la comprensi\u00f3 i la solidaritat amb les altres lleng\u00fces i cultures d\u2019arreu de l\u2019estat i del m\u00f3n.<\/p>\n<p><strong>Escola Laica:<\/strong> ens definim com a escola laica, que educa sense dogmes, amb valors humanistes i universals, que respecta la diversitat i els valors \u00e8tics, no sexistes i democr\u00e0tics, i que mant\u00e9 la religi\u00f3 fora de l\u2019escola i dins l\u2019\u00e0mbit de les creences particulars.<\/p>\n<p><strong>Escola Democr\u00e0tica, Participativa i Plural:<\/strong> ens manifestem en l\u00ednia amb la Declaraci\u00f3 Universal dels Drets Humans de les Nacions Unides, quan defineixen un marc de respecte a la llibertat i als Drets i Deures de la persona: \u201cla defensa dels Drets Humans, la Pau, la cooperaci\u00f3 internacional i la relaci\u00f3 entre els pobles a trav\u00e9s de l\u2019ensenyament, la ci\u00e8ncia i la comunicaci\u00f3\u201d. Aix\u00ed doncs, pretenem que l\u2019Escola La S\u00ednia sigui lloc d\u2019acollida i de conviv\u00e8ncia sense cap mena de discriminaci\u00f3 per motius econ\u00f2mics, de proced\u00e8ncia, de llengua i\/o ideologia. Tothom hi t\u00e9 cabuda si respecta unes normes elementals de conviv\u00e8ncia basades en el di\u00e0leg i el respecte mutu. \u00c9s per aquest motiu que, quan una fam\u00edlia arriba a l\u2019escola es signa una carta de comprom\u00eds que<br \/>\nimplica les dues parts.<\/p>\n<p>A La S\u00ednia fomentem una educaci\u00f3 integral basada en valors com la solidaritat, el respecte, el civisme&#8230; On els conflictes es resolen a trav\u00e9s de la mediaci\u00f3 i de forma democr\u00e0tica. Tamb\u00e9 potenciem la llibertat i la responsabilitat que aquesta porta impl\u00edcita, el gust per la feina ben feta, la cooperaci\u00f3 entre iguals i el plaer de debatre, raonar i desenvolupar el coneixement conjuntament, des del respecte a l\u2019opini\u00f3 aliena.<\/p>\n<p>Som una escola que apostem per l\u2019assoliment de les compet\u00e8ncies clau sense perdre de vista els 4 pilars de l\u2019Educaci\u00f3: aprendre a con\u00e8ixer, aprendre a ser, aprendre a fer i aprendre a viure junts.<\/p>\n<p><strong>Escola Coeducadora i No Sexista:<\/strong> entenem la coeducaci\u00f3 com a eina b\u00e0sica per construir un nou model de ciutadania que ha de fer possible la participaci\u00f3 i el desenvolupament de totes les persones. Promovem una educaci\u00f3 que potencia l&#8217;equitat i tenint en compte la individualitat de la persona i els diversos sistemes d&#8217;opressi\u00f3, dominaci\u00f3 i discriminaci\u00f3 social, que ens fan viure en un estat de privilegi o d&#8217;opressi\u00f3.<\/p>\n<p>El\/La coordinador\/a de coeducaci\u00f3 (COCOBE), aix\u00ed com la comissi\u00f3 de coeducaci\u00f3 del Consell Escolar i la comissi\u00f3 interna de centre d&#8217;interseccionalitat, s\u00f3n qui vetllen per la millora de l&#8217;equitat tenint en compte la individualitat de la persona i els diversos sistemes d&#8217;opressi\u00f3, dominaci\u00f3 i discriminaci\u00f3 social (g\u00e8nere, \u00e8tnia, diversitat funcional, orientaci\u00f3 sexual, religi\u00f3, edat, nacionalitat, nivell socioecon\u00f2mic&#8230;).<\/p>\n<div id=\"60560b7d696ad40d92914dcd\" class=\"genially-embed\" style=\"margin: 0px auto; position: relative; height: auto; width: 100%;\"><\/div>\n<\/div>\n<p>&nbsp;<\/p>\n","protected":false},"excerpt":{"rendered":"<p>A l\u2019Escola La S\u00ednia entenem l\u2019educaci\u00f3 com un fet que posa l\u2019alumnat al centre de l\u2019aprenentatge i que engloba els diferents aspectes que integren la personalitat de l\u2019alumnat amb la missi\u00f3 de potenciar-los. Ens definim com a escola catalana, laica, democr\u00e0tica, participativa, plural, coeducativa i no sexista, que treballa des del prisma de la interseccionalitat.\u00a0 [&hellip;]<\/p>\n","protected":false},"author":1,"featured_media":0,"parent":0,"menu_order":0,"comment_status":"closed","ping_status":"closed","template":"page-templates\/side-menu.php","meta":{"_bbp_topic_count":0,"_bbp_reply_count":0,"_bbp_total_topic_count":0,"_bbp_total_reply_count":0,"_bbp_voice_count":0,"_bbp_anonymous_reply_count":0,"_bbp_topic_count_hidden":0,"_bbp_reply_count_hidden":0,"_bbp_forum_subforum_count":0,"site-sidebar-layout":"default","site-content-layout":"","ast-site-content-layout":"","site-content-style":"default","site-sidebar-style":"default","ast-global-header-display":"","ast-banner-title-visibility":"","ast-main-header-display":"","ast-hfb-above-header-display":"","ast-hfb-below-header-display":"","ast-hfb-mobile-header-display":"","site-post-title":"","ast-breadcrumbs-content":"","ast-featured-img":"","footer-sml-layout":"","theme-transparent-header-meta":"","adv-header-id-meta":"","stick-header-meta":"","header-above-stick-meta":"","header-main-stick-meta":"","header-below-stick-meta":"","astra-migrate-meta-layouts":"default","ast-page-background-enabled":"default","ast-page-background-meta":{"desktop":{"background-color":"var(--ast-global-color-4)","background-image":"","background-repeat":"repeat","background-position":"center center","background-size":"auto","background-attachment":"scroll","background-type":"","background-media":"","overlay-type":"","overlay-color":"","overlay-opacity":"","overlay-gradient":""},"tablet":{"background-color":"","background-image":"","background-repeat":"repeat","background-position":"center center","background-size":"auto","background-attachment":"scroll","background-type":"","background-media":"","overlay-type":"","overlay-color":"","overlay-opacity":"","overlay-gradient":""},"mobile":{"background-color":"","background-image":"","background-repeat":"repeat","background-position":"center center","background-size":"auto","background-attachment":"scroll","background-type":"","background-media":"","overlay-type":"","overlay-color":"","overlay-opacity":"","overlay-gradient":""}},"ast-content-background-meta":{"desktop":{"background-color":"var(--ast-global-color-5)","background-image":"","background-repeat":"repeat","background-position":"center center","background-size":"auto","background-attachment":"scroll","background-type":"","background-media":"","overlay-type":"","overlay-color":"","overlay-opacity":"","overlay-gradient":""},"tablet":{"background-color":"var(--ast-global-color-5)","background-image":"","background-repeat":"repeat","background-position":"center center","background-size":"auto","background-attachment":"scroll","background-type":"","background-media":"","overlay-type":"","overlay-color":"","overlay-opacity":"","overlay-gradient":""},"mobile":{"background-color":"var(--ast-global-color-5)","background-image":"","background-repeat":"repeat","background-position":"center center","background-size":"auto","background-attachment":"scroll","background-type":"","background-media":"","overlay-type":"","overlay-color":"","overlay-opacity":"","overlay-gradient":""}},"footnotes":""},"class_list":["post-64","page","type-page","status-publish","hentry"],"post_mailing_queue_ids":[],"_links":{"self":[{"href":"https:\/\/agora.xtec.cat\/ceiplasiniavic\/wp-json\/wp\/v2\/pages\/64","targetHints":{"allow":["GET"]}}],"collection":[{"href":"https:\/\/agora.xtec.cat\/ceiplasiniavic\/wp-json\/wp\/v2\/pages"}],"about":[{"href":"https:\/\/agora.xtec.cat\/ceiplasiniavic\/wp-json\/wp\/v2\/types\/page"}],"author":[{"embeddable":true,"href":"https:\/\/agora.xtec.cat\/ceiplasiniavic\/wp-json\/wp\/v2\/users\/1"}],"replies":[{"embeddable":true,"href":"https:\/\/agora.xtec.cat\/ceiplasiniavic\/wp-json\/wp\/v2\/comments?post=64"}],"version-history":[{"count":4,"href":"https:\/\/agora.xtec.cat\/ceiplasiniavic\/wp-json\/wp\/v2\/pages\/64\/revisions"}],"predecessor-version":[{"id":1038,"href":"https:\/\/agora.xtec.cat\/ceiplasiniavic\/wp-json\/wp\/v2\/pages\/64\/revisions\/1038"}],"wp:attachment":[{"href":"https:\/\/agora.xtec.cat\/ceiplasiniavic\/wp-json\/wp\/v2\/media?parent=64"}],"curies":[{"name":"wp","href":"https:\/\/api.w.org\/{rel}","templated":true}]}}