{"id":529,"date":"2020-11-28T18:33:53","date_gmt":"2020-11-28T17:33:53","guid":{"rendered":"https:\/\/agora.xtec.cat\/ceiplasiniavic\/?page_id=529"},"modified":"2026-01-29T19:57:25","modified_gmt":"2026-01-29T18:57:25","slug":"documents-de-centre","status":"publish","type":"page","link":"https:\/\/agora.xtec.cat\/ceiplasiniavic\/documents-de-centre\/","title":{"rendered":"Documents de Centre"},"content":{"rendered":"<div class=\"tabs\"><span style=\"font-family: inherit; font-size: 1em;\">En aquest espai us facilitem la relaci\u00f3 de documents que vertebren el projecte escolar. Documents vius i canviants que reflecteixen la tasca d&#8217;un equip docent implicat i comprom\u00e8s amb l&#8217;educaci\u00f3 p\u00fablica, la igualtat d&#8217;oportunitats i la innovaci\u00f3 educativa.<\/span><\/div>\n<div class=\"region region-content\">\n<div id=\"block-system-main\" class=\"block block-system\">\n<div class=\"content\">\n<div id=\"node-63\" class=\"node node-page node-full clearfix\">\n<div class=\"content clearfix\">\n<div class=\"field field-name-body field-type-text-with-summary field-label-hidden\">\n<div class=\"field-items\">\n<div class=\"field-item even\">\n<p>&nbsp;<\/p>\n<p><a href=\"https:\/\/agora.xtec.cat\/ceiplasiniavic\/wp-content\/uploads\/usu2204\/2024\/01\/NOFC-2021-2022.docx-1.pdf\">NORMES D&#8217;ORGANITZACI\u00d3 I FUNCIONAMENT DE CENTRE<\/a><\/p>\n<p><a href=\"https:\/\/agora.xtec.cat\/ceiplasiniavic\/wp-content\/uploads\/usu2204\/2023\/03\/PEC-Escola-La-Sinia.pdf\" target=\"_blank\" rel=\"noopener noreferrer\">PROJECTE EDUCATIU DE CENTRE<\/a><\/p>\n<p><a href=\"https:\/\/agora.xtec.cat\/ceiplasiniavic\/wp-content\/uploads\/usu2204\/2023\/03\/PLA-TAC.pdf\" target=\"_blank\" rel=\"noopener noreferrer\">PLA TAC<\/a><\/p>\n<p><a href=\"https:\/\/agora.xtec.cat\/ceiplasiniavic\/wp-content\/uploads\/usu2204\/2026\/01\/PEM-24-28-Escola-La-Sinia.docx-2.pdf\">PEM (Pla Estrat\u00e8gic de Millora 24-28)<\/a><\/p>\n<p><a href=\"https:\/\/agora.xtec.cat\/ceiplasiniavic\/wp-content\/uploads\/usu2204\/2025\/07\/Actualitzat_Projecte-Linguistic-2025.pdf\">PROJECTE LING\u00dc\u00cdSTIC<\/a><\/p>\n<p><a href=\"https:\/\/agora.xtec.cat\/ceiplasiniavic\/wp-content\/uploads\/usu2204\/2023\/03\/Projecte-de-Direccio-2022-2026-Laura-Marso-Codina-1.pdf\">PROJECTE DE DIRECCI\u00d3 2022-2026<\/a><\/p>\n<p><a href=\"https:\/\/agora.xtec.cat\/ceiplasiniavic\/wp-content\/uploads\/usu2204\/2023\/03\/PROJECTE-DE-CONVIVENCIA.pdf\">PLA DE CONVIV\u00c8NCIA<\/a><\/p>\n<p><a href=\"https:\/\/agora.xtec.cat\/ceiplasiniavic\/wp-content\/uploads\/usu2204\/2021\/11\/Pla-de-Comunicacio_La-Sinia-21-22.pdf\">PLA DE COMUNICACI\u00d3<\/a><\/p>\n<\/div>\n<\/div>\n<\/div>\n<\/div>\n<\/div>\n<\/div>\n<\/div>\n<\/div>\n","protected":false},"excerpt":{"rendered":"<p>En aquest espai us facilitem la relaci\u00f3 de documents que vertebren el projecte escolar. Documents vius i canviants que reflecteixen la tasca d&#8217;un equip docent implicat i comprom\u00e8s amb l&#8217;educaci\u00f3 p\u00fablica, la igualtat d&#8217;oportunitats i la innovaci\u00f3 educativa. &nbsp; NORMES D&#8217;ORGANITZACI\u00d3 I FUNCIONAMENT DE CENTRE PROJECTE EDUCATIU DE CENTRE PLA TAC PEM (Pla Estrat\u00e8gic de [&hellip;]<\/p>\n","protected":false},"author":1,"featured_media":0,"parent":0,"menu_order":0,"comment_status":"closed","ping_status":"closed","template":"","meta":{"_bbp_topic_count":0,"_bbp_reply_count":0,"_bbp_total_topic_count":0,"_bbp_total_reply_count":0,"_bbp_voice_count":0,"_bbp_anonymous_reply_count":0,"_bbp_topic_count_hidden":0,"_bbp_reply_count_hidden":0,"_bbp_forum_subforum_count":0,"site-sidebar-layout":"default","site-content-layout":"","ast-site-content-layout":"default","site-content-style":"default","site-sidebar-style":"default","ast-global-header-display":"","ast-banner-title-visibility":"","ast-main-header-display":"","ast-hfb-above-header-display":"","ast-hfb-below-header-display":"","ast-hfb-mobile-header-display":"","site-post-title":"","ast-breadcrumbs-content":"","ast-featured-img":"","footer-sml-layout":"","theme-transparent-header-meta":"default","adv-header-id-meta":"","stick-header-meta":"","header-above-stick-meta":"","header-main-stick-meta":"","header-below-stick-meta":"","astra-migrate-meta-layouts":"set","ast-page-background-enabled":"default","ast-page-background-meta":{"desktop":{"background-color":"var(--ast-global-color-4)","background-image":"","background-repeat":"repeat","background-position":"center center","background-size":"auto","background-attachment":"scroll","background-type":"","background-media":"","overlay-type":"","overlay-color":"","overlay-opacity":"","overlay-gradient":""},"tablet":{"background-color":"","background-image":"","background-repeat":"repeat","background-position":"center center","background-size":"auto","background-attachment":"scroll","background-type":"","background-media":"","overlay-type":"","overlay-color":"","overlay-opacity":"","overlay-gradient":""},"mobile":{"background-color":"","background-image":"","background-repeat":"repeat","background-position":"center center","background-size":"auto","background-attachment":"scroll","background-type":"","background-media":"","overlay-type":"","overlay-color":"","overlay-opacity":"","overlay-gradient":""}},"ast-content-background-meta":{"desktop":{"background-color":"var(--ast-global-color-5)","background-image":"","background-repeat":"repeat","background-position":"center center","background-size":"auto","background-attachment":"scroll","background-type":"","background-media":"","overlay-type":"","overlay-color":"","overlay-opacity":"","overlay-gradient":""},"tablet":{"background-color":"var(--ast-global-color-5)","background-image":"","background-repeat":"repeat","background-position":"center center","background-size":"auto","background-attachment":"scroll","background-type":"","background-media":"","overlay-type":"","overlay-color":"","overlay-opacity":"","overlay-gradient":""},"mobile":{"background-color":"var(--ast-global-color-5)","background-image":"","background-repeat":"repeat","background-position":"center center","background-size":"auto","background-attachment":"scroll","background-type":"","background-media":"","overlay-type":"","overlay-color":"","overlay-opacity":"","overlay-gradient":""}},"footnotes":""},"class_list":["post-529","page","type-page","status-publish","hentry"],"post_mailing_queue_ids":[],"_links":{"self":[{"href":"https:\/\/agora.xtec.cat\/ceiplasiniavic\/wp-json\/wp\/v2\/pages\/529","targetHints":{"allow":["GET"]}}],"collection":[{"href":"https:\/\/agora.xtec.cat\/ceiplasiniavic\/wp-json\/wp\/v2\/pages"}],"about":[{"href":"https:\/\/agora.xtec.cat\/ceiplasiniavic\/wp-json\/wp\/v2\/types\/page"}],"author":[{"embeddable":true,"href":"https:\/\/agora.xtec.cat\/ceiplasiniavic\/wp-json\/wp\/v2\/users\/1"}],"replies":[{"embeddable":true,"href":"https:\/\/agora.xtec.cat\/ceiplasiniavic\/wp-json\/wp\/v2\/comments?post=529"}],"version-history":[{"count":6,"href":"https:\/\/agora.xtec.cat\/ceiplasiniavic\/wp-json\/wp\/v2\/pages\/529\/revisions"}],"predecessor-version":[{"id":1276,"href":"https:\/\/agora.xtec.cat\/ceiplasiniavic\/wp-json\/wp\/v2\/pages\/529\/revisions\/1276"}],"wp:attachment":[{"href":"https:\/\/agora.xtec.cat\/ceiplasiniavic\/wp-json\/wp\/v2\/media?parent=529"}],"curies":[{"name":"wp","href":"https:\/\/api.w.org\/{rel}","templated":true}]}}