{"id":38,"date":"2014-09-18T12:34:08","date_gmt":"2014-09-18T11:34:08","guid":{"rendered":"http:\/\/agora.xtec.cat\/ceiplasiniavic\/?page_id=38"},"modified":"2024-10-16T16:01:13","modified_gmt":"2024-10-16T14:01:13","slug":"salut","status":"publish","type":"page","link":"https:\/\/agora.xtec.cat\/ceiplasiniavic\/lescola\/salut\/","title":{"rendered":"Salut i Escola"},"content":{"rendered":"<p>L&#8217;Escola La S\u00ednia est\u00e0 compromesa amb la salut integral de l&#8217;infant; per aquest motiu, ens coordinem amb les fam\u00edlies i els serveis externs a trav\u00e9s de la CAEI (Comissi\u00f3 d&#8217;Atenci\u00f3 Educativa Inclusiva) per donar resposta a les necessitats individuals de cada infant.<\/p>\n<p>Confiem en les fam\u00edlies i preguem que ens informin de qualsevol q\u00fcesti\u00f3 de salut que pugui afectar els infants.<\/p>\n<p>Us recordem que si un infant t\u00e9 una malaltia, intervenci\u00f3 o condici\u00f3 que li impedir\u00e0 assistir a escola per un per\u00edode superior a 30 dies, t\u00e9 dret a rebre atenci\u00f3 domicili\u00e0ria per part d&#8217;un\/a docent.<br \/>\nPer aquest motiu, busquem tenir una comunicaci\u00f3 estreta i confidencial per atendre les necessitats de cada infant.<\/p>\n<p>Per altra banda, des de l&#8217;escola <strong>no podem administrar CAP MEDICAMENT<\/strong> sense la autoritzaci\u00f3 expressa de la fam\u00edlia i la pauta m\u00e8dica degudament signada, amb instruccions clares d&#8217;administraci\u00f3, si escau en horari escolar.<\/p>\n<p>Des de l&#8217;Escola rebreu informaci\u00f3 sempre que hi hagi incid\u00e8ncies lleus com la detecci\u00f3 par\u00e0sits (polls), malestar\/febre, etc. En cas d&#8217;emerg\u00e8ncia m\u00e8dica avisarem primer al 112 i, tot seguit, a la fam\u00edlia. El CAP del Remei hi ha una unitat de reanimaci\u00f3 cardio-pulmonar, que es troba a prop de l&#8217;Escola. A m\u00e9s a m\u00e9s, de docents amb coneixements de primers auxilis i RCP.<\/p>\n<p>&nbsp;<\/p>\n<p>&nbsp;<\/p>\n<p>&nbsp;<\/p>\n<p>&nbsp;<\/p>\n<p>&nbsp;<\/p>\n<p>&nbsp;<\/p>\n","protected":false},"excerpt":{"rendered":"<p>L&#8217;Escola La S\u00ednia est\u00e0 compromesa amb la salut integral de l&#8217;infant; per aquest motiu, ens coordinem amb les fam\u00edlies i els serveis externs a trav\u00e9s de la CAEI (Comissi\u00f3 d&#8217;Atenci\u00f3 Educativa Inclusiva) per donar resposta a les necessitats individuals de cada infant. Confiem en les fam\u00edlies i preguem que ens informin de qualsevol q\u00fcesti\u00f3 de [&hellip;]<\/p>\n","protected":false},"author":1,"featured_media":0,"parent":22,"menu_order":80,"comment_status":"closed","ping_status":"closed","template":"page-templates\/side-menu.php","meta":{"_bbp_topic_count":0,"_bbp_reply_count":0,"_bbp_total_topic_count":0,"_bbp_total_reply_count":0,"_bbp_voice_count":0,"_bbp_anonymous_reply_count":0,"_bbp_topic_count_hidden":0,"_bbp_reply_count_hidden":0,"_bbp_forum_subforum_count":0,"site-sidebar-layout":"default","site-content-layout":"","ast-site-content-layout":"","site-content-style":"default","site-sidebar-style":"default","ast-global-header-display":"","ast-banner-title-visibility":"","ast-main-header-display":"","ast-hfb-above-header-display":"","ast-hfb-below-header-display":"","ast-hfb-mobile-header-display":"","site-post-title":"","ast-breadcrumbs-content":"","ast-featured-img":"","footer-sml-layout":"","theme-transparent-header-meta":"","adv-header-id-meta":"","stick-header-meta":"","header-above-stick-meta":"","header-main-stick-meta":"","header-below-stick-meta":"","astra-migrate-meta-layouts":"default","ast-page-background-enabled":"default","ast-page-background-meta":{"desktop":{"background-color":"var(--ast-global-color-4)","background-image":"","background-repeat":"repeat","background-position":"center center","background-size":"auto","background-attachment":"scroll","background-type":"","background-media":"","overlay-type":"","overlay-color":"","overlay-opacity":"","overlay-gradient":""},"tablet":{"background-color":"","background-image":"","background-repeat":"repeat","background-position":"center center","background-size":"auto","background-attachment":"scroll","background-type":"","background-media":"","overlay-type":"","overlay-color":"","overlay-opacity":"","overlay-gradient":""},"mobile":{"background-color":"","background-image":"","background-repeat":"repeat","background-position":"center center","background-size":"auto","background-attachment":"scroll","background-type":"","background-media":"","overlay-type":"","overlay-color":"","overlay-opacity":"","overlay-gradient":""}},"ast-content-background-meta":{"desktop":{"background-color":"var(--ast-global-color-5)","background-image":"","background-repeat":"repeat","background-position":"center center","background-size":"auto","background-attachment":"scroll","background-type":"","background-media":"","overlay-type":"","overlay-color":"","overlay-opacity":"","overlay-gradient":""},"tablet":{"background-color":"var(--ast-global-color-5)","background-image":"","background-repeat":"repeat","background-position":"center center","background-size":"auto","background-attachment":"scroll","background-type":"","background-media":"","overlay-type":"","overlay-color":"","overlay-opacity":"","overlay-gradient":""},"mobile":{"background-color":"var(--ast-global-color-5)","background-image":"","background-repeat":"repeat","background-position":"center center","background-size":"auto","background-attachment":"scroll","background-type":"","background-media":"","overlay-type":"","overlay-color":"","overlay-opacity":"","overlay-gradient":""}},"footnotes":""},"class_list":["post-38","page","type-page","status-publish","hentry"],"post_mailing_queue_ids":[],"_links":{"self":[{"href":"https:\/\/agora.xtec.cat\/ceiplasiniavic\/wp-json\/wp\/v2\/pages\/38","targetHints":{"allow":["GET"]}}],"collection":[{"href":"https:\/\/agora.xtec.cat\/ceiplasiniavic\/wp-json\/wp\/v2\/pages"}],"about":[{"href":"https:\/\/agora.xtec.cat\/ceiplasiniavic\/wp-json\/wp\/v2\/types\/page"}],"author":[{"embeddable":true,"href":"https:\/\/agora.xtec.cat\/ceiplasiniavic\/wp-json\/wp\/v2\/users\/1"}],"replies":[{"embeddable":true,"href":"https:\/\/agora.xtec.cat\/ceiplasiniavic\/wp-json\/wp\/v2\/comments?post=38"}],"version-history":[{"count":5,"href":"https:\/\/agora.xtec.cat\/ceiplasiniavic\/wp-json\/wp\/v2\/pages\/38\/revisions"}],"predecessor-version":[{"id":1033,"href":"https:\/\/agora.xtec.cat\/ceiplasiniavic\/wp-json\/wp\/v2\/pages\/38\/revisions\/1033"}],"up":[{"embeddable":true,"href":"https:\/\/agora.xtec.cat\/ceiplasiniavic\/wp-json\/wp\/v2\/pages\/22"}],"wp:attachment":[{"href":"https:\/\/agora.xtec.cat\/ceiplasiniavic\/wp-json\/wp\/v2\/media?parent=38"}],"curies":[{"name":"wp","href":"https:\/\/api.w.org\/{rel}","templated":true}]}}