{"id":36,"date":"2014-09-18T12:33:11","date_gmt":"2014-09-18T11:33:11","guid":{"rendered":"http:\/\/agora.xtec.cat\/ceiplasiniavic\/?page_id=36"},"modified":"2024-10-16T16:05:32","modified_gmt":"2024-10-16T14:05:32","slug":"material-escolar","status":"publish","type":"page","link":"https:\/\/agora.xtec.cat\/ceiplasiniavic\/lescola\/material-escolar\/","title":{"rendered":"Material escolar"},"content":{"rendered":"<p>L&#8217;escola t\u00e9 una quota fixa anual pel curs 2024-2025 de <strong>120\u20ac.<\/strong><\/p>\n<p>Aquests 120 euros es desglossen de la forma seg\u00fcent:<br \/>\n<strong style=\"font-family: inherit; font-size: 1em;\"><br \/>\nA Educaci\u00f3 Infantil:<br \/>\n<\/strong><span style=\"font-family: inherit; font-size: 1em;\">120 Euros en material fungible (fotoc\u00f2pies, llapis, material de pl\u00e0stica, gomes, etc.).<\/span><\/p>\n<p><em><strong>De casa<\/strong> han de portar cada dia una motxilla petita que contingui:<\/em><br \/>\n&#8211; Una carmanyola reutilitzable amb l&#8217;esmorzar.<br \/>\n&#8211; Un salva-mantells de tela per no embrutar la taula.<br \/>\n&#8211; Una cantimplora amb aigua.<br \/>\n&#8211; Un paquet de mocadors.<\/p>\n<p><strong>A Educaci\u00f3 prim\u00e0ria:<\/strong><br \/>\n75 Euros en material fungible (fotoc\u00f2pies, instruments musicals i manteniment, material de pl\u00e0stica, etc.).<br \/>\n45 Euros en concepte llibres (matem\u00e0tiques i angl\u00e8s).<\/p>\n<p><em><strong>A Cicle Inicial, de casa,<\/strong> han de portar una motxilla que contingui:<\/em><br \/>\n&#8211; Una carmanyola reutilitzable amb l&#8217;esmorzar.<br \/>\n&#8211; Una cantimplora amb aigua.<br \/>\n&#8211; Un paquet de mocadors.<br \/>\n&#8211; Una carpeta viatgera.<br \/>\n&#8211; L&#8217;agenda.<br \/>\n&#8211; Roba adient per al dia d&#8217;Educaci\u00f3 F\u00edsica i una samarreta de recanvi.<\/p>\n<p><em><strong>A Cicle Mitj\u00e0 i Superior, de casa,<\/strong> han de portar una motxilla que contingui:<\/em><br \/>\n&#8211; Una carmanyola reutilitzable amb l&#8217;esmorzar.<br \/>\n&#8211; Una cantimplora amb aigua.<br \/>\n&#8211; Un paquet de mocadors.<br \/>\n&#8211; Una carpeta viatgera.<br \/>\n&#8211; L&#8217;agenda.<br \/>\n&#8211; Estoig amb el material seg\u00fcent: llapis, goma, bol\u00edgrafs, colors de fusta.<br \/>\n&#8211; Roba adient per al dia d&#8217;Educaci\u00f3 F\u00edsica i una samarreta de recanvi.<\/p>\n","protected":false},"excerpt":{"rendered":"<p>L&#8217;escola t\u00e9 una quota fixa anual pel curs 2024-2025 de 120\u20ac. Aquests 120 euros es desglossen de la forma seg\u00fcent: A Educaci\u00f3 Infantil: 120 Euros en material fungible (fotoc\u00f2pies, llapis, material de pl\u00e0stica, gomes, etc.). De casa han de portar cada dia una motxilla petita que contingui: &#8211; Una carmanyola reutilitzable amb l&#8217;esmorzar. &#8211; Un [&hellip;]<\/p>\n","protected":false},"author":1,"featured_media":0,"parent":22,"menu_order":70,"comment_status":"closed","ping_status":"closed","template":"page-templates\/side-menu.php","meta":{"_bbp_topic_count":0,"_bbp_reply_count":0,"_bbp_total_topic_count":0,"_bbp_total_reply_count":0,"_bbp_voice_count":0,"_bbp_anonymous_reply_count":0,"_bbp_topic_count_hidden":0,"_bbp_reply_count_hidden":0,"_bbp_forum_subforum_count":0,"site-sidebar-layout":"default","site-content-layout":"","ast-site-content-layout":"","site-content-style":"default","site-sidebar-style":"default","ast-global-header-display":"","ast-banner-title-visibility":"","ast-main-header-display":"","ast-hfb-above-header-display":"","ast-hfb-below-header-display":"","ast-hfb-mobile-header-display":"","site-post-title":"","ast-breadcrumbs-content":"","ast-featured-img":"","footer-sml-layout":"","theme-transparent-header-meta":"","adv-header-id-meta":"","stick-header-meta":"","header-above-stick-meta":"","header-main-stick-meta":"","header-below-stick-meta":"","astra-migrate-meta-layouts":"default","ast-page-background-enabled":"default","ast-page-background-meta":{"desktop":{"background-color":"var(--ast-global-color-4)","background-image":"","background-repeat":"repeat","background-position":"center center","background-size":"auto","background-attachment":"scroll","background-type":"","background-media":"","overlay-type":"","overlay-color":"","overlay-opacity":"","overlay-gradient":""},"tablet":{"background-color":"","background-image":"","background-repeat":"repeat","background-position":"center center","background-size":"auto","background-attachment":"scroll","background-type":"","background-media":"","overlay-type":"","overlay-color":"","overlay-opacity":"","overlay-gradient":""},"mobile":{"background-color":"","background-image":"","background-repeat":"repeat","background-position":"center center","background-size":"auto","background-attachment":"scroll","background-type":"","background-media":"","overlay-type":"","overlay-color":"","overlay-opacity":"","overlay-gradient":""}},"ast-content-background-meta":{"desktop":{"background-color":"var(--ast-global-color-5)","background-image":"","background-repeat":"repeat","background-position":"center center","background-size":"auto","background-attachment":"scroll","background-type":"","background-media":"","overlay-type":"","overlay-color":"","overlay-opacity":"","overlay-gradient":""},"tablet":{"background-color":"var(--ast-global-color-5)","background-image":"","background-repeat":"repeat","background-position":"center center","background-size":"auto","background-attachment":"scroll","background-type":"","background-media":"","overlay-type":"","overlay-color":"","overlay-opacity":"","overlay-gradient":""},"mobile":{"background-color":"var(--ast-global-color-5)","background-image":"","background-repeat":"repeat","background-position":"center center","background-size":"auto","background-attachment":"scroll","background-type":"","background-media":"","overlay-type":"","overlay-color":"","overlay-opacity":"","overlay-gradient":""}},"footnotes":""},"class_list":["post-36","page","type-page","status-publish","hentry"],"post_mailing_queue_ids":[],"_links":{"self":[{"href":"https:\/\/agora.xtec.cat\/ceiplasiniavic\/wp-json\/wp\/v2\/pages\/36","targetHints":{"allow":["GET"]}}],"collection":[{"href":"https:\/\/agora.xtec.cat\/ceiplasiniavic\/wp-json\/wp\/v2\/pages"}],"about":[{"href":"https:\/\/agora.xtec.cat\/ceiplasiniavic\/wp-json\/wp\/v2\/types\/page"}],"author":[{"embeddable":true,"href":"https:\/\/agora.xtec.cat\/ceiplasiniavic\/wp-json\/wp\/v2\/users\/1"}],"replies":[{"embeddable":true,"href":"https:\/\/agora.xtec.cat\/ceiplasiniavic\/wp-json\/wp\/v2\/comments?post=36"}],"version-history":[{"count":4,"href":"https:\/\/agora.xtec.cat\/ceiplasiniavic\/wp-json\/wp\/v2\/pages\/36\/revisions"}],"predecessor-version":[{"id":1034,"href":"https:\/\/agora.xtec.cat\/ceiplasiniavic\/wp-json\/wp\/v2\/pages\/36\/revisions\/1034"}],"up":[{"embeddable":true,"href":"https:\/\/agora.xtec.cat\/ceiplasiniavic\/wp-json\/wp\/v2\/pages\/22"}],"wp:attachment":[{"href":"https:\/\/agora.xtec.cat\/ceiplasiniavic\/wp-json\/wp\/v2\/media?parent=36"}],"curies":[{"name":"wp","href":"https:\/\/api.w.org\/{rel}","templated":true}]}}