{"id":34,"date":"2014-09-18T12:32:18","date_gmt":"2014-09-18T11:32:18","guid":{"rendered":"http:\/\/agora.xtec.cat\/ceiplasiniavic\/?page_id=34"},"modified":"2026-01-22T12:24:09","modified_gmt":"2026-01-22T11:24:09","slug":"oferta-educativa","status":"publish","type":"page","link":"https:\/\/agora.xtec.cat\/ceiplasiniavic\/lescola\/oferta-educativa\/","title":{"rendered":"Qui som?"},"content":{"rendered":"<p>Enguany el nostre equip docent i el personal d&#8217;atenci\u00f3 educativa (PAE) es distribueix en 4 cicles: 1 cicle a Educaci\u00f3 Infantil i 3 a Educaci\u00f3 Prim\u00e0ria.<br \/>\nTenim l&#8217;Equip de tutors, els Equips d&#8217;Especialistes, l&#8217;Equip SIEI, la TIS, l&#8217;Administrativa i l&#8217;Equip Directiu.<\/p>\n<p><strong>Equip de Tutors\/es:<\/strong><\/p>\n<table style=\"height: 276px; width: 88.035%; border-collapse: collapse; border-color: #eb6a0e; border-style: solid;\">\n<tbody>\n<tr style=\"height: 32px;\">\n<td style=\"width: 5.04345%; height: 32px; text-align: center;\"><strong>Nivell\u00a0<\/strong><\/td>\n<td style=\"width: 18.303%; height: 32px; text-align: center;\"><strong>Referent Grup A<\/strong><\/td>\n<td style=\"width: 17.5668%; height: 32px; text-align: center;\"><strong>Referent Grup B<\/strong><\/td>\n<td style=\"width: 40.1683%; height: 32px; text-align: center;\"><strong>Cotutor\/a Referent de Nivell<\/strong><\/td>\n<\/tr>\n<tr style=\"height: 10px;\">\n<td style=\"width: 5.04345%; height: 10px; text-align: center;\"><strong>I3<\/strong><\/td>\n<td style=\"width: 18.303%; height: 10px; text-align: center;\">Mireia Bretxa<br \/>\n<span style=\"text-decoration: underline; color: #0000ff;\">mireiabretxa@lasiniavic.cat<br \/>\n<\/span>Mireia Rovira<br \/>\n<span style=\"text-decoration: underline;\"><span style=\"color: #0000ff; text-decoration: underline;\">mireiarovira@lasiniavic.cat<\/span><\/span><\/td>\n<td style=\"text-align: center; width: 17.5668%; height: 10px;\">Imma Vilamala<\/p>\n<p><span style=\"text-decoration: underline; color: #0000ff;\">imma<span class=\"\"><span class=\"\">@<\/span>lasiniavic.ca<\/span>t<\/span><\/td>\n<td style=\"width: 40.1683%; height: 10px; text-align: center;\">Alba Bol\u00edvar<br \/>\n<span style=\"text-decoration: underline;\"><span style=\"color: #0000ff; text-decoration: underline;\">albabol@lasiniavic.ca<\/span><\/span><\/td>\n<\/tr>\n<tr style=\"height: 32px;\">\n<td style=\"width: 5.04345%; height: 32px; text-align: center;\"><strong>I4<\/strong><\/td>\n<td style=\"width: 18.303%; height: 32px; text-align: center;\">Merc\u00e8 Riera<\/p>\n<p><span style=\"text-decoration: underline; color: #0000ff;\">merce@lasiniavic.cat<\/span><\/td>\n<td style=\"width: 17.5668%; height: 32px; text-align: center;\">Irma Mart\u00ednez<\/p>\n<p><span style=\"text-decoration: underline; color: #0000ff;\">irma@lasiniavic.cat<\/span><\/td>\n<td style=\"width: 40.1683%; height: 32px; text-align: center;\">Marina Coll<br \/>\n<span style=\"text-decoration: underline;\"><span style=\"color: #0000ff; text-decoration: underline;\">marina<span class=\"\">@lasiniavic.cat<br \/>\n<\/span><\/span><\/span><\/td>\n<\/tr>\n<tr style=\"height: 10px;\">\n<td style=\"width: 5.04345%; height: 10px; text-align: center;\"><strong>I5<\/strong><\/td>\n<td style=\"width: 18.303%; height: 10px; text-align: center;\">Berta Cuevas<\/p>\n<p><span style=\"text-decoration: underline;\"><span style=\"color: #0000ff; text-decoration: underline;\">bertacuevas@lasiniavic.cat<\/span><\/span><\/td>\n<td style=\"width: 17.5668%; height: 10px; text-align: center;\">S\u00edlvia Baena<span style=\"text-decoration: underline; color: #0000ff;\"><br \/>\nsilvia@lasiniavic.cat<\/span><\/td>\n<td style=\"width: 40.1683%; height: 10px; text-align: center;\">Maria Sala<br \/>\n<span style=\"text-decoration: underline; color: #0000ff;\">mariasala<span class=\"\">@lasi<\/span>niavic.cat<\/span><\/td>\n<\/tr>\n<tr style=\"height: 32px;\">\n<td style=\"width: 5.04345%; height: 32px; text-align: center;\"><strong>1r<\/strong><\/td>\n<td style=\"width: 18.303%; height: 32px; text-align: center;\">Anna Rodoreda<\/p>\n<p><span style=\"text-decoration: underline; color: #0000ff;\">annar@lasiniavic.cat<\/span><\/td>\n<td style=\"width: 17.5668%; height: 32px; text-align: center;\">S\u00edlvia Par\u00e9s<\/p>\n<p><span style=\"text-decoration: underline;\"><span style=\"font-weight: 400; color: #0000ff; text-decoration: underline;\">silviapares@lasiniavic.cat<\/span><\/span><\/td>\n<td style=\"width: 40.1683%; height: 32px; text-align: center;\">Marta Casado<\/p>\n<p><span style=\"text-decoration: underline; color: #0000ff;\">martacs@lasiniavic.cat<\/span><\/td>\n<\/tr>\n<tr style=\"height: 32px;\">\n<td style=\"width: 5.04345%; height: 32px; text-align: center;\"><strong>2n<\/strong><\/td>\n<td style=\"width: 18.303%; height: 32px; text-align: center;\">Natalia Chiquero<\/p>\n<p><span style=\"text-decoration: underline; color: #0000ff;\">nataliachiquero@lasiniavic.cat<\/span><\/td>\n<td style=\"width: 17.5668%; height: 32px; text-align: center;\">Eug\u00e8nia Hinojosa<br \/>\n<span style=\"text-decoration: underline; color: #0000ff;\">eugenia<span class=\"\">@l<\/span>asiniavic.cat<\/span><\/td>\n<td style=\"width: 40.1683%; height: 32px; text-align: center;\">J\u00falia Arqu\u00e9s<\/p>\n<p><span style=\"text-decoration: underline;\"><span style=\"color: #0000ff; text-decoration: underline;\">juliaarques@lasiniavic.cat<br \/>\n<\/span><\/span><\/td>\n<\/tr>\n<tr style=\"height: 32px;\">\n<td style=\"width: 5.04345%; height: 32px; text-align: center;\"><strong>3r<\/strong><\/td>\n<td style=\"width: 18.303%; height: 32px; text-align: center;\">Clara Llorens<\/p>\n<p><span style=\"text-decoration: underline;\"><span style=\"color: #0000ff; text-decoration: underline;\">clarallorens@lasiniavic.cat<\/span><\/span><\/td>\n<td style=\"width: 17.5668%; height: 32px; text-align: center;\">Mireia Bantul\u00e0<\/p>\n<p><span style=\"text-decoration: underline; color: #0000ff;\">mireiabantula@lasiniavic.cat<\/span><\/td>\n<td style=\"width: 40.1683%; height: 32px; text-align: center;\">Eva Punsola<\/p>\n<p><span style=\"text-decoration: underline;\"><span style=\"color: #0000ff; text-decoration: underline;\">evapunsola@lasiniavic.cat<\/span><\/span><\/td>\n<\/tr>\n<tr style=\"height: 32px;\">\n<td style=\"width: 5.04345%; height: 32px; text-align: center;\"><strong>4t<\/strong><\/td>\n<td style=\"width: 18.303%; height: 32px; text-align: center;\">Cristina Hern\u00e1ndez Berga<\/p>\n<p><span style=\"text-decoration: underline; color: #0000ff;\">cristinah@lasiniavic.cat<\/span><\/td>\n<td style=\"width: 17.5668%; height: 32px; text-align: center;\">Cristina Coma<\/p>\n<p><span style=\"text-decoration: underline;\"><span style=\"color: #0000ff; text-decoration: underline;\">cristinacoma@lasiniavic.cat<\/span><\/span><\/td>\n<td style=\"width: 40.1683%; height: 32px; text-align: center;\">Pere Camps<\/p>\n<p><span style=\"text-decoration: underline;\"><span style=\"color: #0000ff; text-decoration: underline;\">perecamps@lasiniavic.cat<\/span><\/span><\/td>\n<\/tr>\n<tr style=\"height: 32px;\">\n<td style=\"width: 5.04345%; height: 32px; text-align: center;\"><strong>5\u00e8<\/strong><\/td>\n<td style=\"width: 18.303%; height: 32px; text-align: center;\">Gerard Barnera<\/p>\n<p><span style=\"text-decoration: underline;\"><span style=\"color: #0000ff; text-decoration: underline;\">gerardbarnera@lasiniavic.cat<\/span><\/span><\/td>\n<td style=\"width: 17.5668%; height: 32px; text-align: center;\">Queralt Pratsobreroca<\/p>\n<p><span style=\"text-decoration: underline; color: #0000ff;\">queralt@lasiniavic.cat<\/span><span style=\"font-family: inherit; font-size: 0.875em;\">\u00a0<\/span><\/td>\n<td style=\"width: 40.1683%; height: 32px; text-align: center;\">Ramon Costa<\/p>\n<p><span style=\"text-decoration: underline; color: #0000ff;\">ramonc@lasiniavic.cat<\/span><\/td>\n<\/tr>\n<tr style=\"height: 32px;\">\n<td style=\"width: 5.04345%; height: 32px; text-align: center;\"><strong>6\u00e8<\/strong><\/td>\n<td style=\"width: 18.303%; height: 32px; text-align: center;\">Jordi Molist<\/p>\n<p><span style=\"text-decoration: underline; color: #0000ff;\">jordim@lasiniavic.cat<\/span><\/td>\n<td style=\"width: 17.5668%; height: 32px; text-align: center;\">Marta Busqu\u00e9<\/p>\n<p><span style=\"text-decoration: underline; color: #0000ff;\">martabb@lasiniavic.cat<\/span><\/td>\n<td style=\"width: 40.1683%; height: 32px; text-align: center;\">Anna Camps<\/p>\n<p><span style=\"text-decoration: underline;\"><span style=\"color: #0000ff; text-decoration: underline;\">annacamps@lasiniavic.cat<\/span><\/span><\/td>\n<\/tr>\n<\/tbody>\n<\/table>\n<p>&nbsp;<\/p>\n<p><strong>Equip d&#8217;Especialistes:<\/strong><\/p>\n<table style=\"width: 94.0526%; border-collapse: collapse; border-color: #de0be6; border-style: solid; height: 128px;\">\n<tbody>\n<tr style=\"height: 32px;\">\n<td style=\"width: 13.2892%; height: 32px; text-align: center;\"><strong>Cicle i Nivells<\/strong><\/td>\n<td style=\"width: 21.7759%; height: 32px; text-align: center;\"><strong>Especialistes Diversitat<\/strong><\/td>\n<td style=\"width: 21.8271%; height: 32px; text-align: center;\"><strong>Especialistes Llengua Anglesa<\/strong><\/td>\n<td style=\"width: 20.4321%; height: 32px; text-align: center;\"><strong>Especialistes M\u00fasica<\/strong><\/td>\n<td style=\"width: 19.5642%; height: 32px; text-align: center;\"><strong>Especialistes Educaci\u00f3 F\u00edsica<\/strong><\/td>\n<\/tr>\n<tr style=\"height: 32px;\">\n<td style=\"width: 13.2892%; height: 32px; text-align: center;\"><strong>EI (I3, I4 i I5)<\/strong><\/td>\n<td style=\"width: 21.7759%; text-align: center; height: 32px;\">I5 -Maria Sala(MESI)<br \/>\n<span style=\"text-decoration: underline; color: #0000ff;\">mariasala@lasiniavic.cat<\/span><\/td>\n<td style=\"width: 21.8271%; text-align: center; height: 32px;\">&#8211;<\/td>\n<td style=\"width: 20.4321%; text-align: center; height: 32px;\">\u00a0Rosa Tubau<br \/>\n<span style=\"text-decoration: underline;\"><span style=\"color: #3366ff; text-decoration: underline;\"><span style=\"color: #0000ff; text-decoration: underline;\">rosat@lasiniavic.cat<\/span><br \/>\n<\/span><\/span><\/td>\n<td style=\"width: 19.5642%; text-align: center; height: 32px;\">Anna Mart\u00ednez<br \/>\n<span style=\"text-decoration: underline;\"><span style=\"color: #0000ff; text-decoration: underline;\">annamartinez@lasiniavic.cat<\/span><\/span><\/td>\n<\/tr>\n<tr style=\"height: 32px;\">\n<td style=\"width: 13.2892%; height: 32px; text-align: center;\"><strong>CI\/CM (1r, 2n i 3r)<\/strong><\/td>\n<td style=\"width: 21.7759%; text-align: center; height: 32px;\">M\u00f2nica Sadurn\u00ed (MESI) <span style=\"text-decoration: underline; color: #0000ff;\">monica<span class=\"\">@lasiniavic.cat<\/span><\/span><\/p>\n<p>Maria Bassas i Mas (MALL)<br \/>\n<span style=\"text-decoration: underline; color: #0000ff;\">mariab@lasiniavic.cat<br \/>\n<\/span><br \/>\n3r- Gemma Carrera (MESI)<br \/>\n<span style=\"text-decoration: underline; color: #0000ff;\">gemma@lasiniavic.cat<\/span><\/td>\n<td style=\"width: 21.8271%; text-align: center; height: 32px;\">1r i 2n &#8211; Gl\u00f2ria Vila<br \/>\n<span style=\"text-decoration: underline;\"><span style=\"color: #0000ff; text-decoration: underline;\">gloriavila@lasiniavic.cat<\/span><\/span>3r &#8211; Eva Punsola<br \/>\n<span style=\"text-decoration: underline;\"><span style=\"color: #0000ff; text-decoration: underline;\">evapunsola@lasiniavic.cat<\/span><\/span><\/td>\n<td style=\"width: 20.4321%; text-align: center; height: 32px;\">\u00a0Rosa Tubau<br \/>\n<span style=\"text-decoration: underline;\"><span style=\"color: #3366ff; text-decoration: underline;\"><span style=\"color: #0000ff; text-decoration: underline;\">rosat@lasiniavic.cat<\/span><\/span><\/span><\/td>\n<td style=\"width: 19.5642%; text-align: center; height: 32px;\">Anna Mart\u00ednez<br \/>\n<span style=\"text-decoration: underline;\"><span style=\"color: #0000ff; text-decoration: underline;\">annamartinez<span class=\"atwho-query\">@lasiniavic.cat<br \/>\n<\/span><\/span><\/span>Mireia P\u00e9rez<br \/>\n<span style=\"text-decoration: underline;\"><span style=\"color: #0000ff; text-decoration: underline;\">mireiaperez@lasiniavic.cat<\/span><\/span><\/td>\n<\/tr>\n<tr style=\"height: 32px;\">\n<td style=\"width: 13.2892%; height: 32px; text-align: center;\"><strong>CM\/CS (4t, 5\u00e8 i 6\u00e8)<\/strong><\/td>\n<td style=\"width: 21.7759%; text-align: center; height: 32px;\">4t &#8211; Pere Camps<br \/>\n<span style=\"text-decoration: underline;\"><span style=\"color: #0000ff; text-decoration: underline;\">perecamps@lasiniavic.cat<br \/>\n<\/span><\/span>Gemma Carrera (MESI)<br \/>\n<span style=\"text-decoration: underline; color: #0000ff;\">gemma@lasiniavic.cat<\/span><\/td>\n<td style=\"width: 21.8271%; text-align: center; height: 32px;\">4t &#8211; Gl\u00f2ria Vila<br \/>\n<span style=\"text-decoration: underline;\"><span style=\"color: #0000ff; text-decoration: underline;\">gloriavila@lasiniavic.cat<br \/>\n<\/span><\/span>5\u00e8 i 6\u00e8 &#8211; Paula Castells<br \/>\n<span style=\"text-decoration: underline; color: #0000ff;\">paula<span class=\"\">@lasiniavic.cat<\/span><\/span><\/td>\n<td style=\"width: 20.4321%; text-align: center; height: 32px;\">Maria Clap\u00e9s<br \/>\n<span style=\"text-decoration: underline; color: #0000ff;\">mariac@lasiniavic.cat<\/span><\/td>\n<td style=\"width: 19.5642%; text-align: center; height: 32px;\">5\u00e8 &#8211; Mireia P\u00e9rez<br \/>\n<span style=\"text-decoration: underline;\"><span style=\"color: #0000ff; text-decoration: underline;\">mireiaperez@lasiniavic.cat<br \/>\n<\/span><\/span>6\u00e8 &#8211; Emili Quilez<br \/>\n<span style=\"text-decoration: underline; color: #0000ff;\">emili@lasiniavic.cat<\/span><\/td>\n<\/tr>\n<\/tbody>\n<\/table>\n<p>&nbsp;<\/p>\n<p><strong>Equip SIEI<\/strong><\/p>\n<table style=\"height: 84px; width: 56.5623%; border-collapse: collapse; border-color: #f70a2a; border-style: solid;\">\n<tbody>\n<tr style=\"height: 32px;\">\n<td style=\"width: 3.99028%; height: 32px; text-align: center;\"><strong>Cicles<\/strong><\/td>\n<td style=\"width: 3.71795%; height: 32px; text-align: center;\"><strong>Referents<\/strong><\/td>\n<td style=\"width: 6.96112%; height: 32px; text-align: center;\"><strong>Educador<\/strong><\/td>\n<\/tr>\n<tr style=\"height: 32px;\">\n<td style=\"width: 3.99028%; height: 32px; text-align: center;\"><strong>EI, CI<\/strong><\/td>\n<td style=\"width: 3.71795%; height: 32px; text-align: center;\">Alba Prat<br \/>\n<span style=\"text-decoration: underline; color: #0000ff;\">albap@lasiniavic.cat<\/span><\/td>\n<td style=\"width: 6.96112%; height: 52px; text-align: center;\" rowspan=\"2\">Vanessa Gonz\u00e1lez<br \/>\n<span style=\"text-decoration: underline;\"><span style=\"color: #0000ff; text-decoration: underline;\"><span style=\"font-family: inherit; font-size: 1em;\">vanessagonzalez<\/span><span style=\"font-family: inherit; font-size: 1em;\">@lasiniavic.cat<\/span><\/span><\/span><\/td>\n<\/tr>\n<tr style=\"height: 32px;\">\n<td style=\"width: 3.99028%; height: 20px; text-align: center;\"><strong>CM, CS<\/strong><\/td>\n<td style=\"width: 3.71795%; height: 20px; text-align: center;\">M\u00f2nica Sadurn\u00ed<br \/>\n<span style=\"text-decoration: underline;\"><span style=\"font-weight: 400; color: #0000ff; text-decoration: underline;\">jenniferarrey@lasiniavic.cat<\/span><\/span><\/td>\n<\/tr>\n<\/tbody>\n<\/table>\n<p>&nbsp;<\/p>\n<p><strong>Equip Social\u00a0<\/strong><\/p>\n<table style=\"height: 96px; width: 47.0767%; border-collapse: collapse; border-style: solid; border-color: #2c63db;\">\n<tbody>\n<tr style=\"height: 32px;\">\n<td style=\"width: 6.68215%; height: 32px; text-align: center;\"><strong>Atenci\u00f3 a:<\/strong><\/td>\n<td style=\"width: 5.37398%; height: 32px; text-align: center;\"><strong>T\u00e8cnica Integradora Social<\/strong><\/td>\n<\/tr>\n<tr style=\"height: 32px;\">\n<td style=\"width: 6.68215%; height: 32px; text-align: center;\"><strong>Alumnat<\/strong><\/td>\n<td style=\"width: 5.37398%; height: 64px;\" rowspan=\"2\">\n<p style=\"text-align: center;\">Cl\u00e0udia Rodr\u00edguez<br \/>\n<span style=\"text-decoration: underline;\"><span style=\"color: #0000ff; text-decoration: underline;\">claudia@lasiniavic.cat<\/span><\/span><\/p>\n<\/td>\n<\/tr>\n<tr style=\"height: 32px;\">\n<td style=\"width: 6.68215%; height: 32px; text-align: center;\"><strong>Fam\u00edlies<\/strong><\/td>\n<\/tr>\n<\/tbody>\n<\/table>\n<p>&nbsp;<\/p>\n<p><strong>Equip Directiu<\/strong><\/p>\n<table style=\"height: 106px; width: 36.6931%; border-collapse: collapse; border-color: #1bf707; border-style: solid;\">\n<tbody>\n<tr style=\"height: 32px;\">\n<td style=\"width: 13.3067%; height: 32px; text-align: center;\"><strong>Directora<\/strong><\/td>\n<td style=\"width: 17.6595%; height: 32px; text-align: center;\">Mireia Escobar<br \/>\n<span style=\"text-decoration: underline;\"><span style=\"color: #0000ff; text-decoration: underline;\">mirex@lasiniavic.cat<\/span><\/span><\/td>\n<\/tr>\n<tr style=\"height: 32px;\">\n<td style=\"width: 13.3067%; height: 10px; text-align: center;\"><strong>Cap d&#8217;Estudis<\/strong><\/td>\n<td style=\"width: 17.6595%; height: 10px; text-align: center;\">Judit Coromina<br \/>\n<span style=\"text-decoration: underline;\"><span style=\"color: #0000ff; text-decoration: underline;\">judit@lasiniavic.cat<\/span><\/span><\/td>\n<\/tr>\n<tr style=\"height: 32px;\">\n<td style=\"width: 13.3067%; height: 32px; text-align: center;\"><strong>Secretari<\/strong><\/td>\n<td style=\"width: 17.6595%; height: 32px; text-align: center;\">Emili Quilez<br \/>\n<span style=\"text-decoration: underline;\"><span style=\"color: #0000ff; text-decoration: underline;\">emili@lasiniavic.cat<\/span><\/span><\/td>\n<\/tr>\n<tr style=\"height: 32px;\">\n<td style=\"width: 13.3067%; height: 32px; text-align: center;\"><strong>Administrativa<\/strong><\/td>\n<td style=\"width: 17.6595%; height: 32px; text-align: center;\">Helena Bastida<\/td>\n<\/tr>\n<\/tbody>\n<\/table>\n","protected":false},"excerpt":{"rendered":"<p>Enguany el nostre equip docent i el personal d&#8217;atenci\u00f3 educativa (PAE) es distribueix en 4 cicles: 1 cicle a Educaci\u00f3 Infantil i 3 a Educaci\u00f3 Prim\u00e0ria. Tenim l&#8217;Equip de tutors, els Equips d&#8217;Especialistes, l&#8217;Equip SIEI, la TIS, l&#8217;Administrativa i l&#8217;Equip Directiu. Equip de Tutors\/es: Nivell\u00a0 Referent Grup A Referent Grup B Cotutor\/a Referent de Nivell [&hellip;]<\/p>\n","protected":false},"author":1,"featured_media":0,"parent":22,"menu_order":60,"comment_status":"closed","ping_status":"closed","template":"","meta":{"_bbp_topic_count":0,"_bbp_reply_count":0,"_bbp_total_topic_count":0,"_bbp_total_reply_count":0,"_bbp_voice_count":0,"_bbp_anonymous_reply_count":0,"_bbp_topic_count_hidden":0,"_bbp_reply_count_hidden":0,"_bbp_forum_subforum_count":0,"site-sidebar-layout":"default","site-content-layout":"","ast-site-content-layout":"default","site-content-style":"default","site-sidebar-style":"default","ast-global-header-display":"","ast-banner-title-visibility":"","ast-main-header-display":"","ast-hfb-above-header-display":"","ast-hfb-below-header-display":"","ast-hfb-mobile-header-display":"","site-post-title":"","ast-breadcrumbs-content":"","ast-featured-img":"","footer-sml-layout":"","theme-transparent-header-meta":"default","adv-header-id-meta":"","stick-header-meta":"","header-above-stick-meta":"","header-main-stick-meta":"","header-below-stick-meta":"","astra-migrate-meta-layouts":"set","ast-page-background-enabled":"default","ast-page-background-meta":{"desktop":{"background-color":"var(--ast-global-color-4)","background-image":"","background-repeat":"repeat","background-position":"center center","background-size":"auto","background-attachment":"scroll","background-type":"","background-media":"","overlay-type":"","overlay-color":"","overlay-opacity":"","overlay-gradient":""},"tablet":{"background-color":"","background-image":"","background-repeat":"repeat","background-position":"center center","background-size":"auto","background-attachment":"scroll","background-type":"","background-media":"","overlay-type":"","overlay-color":"","overlay-opacity":"","overlay-gradient":""},"mobile":{"background-color":"","background-image":"","background-repeat":"repeat","background-position":"center center","background-size":"auto","background-attachment":"scroll","background-type":"","background-media":"","overlay-type":"","overlay-color":"","overlay-opacity":"","overlay-gradient":""}},"ast-content-background-meta":{"desktop":{"background-color":"var(--ast-global-color-5)","background-image":"","background-repeat":"repeat","background-position":"center center","background-size":"auto","background-attachment":"scroll","background-type":"","background-media":"","overlay-type":"","overlay-color":"","overlay-opacity":"","overlay-gradient":""},"tablet":{"background-color":"var(--ast-global-color-5)","background-image":"","background-repeat":"repeat","background-position":"center center","background-size":"auto","background-attachment":"scroll","background-type":"","background-media":"","overlay-type":"","overlay-color":"","overlay-opacity":"","overlay-gradient":""},"mobile":{"background-color":"var(--ast-global-color-5)","background-image":"","background-repeat":"repeat","background-position":"center center","background-size":"auto","background-attachment":"scroll","background-type":"","background-media":"","overlay-type":"","overlay-color":"","overlay-opacity":"","overlay-gradient":""}},"footnotes":""},"class_list":["post-34","page","type-page","status-publish","hentry"],"post_mailing_queue_ids":[],"_links":{"self":[{"href":"https:\/\/agora.xtec.cat\/ceiplasiniavic\/wp-json\/wp\/v2\/pages\/34","targetHints":{"allow":["GET"]}}],"collection":[{"href":"https:\/\/agora.xtec.cat\/ceiplasiniavic\/wp-json\/wp\/v2\/pages"}],"about":[{"href":"https:\/\/agora.xtec.cat\/ceiplasiniavic\/wp-json\/wp\/v2\/types\/page"}],"author":[{"embeddable":true,"href":"https:\/\/agora.xtec.cat\/ceiplasiniavic\/wp-json\/wp\/v2\/users\/1"}],"replies":[{"embeddable":true,"href":"https:\/\/agora.xtec.cat\/ceiplasiniavic\/wp-json\/wp\/v2\/comments?post=34"}],"version-history":[{"count":7,"href":"https:\/\/agora.xtec.cat\/ceiplasiniavic\/wp-json\/wp\/v2\/pages\/34\/revisions"}],"predecessor-version":[{"id":1258,"href":"https:\/\/agora.xtec.cat\/ceiplasiniavic\/wp-json\/wp\/v2\/pages\/34\/revisions\/1258"}],"up":[{"embeddable":true,"href":"https:\/\/agora.xtec.cat\/ceiplasiniavic\/wp-json\/wp\/v2\/pages\/22"}],"wp:attachment":[{"href":"https:\/\/agora.xtec.cat\/ceiplasiniavic\/wp-json\/wp\/v2\/media?parent=34"}],"curies":[{"name":"wp","href":"https:\/\/api.w.org\/{rel}","templated":true}]}}