{"id":30,"date":"2014-09-18T12:30:23","date_gmt":"2014-09-18T11:30:23","guid":{"rendered":"http:\/\/agora.xtec.cat\/ceiplasiniavic\/?page_id=30"},"modified":"2024-10-16T16:59:21","modified_gmt":"2024-10-16T14:59:21","slug":"instal%c2%b7lacions","status":"publish","type":"page","link":"https:\/\/agora.xtec.cat\/ceiplasiniavic\/lescola\/instal%c2%b7lacions\/","title":{"rendered":"De quins espais disposem?"},"content":{"rendered":"<p>El centre est\u00e0 format per tres edificis, dos d\u2019ells es comuniquen per un petit distribu\u00efdor i el tercer, el gimn\u00e0s, connectat als dos anteriors per un porxo exterior. A l\u2019edifici principal hi trobem 2 plantes dedicades a Educaci\u00f3 Prim\u00e0ria.<\/p>\n<p>La distribuci\u00f3 \u00e9s la seg\u00fcent:<\/p>\n<p><strong>Edifici 1:<\/strong><br \/>\n<em>Planta baixa (Cicle Inicial):<\/em><br \/>\n&#8211; Consergeria\/Reprografia<br \/>\n&#8211; Secretaria<br \/>\n&#8211; Despatx Direcci\u00f3\/Cap d\u2019Estudis<br \/>\n&#8211; Despatx\/Sala de reunions<br \/>\n&#8211; Magatzem de material<br \/>\n&#8211; Menjador, cuina, rebost, lavabo<br \/>\n&#8211; Ascensor i cambra de m\u00e0quines de l\u2019ascensor<br \/>\n&#8211; 4 aules de Cicle Inicial (tutories)<br \/>\n&#8211; Aula de desdoblament\/TAC\/Rac\u00f3 de lectura<br \/>\n&#8211; Aula Polivalent<br \/>\n&#8211; Sala de mestres<br \/>\n&#8211; 3 lavabos: 2 per alumnat i 1 per adults i\/o persones amb diversitat<br \/>\nfuncional<br \/>\n&#8211; Rebedor\/Sala d\u2019exposicions (l\u2019anomenat Hall)<\/p>\n<p><em>Primera planta (Cicle Mitj\u00e0 i Superior):<\/em><br \/>\n&#8211; 4 aules de Cicle Mitj\u00e0 (Tutories)<br \/>\n&#8211; 4 aules de Cicle Superior (Tutories)<br \/>\n&#8211; Aula d\u2019Acollida<br \/>\n&#8211; Aula de M\u00fasica<br \/>\n&#8211; Aula TAC<br \/>\n&#8211; Aula de desdoblament CM<br \/>\n&#8211; Aula de desdoblament CS<br \/>\n&#8211; Tutoria CM<br \/>\n&#8211; Tutoria CS<br \/>\n&#8211; Aula CREDA<br \/>\n&#8211; Despatx d\u2019Atenci\u00f3 a la Diversitat<br \/>\n&#8211; Despatx d\u2019Equip Social<br \/>\n&#8211; Rac\u00f3 de Biblioteca<br \/>\n&#8211; 3 lavabos: 2 per alumnat i 1 per adults i\/o persones amb diversitat<br \/>\nfuncional.<\/p>\n<p><strong>Edifici 2<\/strong> &#8211; Educaci\u00f3 Infantil:<br \/>\n&#8211; 1 lavabo adaptat per persones amb diversitat funcional<br \/>\n&#8211; Aula de joc simb\u00f2lic amb lavabo<br \/>\n&#8211; 6 aules d\u2019Infantil amb un lavabo per nivell<br \/>\n&#8211; 1 tutoria<br \/>\n&#8211; Sala de material<\/p>\n<p><strong>Edifici 3<\/strong> &#8211; Gimn\u00e0s:<br \/>\n&#8211; Gimn\u00e0s<br \/>\n&#8211; Sala de calderes<br \/>\n&#8211; Magatzem de material esportiu<br \/>\n&#8211; Magatzem de psicomotricitat<br \/>\n&#8211; 2 vestidors amb dutxes<br \/>\n&#8211; 2 lavabos amb acc\u00e9s exterior<\/p>\n<p>Els espais exteriors estan formats per 2 zones de patis diferenciats, 1 d\u2019Infantil i 1 de Prim\u00e0ria. Ambd\u00f3s espais estan dissenyats a partir de la proposta, consensuada a trav\u00e9s d&#8217;un proc\u00e9s participatiu de l&#8217;alumnat, el claustre, les fam\u00edlies i l&#8217;equip de monitoratge del menjador escolar, transformant aquests espais des d&#8217;una mirada interseccional. Aquestes accions es van iniciar el curs 2023-2024 i, es preveu finalitzar el desplegament de les actuacions, al llarg del curs 2025-2026; gr\u00e0cies al Pla de Millora d&#8217;Oportunitats Educatives (PMOE) i el Pla de Refor\u00e7 d&#8217;Orientaci\u00f3 i Ajuda (PROA+) destinat a centres d&#8217;educaci\u00f3 prim\u00e0ria i secund\u00e0ria considerats Centres d&#8217;Alta i M\u00e0xima Complexitat.<\/p>\n<p><a href=\"https:\/\/agora.xtec.cat\/ceiplasiniavic\/wp-content\/uploads\/usu2204\/2024\/10\/5-Logos-actualitzat-19-01-2023-1-scaled-1.jpg\"><img loading=\"lazy\" decoding=\"async\" class=\"wp-image-1044 aligncenter\" src=\"https:\/\/agora.xtec.cat\/ceiplasiniavic\/wp-content\/uploads\/usu2204\/2024\/10\/5-Logos-actualitzat-19-01-2023-1-scaled-1-300x40.jpg\" alt=\"\" width=\"465\" height=\"62\" srcset=\"https:\/\/agora.xtec.cat\/ceiplasiniavic\/wp-content\/uploads\/usu2204\/2024\/10\/5-Logos-actualitzat-19-01-2023-1-scaled-1-300x40.jpg 300w, https:\/\/agora.xtec.cat\/ceiplasiniavic\/wp-content\/uploads\/usu2204\/2024\/10\/5-Logos-actualitzat-19-01-2023-1-scaled-1-1024x137.jpg 1024w, https:\/\/agora.xtec.cat\/ceiplasiniavic\/wp-content\/uploads\/usu2204\/2024\/10\/5-Logos-actualitzat-19-01-2023-1-scaled-1-768x103.jpg 768w, https:\/\/agora.xtec.cat\/ceiplasiniavic\/wp-content\/uploads\/usu2204\/2024\/10\/5-Logos-actualitzat-19-01-2023-1-scaled-1-1536x205.jpg 1536w, https:\/\/agora.xtec.cat\/ceiplasiniavic\/wp-content\/uploads\/usu2204\/2024\/10\/5-Logos-actualitzat-19-01-2023-1-scaled-1-2048x274.jpg 2048w\" sizes=\"auto, (max-width: 465px) 100vw, 465px\" \/><\/a>A m\u00e9s a m\u00e9s, al pati de prim\u00e0ria hi ha un hort, dos hotels d\u2019insectes i una compostadora.<\/p>\n<p>&nbsp;<\/p>\n<p><a href=\"https:\/\/agora.xtec.cat\/ceiplasiniavic\/wp-content\/uploads\/usu2204\/2022\/01\/IMG_8519.jpg\"><img loading=\"lazy\" decoding=\"async\" class=\" wp-image-794 alignleft\" src=\"https:\/\/agora.xtec.cat\/ceiplasiniavic\/wp-content\/uploads\/usu2204\/2022\/01\/IMG_8519-300x225.jpg\" alt=\"\" width=\"285\" height=\"214\" srcset=\"https:\/\/agora.xtec.cat\/ceiplasiniavic\/wp-content\/uploads\/usu2204\/2022\/01\/IMG_8519-300x225.jpg 300w, https:\/\/agora.xtec.cat\/ceiplasiniavic\/wp-content\/uploads\/usu2204\/2022\/01\/IMG_8519-200x150.jpg 200w, https:\/\/agora.xtec.cat\/ceiplasiniavic\/wp-content\/uploads\/usu2204\/2022\/01\/IMG_8519.jpg 640w\" sizes=\"auto, (max-width: 285px) 100vw, 285px\" \/><\/a><a href=\"https:\/\/agora.xtec.cat\/ceiplasiniavic\/wp-content\/uploads\/usu2204\/2022\/01\/IMG_8520.jpg\"><img loading=\"lazy\" decoding=\"async\" class=\"wp-image-795 alignleft\" src=\"https:\/\/agora.xtec.cat\/ceiplasiniavic\/wp-content\/uploads\/usu2204\/2022\/01\/IMG_8520-300x225.jpg\" alt=\"\" width=\"288\" height=\"216\" srcset=\"https:\/\/agora.xtec.cat\/ceiplasiniavic\/wp-content\/uploads\/usu2204\/2022\/01\/IMG_8520-300x225.jpg 300w, https:\/\/agora.xtec.cat\/ceiplasiniavic\/wp-content\/uploads\/usu2204\/2022\/01\/IMG_8520-200x150.jpg 200w, https:\/\/agora.xtec.cat\/ceiplasiniavic\/wp-content\/uploads\/usu2204\/2022\/01\/IMG_8520.jpg 640w\" sizes=\"auto, (max-width: 288px) 100vw, 288px\" \/><\/a><\/p>\n<p>&nbsp;<\/p>\n","protected":false},"excerpt":{"rendered":"<p>El centre est\u00e0 format per tres edificis, dos d\u2019ells es comuniquen per un petit distribu\u00efdor i el tercer, el gimn\u00e0s, connectat als dos anteriors per un porxo exterior. A l\u2019edifici principal hi trobem 2 plantes dedicades a Educaci\u00f3 Prim\u00e0ria. La distribuci\u00f3 \u00e9s la seg\u00fcent: Edifici 1: Planta baixa (Cicle Inicial): &#8211; Consergeria\/Reprografia &#8211; Secretaria &#8211; [&hellip;]<\/p>\n","protected":false},"author":1,"featured_media":0,"parent":22,"menu_order":40,"comment_status":"closed","ping_status":"closed","template":"page-templates\/side-menu.php","meta":{"_bbp_topic_count":0,"_bbp_reply_count":0,"_bbp_total_topic_count":0,"_bbp_total_reply_count":0,"_bbp_voice_count":0,"_bbp_anonymous_reply_count":0,"_bbp_topic_count_hidden":0,"_bbp_reply_count_hidden":0,"_bbp_forum_subforum_count":0,"site-sidebar-layout":"default","site-content-layout":"","ast-site-content-layout":"","site-content-style":"default","site-sidebar-style":"default","ast-global-header-display":"","ast-banner-title-visibility":"","ast-main-header-display":"","ast-hfb-above-header-display":"","ast-hfb-below-header-display":"","ast-hfb-mobile-header-display":"","site-post-title":"","ast-breadcrumbs-content":"","ast-featured-img":"","footer-sml-layout":"","theme-transparent-header-meta":"","adv-header-id-meta":"","stick-header-meta":"","header-above-stick-meta":"","header-main-stick-meta":"","header-below-stick-meta":"","astra-migrate-meta-layouts":"default","ast-page-background-enabled":"default","ast-page-background-meta":{"desktop":{"background-color":"var(--ast-global-color-4)","background-image":"","background-repeat":"repeat","background-position":"center center","background-size":"auto","background-attachment":"scroll","background-type":"","background-media":"","overlay-type":"","overlay-color":"","overlay-opacity":"","overlay-gradient":""},"tablet":{"background-color":"","background-image":"","background-repeat":"repeat","background-position":"center center","background-size":"auto","background-attachment":"scroll","background-type":"","background-media":"","overlay-type":"","overlay-color":"","overlay-opacity":"","overlay-gradient":""},"mobile":{"background-color":"","background-image":"","background-repeat":"repeat","background-position":"center center","background-size":"auto","background-attachment":"scroll","background-type":"","background-media":"","overlay-type":"","overlay-color":"","overlay-opacity":"","overlay-gradient":""}},"ast-content-background-meta":{"desktop":{"background-color":"var(--ast-global-color-5)","background-image":"","background-repeat":"repeat","background-position":"center center","background-size":"auto","background-attachment":"scroll","background-type":"","background-media":"","overlay-type":"","overlay-color":"","overlay-opacity":"","overlay-gradient":""},"tablet":{"background-color":"var(--ast-global-color-5)","background-image":"","background-repeat":"repeat","background-position":"center center","background-size":"auto","background-attachment":"scroll","background-type":"","background-media":"","overlay-type":"","overlay-color":"","overlay-opacity":"","overlay-gradient":""},"mobile":{"background-color":"var(--ast-global-color-5)","background-image":"","background-repeat":"repeat","background-position":"center center","background-size":"auto","background-attachment":"scroll","background-type":"","background-media":"","overlay-type":"","overlay-color":"","overlay-opacity":"","overlay-gradient":""}},"footnotes":""},"class_list":["post-30","page","type-page","status-publish","hentry"],"post_mailing_queue_ids":[],"_links":{"self":[{"href":"https:\/\/agora.xtec.cat\/ceiplasiniavic\/wp-json\/wp\/v2\/pages\/30","targetHints":{"allow":["GET"]}}],"collection":[{"href":"https:\/\/agora.xtec.cat\/ceiplasiniavic\/wp-json\/wp\/v2\/pages"}],"about":[{"href":"https:\/\/agora.xtec.cat\/ceiplasiniavic\/wp-json\/wp\/v2\/types\/page"}],"author":[{"embeddable":true,"href":"https:\/\/agora.xtec.cat\/ceiplasiniavic\/wp-json\/wp\/v2\/users\/1"}],"replies":[{"embeddable":true,"href":"https:\/\/agora.xtec.cat\/ceiplasiniavic\/wp-json\/wp\/v2\/comments?post=30"}],"version-history":[{"count":6,"href":"https:\/\/agora.xtec.cat\/ceiplasiniavic\/wp-json\/wp\/v2\/pages\/30\/revisions"}],"predecessor-version":[{"id":1047,"href":"https:\/\/agora.xtec.cat\/ceiplasiniavic\/wp-json\/wp\/v2\/pages\/30\/revisions\/1047"}],"up":[{"embeddable":true,"href":"https:\/\/agora.xtec.cat\/ceiplasiniavic\/wp-json\/wp\/v2\/pages\/22"}],"wp:attachment":[{"href":"https:\/\/agora.xtec.cat\/ceiplasiniavic\/wp-json\/wp\/v2\/media?parent=30"}],"curies":[{"name":"wp","href":"https:\/\/api.w.org\/{rel}","templated":true}]}}