{"id":28,"date":"2014-09-18T12:29:35","date_gmt":"2014-09-18T11:29:35","guid":{"rendered":"http:\/\/agora.xtec.cat\/ceiplasiniavic\/?page_id=28"},"modified":"2024-11-05T16:24:59","modified_gmt":"2024-11-05T15:24:59","slug":"consell-escolar","status":"publish","type":"page","link":"https:\/\/agora.xtec.cat\/ceiplasiniavic\/consell-escolar\/","title":{"rendered":"Consell Escolar"},"content":{"rendered":"<p>Els membres del Consell Escolar, sorgits arrel de les eleccions del passat mes de novembre, s\u00f3n els seg\u00fcents:<\/p>\n<ul style=\"list-style-type: disc;\">\n<li><strong>EQUIP DIRECTIU:<\/strong><\/li>\n<\/ul>\n<p><strong>Directora:<\/strong>\u00a0Laura Mars\u00f3 Codina (Presidenta del Consell Escolar)<\/p>\n<p><strong>Cap d&#8217;Estudis<\/strong>: Mireia Escobar P\u00e9rez<\/p>\n<p><strong>Secretari<\/strong>: Emili Qu\u00edlez Garc\u00eda<\/p>\n<ul style=\"list-style-type: disc;\">\n<li><strong>REPRESENTANT DE L&#8217;AJUNTAMENT<\/strong>: Elisabet Franquesa Roca<\/li>\n<li><strong>REPRESENTAT DE L&#8217;AFA:<\/strong> Rodolfo Adri\u00e1n Giraldo Jaramillo (President de l&#8217;AFA)<\/li>\n<li><strong>REPRESENTANTS DE PARES I MARES<\/strong>:<\/li>\n<\/ul>\n<p>Khadija Benahmed\u00a0 \u00a0 \u00a0 \u00a0 \u00a0 \u00a0 \u00a0 \u00a0 \u00a0 \u00a0 \u00a0 \u00a0 \u00a0 \u00a0 \u00a0 Lateefat Dele Ilela<br \/>\nHabibou Balde\u00a0 \u00a0 \u00a0 \u00a0 \u00a0 \u00a0 \u00a0 \u00a0 \u00a0 \u00a0 \u00a0 \u00a0 \u00a0 \u00a0 \u00a0 \u00a0 \u00a0 \u00a0 \u00a0Manjeet Kaur<br \/>\nSoumia Arrai Mazzoui<\/p>\n<ul style=\"list-style-type: disc;\">\n<li><strong>REPRESENTANTS DEL PROFESSORAT<\/strong>:<\/li>\n<\/ul>\n<p>Maria Clap\u00e9s Arfelis\u00a0 \u00a0 \u00a0 \u00a0 \u00a0 \u00a0 \u00a0 \u00a0 \u00a0 \u00a0 \u00a0 \u00a0 Anna Rodoreda Sala<br \/>\nMireia Serrano Aguilera\u00a0 \u00a0 \u00a0 \u00a0 \u00a0 \u00a0 \u00a0 \u00a0 \u00a0 Sandra De Planell Serres<br \/>\nSusana P\u00e9rez Laka\u00a0 \u00a0 \u00a0 \u00a0 \u00a0 \u00a0 \u00a0 \u00a0 \u00a0 \u00a0 \u00a0 \u00a0 Merc\u00e8 Riera Camps<\/p>\n<ul style=\"list-style-type: disc;\">\n<li><strong>REPRESENTANT DEL SECTOR PAS: <\/strong>Josep Maria Arb\u00f3s Codina<\/li>\n<li><strong>REPRESENTANT DEL SECTOR PAE:\u00a0<\/strong>Dolors Castells Fajula<\/li>\n<\/ul>\n","protected":false},"excerpt":{"rendered":"<p>Els membres del Consell Escolar, sorgits arrel de les eleccions del passat mes de novembre, s\u00f3n els seg\u00fcents: EQUIP DIRECTIU: Directora:\u00a0Laura Mars\u00f3 Codina (Presidenta del Consell Escolar) Cap d&#8217;Estudis: Mireia Escobar P\u00e9rez Secretari: Emili Qu\u00edlez Garc\u00eda REPRESENTANT DE L&#8217;AJUNTAMENT: Elisabet Franquesa Roca REPRESENTAT DE L&#8217;AFA: Rodolfo Adri\u00e1n Giraldo Jaramillo (President de l&#8217;AFA) REPRESENTANTS DE PARES [&hellip;]<\/p>\n","protected":false},"author":1,"featured_media":0,"parent":0,"menu_order":10,"comment_status":"closed","ping_status":"closed","template":"page-templates\/side-menu.php","meta":{"_bbp_topic_count":0,"_bbp_reply_count":0,"_bbp_total_topic_count":0,"_bbp_total_reply_count":0,"_bbp_voice_count":0,"_bbp_anonymous_reply_count":0,"_bbp_topic_count_hidden":0,"_bbp_reply_count_hidden":0,"_bbp_forum_subforum_count":0,"site-sidebar-layout":"default","site-content-layout":"","ast-site-content-layout":"","site-content-style":"default","site-sidebar-style":"default","ast-global-header-display":"","ast-banner-title-visibility":"","ast-main-header-display":"","ast-hfb-above-header-display":"","ast-hfb-below-header-display":"","ast-hfb-mobile-header-display":"","site-post-title":"","ast-breadcrumbs-content":"","ast-featured-img":"","footer-sml-layout":"","theme-transparent-header-meta":"","adv-header-id-meta":"","stick-header-meta":"","header-above-stick-meta":"","header-main-stick-meta":"","header-below-stick-meta":"","astra-migrate-meta-layouts":"default","ast-page-background-enabled":"default","ast-page-background-meta":{"desktop":{"background-color":"var(--ast-global-color-4)","background-image":"","background-repeat":"repeat","background-position":"center center","background-size":"auto","background-attachment":"scroll","background-type":"","background-media":"","overlay-type":"","overlay-color":"","overlay-opacity":"","overlay-gradient":""},"tablet":{"background-color":"","background-image":"","background-repeat":"repeat","background-position":"center center","background-size":"auto","background-attachment":"scroll","background-type":"","background-media":"","overlay-type":"","overlay-color":"","overlay-opacity":"","overlay-gradient":""},"mobile":{"background-color":"","background-image":"","background-repeat":"repeat","background-position":"center center","background-size":"auto","background-attachment":"scroll","background-type":"","background-media":"","overlay-type":"","overlay-color":"","overlay-opacity":"","overlay-gradient":""}},"ast-content-background-meta":{"desktop":{"background-color":"var(--ast-global-color-5)","background-image":"","background-repeat":"repeat","background-position":"center center","background-size":"auto","background-attachment":"scroll","background-type":"","background-media":"","overlay-type":"","overlay-color":"","overlay-opacity":"","overlay-gradient":""},"tablet":{"background-color":"var(--ast-global-color-5)","background-image":"","background-repeat":"repeat","background-position":"center center","background-size":"auto","background-attachment":"scroll","background-type":"","background-media":"","overlay-type":"","overlay-color":"","overlay-opacity":"","overlay-gradient":""},"mobile":{"background-color":"var(--ast-global-color-5)","background-image":"","background-repeat":"repeat","background-position":"center center","background-size":"auto","background-attachment":"scroll","background-type":"","background-media":"","overlay-type":"","overlay-color":"","overlay-opacity":"","overlay-gradient":""}},"footnotes":""},"class_list":["post-28","page","type-page","status-publish","hentry"],"post_mailing_queue_ids":[],"_links":{"self":[{"href":"https:\/\/agora.xtec.cat\/ceiplasiniavic\/wp-json\/wp\/v2\/pages\/28","targetHints":{"allow":["GET"]}}],"collection":[{"href":"https:\/\/agora.xtec.cat\/ceiplasiniavic\/wp-json\/wp\/v2\/pages"}],"about":[{"href":"https:\/\/agora.xtec.cat\/ceiplasiniavic\/wp-json\/wp\/v2\/types\/page"}],"author":[{"embeddable":true,"href":"https:\/\/agora.xtec.cat\/ceiplasiniavic\/wp-json\/wp\/v2\/users\/1"}],"replies":[{"embeddable":true,"href":"https:\/\/agora.xtec.cat\/ceiplasiniavic\/wp-json\/wp\/v2\/comments?post=28"}],"version-history":[{"count":6,"href":"https:\/\/agora.xtec.cat\/ceiplasiniavic\/wp-json\/wp\/v2\/pages\/28\/revisions"}],"predecessor-version":[{"id":1069,"href":"https:\/\/agora.xtec.cat\/ceiplasiniavic\/wp-json\/wp\/v2\/pages\/28\/revisions\/1069"}],"wp:attachment":[{"href":"https:\/\/agora.xtec.cat\/ceiplasiniavic\/wp-json\/wp\/v2\/media?parent=28"}],"curies":[{"name":"wp","href":"https:\/\/api.w.org\/{rel}","templated":true}]}}