{"id":26,"date":"2014-09-18T12:24:32","date_gmt":"2014-09-18T11:24:32","guid":{"rendered":"http:\/\/agora.xtec.cat\/ceiplasiniavic\/?page_id=26"},"modified":"2025-01-28T15:59:54","modified_gmt":"2025-01-28T14:59:54","slug":"historia","status":"publish","type":"page","link":"https:\/\/agora.xtec.cat\/ceiplasiniavic\/lescola\/historia\/","title":{"rendered":"D&#8217;on venim?"},"content":{"rendered":"<p>La creaci\u00f3 d&#8217;un nou centre educatiu a la ciutat de Vic va sorgir arrel de la necessitat d\u2019inclusi\u00f3 dels infants barri del Remei al CEIP Montseny a inicis del segle XXI.<\/p>\n<p>Geogr\u00e0ficament, el barri del Montseny sempre ha quedat despla\u00e7at de la resta de la ciutat ja que, es troba ubicat a l\u2019altra banda de la via del tren. Tot i soterrar la via del tren, el barri del Montseny queda a l\u2019altra banda de la ronda que es va construir.<\/p>\n<p>Per afavorir una escolaritzaci\u00f3 equitativa es va projectar una nova escola ubicada als terrenys anomenats, l\u2019Horta de la S\u00ednia. El curs 2005-2006 es va iniciar el primer curs escolar del que seria la futura Escola La S\u00ednia. En els seus inicis, seria anomenada CEIP de Vic. Aquest primer curs l\u2019Escola estava constru\u00efda a partir de barracons i nom\u00e9s hi havia infants de I3.<\/p>\n<p>L\u2019edifici nou ja s\u2019estava construint, i no va ser fins el curs 2006-2007, que s\u2019augmentaria l\u2019oferta de I3 i I4.<\/p>\n<p>Un cop finalitzades les obres dels nous edifici, durant el mes de juliol de 2007 es va fer el trasllat del CEIP Montseny a l\u2019edifici nou del CEIP de Vic. Aix\u00ed doncs el curs 2007- 2008 es va fusionar el CEIP de Vic amb el CEIP Montseny esdevenint l\u2019<strong>Escola La S\u00ednia<\/strong>.<\/p>\n<p>Aquell curs, l\u2019Escola va comen\u00e7ar a ple funcionament amb dues l\u00ednies d\u2019Educaci\u00f3 Infantil i una l\u00ednia d\u2019Educaci\u00f3 Prim\u00e0ria, amb un total de 295 alumnes. El curs 2008-2009 es van acollir els alumnes de l\u2019Institut La Plana perqu\u00e8 s\u2019estava construint el futur edifici de l\u2019Institut que donaria resposta a l\u2019escolaritzaci\u00f3 a educaci\u00f3 secund\u00e0ria p\u00fablica de la zona de Vic Sud.<\/p>\n<p>L\u2019any 2009, el President de la Generalitat, va fer la inauguraci\u00f3 oficial de la nostra escola. Ja \u00e9rem, oficialment, l&#8217;<strong>Escola La S\u00ednia<\/strong> de Vic.<br \/>\nActualment, l\u2019Escola ofereix les etapes d\u2019Educaci\u00f3 Infantil i Prim\u00e0ria amb una estructura de doble l\u00ednia a cada nivell.<\/p>\n<p>&nbsp;<\/p>\n","protected":false},"excerpt":{"rendered":"<p>La creaci\u00f3 d&#8217;un nou centre educatiu a la ciutat de Vic va sorgir arrel de la necessitat d\u2019inclusi\u00f3 dels infants barri del Remei al CEIP Montseny a inicis del segle XXI. Geogr\u00e0ficament, el barri del Montseny sempre ha quedat despla\u00e7at de la resta de la ciutat ja que, es troba ubicat a l\u2019altra banda de [&hellip;]<\/p>\n","protected":false},"author":1,"featured_media":0,"parent":22,"menu_order":20,"comment_status":"closed","ping_status":"closed","template":"page-templates\/side-menu.php","meta":{"_bbp_topic_count":0,"_bbp_reply_count":0,"_bbp_total_topic_count":0,"_bbp_total_reply_count":0,"_bbp_voice_count":0,"_bbp_anonymous_reply_count":0,"_bbp_topic_count_hidden":0,"_bbp_reply_count_hidden":0,"_bbp_forum_subforum_count":0,"site-sidebar-layout":"default","site-content-layout":"","ast-site-content-layout":"","site-content-style":"default","site-sidebar-style":"default","ast-global-header-display":"","ast-banner-title-visibility":"","ast-main-header-display":"","ast-hfb-above-header-display":"","ast-hfb-below-header-display":"","ast-hfb-mobile-header-display":"","site-post-title":"","ast-breadcrumbs-content":"","ast-featured-img":"","footer-sml-layout":"","theme-transparent-header-meta":"","adv-header-id-meta":"","stick-header-meta":"","header-above-stick-meta":"","header-main-stick-meta":"","header-below-stick-meta":"","astra-migrate-meta-layouts":"default","ast-page-background-enabled":"default","ast-page-background-meta":{"desktop":{"background-color":"var(--ast-global-color-4)","background-image":"","background-repeat":"repeat","background-position":"center center","background-size":"auto","background-attachment":"scroll","background-type":"","background-media":"","overlay-type":"","overlay-color":"","overlay-opacity":"","overlay-gradient":""},"tablet":{"background-color":"","background-image":"","background-repeat":"repeat","background-position":"center center","background-size":"auto","background-attachment":"scroll","background-type":"","background-media":"","overlay-type":"","overlay-color":"","overlay-opacity":"","overlay-gradient":""},"mobile":{"background-color":"","background-image":"","background-repeat":"repeat","background-position":"center center","background-size":"auto","background-attachment":"scroll","background-type":"","background-media":"","overlay-type":"","overlay-color":"","overlay-opacity":"","overlay-gradient":""}},"ast-content-background-meta":{"desktop":{"background-color":"var(--ast-global-color-5)","background-image":"","background-repeat":"repeat","background-position":"center center","background-size":"auto","background-attachment":"scroll","background-type":"","background-media":"","overlay-type":"","overlay-color":"","overlay-opacity":"","overlay-gradient":""},"tablet":{"background-color":"var(--ast-global-color-5)","background-image":"","background-repeat":"repeat","background-position":"center center","background-size":"auto","background-attachment":"scroll","background-type":"","background-media":"","overlay-type":"","overlay-color":"","overlay-opacity":"","overlay-gradient":""},"mobile":{"background-color":"var(--ast-global-color-5)","background-image":"","background-repeat":"repeat","background-position":"center center","background-size":"auto","background-attachment":"scroll","background-type":"","background-media":"","overlay-type":"","overlay-color":"","overlay-opacity":"","overlay-gradient":""}},"footnotes":""},"class_list":["post-26","page","type-page","status-publish","hentry"],"post_mailing_queue_ids":[],"_links":{"self":[{"href":"https:\/\/agora.xtec.cat\/ceiplasiniavic\/wp-json\/wp\/v2\/pages\/26","targetHints":{"allow":["GET"]}}],"collection":[{"href":"https:\/\/agora.xtec.cat\/ceiplasiniavic\/wp-json\/wp\/v2\/pages"}],"about":[{"href":"https:\/\/agora.xtec.cat\/ceiplasiniavic\/wp-json\/wp\/v2\/types\/page"}],"author":[{"embeddable":true,"href":"https:\/\/agora.xtec.cat\/ceiplasiniavic\/wp-json\/wp\/v2\/users\/1"}],"replies":[{"embeddable":true,"href":"https:\/\/agora.xtec.cat\/ceiplasiniavic\/wp-json\/wp\/v2\/comments?post=26"}],"version-history":[{"count":6,"href":"https:\/\/agora.xtec.cat\/ceiplasiniavic\/wp-json\/wp\/v2\/pages\/26\/revisions"}],"predecessor-version":[{"id":1161,"href":"https:\/\/agora.xtec.cat\/ceiplasiniavic\/wp-json\/wp\/v2\/pages\/26\/revisions\/1161"}],"up":[{"embeddable":true,"href":"https:\/\/agora.xtec.cat\/ceiplasiniavic\/wp-json\/wp\/v2\/pages\/22"}],"wp:attachment":[{"href":"https:\/\/agora.xtec.cat\/ceiplasiniavic\/wp-json\/wp\/v2\/media?parent=26"}],"curies":[{"name":"wp","href":"https:\/\/api.w.org\/{rel}","templated":true}]}}