{"id":2,"date":"2014-09-12T11:10:47","date_gmt":"2014-09-12T09:10:47","guid":{"rendered":"http:\/\/agora.xtec.cat\/ceiplasiniavic\/?page_id=2"},"modified":"2020-11-03T11:03:11","modified_gmt":"2020-11-03T10:03:11","slug":"pagina-exemple","status":"publish","type":"page","link":"https:\/\/agora.xtec.cat\/ceiplasiniavic\/pagina-exemple\/","title":{"rendered":"TAC\/ACD"},"content":{"rendered":"<div class=\"gmail-sites-embed-align-left-wrapping-off\">\n<div class=\"gmail-sites-embed-border-on gmail-sites-embed gmail-sites-embed-full-width\">\n<h4 class=\"gmail-sites-embed-title\">A l\u2019escola fem servir la tecnologia per<\/h4>\n<h4 class=\"gmail-sites-embed-title\"><\/h4>\n<h4 class=\"gmail-sites-embed-title\">Narraci\u00f3 digital<\/h4>\n<div class=\"gmail-sites-embed-content gmail-sites-embed-type-text\">\n<div class=\"gmail-sites-embed-content-textbox\">\n<div dir=\"ltr\">\n<div><b>Toontastik<\/b>: Permet crear v\u00eddeos personalitzant un avatar\/personatge, escollint el fons i gravant el text que volem amb la nostra veu.<\/div>\n<div><\/div>\n<div>Ortografia<\/div>\n<div><\/div>\n<p><strong>Millorar l\u2019ortografia<\/strong>. EduDigital ofereix aplicacions web innovadores per millorar l\u2019ortografia<\/p>\n<p>Ordinografia<\/p>\n<p><strong>Typingclub<\/strong>. App per millorar el coneixement i pr\u00e0ctica amb el teclat.<\/p>\n<p>&nbsp;<\/p>\n<\/div>\n<\/div>\n<\/div>\n<\/div>\n<\/div>\n<div class=\"gmail-sites-embed-align-left-wrapping-off\">\n<div class=\"gmail-sites-embed-border-on gmail-sites-embed gmail-sites-embed-full-width\">\n<h4 class=\"gmail-sites-embed-title\">\u00c0udio i m\u00fasica<\/h4>\n<div class=\"gmail-sites-embed-content gmail-sites-embed-type-text\">\n<div class=\"gmail-sites-embed-content-textbox\">\n<div dir=\"ltr\">\n<div>\n<div><strong>Play<\/strong>\u00a0<b>M\u00fasica<\/b>\u00a0(reprodueix m\u00fasica del dispositiu o de la Play Store)<\/div>\n<div><b>Spreaker Studio<\/b>: Semblant a un estudi de gravaci\u00f3, permet emetre r\u00e0dio en directe o crear podcast mesclant veu, m\u00fasica i efectes sonors.<\/div>\n<div><\/div>\n<\/div>\n<\/div>\n<\/div>\n<\/div>\n<\/div>\n<\/div>\n<div class=\"gmail-sites-embed-align-left-wrapping-off\">\n<div class=\"gmail-sites-embed-border-on gmail-sites-embed gmail-sites-embed-full-width\">\n<h4 class=\"gmail-sites-embed-title\">Multim\u00e8dia i V\u00eddeo<\/h4>\n<div class=\"gmail-sites-embed-content gmail-sites-embed-type-text\">\n<div class=\"gmail-sites-embed-content-textbox\">\n<div dir=\"ltr\">\n<div><b>YouTube\u00a0<\/b>(plataforma d\u2019allotjament i reproducci\u00f3 de v\u00eddeos)<\/div>\n<div><strong>Play<\/strong>\u00a0<b>Pel\u00b7l\u00edcules\u00a0<\/b>(per reproduir v\u00eddeos del dispositiu o de la Play Store)<\/div>\n<div><strong>Stop Motion Studio:<span class=\"gmail-st\">\u00a0\u00a0<\/span><\/strong><span class=\"gmail-st\">Crea pel\u00b7l\u00edcules d\u00b4animaci\u00f3 fotograma a fotograma d\u00b4alta definici\u00f3.<\/span><\/div>\n<div><\/div>\n<\/div>\n<div><\/div>\n<\/div>\n<\/div>\n<div>\n<div class=\"gmail-sites-embed-align-left-wrapping-off\">\n<div class=\"gmail-sites-embed-border-on gmail-sites-embed gmail-sites-embed-full-width\">\n<h4 class=\"gmail-sites-embed-title\">Imatge i Fotografia<\/h4>\n<div class=\"gmail-sites-embed-content gmail-sites-embed-type-text\">\n<div class=\"gmail-sites-embed-content-textbox\">\n<div dir=\"ltr\">\n<div>\n<div><b>Fotos\u00a0<\/b>(de Google): Permet tenir c\u00f2pia de seguretat de fotos i v\u00eddeos al n\u00favol, organitzar-los en \u00e0lbums i compartir-ho<\/div>\n<div><b>Befunky<\/b>: Per fer atractius collages amb les nostres fotografies o imatges a partir de moltes plantilles disponibles.<\/div>\n<div><b>Photopea<\/b>: Edici\u00f3 de fotografies on-line<\/div>\n<div><\/div>\n<\/div>\n<div>\n<div class=\"gmail-sites-embed-align-left-wrapping-off\">\n<div class=\"gmail-sites-embed-border-on gmail-sites-embed gmail-sites-embed-full-width\">\n<h4 class=\"gmail-sites-embed-title\">Mapes<\/h4>\n<div class=\"gmail-sites-embed-content gmail-sites-embed-type-text\">\n<div class=\"gmail-sites-embed-content-textbox\">\n<div dir=\"ltr\">\n<div>\n<div><strong>Google Maps<\/strong>\u00a0(Ofereix mapes i imatges de sat\u00e8l\u00b7lit en l\u00ednia amb zoom)<\/div>\n<div>, que incorpora Street View i capes com Viquip\u00e8dia i galeria de fotos.<\/div>\n<div><\/div>\n<\/div>\n<\/div>\n<\/div>\n<\/div>\n<\/div>\n<\/div>\n<div class=\"gmail-sites-embed-align-left-wrapping-off\">\n<div class=\"gmail-sites-embed-border-on gmail-sites-embed gmail-sites-embed-full-width\">\n<h4 class=\"gmail-sites-embed-title\">Altres Apps Educatives<\/h4>\n<div class=\"gmail-sites-embed-content gmail-sites-embed-type-text\">\n<div class=\"gmail-sites-embed-content-textbox\">\n<div dir=\"ltr\">\n<div dir=\"ltr\">\n<div>\n<div><b>CodeCombat i code.org<\/b>: Joc d\u2019introducci\u00f3 a la programaci\u00f3 per a nens, cal guiar el personatge per diferents escenaris escrivint codi.<\/div>\n<\/div>\n<div dir=\"ltr\">\n<div><b>Scratch i\u00a0<\/b><b>Scratch<\/b><b>Jr<\/b>: Aplicaci\u00f3 d\u2019introducci\u00f3 a la programaci\u00f3 que permet animar personatges, realitzar accions i crear contes programant diferents blocs.<\/div>\n<\/div>\n<\/div>\n<\/div>\n<\/div>\n<\/div>\n<\/div>\n<\/div>\n<div class=\"gmail-sites-embed-align-left-wrapping-off\">\n<div class=\"gmail-sites-embed-border-on gmail-sites-embed gmail-sites-embed-full-width\">\n<h4 class=\"gmail-sites-embed-title\">Productivitat<\/h4>\n<div class=\"gmail-sites-embed-content gmail-sites-embed-type-text\">\n<div class=\"gmail-sites-embed-content-textbox\">\n<div dir=\"ltr\">\n<div><\/div>\n<div>\n<div>\n<div class=\"gmail-sites-embed-align-left-wrapping-off\">\n<div class=\"gmail-sites-embed-border-on gmail-sites-embed gmail-sites-embed-full-width\">\n<div class=\"gmail-sites-embed-content gmail-sites-embed-type-text\">\n<div class=\"gmail-sites-embed-content-textbox\">\n<div dir=\"ltr\">\n<div>\n<div><b>Calendari-Agenda\u00a0<\/b>(de Google)<\/div>\n<div><b>Lector de PDF<\/b>\u00a0(de Google)<\/div>\n<div><b>Google Drive\u00a0<\/b>(espai d\u2019emmagatzematge de fitxers al n\u00favol)<\/div>\n<div><strong>Documents, Presentacions, Full de c\u00e0lcul<\/strong> ( Aplicacions GSuite )<\/div>\n<div><\/div>\n<\/div>\n<\/div>\n<\/div>\n<\/div>\n<\/div>\n<\/div>\n<div class=\"gmail-sites-embed-align-left-wrapping-off\">\n<div class=\"gmail-sites-embed-border-on gmail-sites-embed gmail-sites-embed-full-width\">\n<h4 class=\"gmail-sites-embed-title\">Comunicaci\u00f3 \/ Xarxes socials<\/h4>\n<div class=\"gmail-sites-embed-content gmail-sites-embed-type-text\">\n<div class=\"gmail-sites-embed-content-textbox\">\n<div dir=\"ltr\">\n<div>\n<div>\n<div><b>Contactes\u00a0<\/b>(del compte Google)<\/div>\n<div><b>Gmail\u00a0<\/b>(correu del compte Google)<\/div>\n<div><strong>Instagram i twitter de l\u2019escola<\/strong><\/div>\n<div><\/div>\n<\/div>\n<\/div>\n<\/div>\n<\/div>\n<\/div>\n<\/div>\n<\/div>\n<div class=\"gmail-sites-embed-align-left-wrapping-off\">\n<div class=\"gmail-sites-embed-border-on gmail-sites-embed gmail-sites-embed-full-width\">\n<h4 class=\"gmail-sites-embed-title\">Consulta<\/h4>\n<div class=\"gmail-sites-embed-content gmail-sites-embed-type-text\">\n<div class=\"gmail-sites-embed-content-textbox\">\n<div dir=\"ltr\">\n<div><b>Traductor (de Google)\u00a0<\/b>Tradueix a text i a veu, a m\u00faltiples idiomes, a partir de text, fotografia, veu i tamb\u00e9 dins d\u2019algunes aplicacions.<\/div>\n<div><strong>Viquip\u00e8dia<\/strong>: Permet cercar termes i consultar articles de l\u2019enciclop\u00e8dia m\u00e9s coneguda d\u2019internet.<\/div>\n<div>\n<div><strong>Softcatal\u00e0<\/strong>: corrector i traductor.<\/div>\n<div><\/div>\n<\/div>\n<div><\/div>\n<\/div>\n<\/div>\n<\/div>\n<\/div>\n<\/div>\n<div class=\"gmail-sites-embed-align-center-wrapping-off\">\n<div class=\"gmail-sites-embed-border-on gmail-sites-embed gmail-sites-embed-full-width\">\n<h4 class=\"gmail-sites-embed-title\">Eines per a l\u2019aula<\/h4>\n<div class=\"gmail-sites-embed-content gmail-sites-embed-type-text\">\n<div class=\"gmail-sites-embed-content-textbox\">\n<div dir=\"ltr\">\n<div>\n<div><\/div>\n<div><b>Kahoot i Quizziz<\/b>: Aplicaci\u00f3 que permet, des de les tauletes dels alumnes, escollir una opci\u00f3 de resposta de les enquestes i q\u00fcestionaris creats pel professor i projectats a la PDI. Els resultats apareixen immediatament a la pantalla.<\/div>\n<div><b>Padlet<\/b>: Aplicaci\u00f3 per crear murs virtuals interactius compartint f\u00e0cilment text, imatges, v\u00eddeos, enlla\u00e7os\u2026<\/div>\n<div><\/div>\n<\/div>\n<\/div>\n<\/div>\n<\/div>\n<\/div>\n<\/div>\n<\/div>\n<div dir=\"ltr\">\n<div>\n<div>\n<div class=\"gmail-sites-embed-align-center-wrapping-off\">\n<div class=\"gmail-sites-embed-border-on gmail-sites-embed gmail-sites-embed-full-width\">\n<h4 class=\"gmail-sites-embed-title\">Eines diverses<\/h4>\n<div class=\"gmail-sites-embed-content gmail-sites-embed-type-text\">\n<div class=\"gmail-sites-embed-content-textbox\">\n<div dir=\"ltr\">\n<div>\n<div><b>Calculadora<\/b>\u00a0(de Google)<\/div>\n<div><b>Rellotge-Alarma-Cron\u00f2metre<\/b>\u00a0(de Google)<\/div>\n<div><b>Cerca\u00a0<\/b>-tb. per veu<b>\u00a0<\/b>(al buscador Google)<\/div>\n<div><b>Teclat Swiftkey<\/b>: Teclat alternatiu al\u00a0<b>Teclat de Google<\/b>, amb text predictiu, autocorrecci\u00f3, emojis\u2026<\/div>\n<div><\/div>\n<\/div>\n<\/div>\n<\/div>\n<\/div>\n<\/div>\n<\/div>\n<\/div>\n<div>\n<div class=\"gmail-sites-embed-align-center-wrapping-off\"><\/div>\n<div class=\"gmail-sites-embed-align-left-wrapping-off\">\n<div class=\"gmail-sites-embed-border-on gmail-sites-embed gmail-sites-embed-full-width\">\n<h4 class=\"gmail-sites-embed-title\">Internet i Seguretat<\/h4>\n<div class=\"gmail-sites-embed-content gmail-sites-embed-type-text\">\n<div class=\"gmail-sites-embed-content-textbox\">\n<div dir=\"ltr\">\n<div>\n<div>\n<div>\n<div><b>Chrome<\/b>\u00a0(navegador de Google per defecte)<\/div>\n<div><b>Firefox<\/b>: Un dels navegadors m\u00e9s coneguts.<\/div>\n<\/div>\n<div><b>Panda Antivirus:\u00a0<\/b>Protegeix el dispositiu dels perills de la xarxa.<\/div>\n<\/div>\n<\/div>\n<\/div>\n<\/div>\n<\/div>\n<\/div>\n<\/div>\n<\/div>\n<\/div>\n<\/div>\n<\/div>\n<\/div>\n<\/div>\n<\/div>\n<\/div>\n<\/div>\n<\/div>\n<\/div>\n<\/div>\n<\/div>\n<\/div>\n<\/div>\n<\/div>\n<\/div>\n<\/div>\n","protected":false},"excerpt":{"rendered":"<p>A l\u2019escola fem servir la tecnologia per Narraci\u00f3 digital Toontastik: Permet crear v\u00eddeos personalitzant un avatar\/personatge, escollint el fons i gravant el text que volem amb la nostra veu. Ortografia Millorar l\u2019ortografia. EduDigital ofereix aplicacions web innovadores per millorar l\u2019ortografia Ordinografia Typingclub. App per millorar el coneixement i pr\u00e0ctica amb el teclat. &nbsp; \u00c0udio i [&hellip;]<\/p>\n","protected":false},"author":1,"featured_media":0,"parent":0,"menu_order":0,"comment_status":"closed","ping_status":"closed","template":"","meta":{"_bbp_topic_count":0,"_bbp_reply_count":0,"_bbp_total_topic_count":0,"_bbp_total_reply_count":0,"_bbp_voice_count":0,"_bbp_anonymous_reply_count":0,"_bbp_topic_count_hidden":0,"_bbp_reply_count_hidden":0,"_bbp_forum_subforum_count":0,"site-sidebar-layout":"default","site-content-layout":"","ast-site-content-layout":"","site-content-style":"default","site-sidebar-style":"default","ast-global-header-display":"","ast-banner-title-visibility":"","ast-main-header-display":"","ast-hfb-above-header-display":"","ast-hfb-below-header-display":"","ast-hfb-mobile-header-display":"","site-post-title":"","ast-breadcrumbs-content":"","ast-featured-img":"","footer-sml-layout":"","theme-transparent-header-meta":"","adv-header-id-meta":"","stick-header-meta":"","header-above-stick-meta":"","header-main-stick-meta":"","header-below-stick-meta":"","astra-migrate-meta-layouts":"default","ast-page-background-enabled":"default","ast-page-background-meta":{"desktop":{"background-color":"var(--ast-global-color-4)","background-image":"","background-repeat":"repeat","background-position":"center center","background-size":"auto","background-attachment":"scroll","background-type":"","background-media":"","overlay-type":"","overlay-color":"","overlay-opacity":"","overlay-gradient":""},"tablet":{"background-color":"","background-image":"","background-repeat":"repeat","background-position":"center center","background-size":"auto","background-attachment":"scroll","background-type":"","background-media":"","overlay-type":"","overlay-color":"","overlay-opacity":"","overlay-gradient":""},"mobile":{"background-color":"","background-image":"","background-repeat":"repeat","background-position":"center center","background-size":"auto","background-attachment":"scroll","background-type":"","background-media":"","overlay-type":"","overlay-color":"","overlay-opacity":"","overlay-gradient":""}},"ast-content-background-meta":{"desktop":{"background-color":"var(--ast-global-color-5)","background-image":"","background-repeat":"repeat","background-position":"center center","background-size":"auto","background-attachment":"scroll","background-type":"","background-media":"","overlay-type":"","overlay-color":"","overlay-opacity":"","overlay-gradient":""},"tablet":{"background-color":"var(--ast-global-color-5)","background-image":"","background-repeat":"repeat","background-position":"center center","background-size":"auto","background-attachment":"scroll","background-type":"","background-media":"","overlay-type":"","overlay-color":"","overlay-opacity":"","overlay-gradient":""},"mobile":{"background-color":"var(--ast-global-color-5)","background-image":"","background-repeat":"repeat","background-position":"center center","background-size":"auto","background-attachment":"scroll","background-type":"","background-media":"","overlay-type":"","overlay-color":"","overlay-opacity":"","overlay-gradient":""}},"footnotes":""},"class_list":["post-2","page","type-page","status-publish","hentry"],"post_mailing_queue_ids":[],"_links":{"self":[{"href":"https:\/\/agora.xtec.cat\/ceiplasiniavic\/wp-json\/wp\/v2\/pages\/2","targetHints":{"allow":["GET"]}}],"collection":[{"href":"https:\/\/agora.xtec.cat\/ceiplasiniavic\/wp-json\/wp\/v2\/pages"}],"about":[{"href":"https:\/\/agora.xtec.cat\/ceiplasiniavic\/wp-json\/wp\/v2\/types\/page"}],"author":[{"embeddable":true,"href":"https:\/\/agora.xtec.cat\/ceiplasiniavic\/wp-json\/wp\/v2\/users\/1"}],"replies":[{"embeddable":true,"href":"https:\/\/agora.xtec.cat\/ceiplasiniavic\/wp-json\/wp\/v2\/comments?post=2"}],"version-history":[{"count":2,"href":"https:\/\/agora.xtec.cat\/ceiplasiniavic\/wp-json\/wp\/v2\/pages\/2\/revisions"}],"predecessor-version":[{"id":503,"href":"https:\/\/agora.xtec.cat\/ceiplasiniavic\/wp-json\/wp\/v2\/pages\/2\/revisions\/503"}],"wp:attachment":[{"href":"https:\/\/agora.xtec.cat\/ceiplasiniavic\/wp-json\/wp\/v2\/media?parent=2"}],"curies":[{"name":"wp","href":"https:\/\/api.w.org\/{rel}","templated":true}]}}