{"id":1086,"date":"2024-11-19T10:36:38","date_gmt":"2024-11-19T09:36:38","guid":{"rendered":"https:\/\/agora.xtec.cat\/ceiplasiniavic\/?page_id=1086"},"modified":"2024-11-19T10:36:38","modified_gmt":"2024-11-19T09:36:38","slug":"informe-de-salut-referent-al-menu-escolar","status":"publish","type":"page","link":"https:\/\/agora.xtec.cat\/ceiplasiniavic\/informe-de-salut-referent-al-menu-escolar\/","title":{"rendered":"Informe de Salut referent al men\u00fa Escolar"},"content":{"rendered":"<p>Us adjuntem l&#8217;informe de la revisi\u00f3 de men\u00fas escolars dut a terme per Salut, segons el men\u00fa d&#8217;octubre.<\/p>\n<p><a href=\"https:\/\/agora.xtec.cat\/ceiplasiniavic\/wp-content\/uploads\/usu2204\/2024\/11\/20241115-Vic-Escola-La-Sinia-REV.pdf\">20241115-Vic Escola La S\u00ednia-REV<\/a><\/p>\n","protected":false},"excerpt":{"rendered":"<p>Us adjuntem l&#8217;informe de la revisi\u00f3 de men\u00fas escolars dut a terme per Salut, segons el men\u00fa d&#8217;octubre. 20241115-Vic Escola La S\u00ednia-REV<\/p>\n","protected":false},"author":9,"featured_media":0,"parent":0,"menu_order":0,"comment_status":"closed","ping_status":"closed","template":"","meta":{"_bbp_topic_count":0,"_bbp_reply_count":0,"_bbp_total_topic_count":0,"_bbp_total_reply_count":0,"_bbp_voice_count":0,"_bbp_anonymous_reply_count":0,"_bbp_topic_count_hidden":0,"_bbp_reply_count_hidden":0,"_bbp_forum_subforum_count":0,"site-sidebar-layout":"default","site-content-layout":"","ast-site-content-layout":"","site-content-style":"default","site-sidebar-style":"default","ast-global-header-display":"","ast-banner-title-visibility":"","ast-main-header-display":"","ast-hfb-above-header-display":"","ast-hfb-below-header-display":"","ast-hfb-mobile-header-display":"","site-post-title":"","ast-breadcrumbs-content":"","ast-featured-img":"","footer-sml-layout":"","theme-transparent-header-meta":"","adv-header-id-meta":"","stick-header-meta":"","header-above-stick-meta":"","header-main-stick-meta":"","header-below-stick-meta":"","astra-migrate-meta-layouts":"default","ast-page-background-enabled":"default","ast-page-background-meta":{"desktop":{"background-color":"var(--ast-global-color-4)","background-image":"","background-repeat":"repeat","background-position":"center center","background-size":"auto","background-attachment":"scroll","background-type":"","background-media":"","overlay-type":"","overlay-color":"","overlay-opacity":"","overlay-gradient":""},"tablet":{"background-color":"","background-image":"","background-repeat":"repeat","background-position":"center center","background-size":"auto","background-attachment":"scroll","background-type":"","background-media":"","overlay-type":"","overlay-color":"","overlay-opacity":"","overlay-gradient":""},"mobile":{"background-color":"","background-image":"","background-repeat":"repeat","background-position":"center center","background-size":"auto","background-attachment":"scroll","background-type":"","background-media":"","overlay-type":"","overlay-color":"","overlay-opacity":"","overlay-gradient":""}},"ast-content-background-meta":{"desktop":{"background-color":"var(--ast-global-color-5)","background-image":"","background-repeat":"repeat","background-position":"center center","background-size":"auto","background-attachment":"scroll","background-type":"","background-media":"","overlay-type":"","overlay-color":"","overlay-opacity":"","overlay-gradient":""},"tablet":{"background-color":"var(--ast-global-color-5)","background-image":"","background-repeat":"repeat","background-position":"center center","background-size":"auto","background-attachment":"scroll","background-type":"","background-media":"","overlay-type":"","overlay-color":"","overlay-opacity":"","overlay-gradient":""},"mobile":{"background-color":"var(--ast-global-color-5)","background-image":"","background-repeat":"repeat","background-position":"center center","background-size":"auto","background-attachment":"scroll","background-type":"","background-media":"","overlay-type":"","overlay-color":"","overlay-opacity":"","overlay-gradient":""}},"footnotes":""},"class_list":["post-1086","page","type-page","status-publish","hentry"],"post_mailing_queue_ids":[],"_links":{"self":[{"href":"https:\/\/agora.xtec.cat\/ceiplasiniavic\/wp-json\/wp\/v2\/pages\/1086","targetHints":{"allow":["GET"]}}],"collection":[{"href":"https:\/\/agora.xtec.cat\/ceiplasiniavic\/wp-json\/wp\/v2\/pages"}],"about":[{"href":"https:\/\/agora.xtec.cat\/ceiplasiniavic\/wp-json\/wp\/v2\/types\/page"}],"author":[{"embeddable":true,"href":"https:\/\/agora.xtec.cat\/ceiplasiniavic\/wp-json\/wp\/v2\/users\/9"}],"replies":[{"embeddable":true,"href":"https:\/\/agora.xtec.cat\/ceiplasiniavic\/wp-json\/wp\/v2\/comments?post=1086"}],"version-history":[{"count":1,"href":"https:\/\/agora.xtec.cat\/ceiplasiniavic\/wp-json\/wp\/v2\/pages\/1086\/revisions"}],"predecessor-version":[{"id":1090,"href":"https:\/\/agora.xtec.cat\/ceiplasiniavic\/wp-json\/wp\/v2\/pages\/1086\/revisions\/1090"}],"wp:attachment":[{"href":"https:\/\/agora.xtec.cat\/ceiplasiniavic\/wp-json\/wp\/v2\/media?parent=1086"}],"curies":[{"name":"wp","href":"https:\/\/api.w.org\/{rel}","templated":true}]}}