{"id":36,"date":"2014-09-18T12:33:11","date_gmt":"2014-09-18T11:33:11","guid":{"rendered":"http:\/\/agora.xtec.cat\/ceiplasinia\/?page_id=36"},"modified":"2020-07-17T10:16:10","modified_gmt":"2020-07-17T08:16:10","slug":"material-escolar","status":"publish","type":"page","link":"https:\/\/agora.xtec.cat\/ceiplasinia\/lescola\/material-escolar\/","title":{"rendered":"Material escolar"},"content":{"rendered":"<p>El material que es fa servir a l&#8217;escola la S\u00ednia \u00e9s socialitzat. Les fam\u00edlies pagueu una quota \u00fanica per alumne\/a en concepte de llibres, material i l\u2019AFA per tot el curs.<\/p>\n<p>Malgrat tot, al llarg del curs els alumnes hauran de portar:<\/p>\n<ul>\n<li>2 paquets de \u201ctovalloletes\u201d o mocadors humits<\/li>\n<li>1 capses de mocadors de paper<\/li>\n<li>3 rotlles de paper de cuina o un jumbo<\/li>\n<li>1 ampolla d&#8217;aigua amb el nom.<\/li>\n<li>1 bossa de roba per l\u2019esmorzar, la carmanyola i un tovall\u00f3 de roba (que cada dia tornar\u00e0 a casa).<\/li>\n<li>Cal portar una <strong>motxilla sense rodes.<\/strong><\/li>\n<\/ul>\n<p>&nbsp;<\/p>\n","protected":false},"excerpt":{"rendered":"<p>El material que es fa servir a l&#8217;escola la S\u00ednia \u00e9s socialitzat. Les fam\u00edlies pagueu una quota \u00fanica per alumne\/a en concepte de llibres, material i l\u2019AFA per tot el curs.<br \/>\nMalgrat tot, al llarg del curs els alumnes hauran de portar:<\/p>\n<ul>\n<li>2 paquets de \u201ctovalloletes\u201d o&hellip;  <a href=\"https:\/\/agora.xtec.cat\/ceiplasinia\/lescola\/material-escolar\/\" title=\"Read Material escolar\">Llegeix m\u00e9s\u00bb<\/a><br \/>\n","protected":false},"author":1,"featured_media":0,"parent":22,"menu_order":70,"comment_status":"closed","ping_status":"closed","template":"page-templates\/side-menu.php","meta":{"_bbp_topic_count":0,"_bbp_reply_count":0,"_bbp_total_topic_count":0,"_bbp_total_reply_count":0,"_bbp_voice_count":0,"_bbp_anonymous_reply_count":0,"_bbp_topic_count_hidden":0,"_bbp_reply_count_hidden":0,"_bbp_forum_subforum_count":0,"footnotes":""},"class_list":["post-36","page","type-page","status-publish","hentry"],"post_mailing_queue_ids":[],"_links":{"self":[{"href":"https:\/\/agora.xtec.cat\/ceiplasinia\/wp-json\/wp\/v2\/pages\/36","targetHints":{"allow":["GET"]}}],"collection":[{"href":"https:\/\/agora.xtec.cat\/ceiplasinia\/wp-json\/wp\/v2\/pages"}],"about":[{"href":"https:\/\/agora.xtec.cat\/ceiplasinia\/wp-json\/wp\/v2\/types\/page"}],"author":[{"embeddable":true,"href":"https:\/\/agora.xtec.cat\/ceiplasinia\/wp-json\/wp\/v2\/users\/1"}],"replies":[{"embeddable":true,"href":"https:\/\/agora.xtec.cat\/ceiplasinia\/wp-json\/wp\/v2\/comments?post=36"}],"version-history":[{"count":4,"href":"https:\/\/agora.xtec.cat\/ceiplasinia\/wp-json\/wp\/v2\/pages\/36\/revisions"}],"predecessor-version":[{"id":2650,"href":"https:\/\/agora.xtec.cat\/ceiplasinia\/wp-json\/wp\/v2\/pages\/36\/revisions\/2650"}],"up":[{"embeddable":true,"href":"https:\/\/agora.xtec.cat\/ceiplasinia\/wp-json\/wp\/v2\/pages\/22"}],"wp:attachment":[{"href":"https:\/\/agora.xtec.cat\/ceiplasinia\/wp-json\/wp\/v2\/media?parent=36"}],"curies":[{"name":"wp","href":"https:\/\/api.w.org\/{rel}","templated":true}]}}