{"id":32,"date":"2014-09-18T12:31:33","date_gmt":"2014-09-18T11:31:33","guid":{"rendered":"http:\/\/agora.xtec.cat\/ceiplasinia\/?page_id=32"},"modified":"2025-07-28T16:47:00","modified_gmt":"2025-07-28T14:47:00","slug":"calendari-del-curs","status":"publish","type":"page","link":"https:\/\/agora.xtec.cat\/ceiplasinia\/lescola\/calendari-del-curs\/","title":{"rendered":"Calendari del curs"},"content":{"rendered":"<p>L\u2019<b>horari lectiu<\/b> del centre \u00e9s de 9:00h. a 12:30h. i de 15:00h. a 16:30 h. per a tots els alumnes del centre. <strong>Excepte el per\u00edode de jornada continuada.<\/strong><\/p>\n<h4><strong>Inici de curs:<\/strong><\/h4>\n<p>8 de setembre de 2025<\/p>\n<h4><strong>Vacances:<\/strong><\/h4>\n<p>Nadal: del 22 de desembre de 2025 al 7 de gener de 2026 (ambd\u00f3s inclosos)<\/p>\n<p>Setmana Santa: del 30 de mar\u00e7 al 6 d&#8217;abril de 2026 (ambd\u00f3s inclosos)<\/p>\n<h4><strong>Dies de lliure disposici\u00f3:<\/strong><\/h4>\n<p>10 de novembre de 2025<\/p>\n<p>13 de febrer de 2026<\/p>\n<p>16 de febrer de 2026<\/p>\n<p>4 de maig de 2026<\/p>\n<h4><strong>Festes locals:<\/strong><\/h4>\n<p>11 de novembre de 2025<\/p>\n<p>12 de juny de 2026<\/p>\n<h4><strong>Jornada continuada:<\/strong><\/h4>\n<p>La jornada continuada compr\u00e8n els seg\u00fcents per\u00edodes: el 19 de desembre i del 8 al 19 de juny de 2026.<\/p>\n<p>L&#8217;<strong>horari de la jornada continuada<\/strong> ser\u00e0 de 9h a 13h.<\/p>\n<h4>I3:<\/h4>\n<p>Per als alumnes que inicien l\u2019escolaritzaci\u00f3 a I3 s\u2019organitza un breu per\u00edode d\u2019adaptaci\u00f3 que suposa una certa modificaci\u00f3 dels horaris dels\u00a0 primers dies de classe, i que es fa saber a les fam\u00edlies en les reunions pr\u00e8vies corresponents.<\/p>\n<h4>Fi de curs:<\/h4>\n<p>19 de juny de 2026<\/p>\n<p><strong>\u00a0<\/strong><\/p>\n<p>&nbsp;<\/p>\n","protected":false},"excerpt":{"rendered":"<p>L\u2019horari lectiu del centre \u00e9s de 9:00h. a 12:30h. i de 15:00h. a 16:30 h. per a tots els alumnes del centre. Excepte el per\u00edode de jornada continuada.<br \/>\nInici de curs:<br \/>\n8 de setembre de 2025<br \/>\nVacances:<br \/>\nNadal: del 22 de desembre de 2025 al 7 de gener de&hellip;  <a href=\"https:\/\/agora.xtec.cat\/ceiplasinia\/lescola\/calendari-del-curs\/\" title=\"Read Calendari del curs\">Llegeix m\u00e9s\u00bb<\/a><\/p>\n","protected":false},"author":1,"featured_media":0,"parent":22,"menu_order":50,"comment_status":"closed","ping_status":"closed","template":"page-templates\/side-menu.php","meta":{"_bbp_topic_count":0,"_bbp_reply_count":0,"_bbp_total_topic_count":0,"_bbp_total_reply_count":0,"_bbp_voice_count":0,"_bbp_anonymous_reply_count":0,"_bbp_topic_count_hidden":0,"_bbp_reply_count_hidden":0,"_bbp_forum_subforum_count":0,"footnotes":""},"class_list":["post-32","page","type-page","status-publish","hentry"],"post_mailing_queue_ids":[],"_links":{"self":[{"href":"https:\/\/agora.xtec.cat\/ceiplasinia\/wp-json\/wp\/v2\/pages\/32","targetHints":{"allow":["GET"]}}],"collection":[{"href":"https:\/\/agora.xtec.cat\/ceiplasinia\/wp-json\/wp\/v2\/pages"}],"about":[{"href":"https:\/\/agora.xtec.cat\/ceiplasinia\/wp-json\/wp\/v2\/types\/page"}],"author":[{"embeddable":true,"href":"https:\/\/agora.xtec.cat\/ceiplasinia\/wp-json\/wp\/v2\/users\/1"}],"replies":[{"embeddable":true,"href":"https:\/\/agora.xtec.cat\/ceiplasinia\/wp-json\/wp\/v2\/comments?post=32"}],"version-history":[{"count":6,"href":"https:\/\/agora.xtec.cat\/ceiplasinia\/wp-json\/wp\/v2\/pages\/32\/revisions"}],"predecessor-version":[{"id":4177,"href":"https:\/\/agora.xtec.cat\/ceiplasinia\/wp-json\/wp\/v2\/pages\/32\/revisions\/4177"}],"up":[{"embeddable":true,"href":"https:\/\/agora.xtec.cat\/ceiplasinia\/wp-json\/wp\/v2\/pages\/22"}],"wp:attachment":[{"href":"https:\/\/agora.xtec.cat\/ceiplasinia\/wp-json\/wp\/v2\/media?parent=32"}],"curies":[{"name":"wp","href":"https:\/\/api.w.org\/{rel}","templated":true}]}}