{"id":2715,"date":"2020-10-07T17:32:57","date_gmt":"2020-10-07T15:32:57","guid":{"rendered":"http:\/\/agora.xtec.cat\/ceiplasinia\/?page_id=2715"},"modified":"2025-09-25T13:33:24","modified_gmt":"2025-09-25T11:33:24","slug":"equip-educatiu","status":"publish","type":"page","link":"https:\/\/agora.xtec.cat\/ceiplasinia\/lescola\/equip-educatiu\/","title":{"rendered":"Organigrama"},"content":{"rendered":"<p><strong>CURS 2025-2026<\/strong><\/p>\n<table style=\"width: 60.7166%; height: 186px;\">\n<tbody>\n<tr style=\"height: 32px;\">\n<td style=\"width: 99.0442%; text-align: center; height: 32px;\" colspan=\"2\"><strong>EDUCACI\u00d3 INFANTIL<\/strong><\/td>\n<\/tr>\n<tr style=\"height: 41px;\">\n<td style=\"width: 27.2401%; height: 10px;\">I3<\/td>\n<td style=\"width: 71.8041%; height: 10px;\">Susagna Pi<\/td>\n<\/tr>\n<tr style=\"height: 30px;\">\n<td style=\"width: 27.2401%; height: 10px; text-align: left;\">I4<\/td>\n<td style=\"width: 71.8041%; height: 10px; text-align: left;\">Anna Perramon<\/td>\n<\/tr>\n<tr style=\"height: 10px;\">\n<td style=\"width: 27.2401%; height: 10px;\">I5<\/td>\n<td style=\"width: 71.8041%; height: 10px;\">Marta Pav\u00f3n<\/td>\n<\/tr>\n<tr style=\"height: 175px;\">\n<td style=\"width: 99.0442%; height: 124px;\" colspan=\"2\">Psicomotricitat en angl\u00e8s: Eva Bergad\u00e0<\/p>\n<p>M\u00fasica: Ramona Guinart<\/p>\n<p>Refor\u00e7: Maria Burrell<\/td>\n<\/tr>\n<\/tbody>\n<\/table>\n<p><strong>EDUCACI\u00d3 ESPECIAL: <\/strong>Ver\u00f2nica Conde<\/p>\n<table style=\"width: 55.0972%; height: 829px;\">\n<tbody>\n<tr style=\"height: 32px;\">\n<td style=\"height: 32px; text-align: center;\" colspan=\"2\"><strong>EDUCACI\u00d3 PRIM\u00c0RIA<\/strong><\/td>\n<\/tr>\n<tr style=\"height: 32px;\">\n<td style=\"height: 32px;\">1r<\/td>\n<td style=\"height: 32px;\">Montse Molas<\/td>\n<\/tr>\n<tr style=\"height: 32px;\">\n<td style=\"height: 32px;\">2n<\/td>\n<td style=\"height: 32px;\">Joana Moreno<\/td>\n<\/tr>\n<tr style=\"height: 175px;\">\n<td style=\"height: 175px;\" colspan=\"2\">Educaci\u00f3 F\u00edsica: Eva Bergad\u00e0<\/p>\n<p>Angl\u00e8s: Cristina Monforte<\/p>\n<p>M\u00fasica: Ramona Guinart<\/p>\n<p>Refor\u00e7: Gl\u00f2ria Esteve, Matiu N\u00fa\u00f1ez i Ver\u00f2nica Conde<\/td>\n<\/tr>\n<tr style=\"height: 32px;\">\n<td style=\"height: 32px;\">3r<\/td>\n<td style=\"height: 32px;\">Carme Cordom\u00ed<\/td>\n<\/tr>\n<tr style=\"height: 32px;\">\n<td style=\"height: 32px;\">4t<\/td>\n<td style=\"height: 32px;\">Marc Bullich<\/td>\n<\/tr>\n<tr style=\"height: 204px;\">\n<td style=\"height: 204px;\" colspan=\"2\">Educaci\u00f3 F\u00edsica: Eva Bergad\u00e0<\/p>\n<p>Angl\u00e8s: Cristina Monforte<\/p>\n<p>M\u00fasica: Ramona Guinart<\/p>\n<p>Refor\u00e7: Matiu N\u00fa\u00f1ez<\/td>\n<\/tr>\n<tr style=\"height: 19px;\">\n<td style=\"height: 19px;\">5\u00e8<\/td>\n<td style=\"height: 19px;\">Marina Perich<\/td>\n<\/tr>\n<tr style=\"height: 32px;\">\n<td style=\"height: 32px;\">6\u00e8<\/td>\n<td style=\"height: 32px;\">Laura Serra<\/td>\n<\/tr>\n<tr style=\"height: 175px;\">\n<td style=\"height: 175px;\" colspan=\"2\">Educaci\u00f3 F\u00edsica: Eva Bergad\u00e0<\/p>\n<p>Angl\u00e8s: Cristina Monforte<\/p>\n<p>M\u00fasica: Eva Bergad\u00e0<\/td>\n<\/tr>\n<\/tbody>\n<\/table>\n<table>\n<tbody>\n<tr>\n<td colspan=\"2\"><strong>EQUIP DIRECTIU<\/strong><\/td>\n<\/tr>\n<tr>\n<td colspan=\"2\"><b>Gl\u00f2ria Esteve: <\/b>directora<\/p>\n<p><b>Maria Burrell: <\/b>cap d\u2019estudis.<\/p>\n<p><b>Montse Molas<\/b>: secret\u00e0ria del centre.<\/td>\n<\/tr>\n<\/tbody>\n<\/table>\n<ul>\n<li><b>Altres professionals:<\/b><\/li>\n<\/ul>\n<p><b>B\u00e0rbara Verg\u00e9s<\/b>: EAP (psic\u00f2loga de l\u2019escola) (1 mat\u00ed quinzenal)<\/p>\n<p><b>Irene Vidal: <\/b>Auxiliar administrativa<b>\u00a0<\/b><\/p>\n<p><b>Mariona Baena:<\/b> Monitora responsable de menjador<\/p>\n<p><b>Idheant<\/b>: acollida matinal (contractat a trav\u00e9s AFA escola)<\/p>\n","protected":false},"excerpt":{"rendered":"<p>CURS 2025-2026<\/p>\n<p>EDUCACI\u00d3 INFANTIL<\/p>\n<p>I3<br \/>\nSusagna Pi<\/p>\n<p>I4<br \/>\nAnna Perramon<\/p>\n<p>I5<br \/>\nMarta Pav\u00f3n<\/p>\n<p>Psicomotricitat en angl\u00e8s: Eva Bergad\u00e0<br \/>\nM\u00fasica: Ramona Guinart<br \/>\nRefor\u00e7: Maria Burrell<\/p>\n<p>EDUCACI\u00d3 ESPECIAL: Ver\u00f2nica Conde<\/p>\n<p>EDUCACI\u00d3 PRIM\u00c0RIA<\/p>\n<p>1r<br \/>\nMontse Molas<\/p>\n<p>2n<br \/>\nJoana Moreno<\/p>\n<p>Educaci\u00f3 F\u00edsica: Eva Bergad\u00e0<br \/>\nAngl\u00e8s: Cristina Monforte<br \/>\nM\u00fasica: Ramona Guinart<br \/>\nRefor\u00e7: Gl\u00f2ria Esteve, Matiu N\u00fa\u00f1ez i Ver\u00f2nica Conde<\/p>\n<p>3r<br \/>\nCarme Cordom\u00ed<\/p>\n<p>4t<br \/>\nMarc Bullich<\/p>\n<p>Educaci\u00f3 F\u00edsica: Eva Bergad\u00e0<br \/>\nAngl\u00e8s: Cristina Monforte<br \/>\nM\u00fasica: Ramona Guinart<br \/>\nRefor\u00e7: Matiu N\u00fa\u00f1ez<\/p>\n<p>5\u00e8<br \/>\nMarina&hellip;  <a href=\"https:\/\/agora.xtec.cat\/ceiplasinia\/lescola\/equip-educatiu\/\" title=\"Read Organigrama\">Llegeix m\u00e9s\u00bb<\/a><\/p>\n","protected":false},"author":4,"featured_media":0,"parent":22,"menu_order":0,"comment_status":"closed","ping_status":"closed","template":"page-templates\/side-menu.php","meta":{"_bbp_topic_count":0,"_bbp_reply_count":0,"_bbp_total_topic_count":0,"_bbp_total_reply_count":0,"_bbp_voice_count":0,"_bbp_anonymous_reply_count":0,"_bbp_topic_count_hidden":0,"_bbp_reply_count_hidden":0,"_bbp_forum_subforum_count":0,"footnotes":""},"class_list":["post-2715","page","type-page","status-publish","hentry"],"post_mailing_queue_ids":[],"_links":{"self":[{"href":"https:\/\/agora.xtec.cat\/ceiplasinia\/wp-json\/wp\/v2\/pages\/2715","targetHints":{"allow":["GET"]}}],"collection":[{"href":"https:\/\/agora.xtec.cat\/ceiplasinia\/wp-json\/wp\/v2\/pages"}],"about":[{"href":"https:\/\/agora.xtec.cat\/ceiplasinia\/wp-json\/wp\/v2\/types\/page"}],"author":[{"embeddable":true,"href":"https:\/\/agora.xtec.cat\/ceiplasinia\/wp-json\/wp\/v2\/users\/4"}],"replies":[{"embeddable":true,"href":"https:\/\/agora.xtec.cat\/ceiplasinia\/wp-json\/wp\/v2\/comments?post=2715"}],"version-history":[{"count":6,"href":"https:\/\/agora.xtec.cat\/ceiplasinia\/wp-json\/wp\/v2\/pages\/2715\/revisions"}],"predecessor-version":[{"id":4181,"href":"https:\/\/agora.xtec.cat\/ceiplasinia\/wp-json\/wp\/v2\/pages\/2715\/revisions\/4181"}],"up":[{"embeddable":true,"href":"https:\/\/agora.xtec.cat\/ceiplasinia\/wp-json\/wp\/v2\/pages\/22"}],"wp:attachment":[{"href":"https:\/\/agora.xtec.cat\/ceiplasinia\/wp-json\/wp\/v2\/media?parent=2715"}],"curies":[{"name":"wp","href":"https:\/\/api.w.org\/{rel}","templated":true}]}}