{"id":2601,"date":"2020-06-24T08:42:44","date_gmt":"2020-06-24T06:42:44","guid":{"rendered":"http:\/\/agora.xtec.cat\/ceiplasinia\/?page_id=2601"},"modified":"2025-09-18T12:58:03","modified_gmt":"2025-09-18T10:58:03","slug":"codis-de-pagament-curs-20-21","status":"publish","type":"page","link":"https:\/\/agora.xtec.cat\/ceiplasinia\/lescola\/material-escolar\/codis-de-pagament-curs-20-21\/","title":{"rendered":"Quotes de llibres i material"},"content":{"rendered":"<h4>Les quotes del proper curs 2025-2026 s\u00f3n les seg\u00fcents:<\/h4>\n<p><strong>LLIBRES:<\/strong> 75\u20ac \/curs i <strong>MATERIAL:<\/strong> 75\u20ac \/curs<\/p>\n<p><strong>QUOTA AFA<\/strong>: 36\u20ac\/fam\u00edlia-curs<\/p>\n<p>A partir d&#8217;aquest curs, els pagaments es passaran a trav\u00e9s de DINANTIA (aplicaci\u00f3 o per mail).<\/p>\n<p>Al llarg del curs es realitzen altres activitats que generen despeses diverses com: les sortides de tot el curs i els teatres, activitat de piscina (CI-CM), vela (6\u00e8), activitat aqu\u00e0tica (5\u00e8), col\u00f2nies escolars (P5- 2n i 4t), sortida l\u00fadica d&#8217;un dia (1r &#8211; 3r i 5\u00e8) viatge final de curs (6\u00e8) i cant\u00e0nia (grup a determinar).<\/p>\n","protected":false},"excerpt":{"rendered":"<p>Les quotes del proper curs 2025-2026 s\u00f3n les seg\u00fcents:<br \/>\nLLIBRES: 75\u20ac \/curs i MATERIAL: 75\u20ac \/curs<br \/>\nQUOTA AFA: 36\u20ac\/fam\u00edlia-curs<br \/>\nA partir d&#8217;aquest curs, els pagaments es passaran a trav\u00e9s de DINANTIA (aplicaci\u00f3 o per mail).<br \/>\nAl llarg del curs es realitzen altres activitats que generen despeses diverses com: les&hellip;  <a href=\"https:\/\/agora.xtec.cat\/ceiplasinia\/lescola\/material-escolar\/codis-de-pagament-curs-20-21\/\" title=\"Read Quotes de llibres i material\">Llegeix m\u00e9s\u00bb<\/a><\/p>\n","protected":false},"author":4,"featured_media":0,"parent":36,"menu_order":0,"comment_status":"closed","ping_status":"closed","template":"","meta":{"_bbp_topic_count":0,"_bbp_reply_count":0,"_bbp_total_topic_count":0,"_bbp_total_reply_count":0,"_bbp_voice_count":0,"_bbp_anonymous_reply_count":0,"_bbp_topic_count_hidden":0,"_bbp_reply_count_hidden":0,"_bbp_forum_subforum_count":0,"footnotes":""},"class_list":["post-2601","page","type-page","status-publish","hentry"],"post_mailing_queue_ids":[],"_links":{"self":[{"href":"https:\/\/agora.xtec.cat\/ceiplasinia\/wp-json\/wp\/v2\/pages\/2601","targetHints":{"allow":["GET"]}}],"collection":[{"href":"https:\/\/agora.xtec.cat\/ceiplasinia\/wp-json\/wp\/v2\/pages"}],"about":[{"href":"https:\/\/agora.xtec.cat\/ceiplasinia\/wp-json\/wp\/v2\/types\/page"}],"author":[{"embeddable":true,"href":"https:\/\/agora.xtec.cat\/ceiplasinia\/wp-json\/wp\/v2\/users\/4"}],"replies":[{"embeddable":true,"href":"https:\/\/agora.xtec.cat\/ceiplasinia\/wp-json\/wp\/v2\/comments?post=2601"}],"version-history":[{"count":5,"href":"https:\/\/agora.xtec.cat\/ceiplasinia\/wp-json\/wp\/v2\/pages\/2601\/revisions"}],"predecessor-version":[{"id":4178,"href":"https:\/\/agora.xtec.cat\/ceiplasinia\/wp-json\/wp\/v2\/pages\/2601\/revisions\/4178"}],"up":[{"embeddable":true,"href":"https:\/\/agora.xtec.cat\/ceiplasinia\/wp-json\/wp\/v2\/pages\/36"}],"wp:attachment":[{"href":"https:\/\/agora.xtec.cat\/ceiplasinia\/wp-json\/wp\/v2\/media?parent=2601"}],"curies":[{"name":"wp","href":"https:\/\/api.w.org\/{rel}","templated":true}]}}