{"id":24,"date":"2014-09-18T12:23:15","date_gmt":"2014-09-18T11:23:15","guid":{"rendered":"http:\/\/agora.xtec.cat\/ceiplasinia\/?page_id=24"},"modified":"2020-07-17T10:09:18","modified_gmt":"2020-07-17T08:09:18","slug":"on-som","status":"publish","type":"page","link":"https:\/\/agora.xtec.cat\/ceiplasinia\/lescola\/on-som\/","title":{"rendered":"On som"},"content":{"rendered":"<p>Escola La S\u00ednia<br \/>\nC\/Mascarell, 10<br \/>\n17252 Sant Antoni de Calonge<\/p>\n<p>Tel\u00e8fons de contacte:<br \/>\n972 662271<br \/>\nM\u00f2bil: 677091707 (Nom\u00e9s per a casos d&#8217;emerg\u00e8ncia)<\/p>\n<p><iframe loading=\"lazy\" src=\"https:\/\/www.google.com\/maps\/embed?pb=!1m18!1m12!1m3!1d2971.9292285700467!2d3.105690437441197!3d41.851350083336094!2m3!1f0!2f0!3f0!3m2!1i1024!2i768!4f13.1!3m3!1m2!1s0x12bbaa9a41ee167b%3A0x10b1c9c57ae2838f!2sCarrer+del+Mascarell%2C+10%2C+17252+Calonge%2C+Girona!5e0!3m2!1sca!2ses!4v1524138080838\" width=\"600\" height=\"450\" frameborder=\"0\"><\/iframe><\/p>\n","protected":false},"excerpt":{"rendered":"<p>Escola La S\u00ednia<br \/>\nC\/Mascarell, 10<br \/>\n17252 Sant Antoni de Calonge<br \/>\nTel\u00e8fons de contacte:<br \/>\n972 662271<br \/>\nM\u00f2bil: 677091707 (Nom\u00e9s per a casos d&#8217;emerg\u00e8ncia)<\/p>\n","protected":false},"author":1,"featured_media":0,"parent":22,"menu_order":10,"comment_status":"closed","ping_status":"closed","template":"page-templates\/side-menu.php","meta":{"_bbp_topic_count":0,"_bbp_reply_count":0,"_bbp_total_topic_count":0,"_bbp_total_reply_count":0,"_bbp_voice_count":0,"_bbp_anonymous_reply_count":0,"_bbp_topic_count_hidden":0,"_bbp_reply_count_hidden":0,"_bbp_forum_subforum_count":0,"footnotes":""},"class_list":["post-24","page","type-page","status-publish","hentry"],"post_mailing_queue_ids":[],"_links":{"self":[{"href":"https:\/\/agora.xtec.cat\/ceiplasinia\/wp-json\/wp\/v2\/pages\/24","targetHints":{"allow":["GET"]}}],"collection":[{"href":"https:\/\/agora.xtec.cat\/ceiplasinia\/wp-json\/wp\/v2\/pages"}],"about":[{"href":"https:\/\/agora.xtec.cat\/ceiplasinia\/wp-json\/wp\/v2\/types\/page"}],"author":[{"embeddable":true,"href":"https:\/\/agora.xtec.cat\/ceiplasinia\/wp-json\/wp\/v2\/users\/1"}],"replies":[{"embeddable":true,"href":"https:\/\/agora.xtec.cat\/ceiplasinia\/wp-json\/wp\/v2\/comments?post=24"}],"version-history":[{"count":5,"href":"https:\/\/agora.xtec.cat\/ceiplasinia\/wp-json\/wp\/v2\/pages\/24\/revisions"}],"predecessor-version":[{"id":4139,"href":"https:\/\/agora.xtec.cat\/ceiplasinia\/wp-json\/wp\/v2\/pages\/24\/revisions\/4139"}],"up":[{"embeddable":true,"href":"https:\/\/agora.xtec.cat\/ceiplasinia\/wp-json\/wp\/v2\/pages\/22"}],"wp:attachment":[{"href":"https:\/\/agora.xtec.cat\/ceiplasinia\/wp-json\/wp\/v2\/media?parent=24"}],"curies":[{"name":"wp","href":"https:\/\/api.w.org\/{rel}","templated":true}]}}