{"id":213,"date":"2016-03-18T09:04:16","date_gmt":"2016-03-18T08:04:16","guid":{"rendered":"http:\/\/agora.xtec.cat\/ceiplasinia\/?page_id=213"},"modified":"2025-05-12T13:32:16","modified_gmt":"2025-05-12T11:32:16","slug":"escola-verda","status":"publish","type":"page","link":"https:\/\/agora.xtec.cat\/ceiplasinia\/projecte-educatiu\/escola-verda\/","title":{"rendered":"Escola verda"},"content":{"rendered":"<p>La nostra escola est\u00e0 treballant la sostenibilitat, cura del medi ambient i educaci\u00f3 per la salut des de l\u2019inici de l\u2019activitat pedag\u00f2gica.<a href=\"https:\/\/mediambient.gencat.cat\/ca\/05_ambits_dactuacio\/persones-i-natura\/centres-educatius\/xarxa-escoles-verdes\/\" target=\"_blank\" rel=\"noopener\"><img loading=\"lazy\" decoding=\"async\" class=\"size-medium wp-image-4165 alignright\" src=\"https:\/\/agora.xtec.cat\/ceiplasinia\/wp-content\/uploads\/usu1221\/2025\/05\/Escoles-verdes-300x278.png\" alt=\"\" width=\"300\" height=\"278\" srcset=\"https:\/\/agora.xtec.cat\/ceiplasinia\/wp-content\/uploads\/usu1221\/2025\/05\/Escoles-verdes-300x278.png 300w, https:\/\/agora.xtec.cat\/ceiplasinia\/wp-content\/uploads\/usu1221\/2025\/05\/Escoles-verdes.png 450w\" sizes=\"auto, (max-width: 300px) 100vw, 300px\" \/><\/a><\/p>\n<p>El curs 2006-07 v\u00e0rem iniciar el curs de formaci\u00f3 permanent per formar part del programa de les Escoles Verdes. Val a dir que l\u2019Escola de la M. De la Merc\u00e8, va impulsar a les escoles del municipi perqu\u00e8 s\u2019adherissin al programa.<\/p>\n<p>Finalment despr\u00e9s de presentar el projecte el novembre 2010, se\u2019ns va concedir el distintiu d\u2019Escoles Verdes (2010-2013) amb el projecte: El futur sostenible de la S\u00ednia.<\/p>\n<p>Objectius:<\/p>\n<ol>\n<li>Impulsar projectes d\u2019educaci\u00f3 ambiental al nostre centre.<\/li>\n<li>Aprofundir amb la formaci\u00f3 del professorat amb continguts i m\u00e8todes d\u2019educaci\u00f3 ambiental.<\/li>\n<li>Promoure les capacitats de reflexi\u00f3 cr\u00edtica, actuaci\u00f3 responsable i comunicaci\u00f3 per la sostenibilitat.<\/li>\n<li>Afavorir l\u2019ambientaci\u00f3 dins del nostre curr\u00edculum.<\/li>\n<\/ol>\n<p>Les nostres actuacions:<\/p>\n<ul style=\"list-style-type: circle;\">\n<li>Vetllem per uns esmorzars saludables.<\/li>\n<li>Fomentem la reducci\u00f3 de residus, fent \u00fas de la carmanyola.<\/li>\n<li>Cultura d\u2019estalvi: aigua, llum, calefacci\u00f3.<\/li>\n<li>Redu\u00efm residus: paper, pl\u00e0stic i mat\u00e8ria org\u00e0nica.<\/li>\n<li>Potenciem les sortides a l\u2019entorn proper.<\/li>\n<li>Estimem i respectem les plantes i els arbres de l\u2019escola.<\/li>\n<li>Treballem a l\u2019hort i cuidem el nostre galliner.<\/li>\n<li>Potenciem la bicicleta.<\/li>\n<li>Participem en el programa reciclatext: reciclatge de llibres.<\/li>\n<li>Hem creat un comit\u00e8 ambiental i fem \u00fas de la nostra cartellera verda.<\/li>\n<li>Hem creat un apartat a la biblioteca de tem\u00e0tica mediambiental.<\/li>\n<\/ul>\n<p>LLIURAMENT DEL DISTINTIU D&#8217;ESCOLES VERDES.<br \/>\nABRIL DEL 2011.<br \/>\n<a href=\"http:\/\/agora.xtec.cat\/ceiplasinia\/wp-content\/uploads\/usu1221\/2016\/03\/escoles-verdes-2-e1458289791807.jpg\"><img loading=\"lazy\" decoding=\"async\" class=\"alignnone wp-image-219 size-medium\" src=\"http:\/\/agora.xtec.cat\/ceiplasinia\/wp-content\/uploads\/usu1221\/2016\/03\/escoles-verdes-2-e1460100555445-300x188.jpg\" alt=\"escoles verdes 2\" width=\"300\" height=\"188\" srcset=\"https:\/\/agora.xtec.cat\/ceiplasinia\/wp-content\/uploads\/usu1221\/2016\/03\/escoles-verdes-2-e1460100555445-300x188.jpg 300w, https:\/\/agora.xtec.cat\/ceiplasinia\/wp-content\/uploads\/usu1221\/2016\/03\/escoles-verdes-2-e1460100555445.jpg 548w\" sizes=\"auto, (max-width: 300px) 100vw, 300px\" \/><\/a><br \/>\n<a href=\"http:\/\/agora.xtec.cat\/ceiplasinia\/wp-content\/uploads\/usu1221\/2016\/03\/Escoles-verdes-e1458289735381.jpg\"><img loading=\"lazy\" decoding=\"async\" class=\"alignnone wp-image-218 size-medium\" src=\"http:\/\/agora.xtec.cat\/ceiplasinia\/wp-content\/uploads\/usu1221\/2016\/03\/Escoles-verdes-e1460102063495-300x127.jpg\" alt=\"Escoles verdes\" width=\"300\" height=\"127\" srcset=\"https:\/\/agora.xtec.cat\/ceiplasinia\/wp-content\/uploads\/usu1221\/2016\/03\/Escoles-verdes-e1460102063495-300x127.jpg 300w, https:\/\/agora.xtec.cat\/ceiplasinia\/wp-content\/uploads\/usu1221\/2016\/03\/Escoles-verdes-e1460102063495.jpg 973w\" sizes=\"auto, (max-width: 300px) 100vw, 300px\" \/><\/a><\/p>\n","protected":false},"excerpt":{"rendered":"<p>La nostra escola est\u00e0 treballant la sostenibilitat, cura del medi ambient i educaci\u00f3 per la salut des de l\u2019inici de l\u2019activitat pedag\u00f2gica.<a href=\"https:\/\/mediambient.gencat.cat\/ca\/05_ambits_dactuacio\/persones-i-natura\/centres-educatius\/xarxa-escoles-verdes\/\" target=\"_blank\" rel=\"noopener\"><\/a><br \/>\nEl curs 2006-07 v\u00e0rem iniciar el curs de formaci\u00f3 permanent per formar part del programa de les Escoles Verdes. Val a&hellip;  <a href=\"https:\/\/agora.xtec.cat\/ceiplasinia\/projecte-educatiu\/escola-verda\/\" title=\"Read Escola verda\">Llegeix m\u00e9s\u00bb<\/a><\/p>\n","protected":false},"author":4,"featured_media":0,"parent":64,"menu_order":0,"comment_status":"closed","ping_status":"closed","template":"","meta":{"_bbp_topic_count":0,"_bbp_reply_count":0,"_bbp_total_topic_count":0,"_bbp_total_reply_count":0,"_bbp_voice_count":0,"_bbp_anonymous_reply_count":0,"_bbp_topic_count_hidden":0,"_bbp_reply_count_hidden":0,"_bbp_forum_subforum_count":0,"footnotes":""},"class_list":["post-213","page","type-page","status-publish","hentry"],"post_mailing_queue_ids":[],"_links":{"self":[{"href":"https:\/\/agora.xtec.cat\/ceiplasinia\/wp-json\/wp\/v2\/pages\/213","targetHints":{"allow":["GET"]}}],"collection":[{"href":"https:\/\/agora.xtec.cat\/ceiplasinia\/wp-json\/wp\/v2\/pages"}],"about":[{"href":"https:\/\/agora.xtec.cat\/ceiplasinia\/wp-json\/wp\/v2\/types\/page"}],"author":[{"embeddable":true,"href":"https:\/\/agora.xtec.cat\/ceiplasinia\/wp-json\/wp\/v2\/users\/4"}],"replies":[{"embeddable":true,"href":"https:\/\/agora.xtec.cat\/ceiplasinia\/wp-json\/wp\/v2\/comments?post=213"}],"version-history":[{"count":4,"href":"https:\/\/agora.xtec.cat\/ceiplasinia\/wp-json\/wp\/v2\/pages\/213\/revisions"}],"predecessor-version":[{"id":4166,"href":"https:\/\/agora.xtec.cat\/ceiplasinia\/wp-json\/wp\/v2\/pages\/213\/revisions\/4166"}],"up":[{"embeddable":true,"href":"https:\/\/agora.xtec.cat\/ceiplasinia\/wp-json\/wp\/v2\/pages\/64"}],"wp:attachment":[{"href":"https:\/\/agora.xtec.cat\/ceiplasinia\/wp-json\/wp\/v2\/media?parent=213"}],"curies":[{"name":"wp","href":"https:\/\/api.w.org\/{rel}","templated":true}]}}