{"id":720,"date":"2023-10-18T09:27:34","date_gmt":"2023-10-18T07:27:34","guid":{"rendered":"https:\/\/agora.xtec.cat\/ceiplarouredasabadell\/?page_id=720"},"modified":"2025-09-03T14:01:04","modified_gmt":"2025-09-03T12:01:04","slug":"personal-escola","status":"publish","type":"page","link":"https:\/\/agora.xtec.cat\/ceiplarouredasabadell\/personal-escola\/","title":{"rendered":"Personal escola"},"content":{"rendered":"<table style=\"border-collapse: collapse; width: 44.8151%; height: 1104px;\">\n<tbody>\n<tr style=\"height: 32px;\">\n<td style=\"width: 24.362%; height: 32px;\"><span style=\"color: #000000;\"><strong><span style=\"color: #003300;\">EQUIP DOCENT CURS 25-26<\/span><\/strong><\/span><\/td>\n<td style=\"width: 26.4801%; height: 32px;\"><\/td>\n<\/tr>\n<tr style=\"height: 32px;\">\n<td style=\"width: 24.362%; height: 32px;\"><span style=\"color: #333399;\"><strong>COMUNITAT DE PETITS<\/strong><\/span><\/td>\n<td style=\"width: 26.4801%; height: 32px;\"><\/td>\n<\/tr>\n<tr style=\"height: 32px;\">\n<td style=\"width: 24.362%; height: 32px;\"><strong>Infantil 3A.<\/strong> Marta S\u00e1nchez<\/td>\n<td style=\"width: 26.4801%; height: 32px;\"><strong>Infantil 3B.<\/strong> Iria Comajoan\/Patricia Meg\u00edas.<\/td>\n<\/tr>\n<tr style=\"height: 32px;\">\n<td style=\"width: 24.362%; height: 32px;\"><strong>Infantil 4A.<\/strong>\u00a0J\u00falia Menor<\/td>\n<td style=\"width: 26.4801%; height: 32px;\"><strong>Infantil 4B<\/strong>. Patricia Dom\u00e8nech<\/td>\n<\/tr>\n<tr style=\"height: 32px;\">\n<td style=\"width: 24.362%; height: 32px;\"><strong>Infantil 5A.<\/strong> Isabel Salvador<\/td>\n<td style=\"width: 26.4801%; height: 32px;\"><strong>Infantil 5B.<\/strong> Judith Lizana<\/td>\n<\/tr>\n<tr style=\"height: 48px;\">\n<td style=\"width: 24.362%; height: 48px;\"><span style=\"color: #333399;\"><strong>Refor\u00e7os comunitat petits<\/strong><\/span><\/td>\n<td style=\"width: 26.4801%; height: 48px;\">Iris Salvat, Montse Casas<\/td>\n<\/tr>\n<tr style=\"height: 32px;\">\n<td style=\"width: 24.362%; height: 32px;\"><strong>TEI<\/strong><\/td>\n<td style=\"width: 26.4801%; height: 32px;\">Marta Nu\u00f1ez<\/td>\n<\/tr>\n<tr>\n<td style=\"width: 24.362%;\"><strong>\u00a0<\/strong><\/td>\n<td style=\"width: 26.4801%;\"><\/td>\n<\/tr>\n<tr style=\"height: 32px;\">\n<td style=\"width: 24.362%; height: 32px;\"><span style=\"color: #333399;\"><strong>COMUNITAT DE MITJANS<\/strong><\/span><\/td>\n<td style=\"width: 26.4801%; height: 32px;\"><\/td>\n<\/tr>\n<tr style=\"height: 32px;\">\n<td style=\"width: 24.362%; height: 32px;\"><strong>Primer A.<\/strong> Montse \u00c1lvarez<\/td>\n<td style=\"width: 26.4801%; height: 32px;\"><strong>Primer B<\/strong>. Judith Valiente<\/td>\n<\/tr>\n<tr style=\"height: 32px;\">\n<td style=\"width: 24.362%; height: 32px;\"><strong>Segon A.<\/strong> Marta S\u00e1nchez Sala<\/td>\n<td style=\"width: 26.4801%; height: 32px;\"><strong>Segon B.<\/strong> Eva Vives<\/td>\n<\/tr>\n<tr style=\"height: 32px;\">\n<td style=\"width: 24.362%; height: 32px;\"><strong>Tercer A. <\/strong>\u00c0lex Garc\u00eda<\/td>\n<td style=\"width: 26.4801%; height: 32px;\"><strong>Tercer B<\/strong>.\u00a0 M.Jos\u00e9 Gonz\u00e1lez<\/td>\n<\/tr>\n<tr style=\"height: 32px;\">\n<td style=\"width: 24.362%; height: 32px;\"><span style=\"color: #333399;\"><strong>Refor\u00e7os comunitat mitjans<\/strong><\/span><\/td>\n<td style=\"width: 26.4801%; height: 32px;\">Teresa L\u00f3pez<\/td>\n<\/tr>\n<tr>\n<td style=\"width: 24.362%;\"><span style=\"color: #333399;\"><strong>\u00a0<\/strong><\/span><\/td>\n<td style=\"width: 26.4801%;\"><\/td>\n<\/tr>\n<tr>\n<td style=\"width: 24.362%;\"><span style=\"color: #333399;\"><strong>COMUNITAT DE GRANS<\/strong><\/span><\/td>\n<td style=\"width: 26.4801%;\"><\/td>\n<\/tr>\n<tr style=\"height: 32px;\">\n<td style=\"width: 24.362%; height: 32px;\"><strong>Quart A.<\/strong> Cristina Viana<\/td>\n<td style=\"width: 26.4801%; height: 32px;\"><strong>Quart B.<\/strong> Marta Torrej\u00f3n<\/td>\n<\/tr>\n<tr style=\"height: 32px;\">\n<td style=\"width: 24.362%; height: 32px;\"><strong>Cinqu\u00e8 A.<\/strong> Cristina L\u00f3pez<\/td>\n<td style=\"width: 26.4801%; height: 32px;\"><strong>Cinqu\u00e8 B.<\/strong> Ampar S\u00e1nchez<\/td>\n<\/tr>\n<tr style=\"height: 32px;\">\n<td style=\"width: 24.362%; height: 32px;\"><strong>Sis\u00e8 A.<\/strong> Maria Adela Ponce<\/td>\n<td style=\"width: 26.4801%; height: 32px;\"><strong>Sis\u00e8 B.<\/strong> Carla Rabaneda<\/td>\n<\/tr>\n<tr style=\"height: 32px;\">\n<td style=\"width: 24.362%; height: 32px;\"><span style=\"color: #333399;\"><strong>Refor\u00e7os comunitat grans<\/strong><\/span><\/td>\n<td style=\"width: 26.4801%; height: 32px;\">Eva G.<\/td>\n<\/tr>\n<tr>\n<td style=\"width: 24.362%;\"><span style=\"color: #333399;\"><strong>\u00a0<\/strong><\/span><\/td>\n<td style=\"width: 26.4801%;\"><\/td>\n<\/tr>\n<tr style=\"height: 32px;\">\n<td style=\"width: 24.362%; height: 32px;\"><span style=\"color: #333399;\"><strong>Especialistes comunitats<\/strong><\/span><\/td>\n<td style=\"width: 26.4801%; height: 32px;\"><\/td>\n<\/tr>\n<tr style=\"height: 32px;\">\n<td style=\"width: 24.362%; height: 32px;\"><strong>Llengua Anglesa<\/strong><\/td>\n<td style=\"width: 26.4801%; height: 32px;\">Josep Colomer, Jose Morales<\/td>\n<\/tr>\n<tr style=\"height: 32px;\">\n<td style=\"width: 24.362%; height: 32px;\"><strong>Educaci\u00f3 Musical<\/strong><\/td>\n<td style=\"width: 26.4801%; height: 32px;\">Judith Valiente, Berta Gilbert<\/td>\n<\/tr>\n<tr style=\"height: 32px;\">\n<td style=\"width: 24.362%; height: 32px;\"><strong>SIEI i SIEI+<\/strong><\/td>\n<td style=\"width: 26.4801%; height: 32px;\">Judit Carrasco, Mireia G\u00f3mez<\/td>\n<\/tr>\n<tr style=\"height: 32px;\">\n<td style=\"width: 24.362%; height: 32px;\"><strong>Educadora SIEI i SIEI+<\/strong><\/td>\n<td style=\"width: 26.4801%; height: 32px;\">M\u00f2nica Catal\u00e1n, Eva \u00c1lvarez<\/td>\n<\/tr>\n<tr style=\"height: 32px;\">\n<td style=\"width: 24.362%; height: 32px;\"><strong>Atenci\u00f3 a la diversitat<\/strong><\/td>\n<td style=\"width: 26.4801%; height: 32px;\">Agn\u00e8s Contoux, F\u00e0tima Rhouni, Cati Franco<\/td>\n<\/tr>\n<tr style=\"height: 32px;\">\n<td style=\"width: 24.362%; height: 32px;\"><strong>Educaci\u00f3 f\u00edsica<\/strong><\/td>\n<td style=\"width: 26.4801%; height: 32px;\">Sergi Hern\u00e1ndez<\/td>\n<\/tr>\n<tr style=\"height: 32px;\">\n<td style=\"width: 24.362%; height: 32px;\"><strong>Aula d&#8217;Acollida<\/strong><\/td>\n<td style=\"width: 26.4801%; height: 32px;\">Anna Gir\u00f3<\/td>\n<\/tr>\n<tr>\n<td style=\"width: 24.362%;\"><strong>\u00a0<\/strong><\/td>\n<td style=\"width: 26.4801%;\"><\/td>\n<\/tr>\n<tr style=\"height: 48px;\">\n<td style=\"width: 24.362%; height: 48px;\"><span style=\"color: #333399;\"><strong>Equip d&#8217;assesorament pedag\u00f2gic<\/strong><\/span><\/td>\n<td style=\"width: 26.4801%; height: 48px;\">Rosa Anna Garc\u00eda<\/td>\n<\/tr>\n<tr style=\"height: 32px;\">\n<td style=\"width: 24.362%; height: 32px;\"><strong><span style=\"color: #333399;\">Vetlladores<\/span><br \/>\n<\/strong><\/td>\n<td style=\"width: 26.4801%; height: 32px;\">\u00a0Cristina Arriaga<\/td>\n<\/tr>\n<tr style=\"height: 48px;\">\n<td style=\"width: 24.362%; height: 48px;\"><strong><span style=\"color: #333399;\">Personal d&#8217;administraci\u00f3 i serveis<\/span><br \/>\n<\/strong><\/td>\n<td style=\"width: 26.4801%; height: 48px;\"><\/td>\n<\/tr>\n<tr style=\"height: 32px;\">\n<td style=\"width: 24.362%; height: 32px;\">Conserge<strong><br \/>\n<\/strong><\/td>\n<td style=\"width: 26.4801%; height: 32px;\">Pau Rigol<\/td>\n<\/tr>\n<tr style=\"height: 32px;\">\n<td style=\"width: 24.362%; height: 32px;\">Administrativa<strong><br \/>\n<\/strong><\/td>\n<td style=\"width: 26.4801%; height: 32px;\">Ver\u00f2nica Garc\u00eda<\/td>\n<\/tr>\n<tr style=\"height: 32px;\">\n<td style=\"width: 24.362%; height: 32px;\"><span style=\"color: #333399;\"><strong>Equip directiu<\/strong><\/span><\/td>\n<td style=\"width: 26.4801%; height: 32px;\"><\/td>\n<\/tr>\n<tr style=\"height: 32px;\">\n<td style=\"width: 24.362%; height: 32px;\"><strong>Directora<br \/>\n<\/strong><\/td>\n<td style=\"width: 26.4801%; height: 32px;\">Laia Ruaix<\/td>\n<\/tr>\n<tr style=\"height: 32px;\">\n<td style=\"width: 24.362%; height: 32px;\"><strong>Cap d&#8217;estudis<br \/>\n<\/strong><\/td>\n<td style=\"width: 26.4801%; height: 32px;\">M\u00edriam Cuin\u00e9<\/td>\n<\/tr>\n<tr style=\"height: 32px;\">\n<td style=\"width: 24.362%; height: 32px;\"><strong>Secret\u00e0ria<br \/>\n<\/strong><\/td>\n<td style=\"width: 26.4801%; height: 32px;\">Ana Leibar<\/td>\n<\/tr>\n<\/tbody>\n<\/table>\n<p>&nbsp;<\/p>\n<p><a href=\"https:\/\/agora.xtec.cat\/ceiplarouredasabadell\/cursactual\/\"><img loading=\"lazy\" decoding=\"async\" class=\"aligncenter size-full wp-image-614\" src=\"https:\/\/agora.xtec.cat\/ceiplarouredasabadell\/wp-content\/uploads\/usu2401\/2023\/10\/flecha-imagen-animada-0358.gif\" alt=\"\" width=\"50\" height=\"32\" \/><\/a><\/p>\n","protected":false},"excerpt":{"rendered":"<p>EQUIP DOCENT CURS 25-26<\/p>\n<p>COMUNITAT DE PETITS<\/p>\n<p>Infantil 3A. Marta S\u00e1nchez<br \/>\nInfantil 3B. Iria Comajoan\/Patricia Meg\u00edas.<\/p>\n<p>Infantil 4A.\u00a0J\u00falia Menor<br \/>\nInfantil 4B. Patricia Dom\u00e8nech<\/p>\n<p>Infantil 5A. Isabel Salvador<br \/>\nInfantil 5B. Judith Lizana<\/p>\n<p>Refor\u00e7os comunitat petits<br \/>\nIris Salvat, Montse Casas<\/p>\n<p>TEI<br \/>\nMarta Nu\u00f1ez<\/p>\n<p>\u00a0<\/p>\n<p>COMUNITAT DE MITJANS<\/p>\n<p>Primer A. Montse \u00c1lvarez<br \/>\nPrimer B. Judith Valiente<\/p>\n<p>Segon A. Marta S\u00e1nchez Sala<br \/>\nSegon B. Eva Vives<\/p>\n<p>Tercer&hellip;  <a href=\"https:\/\/agora.xtec.cat\/ceiplarouredasabadell\/personal-escola\/\" title=\"Read Personal escola\">Llegeix m\u00e9s\u00bb<\/a><\/p>\n","protected":false},"author":1,"featured_media":0,"parent":0,"menu_order":0,"comment_status":"closed","ping_status":"closed","template":"","meta":{"_bbp_topic_count":0,"_bbp_reply_count":0,"_bbp_total_topic_count":0,"_bbp_total_reply_count":0,"_bbp_voice_count":0,"_bbp_anonymous_reply_count":0,"_bbp_topic_count_hidden":0,"_bbp_reply_count_hidden":0,"_bbp_forum_subforum_count":0,"footnotes":""},"class_list":["post-720","page","type-page","status-publish","hentry"],"post_mailing_queue_ids":[],"_links":{"self":[{"href":"https:\/\/agora.xtec.cat\/ceiplarouredasabadell\/wp-json\/wp\/v2\/pages\/720","targetHints":{"allow":["GET"]}}],"collection":[{"href":"https:\/\/agora.xtec.cat\/ceiplarouredasabadell\/wp-json\/wp\/v2\/pages"}],"about":[{"href":"https:\/\/agora.xtec.cat\/ceiplarouredasabadell\/wp-json\/wp\/v2\/types\/page"}],"author":[{"embeddable":true,"href":"https:\/\/agora.xtec.cat\/ceiplarouredasabadell\/wp-json\/wp\/v2\/users\/1"}],"replies":[{"embeddable":true,"href":"https:\/\/agora.xtec.cat\/ceiplarouredasabadell\/wp-json\/wp\/v2\/comments?post=720"}],"version-history":[{"count":6,"href":"https:\/\/agora.xtec.cat\/ceiplarouredasabadell\/wp-json\/wp\/v2\/pages\/720\/revisions"}],"predecessor-version":[{"id":2356,"href":"https:\/\/agora.xtec.cat\/ceiplarouredasabadell\/wp-json\/wp\/v2\/pages\/720\/revisions\/2356"}],"wp:attachment":[{"href":"https:\/\/agora.xtec.cat\/ceiplarouredasabadell\/wp-json\/wp\/v2\/media?parent=720"}],"curies":[{"name":"wp","href":"https:\/\/api.w.org\/{rel}","templated":true}]}}