{"id":26,"date":"2014-09-18T12:24:32","date_gmt":"2014-09-18T11:24:32","guid":{"rendered":"http:\/\/agora.xtec.cat\/ceiplarouredasabadell\/?page_id=26"},"modified":"2023-10-18T09:35:11","modified_gmt":"2023-10-18T07:35:11","slug":"historia","status":"publish","type":"page","link":"https:\/\/agora.xtec.cat\/ceiplarouredasabadell\/lescola\/historia\/","title":{"rendered":"Plantejament institucional"},"content":{"rendered":"<p class=\"CDt4Ke zfr3Q\" dir=\"ltr\">L\u2019escola Roureda \u00e9s una escola inclusiva on treballem per aconseguir que els alumnes assoleixin les compet\u00e8ncies b\u00e0siques que propici\u00efn el seu \u00e8xit futur, en l\u2019\u00e0mbit personal, emocional, acad\u00e8mic i laboral. Pensem que \u00e9s molt important que tant els mestres com els nens vinguin de gust a l&#8217;escola, que s\u2019hi sentin feli\u00e7os i acollits i que hi trobin un espai afavoridor de l\u2019aprenentatge.<\/p>\n<p class=\"CDt4Ke zfr3Q\" dir=\"ltr\">El nostre objectiu principal \u00e9s el d\u2019oferir una educaci\u00f3 integral que ajudi als nostres infants a esdevenir persones aut\u00f2nomes, cr\u00edtiques i compromeses, que puguin participar de forma activa en el seu entorn i en la societat en general.<\/p>\n<p class=\"CDt4Ke zfr3Q\" dir=\"ltr\">Aquest objectiu d\u2019educaci\u00f3 integral es concreta en diversos objectius espec\u00edfics:<\/p>\n<p class=\"CDt4Ke zfr3Q\" dir=\"ltr\">1.\u00a0Potenciar i afavorir l\u2019aprenentatge significatiu i competencial.<\/p>\n<p class=\"CDt4Ke zfr3Q\" dir=\"ltr\">2.\u00a0Fomentar l\u2019aprenentatge i l\u2019\u00fas de la llengua catalana com a element de cohesi\u00f3 social.<\/p>\n<p class=\"CDt4Ke zfr3Q\" dir=\"ltr\">3.\u00a0Destacar el treball de les compet\u00e8ncies b\u00e0siques de l\u2019\u00e0mbit ling\u00fc\u00edstic i matem\u00e0tic.<\/p>\n<p class=\"CDt4Ke zfr3Q\" dir=\"ltr\">4.\u00a0Fomentar la lectura com a eina b\u00e0sica en l\u2019aprenentatge.<\/p>\n<p class=\"CDt4Ke zfr3Q\" dir=\"ltr\">5.\u00a0Apropar els aprenentatges als interessos i la realitat dels alumnes a trav\u00e9s del treball per projectes.<\/p>\n<p class=\"CDt4Ke zfr3Q\" dir=\"ltr\">6.\u00a0Fomentar el treball cooperatiu.<\/p>\n<p class=\"CDt4Ke zfr3Q\" dir=\"ltr\">7.\u00a0Utilitzar les noves tecnologies d\u2019informaci\u00f3 i comunicaci\u00f3 al curr\u00edculum general com a eina d\u2019aprenentatge.<\/p>\n<p class=\"CDt4Ke zfr3Q\" dir=\"ltr\">8.\u00a0Fer el seguiment curricular de cada alumne en funci\u00f3 de les seves necessitats.<\/p>\n<p class=\"CDt4Ke zfr3Q\" dir=\"ltr\">9.\u00a0Afavorir l\u2019\u00fas d\u2019estrat\u00e8gies que permetin als infants assolir el grau de seguretat afectiva i emocional que correspon al seu nivell maduratiu.<\/p>\n<p class=\"CDt4Ke zfr3Q\" dir=\"ltr\">10.\u00a0Potenciar la utilitzaci\u00f3 de diferents llenguatges de comunicaci\u00f3: oral, escrit, matem\u00e0tic, audiovisual, corporal, musical i pl\u00e0stic.<\/p>\n<p class=\"CDt4Ke zfr3Q\" dir=\"ltr\">11.\u00a0Fomentar bons h\u00e0bits alimentaris i f\u00edsics.<\/p>\n<p class=\"CDt4Ke zfr3Q\" dir=\"ltr\">12.\u00a0Celebrar les festes tradicionals seguint el cicle anual.<\/p>\n<p class=\"CDt4Ke zfr3Q\" dir=\"ltr\">13.\u00a0Fer col\u00f2nies a tots els cicles i sortides vinculades al curr\u00edculum<\/p>\n<p class=\"CDt4Ke zfr3Q\" dir=\"ltr\">14.\u00a0Fomentar la participaci\u00f3 i la implicaci\u00f3 de les fam\u00edlies en la vida escolar.<\/p>\n<p class=\"CDt4Ke zfr3Q\" dir=\"ltr\">M\u00e9s informaci\u00f3 a<a class=\"XqQF9c\" href=\"https:\/\/sites.google.com\/a\/xtec.cat\/escola-roureda\/escola\/documents\">\u00a0<\/a><span class=\" aw5Odc\"><a class=\"XqQF9c\" href=\"https:\/\/agora.xtec.cat\/ceiplarouredasabadell\/lescola\/documents\/\">Documents<\/a><\/span><\/p>\n<p dir=\"ltr\"><a href=\"https:\/\/agora.xtec.cat\/ceiplarouredasabadell\/lescola\/\"><img loading=\"lazy\" decoding=\"async\" class=\"aligncenter size-full wp-image-733\" src=\"https:\/\/agora.xtec.cat\/ceiplarouredasabadell\/wp-content\/uploads\/usu2401\/2023\/10\/flecha-imagen-animada-0358-1.gif\" alt=\"\" width=\"50\" height=\"32\" \/><\/a><\/p>\n","protected":false},"excerpt":{"rendered":"<p>L\u2019escola Roureda \u00e9s una escola inclusiva on treballem per aconseguir que els alumnes assoleixin les compet\u00e8ncies b\u00e0siques que propici\u00efn el seu \u00e8xit futur, en l\u2019\u00e0mbit personal, emocional, acad\u00e8mic i laboral. Pensem que \u00e9s molt important que tant els mestres com els nens vinguin de gust&hellip;  <a href=\"https:\/\/agora.xtec.cat\/ceiplarouredasabadell\/lescola\/historia\/\" title=\"Read Plantejament institucional\">Llegeix m\u00e9s\u00bb<\/a><\/p>\n","protected":false},"author":1,"featured_media":0,"parent":22,"menu_order":20,"comment_status":"closed","ping_status":"closed","template":"page-templates\/side-menu.php","meta":{"_bbp_topic_count":0,"_bbp_reply_count":0,"_bbp_total_topic_count":0,"_bbp_total_reply_count":0,"_bbp_voice_count":0,"_bbp_anonymous_reply_count":0,"_bbp_topic_count_hidden":0,"_bbp_reply_count_hidden":0,"_bbp_forum_subforum_count":0,"footnotes":""},"class_list":["post-26","page","type-page","status-publish","hentry"],"post_mailing_queue_ids":[],"_links":{"self":[{"href":"https:\/\/agora.xtec.cat\/ceiplarouredasabadell\/wp-json\/wp\/v2\/pages\/26","targetHints":{"allow":["GET"]}}],"collection":[{"href":"https:\/\/agora.xtec.cat\/ceiplarouredasabadell\/wp-json\/wp\/v2\/pages"}],"about":[{"href":"https:\/\/agora.xtec.cat\/ceiplarouredasabadell\/wp-json\/wp\/v2\/types\/page"}],"author":[{"embeddable":true,"href":"https:\/\/agora.xtec.cat\/ceiplarouredasabadell\/wp-json\/wp\/v2\/users\/1"}],"replies":[{"embeddable":true,"href":"https:\/\/agora.xtec.cat\/ceiplarouredasabadell\/wp-json\/wp\/v2\/comments?post=26"}],"version-history":[{"count":4,"href":"https:\/\/agora.xtec.cat\/ceiplarouredasabadell\/wp-json\/wp\/v2\/pages\/26\/revisions"}],"predecessor-version":[{"id":744,"href":"https:\/\/agora.xtec.cat\/ceiplarouredasabadell\/wp-json\/wp\/v2\/pages\/26\/revisions\/744"}],"up":[{"embeddable":true,"href":"https:\/\/agora.xtec.cat\/ceiplarouredasabadell\/wp-json\/wp\/v2\/pages\/22"}],"wp:attachment":[{"href":"https:\/\/agora.xtec.cat\/ceiplarouredasabadell\/wp-json\/wp\/v2\/media?parent=26"}],"curies":[{"name":"wp","href":"https:\/\/api.w.org\/{rel}","templated":true}]}}