{"id":931,"date":"2019-01-14T15:39:20","date_gmt":"2019-01-14T14:39:20","guid":{"rendered":"http:\/\/agora.xtec.cat\/ceiplaromanica\/?page_id=931"},"modified":"2025-01-11T10:47:56","modified_gmt":"2025-01-11T09:47:56","slug":"consell-dinfants","status":"publish","type":"page","link":"https:\/\/agora.xtec.cat\/ceiplaromanica\/projectes-descola\/consell-dinfants\/","title":{"rendered":"Consell d&#8217;infants"},"content":{"rendered":"<p><strong>QU\u00c8 \u00c9S EL CONSELL D&#8217;INFANTS?\u00a0<\/strong><\/p>\n<p><span style=\"font-weight: 400;\">Es tracta d&#8217;un grup d&#8217;alumnes format per un representant de cada classe de la nostra Escola a partir de 1r.<\/span><\/p>\n<p><span style=\"font-weight: 400;\">Aquest \u00e9s escollit pels seus companys i companyes de manera democr\u00e0tica a partir d&#8217;un proc\u00e9s de &#8220;campanya&#8221;.<\/span><\/p>\n<p><span style=\"font-weight: 400;\">Aquests representants es troben amb la resta en assemblea amb una periodicitat mensual.\u00a0<\/span><\/p>\n<p><strong>QUIN \u00c9S L&#8217;OBJECTIU D&#8217;AQUESTES TROBADES?<\/strong><\/p>\n<p><span style=\"font-weight: 400;\">Durant les trobades del Consell d&#8217;Infants, es comparetixen interessos, es fan propostes, es prenen decisions, es busquen solucions a les necessitats que van sorgint&#8230; per despr\u00e9s compartir-ho amb els companys i companyes del propi grup.<\/span><\/p>\n<p>&nbsp;<\/p>\n<p><img loading=\"lazy\" decoding=\"async\" class=\"alignleft wp-image-3366 size-full\" src=\"https:\/\/agora.xtec.cat\/ceiplaromanica\/wp-content\/uploads\/usu1851\/2023\/02\/regidor-2-scaled-e1736588839348.jpg\" alt=\"\" width=\"2116\" height=\"1237\" srcset=\"https:\/\/agora.xtec.cat\/ceiplaromanica\/wp-content\/uploads\/usu1851\/2023\/02\/regidor-2-scaled-e1736588839348.jpg 2116w, https:\/\/agora.xtec.cat\/ceiplaromanica\/wp-content\/uploads\/usu1851\/2023\/02\/regidor-2-scaled-e1736588839348-300x175.jpg 300w, https:\/\/agora.xtec.cat\/ceiplaromanica\/wp-content\/uploads\/usu1851\/2023\/02\/regidor-2-scaled-e1736588839348-1024x599.jpg 1024w, https:\/\/agora.xtec.cat\/ceiplaromanica\/wp-content\/uploads\/usu1851\/2023\/02\/regidor-2-scaled-e1736588839348-768x449.jpg 768w, https:\/\/agora.xtec.cat\/ceiplaromanica\/wp-content\/uploads\/usu1851\/2023\/02\/regidor-2-scaled-e1736588839348-1536x898.jpg 1536w, https:\/\/agora.xtec.cat\/ceiplaromanica\/wp-content\/uploads\/usu1851\/2023\/02\/regidor-2-scaled-e1736588839348-2048x1197.jpg 2048w\" sizes=\"auto, (max-width: 2116px) 100vw, 2116px\" \/><\/p>\n<p>&nbsp;<\/p>\n","protected":false},"excerpt":{"rendered":"<p>QU\u00c8 \u00c9S EL CONSELL D&#8217;INFANTS?\u00a0<br \/>\nEs tracta d&#8217;un grup d&#8217;alumnes format per un representant de cada classe de la nostra Escola a partir de 1r.<br \/>\nAquest \u00e9s escollit pels seus companys i companyes de manera democr\u00e0tica a partir d&#8217;un proc\u00e9s de &#8220;campanya&#8221;.<br \/>\nAquests representants es troben amb la&hellip;  <a href=\"https:\/\/agora.xtec.cat\/ceiplaromanica\/projectes-descola\/consell-dinfants\/\" title=\"Read Consell d&#8217;infants\">Llegeix m\u00e9s\u00bb<\/a><\/p>\n","protected":false},"author":1,"featured_media":0,"parent":64,"menu_order":4,"comment_status":"closed","ping_status":"closed","template":"page-templates\/side-menu.php","meta":{"_bbp_topic_count":0,"_bbp_reply_count":0,"_bbp_total_topic_count":0,"_bbp_total_reply_count":0,"_bbp_voice_count":0,"_bbp_anonymous_reply_count":0,"_bbp_topic_count_hidden":0,"_bbp_reply_count_hidden":0,"_bbp_forum_subforum_count":0,"footnotes":""},"class_list":["post-931","page","type-page","status-publish","hentry"],"post_mailing_queue_ids":[],"_links":{"self":[{"href":"https:\/\/agora.xtec.cat\/ceiplaromanica\/wp-json\/wp\/v2\/pages\/931","targetHints":{"allow":["GET"]}}],"collection":[{"href":"https:\/\/agora.xtec.cat\/ceiplaromanica\/wp-json\/wp\/v2\/pages"}],"about":[{"href":"https:\/\/agora.xtec.cat\/ceiplaromanica\/wp-json\/wp\/v2\/types\/page"}],"author":[{"embeddable":true,"href":"https:\/\/agora.xtec.cat\/ceiplaromanica\/wp-json\/wp\/v2\/users\/1"}],"replies":[{"embeddable":true,"href":"https:\/\/agora.xtec.cat\/ceiplaromanica\/wp-json\/wp\/v2\/comments?post=931"}],"version-history":[{"count":5,"href":"https:\/\/agora.xtec.cat\/ceiplaromanica\/wp-json\/wp\/v2\/pages\/931\/revisions"}],"predecessor-version":[{"id":5804,"href":"https:\/\/agora.xtec.cat\/ceiplaromanica\/wp-json\/wp\/v2\/pages\/931\/revisions\/5804"}],"up":[{"embeddable":true,"href":"https:\/\/agora.xtec.cat\/ceiplaromanica\/wp-json\/wp\/v2\/pages\/64"}],"wp:attachment":[{"href":"https:\/\/agora.xtec.cat\/ceiplaromanica\/wp-json\/wp\/v2\/media?parent=931"}],"curies":[{"name":"wp","href":"https:\/\/api.w.org\/{rel}","templated":true}]}}