{"id":6018,"date":"2025-01-29T18:17:56","date_gmt":"2025-01-29T17:17:56","guid":{"rendered":"https:\/\/agora.xtec.cat\/ceiplaromanica\/?page_id=6018"},"modified":"2025-02-21T22:28:44","modified_gmt":"2025-02-21T21:28:44","slug":"projecte-de-mediacio","status":"publish","type":"page","link":"https:\/\/agora.xtec.cat\/ceiplaromanica\/projecte-de-mediacio\/","title":{"rendered":"Projecte de Mediaci\u00f3"},"content":{"rendered":"<p><span style=\"font-weight: 400;\">El Projecte de Mediaci\u00f3 es crea a l\u2019Escola durant el curs 2024-25 amb l&#8217;objectiu de formar persones per viure i conviure en una societat plural, on tant pren import\u00e0ncia l&#8217;adquisici\u00f3 de coneixements com tamb\u00e9 assegurar una bona educaci\u00f3 emocional i en valors des de l\u2019etapa d\u2019infantil fins a prim\u00e0ria.\u00a0<\/span><\/p>\n<p><span style=\"font-weight: 400;\">A l&#8217;Escola som molt conscients que cal vetllar per un bon clima a les aules i que s&#8217;ha de garantir el benestar emocional de tots i cadascun dels membres que formem part de la nostra comunitat educativa. Cal\u00a0 vetllar per una bona conviv\u00e8ncia entre les diferents persones incorporant estrat\u00e8gies i m\u00e8todes, i planificant actuacions i intervencions entre aquestes. Un bon clima propicia els aprenentatges.<\/span><\/p>\n<p><span style=\"font-weight: 400;\">En resum, iniciant aquest Projecte volem afavorir el creixement integral de tots els alumnes de l\u2019Escola La Rom\u00e0nica per tal de facilitar la cohesi\u00f3 de grup i poder resoldres els conflictes de forma adequada.\u00a0<\/span><\/p>\n<p>Per portar-lo a terme s&#8217;han format un grup de setze alumnes de 6\u00e8 voluntaris i escollits per la Comissi\u00f3 de Conviv\u00e8ncia, s&#8217;ha habilitat un espai a l&#8217;Escola i s&#8217;han establert franges hor\u00e0ries per poder fer aquestes mediacions, sempre acompanyats per un professional de l&#8217;Escola.<\/p>\n<p><span style=\"font-weight: 400;\">Els mediadors\/es ajuden a resoldre les diferents situacions dialogant i a trobar la soluci\u00f3<\/span><\/p>\n<p><span style=\"font-weight: 400;\">La parella que fa la mediaci\u00f3 acompanya les parts seguint les seg\u00fcents fases del proc\u00e9s:<\/span><\/p>\n<p><span style=\"font-weight: 400;\">1- <strong>Demanda d\u2019intervenci\u00f3<\/strong> a trav\u00e9s de la b\u00fastia de mediaci\u00f3.<\/span><\/p>\n<p><span style=\"font-weight: 400;\">2- <strong>Acceptaci\u00f3 de la mediaci\u00f3<\/strong>. La parella de mediadors\/es buscaran a les diferents parts i els proposaran fer la mediaci\u00f3.\u00a0<\/span><\/p>\n<p><span style=\"font-weight: 400;\">3- <strong>Presentaci\u00f3<\/strong>. Totes les parts es presenten, els mediadors\/es tamb\u00e9 i aquests mateixos expliquen qu\u00e8 \u00e9s la mediaci\u00f3 i com funcionar\u00e0.\u00a0<\/span><\/p>\n<p><span style=\"font-weight: 400;\">4- <strong>Explica\u2019m<\/strong>. En aquesta fase les parts comencen a explicar el conflicte, qu\u00e8 ha passat?<\/span><\/p>\n<p><span style=\"font-weight: 400;\">5- <strong>Aclarir la situaci\u00f3<\/strong>. \u00c9s hora d\u2019aprofundir en el tema, saber els interessos i les necessitats de cada infant implicat en el conflicte.<\/span><\/p>\n<p><span style=\"font-weight: 400;\">6- <strong>Proposta de solucions.<\/strong><\/span><\/p>\n<p><span style=\"font-weight: 400;\">7- <strong>Acords<\/strong>.\u00a0<\/span><\/p>\n<p>&nbsp;<\/p>\n","protected":false},"excerpt":{"rendered":"<p>El Projecte de Mediaci\u00f3 es crea a l\u2019Escola durant el curs 2024-25 amb l&#8217;objectiu de formar persones per viure i conviure en una societat plural, on tant pren import\u00e0ncia l&#8217;adquisici\u00f3 de coneixements com tamb\u00e9 assegurar una bona educaci\u00f3 emocional i en valors des de l\u2019etapa&hellip;  <a href=\"https:\/\/agora.xtec.cat\/ceiplaromanica\/projecte-de-mediacio\/\" title=\"Read Projecte de Mediaci\u00f3\">Llegeix m\u00e9s\u00bb<\/a><\/p>\n","protected":false},"author":1,"featured_media":0,"parent":0,"menu_order":0,"comment_status":"closed","ping_status":"closed","template":"","meta":{"_bbp_topic_count":0,"_bbp_reply_count":0,"_bbp_total_topic_count":0,"_bbp_total_reply_count":0,"_bbp_voice_count":0,"_bbp_anonymous_reply_count":0,"_bbp_topic_count_hidden":0,"_bbp_reply_count_hidden":0,"_bbp_forum_subforum_count":0,"footnotes":""},"class_list":["post-6018","page","type-page","status-publish","hentry"],"post_mailing_queue_ids":[],"_links":{"self":[{"href":"https:\/\/agora.xtec.cat\/ceiplaromanica\/wp-json\/wp\/v2\/pages\/6018","targetHints":{"allow":["GET"]}}],"collection":[{"href":"https:\/\/agora.xtec.cat\/ceiplaromanica\/wp-json\/wp\/v2\/pages"}],"about":[{"href":"https:\/\/agora.xtec.cat\/ceiplaromanica\/wp-json\/wp\/v2\/types\/page"}],"author":[{"embeddable":true,"href":"https:\/\/agora.xtec.cat\/ceiplaromanica\/wp-json\/wp\/v2\/users\/1"}],"replies":[{"embeddable":true,"href":"https:\/\/agora.xtec.cat\/ceiplaromanica\/wp-json\/wp\/v2\/comments?post=6018"}],"version-history":[{"count":5,"href":"https:\/\/agora.xtec.cat\/ceiplaromanica\/wp-json\/wp\/v2\/pages\/6018\/revisions"}],"predecessor-version":[{"id":6160,"href":"https:\/\/agora.xtec.cat\/ceiplaromanica\/wp-json\/wp\/v2\/pages\/6018\/revisions\/6160"}],"wp:attachment":[{"href":"https:\/\/agora.xtec.cat\/ceiplaromanica\/wp-json\/wp\/v2\/media?parent=6018"}],"curies":[{"name":"wp","href":"https:\/\/api.w.org\/{rel}","templated":true}]}}