{"id":6010,"date":"2025-01-29T18:13:25","date_gmt":"2025-01-29T17:13:25","guid":{"rendered":"https:\/\/agora.xtec.cat\/ceiplaromanica\/?page_id=6010"},"modified":"2025-02-11T13:59:07","modified_gmt":"2025-02-11T12:59:07","slug":"enrolat","status":"publish","type":"page","link":"https:\/\/agora.xtec.cat\/ceiplaromanica\/enrolat\/","title":{"rendered":"Enrola&#8217;t"},"content":{"rendered":"<p>L&#8217;Enrola&#8217;t.cat \u00e9s una proposta metodol\u00f2gica per treballar la llengua oral amb els alumnes de cicle mitj\u00e0 i de cicle superior.<\/p>\n<p>Aplega un recull de situacions comunicatives amb la finalitat de fomentar la interacci\u00f3 entre els diferents grups d&#8217;alumnes.<\/p>\n<p>La t\u00e8cnica utilitzada \u00e9s el joc de rol, tamb\u00e9 anomenat role-playing o representaci\u00f3 de papers.<\/p>\n<p><a href=\"https:\/\/agora.xtec.cat\/ceiplaromanica\/wp-content\/uploads\/usu1851\/2025\/02\/enrolat.heic\"><img decoding=\"async\" class=\"alignleft size-full wp-image-6112\" src=\"https:\/\/agora.xtec.cat\/ceiplaromanica\/wp-content\/uploads\/usu1851\/2025\/02\/enrolat.heic\" alt=\"\" \/><\/a><\/p>\n<p><img loading=\"lazy\" decoding=\"async\" class=\"alignleft size-full wp-image-6110\" src=\"https:\/\/agora.xtec.cat\/ceiplaromanica\/wp-content\/uploads\/usu1851\/2025\/02\/enrolat.png\" alt=\"\" width=\"300\" height=\"168\" \/><\/p>\n","protected":false},"excerpt":{"rendered":"<p>L&#8217;Enrola&#8217;t.cat \u00e9s una proposta metodol\u00f2gica per treballar la llengua oral amb els alumnes de cicle mitj\u00e0 i de cicle superior.<br \/>\nAplega un recull de situacions comunicatives amb la finalitat de fomentar la interacci\u00f3 entre els diferents grups d&#8217;alumnes.<br \/>\nLa t\u00e8cnica utilitzada \u00e9s el joc de rol, tamb\u00e9&hellip;  <a href=\"https:\/\/agora.xtec.cat\/ceiplaromanica\/enrolat\/\" title=\"Read Enrola&#8217;t\">Llegeix m\u00e9s\u00bb<\/a><\/p>\n","protected":false},"author":1,"featured_media":0,"parent":0,"menu_order":0,"comment_status":"closed","ping_status":"closed","template":"","meta":{"_bbp_topic_count":0,"_bbp_reply_count":0,"_bbp_total_topic_count":0,"_bbp_total_reply_count":0,"_bbp_voice_count":0,"_bbp_anonymous_reply_count":0,"_bbp_topic_count_hidden":0,"_bbp_reply_count_hidden":0,"_bbp_forum_subforum_count":0,"footnotes":""},"class_list":["post-6010","page","type-page","status-publish","hentry"],"post_mailing_queue_ids":[],"_links":{"self":[{"href":"https:\/\/agora.xtec.cat\/ceiplaromanica\/wp-json\/wp\/v2\/pages\/6010","targetHints":{"allow":["GET"]}}],"collection":[{"href":"https:\/\/agora.xtec.cat\/ceiplaromanica\/wp-json\/wp\/v2\/pages"}],"about":[{"href":"https:\/\/agora.xtec.cat\/ceiplaromanica\/wp-json\/wp\/v2\/types\/page"}],"author":[{"embeddable":true,"href":"https:\/\/agora.xtec.cat\/ceiplaromanica\/wp-json\/wp\/v2\/users\/1"}],"replies":[{"embeddable":true,"href":"https:\/\/agora.xtec.cat\/ceiplaromanica\/wp-json\/wp\/v2\/comments?post=6010"}],"version-history":[{"count":4,"href":"https:\/\/agora.xtec.cat\/ceiplaromanica\/wp-json\/wp\/v2\/pages\/6010\/revisions"}],"predecessor-version":[{"id":6113,"href":"https:\/\/agora.xtec.cat\/ceiplaromanica\/wp-json\/wp\/v2\/pages\/6010\/revisions\/6113"}],"wp:attachment":[{"href":"https:\/\/agora.xtec.cat\/ceiplaromanica\/wp-json\/wp\/v2\/media?parent=6010"}],"curies":[{"name":"wp","href":"https:\/\/api.w.org\/{rel}","templated":true}]}}