{"id":523,"date":"2018-09-06T21:41:52","date_gmt":"2018-09-06T19:41:52","guid":{"rendered":"http:\/\/agora.xtec.cat\/ceiplaromanica\/?page_id=523"},"modified":"2024-10-22T08:22:49","modified_gmt":"2024-10-22T06:22:49","slug":"activitats-amb-lescola-bressol","status":"publish","type":"page","link":"https:\/\/agora.xtec.cat\/ceiplaromanica\/projectes-descola\/activitats-amb-lescola-bressol\/","title":{"rendered":"Activitats amb l\u2019Escola Bressol Municipal La Rom\u00e0nica i els instituts adscrits"},"content":{"rendered":"<p>EBM LA ROM\u00c0NICA<\/p>\n<p>Cada any fem activitats amb els infants de l\u2019Escola Bressol Municipal La Rom\u00e0nica: v\u00e9nen a veure la nostra Biblioteca, l\u2019aula de joc simb\u00f2lic, l\u2019aula de psicomotricitat, gaudeixen d&#8217;alguna representaci\u00f3 teatral, participen en alguna dinamitzaci\u00f3 lectora&#8230;<\/p>\n<p>Des de l&#8217;Escola tamb\u00e9 anem a l&#8217;EBM perqu\u00e8 ens representin un conte, participem dels tallers que fan i ens ho passem d\u2019all\u00f2 m\u00e9s b\u00e9 plegats.<\/p>\n<p>A final de curs, per acabar, els alumnes d&#8217;I2 visiten les nostres aules d&#8217;I3 perqu\u00e8 els alumnes que comen\u00e7aran la nova etapa d\u2019educaci\u00f3 infantil a la nostra Escola s&#8217;hi vagin familiaritzant i aix\u00ed l&#8217;adaptaci\u00f3 sigui m\u00e9s f\u00e0cil.<\/p>\n<p>INSTITUTS ADSCRITS<\/p>\n<p>Per altra banda, a l\u2019Escola La Rom\u00e0nica estem adscrits a tres instituts: l\u2019INS Les Termes, l\u2019INS Narcisa Freixas i l\u2019IE Joan Sallar\u00e8s i Pla.<\/p>\n<p>Per facilitar el pas de l\u2019etapa de prim\u00e0ria a secund\u00e0ria, organitzem trobades amb els instituts perqu\u00e8 els nostres alumnes els puguin con\u00e8ixer, resoldre dubtes\u2026<\/p>\n<p>Per altra banda, tamb\u00e9 realitzem trobades de coordinaci\u00f3 amb el professorat dels instituts receptors dels nostres alumnes.<\/p>\n<p>Tot amb l\u2019objectiu que la transici\u00f3 sigui el m\u00e9s exitosa possible.<\/p>\n<p>&nbsp;<\/p>\n","protected":false},"excerpt":{"rendered":"<p>EBM LA ROM\u00c0NICA<br \/>\nCada any fem activitats amb els infants de l\u2019Escola Bressol Municipal La Rom\u00e0nica: v\u00e9nen a veure la nostra Biblioteca, l\u2019aula de joc simb\u00f2lic, l\u2019aula de psicomotricitat, gaudeixen d&#8217;alguna representaci\u00f3 teatral, participen en alguna dinamitzaci\u00f3 lectora&#8230;<br \/>\nDes de l&#8217;Escola tamb\u00e9 anem a l&#8217;EBM perqu\u00e8 ens&hellip;  <a href=\"https:\/\/agora.xtec.cat\/ceiplaromanica\/projectes-descola\/activitats-amb-lescola-bressol\/\" title=\"Read Activitats amb l\u2019Escola Bressol Municipal La Rom\u00e0nica i els instituts adscrits\">Llegeix m\u00e9s\u00bb<\/a><\/p>\n","protected":false},"author":1,"featured_media":0,"parent":64,"menu_order":9,"comment_status":"closed","ping_status":"closed","template":"page-templates\/side-menu.php","meta":{"_bbp_topic_count":0,"_bbp_reply_count":0,"_bbp_total_topic_count":0,"_bbp_total_reply_count":0,"_bbp_voice_count":0,"_bbp_anonymous_reply_count":0,"_bbp_topic_count_hidden":0,"_bbp_reply_count_hidden":0,"_bbp_forum_subforum_count":0,"footnotes":""},"class_list":["post-523","page","type-page","status-publish","hentry"],"post_mailing_queue_ids":[],"_links":{"self":[{"href":"https:\/\/agora.xtec.cat\/ceiplaromanica\/wp-json\/wp\/v2\/pages\/523","targetHints":{"allow":["GET"]}}],"collection":[{"href":"https:\/\/agora.xtec.cat\/ceiplaromanica\/wp-json\/wp\/v2\/pages"}],"about":[{"href":"https:\/\/agora.xtec.cat\/ceiplaromanica\/wp-json\/wp\/v2\/types\/page"}],"author":[{"embeddable":true,"href":"https:\/\/agora.xtec.cat\/ceiplaromanica\/wp-json\/wp\/v2\/users\/1"}],"replies":[{"embeddable":true,"href":"https:\/\/agora.xtec.cat\/ceiplaromanica\/wp-json\/wp\/v2\/comments?post=523"}],"version-history":[{"count":5,"href":"https:\/\/agora.xtec.cat\/ceiplaromanica\/wp-json\/wp\/v2\/pages\/523\/revisions"}],"predecessor-version":[{"id":5586,"href":"https:\/\/agora.xtec.cat\/ceiplaromanica\/wp-json\/wp\/v2\/pages\/523\/revisions\/5586"}],"up":[{"embeddable":true,"href":"https:\/\/agora.xtec.cat\/ceiplaromanica\/wp-json\/wp\/v2\/pages\/64"}],"wp:attachment":[{"href":"https:\/\/agora.xtec.cat\/ceiplaromanica\/wp-json\/wp\/v2\/media?parent=523"}],"curies":[{"name":"wp","href":"https:\/\/api.w.org\/{rel}","templated":true}]}}