{"id":3614,"date":"2023-04-17T09:50:27","date_gmt":"2023-04-17T07:50:27","guid":{"rendered":"https:\/\/agora.xtec.cat\/ceiplaromanica\/?page_id=3614"},"modified":"2025-01-29T17:46:03","modified_gmt":"2025-01-29T16:46:03","slug":"innovamat","status":"publish","type":"page","link":"https:\/\/agora.xtec.cat\/ceiplaromanica\/projectes-descola\/innovamat\/","title":{"rendered":"Innovamat"},"content":{"rendered":"<p><span style=\"font-weight: 400;\">Des del curs 20-21, a l\u2019Escola treballem amb el Programa Innovamat que vam acabar d&#8217;implementar durant el curs 22-23 per desenvolupar la compet\u00e8ncia matem\u00e0tica.\u00a0<\/span><\/p>\n<p><span style=\"font-weight: 400;\">Amb el Projecte Innovamat defensem que l\u2019aprenentatge de les <\/span><b>matem\u00e0tiques va m\u00e9s enll\u00e0 de l\u2019aprenentatge de conceptes i procediments<\/b><span style=\"font-weight: 400;\"> i que aprendre matem\u00e0tiques tamb\u00e9 va lligat al desenvolupament de processos mentals que estructuren el pensament, donen sentit a aquests conceptes i procediments i ens permeten posar-los en pr\u00e0ctica.<\/span><\/p>\n<p>Les sessions del Projecte es desenvolupen d&#8217;acord amb la informaci\u00f3 que detallem a continuaci\u00f3.<\/p>\n<table>\n<tbody>\n<tr>\n<td colspan=\"3\"><span style=\"font-weight: 400;\">INFANTIL<\/span><\/td>\n<\/tr>\n<tr>\n<td colspan=\"2\"><span style=\"font-weight: 400;\">SESSI\u00d3<\/span><\/td>\n<td><span style=\"font-weight: 400;\">DESCRIPCI\u00d3<\/span><\/td>\n<\/tr>\n<tr>\n<td><span style=\"font-weight: 400;\">1<\/span><\/td>\n<td><span style=\"font-weight: 400;\">TALLERS<\/span><\/td>\n<td><span style=\"font-weight: 400;\">Sessions m\u00e9s condu\u00efdes per introduir continguts.\u00a0<\/span><\/td>\n<\/tr>\n<tr>\n<td><span style=\"font-weight: 400;\">2<\/span><\/td>\n<td><span style=\"font-weight: 400;\">ESPAIS<\/span><\/td>\n<td><span style=\"font-weight: 400;\">Sessions que es basen en el joc lliure\u00a0 i l\u2019autonomia, per resoldre un repte o explorar el un material:<\/span><\/p>\n<ul>\n<li style=\"font-weight: 400;\" aria-level=\"1\"><span style=\"font-weight: 400;\">Joc simb\u00f2lic<\/span><\/li>\n<li style=\"font-weight: 400;\" aria-level=\"1\"><span style=\"font-weight: 400;\">Construcci\u00f3<\/span><\/li>\n<li style=\"font-weight: 400;\" aria-level=\"1\"><span style=\"font-weight: 400;\">Art<\/span><\/li>\n<li style=\"font-weight: 400;\" aria-level=\"1\"><span style=\"font-weight: 400;\">Taula material matem\u00e0tic<\/span><\/li>\n<li style=\"font-weight: 400;\" aria-level=\"1\"><span style=\"font-weight: 400;\">Observaci\u00f3\u00a0 i experimentaci\u00f3<\/span><\/li>\n<li style=\"font-weight: 400;\" aria-level=\"1\"><span style=\"font-weight: 400;\">Jocs de taula<\/span><\/li>\n<\/ul>\n<\/td>\n<\/tr>\n<tr>\n<td><span style=\"font-weight: 400;\">3<\/span><\/td>\n<td><span style=\"font-weight: 400;\">BMATH<\/span><\/td>\n<td><span style=\"font-weight: 400;\">Plataforma digital <\/span><span style=\"font-weight: 400;\">per practicar i consolidar les destreses matem\u00e0tiques.\u00a0<\/span><\/td>\n<\/tr>\n<\/tbody>\n<\/table>\n<p>&nbsp;<\/p>\n<table style=\"width: 100%; height: 360px;\">\n<tbody>\n<tr style=\"height: 57px;\">\n<td style=\"height: 57px;\" colspan=\"3\"><span style=\"font-weight: 400;\">PRIM\u00c0RIA<\/span><\/td>\n<\/tr>\n<tr style=\"height: 57px;\">\n<td style=\"height: 57px;\" colspan=\"2\"><span style=\"font-weight: 400;\">SESSI\u00d3<\/span><\/td>\n<td style=\"height: 57px;\"><span style=\"font-weight: 400;\">DESCRIPCI\u00d3<\/span><\/td>\n<\/tr>\n<tr style=\"height: 57px;\">\n<td style=\"height: 57px;\"><span style=\"font-weight: 400;\">1<\/span><\/td>\n<td style=\"height: 87px;\" rowspan=\"2\"><span style=\"font-weight: 400;\">LABORATORI DELS NOMBRES<\/span><\/td>\n<td style=\"height: 87px;\" rowspan=\"2\"><span style=\"font-weight: 400;\">Din\u00e0mica d\u2019aula que serveix per construir destreses i coneixements de numeraci\u00f3 i c\u00e0lcul.\u00a0<\/span><\/td>\n<\/tr>\n<tr style=\"height: 30px;\">\n<td style=\"height: 30px;\"><span style=\"font-weight: 400;\">2<\/span><\/td>\n<\/tr>\n<tr style=\"height: 102px;\">\n<td style=\"height: 102px;\"><span style=\"font-weight: 400;\">3<\/span><\/td>\n<td style=\"height: 102px;\"><span style=\"font-weight: 400;\">AVENTURES<\/span><\/p>\n<p><span style=\"font-weight: 400;\">\u00a0<\/span><\/td>\n<td style=\"height: 102px;\"><span style=\"font-weight: 400;\">Din\u00e0mica d\u2019aula setmanal que serveix per construir destreses i coneixements de geometria, mesura, estad\u00edstica o probabilitat. Cada sessi\u00f3 est\u00e0 pensada per durar aproximadament una hora setmanal i est\u00e0 contextualitzada, en funci\u00f3 del curs, en una hist\u00f2ria de ficci\u00f3 que serveix de trama i motor per engrescar els infants. \u00c9s per aix\u00f2 que cada repte comen\u00e7a amb un v\u00eddeo on es presenta l\u2019aventura.<\/span><\/td>\n<\/tr>\n<tr style=\"height: 57px;\">\n<td style=\"height: 57px;\"><span style=\"font-weight: 400;\">4<\/span><\/td>\n<td style=\"height: 57px;\"><span style=\"font-weight: 400;\">BMATH<\/span><\/td>\n<td style=\"height: 57px;\"><span style=\"font-weight: 400;\">Plataforma digital <\/span><span style=\"font-weight: 400;\">per practicar i consolidar les destreses matem\u00e0tiques.<\/span><\/td>\n<\/tr>\n<\/tbody>\n<\/table>\n<p>&nbsp;<\/p>\n","protected":false},"excerpt":{"rendered":"<p>Des del curs 20-21, a l\u2019Escola treballem amb el Programa Innovamat que vam acabar d&#8217;implementar durant el curs 22-23 per desenvolupar la compet\u00e8ncia matem\u00e0tica.\u00a0<br \/>\nAmb el Projecte Innovamat defensem que l\u2019aprenentatge de les matem\u00e0tiques va m\u00e9s enll\u00e0 de l\u2019aprenentatge de conceptes i procediments i que aprendre&hellip;  <a href=\"https:\/\/agora.xtec.cat\/ceiplaromanica\/projectes-descola\/innovamat\/\" title=\"Read Innovamat\">Llegeix m\u00e9s\u00bb<\/a><\/p>\n","protected":false},"author":1,"featured_media":0,"parent":64,"menu_order":19,"comment_status":"closed","ping_status":"closed","template":"page-templates\/side-menu.php","meta":{"_bbp_topic_count":0,"_bbp_reply_count":0,"_bbp_total_topic_count":0,"_bbp_total_reply_count":0,"_bbp_voice_count":0,"_bbp_anonymous_reply_count":0,"_bbp_topic_count_hidden":0,"_bbp_reply_count_hidden":0,"_bbp_forum_subforum_count":0,"footnotes":""},"class_list":["post-3614","page","type-page","status-publish","hentry"],"post_mailing_queue_ids":[],"_links":{"self":[{"href":"https:\/\/agora.xtec.cat\/ceiplaromanica\/wp-json\/wp\/v2\/pages\/3614","targetHints":{"allow":["GET"]}}],"collection":[{"href":"https:\/\/agora.xtec.cat\/ceiplaromanica\/wp-json\/wp\/v2\/pages"}],"about":[{"href":"https:\/\/agora.xtec.cat\/ceiplaromanica\/wp-json\/wp\/v2\/types\/page"}],"author":[{"embeddable":true,"href":"https:\/\/agora.xtec.cat\/ceiplaromanica\/wp-json\/wp\/v2\/users\/1"}],"replies":[{"embeddable":true,"href":"https:\/\/agora.xtec.cat\/ceiplaromanica\/wp-json\/wp\/v2\/comments?post=3614"}],"version-history":[{"count":5,"href":"https:\/\/agora.xtec.cat\/ceiplaromanica\/wp-json\/wp\/v2\/pages\/3614\/revisions"}],"predecessor-version":[{"id":5969,"href":"https:\/\/agora.xtec.cat\/ceiplaromanica\/wp-json\/wp\/v2\/pages\/3614\/revisions\/5969"}],"up":[{"embeddable":true,"href":"https:\/\/agora.xtec.cat\/ceiplaromanica\/wp-json\/wp\/v2\/pages\/64"}],"wp:attachment":[{"href":"https:\/\/agora.xtec.cat\/ceiplaromanica\/wp-json\/wp\/v2\/media?parent=3614"}],"curies":[{"name":"wp","href":"https:\/\/api.w.org\/{rel}","templated":true}]}}