{"id":3606,"date":"2023-04-17T09:49:13","date_gmt":"2023-04-17T07:49:13","guid":{"rendered":"https:\/\/agora.xtec.cat\/ceiplaromanica\/?page_id=3606"},"modified":"2025-02-11T15:39:52","modified_gmt":"2025-02-11T14:39:52","slug":"colonies-i-viatge-de-final-de-6e","status":"publish","type":"page","link":"https:\/\/agora.xtec.cat\/ceiplaromanica\/projectes-descola\/colonies-i-viatge-de-final-de-6e\/","title":{"rendered":"Col\u00f2nies I5, 2n, 4t i Viatge de final de 6\u00e8"},"content":{"rendered":"<p>A l&#8217;Escola pensem que \u00e9s fonamental que els alumnes tinguin la possibilitat de desenvolupar habilitats socials i emocionals en un espai diferent a l&#8217;entorn educatiu, en un espai nou que no sigui ni l&#8217;acad\u00e8mic ni el familiar. Per aquest motiu, proposem la participaci\u00f3 a les col\u00f2nies a l&#8217;acabar cada cicle.<\/p>\n<ul>\n<li>I5 i 2n: estada d&#8217;una nit i dos dies<\/li>\n<li>4t i 6\u00e8: estada de dues nits i tres dies<\/li>\n<\/ul>\n<p>Creiem que \u00e9s una oportunitat on els alumnes desenvolupen la seva autonomia, gaudeixen amb els companys i mestres, realitzen activitats variades m\u00e9s a prop de la natura i es fomenta un millor vincle afectiu.<\/p>\n<p>&nbsp;<\/p>\n<p><img loading=\"lazy\" decoding=\"async\" class=\"alignleft size-full wp-image-6121\" src=\"https:\/\/agora.xtec.cat\/ceiplaromanica\/wp-content\/uploads\/usu1851\/2025\/02\/Viatge.jpg\" alt=\"\" width=\"2000\" height=\"1500\" srcset=\"https:\/\/agora.xtec.cat\/ceiplaromanica\/wp-content\/uploads\/usu1851\/2025\/02\/Viatge.jpg 2000w, https:\/\/agora.xtec.cat\/ceiplaromanica\/wp-content\/uploads\/usu1851\/2025\/02\/Viatge-300x225.jpg 300w, https:\/\/agora.xtec.cat\/ceiplaromanica\/wp-content\/uploads\/usu1851\/2025\/02\/Viatge-1024x768.jpg 1024w, https:\/\/agora.xtec.cat\/ceiplaromanica\/wp-content\/uploads\/usu1851\/2025\/02\/Viatge-768x576.jpg 768w, https:\/\/agora.xtec.cat\/ceiplaromanica\/wp-content\/uploads\/usu1851\/2025\/02\/Viatge-1536x1152.jpg 1536w, https:\/\/agora.xtec.cat\/ceiplaromanica\/wp-content\/uploads\/usu1851\/2025\/02\/Viatge-200x150.jpg 200w\" sizes=\"auto, (max-width: 2000px) 100vw, 2000px\" \/><\/p>\n<p style=\"text-align: right;\">\n","protected":false},"excerpt":{"rendered":"<p>A l&#8217;Escola pensem que \u00e9s fonamental que els alumnes tinguin la possibilitat de desenvolupar habilitats socials i emocionals en un espai diferent a l&#8217;entorn educatiu, en un espai nou que no sigui ni l&#8217;acad\u00e8mic ni el familiar. Per aquest motiu, proposem la participaci\u00f3 a les&hellip;  <a href=\"https:\/\/agora.xtec.cat\/ceiplaromanica\/projectes-descola\/colonies-i-viatge-de-final-de-6e\/\" title=\"Read Col\u00f2nies I5, 2n, 4t i Viatge de final de 6\u00e8\">Llegeix m\u00e9s\u00bb<\/a><\/p>\n","protected":false},"author":1,"featured_media":0,"parent":64,"menu_order":15,"comment_status":"closed","ping_status":"closed","template":"page-templates\/side-menu.php","meta":{"_bbp_topic_count":0,"_bbp_reply_count":0,"_bbp_total_topic_count":0,"_bbp_total_reply_count":0,"_bbp_voice_count":0,"_bbp_anonymous_reply_count":0,"_bbp_topic_count_hidden":0,"_bbp_reply_count_hidden":0,"_bbp_forum_subforum_count":0,"footnotes":""},"class_list":["post-3606","page","type-page","status-publish","hentry"],"post_mailing_queue_ids":[],"_links":{"self":[{"href":"https:\/\/agora.xtec.cat\/ceiplaromanica\/wp-json\/wp\/v2\/pages\/3606","targetHints":{"allow":["GET"]}}],"collection":[{"href":"https:\/\/agora.xtec.cat\/ceiplaromanica\/wp-json\/wp\/v2\/pages"}],"about":[{"href":"https:\/\/agora.xtec.cat\/ceiplaromanica\/wp-json\/wp\/v2\/types\/page"}],"author":[{"embeddable":true,"href":"https:\/\/agora.xtec.cat\/ceiplaromanica\/wp-json\/wp\/v2\/users\/1"}],"replies":[{"embeddable":true,"href":"https:\/\/agora.xtec.cat\/ceiplaromanica\/wp-json\/wp\/v2\/comments?post=3606"}],"version-history":[{"count":5,"href":"https:\/\/agora.xtec.cat\/ceiplaromanica\/wp-json\/wp\/v2\/pages\/3606\/revisions"}],"predecessor-version":[{"id":6122,"href":"https:\/\/agora.xtec.cat\/ceiplaromanica\/wp-json\/wp\/v2\/pages\/3606\/revisions\/6122"}],"up":[{"embeddable":true,"href":"https:\/\/agora.xtec.cat\/ceiplaromanica\/wp-json\/wp\/v2\/pages\/64"}],"wp:attachment":[{"href":"https:\/\/agora.xtec.cat\/ceiplaromanica\/wp-json\/wp\/v2\/media?parent=3606"}],"curies":[{"name":"wp","href":"https:\/\/api.w.org\/{rel}","templated":true}]}}