{"id":3604,"date":"2023-04-17T09:48:53","date_gmt":"2023-04-17T07:48:53","guid":{"rendered":"https:\/\/agora.xtec.cat\/ceiplaromanica\/?page_id=3604"},"modified":"2025-11-01T10:54:11","modified_gmt":"2025-11-01T09:54:11","slug":"activitats-i-sortides","status":"publish","type":"page","link":"https:\/\/agora.xtec.cat\/ceiplaromanica\/projectes-descola\/activitats-i-sortides\/","title":{"rendered":"Activitats i sortides"},"content":{"rendered":"<p>A l&#8217;Escola proposem la realitzaci\u00f3 d&#8217;activitats i sortides de mig dia o de dia sencer per complementar pedag\u00f2gicament les activitats d&#8217;aula i o de caire l\u00fadic d&#8217;acord amb la programaci\u00f3 d&#8217;aula i les celebracions d&#8217;Escola.<\/p>\n","protected":false},"excerpt":{"rendered":"<p>A l&#8217;Escola proposem la realitzaci\u00f3 d&#8217;activitats i sortides de mig dia o de dia sencer per complementar pedag\u00f2gicament les activitats d&#8217;aula i o de caire l\u00fadic d&#8217;acord amb la programaci\u00f3 d&#8217;aula i les celebracions d&#8217;Escola.<\/p>\n","protected":false},"author":1,"featured_media":0,"parent":64,"menu_order":14,"comment_status":"closed","ping_status":"closed","template":"page-templates\/side-menu.php","meta":{"_bbp_topic_count":0,"_bbp_reply_count":0,"_bbp_total_topic_count":0,"_bbp_total_reply_count":0,"_bbp_voice_count":0,"_bbp_anonymous_reply_count":0,"_bbp_topic_count_hidden":0,"_bbp_reply_count_hidden":0,"_bbp_forum_subforum_count":0,"footnotes":""},"class_list":["post-3604","page","type-page","status-publish","hentry"],"post_mailing_queue_ids":[],"_links":{"self":[{"href":"https:\/\/agora.xtec.cat\/ceiplaromanica\/wp-json\/wp\/v2\/pages\/3604","targetHints":{"allow":["GET"]}}],"collection":[{"href":"https:\/\/agora.xtec.cat\/ceiplaromanica\/wp-json\/wp\/v2\/pages"}],"about":[{"href":"https:\/\/agora.xtec.cat\/ceiplaromanica\/wp-json\/wp\/v2\/types\/page"}],"author":[{"embeddable":true,"href":"https:\/\/agora.xtec.cat\/ceiplaromanica\/wp-json\/wp\/v2\/users\/1"}],"replies":[{"embeddable":true,"href":"https:\/\/agora.xtec.cat\/ceiplaromanica\/wp-json\/wp\/v2\/comments?post=3604"}],"version-history":[{"count":4,"href":"https:\/\/agora.xtec.cat\/ceiplaromanica\/wp-json\/wp\/v2\/pages\/3604\/revisions"}],"predecessor-version":[{"id":6898,"href":"https:\/\/agora.xtec.cat\/ceiplaromanica\/wp-json\/wp\/v2\/pages\/3604\/revisions\/6898"}],"up":[{"embeddable":true,"href":"https:\/\/agora.xtec.cat\/ceiplaromanica\/wp-json\/wp\/v2\/pages\/64"}],"wp:attachment":[{"href":"https:\/\/agora.xtec.cat\/ceiplaromanica\/wp-json\/wp\/v2\/media?parent=3604"}],"curies":[{"name":"wp","href":"https:\/\/api.w.org\/{rel}","templated":true}]}}