{"id":64,"date":"2014-09-18T12:39:08","date_gmt":"2014-09-18T11:39:08","guid":{"rendered":"http:\/\/agora.xtec.cat\/ceiplapaubcn\/?page_id=64"},"modified":"2025-01-29T10:53:31","modified_gmt":"2025-01-29T09:53:31","slug":"projecte-educatiu","status":"publish","type":"page","link":"https:\/\/agora.xtec.cat\/ceiplapaubcn\/lescola\/projecte-educatiu\/","title":{"rendered":"Trets d&#8217;Identitat"},"content":{"rendered":"<p style=\"text-align: justify;\">\nCentre d&#8217;educaci\u00f3 p\u00fablic que facilita els recursos i les eines necess\u00e0ries per a l\u2019assoliment de les compet\u00e8ncies b\u00e0siques precises per a l\u2019adquisici\u00f3 dels aprenentatges i el desenvolupament personal i social.<\/p>\n<p>Creiem que la nostra manera de treballar ha de ser:<\/p>\n<ul>\n<li>Activa: que potenci\u00ef la iniciativa i la creativitat de l\u2019alumne.<\/li>\n<li>Personalitzada: tenint en compte les necessitats de cada alumne.<\/li>\n<li>Investigadora: que permet a l\u2019alumne mitjan\u00e7ant l\u2019observaci\u00f3, l\u2019experimentaci\u00f3 i la reflexi\u00f3, construir el seu propi aprenentatge.<\/li>\n<li>Significativa: que incorpori en els processos d\u2019aprenentatge els coneixements que l\u2019alumne va consolidant.<\/li>\n<li>Globalitzadora: que desenvolupi en l\u2019alumne la capacitat d\u2019aplicar els aprenentatges en diverses situacions i contextos.<\/li>\n<li>Sostenible: que vetlli pel respecte als recursos naturals del planeta i promogui l\u2019ecologia, el reciclatge i el consum responsable.<\/li>\n<\/ul>\n<p>&nbsp;<\/p>\n<table>\n<tbody>\n<tr>\n<th style=\"background-color: #740c4c; height: 1cm; width: 27cm; color: white;\">PILARS PEDAG\u00d2GICS \/ BASES DEL MODEL EDUCATIU<\/th>\n<\/tr>\n<\/tbody>\n<\/table>\n<ul>\n<li>L\u2019escola \u00e9s participativa, familiar i comunit\u00e0ria.<\/li>\n<li>Fomentem el respecte per tots els membres de la comunitat educativa.<\/li>\n<li>Promovem el desenvolupament personal i l&#8217;autonomia dels alumnes per tal que assoleixin les compet\u00e8ncies necess\u00e0ries per tal d&#8217;esdevenir ciutadans responsables, actius i compromesos amb la societat.<\/li>\n<li>Fem \u00e8mfasi en l&#8217;atenci\u00f3 de la diversitat de l&#8217;alumnat, l&#8217;atenci\u00f3 individualitzada, en la prevenci\u00f3 de les dificultats d&#8217;aprenentatge, aix\u00ed com en el treball de la gesti\u00f3 de les emocions.<\/li>\n<li>Potenciem les habilitats ling\u00fc\u00edstiques, cient\u00edfiques, art\u00edstiques, socials i participatives de l&#8217;alumnat, oferint nous entorns d&#8217;aprenentatge per tal d&#8217;afavorir l&#8217;\u00e8xit acad\u00e8mic i una bona integraci\u00f3 social.<\/li>\n<li>Obertura i interacci\u00f3 amb l&#8217;entorn per esdevenir una Comunitat d&#8217;Aprenentatge.<\/li>\n<\/ul>\n<p>&nbsp;<\/p>\n<table>\n<tbody>\n<tr>\n<th style=\"background-color: #740c4c; height: 1cm; width: 27cm; color: white;\">OBJECTIUS EDUCATIUS PRIORITARIS<\/th>\n<\/tr>\n<\/tbody>\n<\/table>\n<ul>\n<li>Acompanyar als infants en el seu proc\u00e9s de creixement, respectant el seus processos fent aprenentatge amb les viv\u00e8ncies i experi\u00e8ncies que sorgeixen.<\/li>\n<li>Viure la diversitat com una riquesa i font de relacions entre nosaltres.<\/li>\n<li>Fomentar l\u2019equilibri entre la pedagogia de les emocions i l\u2019aprenentatge.<\/li>\n<li>Potenciar l\u2019educaci\u00f3 on els alumnes es fan preguntes, volen aprendre i desenvolupen compet\u00e8ncies per l\u2019ara i el futur.<\/li>\n<li>Fomentar l&#8217;educaci\u00f3 art\u00edstica des de la vessant creativa i emocional.<\/li>\n<p>&nbsp;<\/p>\n<table>\n<tbody>\n<tr>\n<th style=\"background-color: #740c4c; height: 1cm; width: 27cm; color: white;\">CRITERIS D\u2019ORGANITZACI\u00d3 PEDAG\u00d2GICA<\/th>\n<\/tr>\n<\/tbody>\n<\/table>\n<li>Els mestres ens organitzem amb comissions de treball i fomentem tamb\u00e9 espais d&#8217;intercanvi i reflexi\u00f3 pedag\u00f2gica. A la comissi\u00f3 de Festes tamb\u00e9 hi participen els alumnes.<\/li>\n<li>Organitzaci\u00f3 que afavoreixi una metodologia m\u00e9s globalitzada i competencial.<\/li>\n<li>Desdoblaments i treball en grups redu\u00efts.<\/li>\n<li>Tallers intercicles.<\/li>\n<li>Racons dins de l&#8217;aula des de P3 fins a 6\u00e8.<\/li>\n<\/ul>\n<p>&nbsp;<\/p>\n","protected":false},"excerpt":{"rendered":"<p>Centre d&#8217;educaci\u00f3 p\u00fablic que facilita els recursos i les eines necess\u00e0ries per a l\u2019assoliment de les compet\u00e8ncies b\u00e0siques precises per a l\u2019adquisici\u00f3 dels aprenentatges i el desenvolupament personal i social. Creiem que la nostra manera de treballar ha de ser: Activa: que potenci\u00ef la iniciativa i la creativitat de l\u2019alumne. Personalitzada: tenint en compte les [&hellip;]<\/p>\n","protected":false},"author":1,"featured_media":0,"parent":22,"menu_order":4,"comment_status":"closed","ping_status":"closed","template":"page-templates\/side-menu.php","meta":{"_bbp_topic_count":0,"_bbp_reply_count":0,"_bbp_total_topic_count":0,"_bbp_total_reply_count":0,"_bbp_voice_count":0,"_bbp_anonymous_reply_count":0,"_bbp_topic_count_hidden":0,"_bbp_reply_count_hidden":0,"_bbp_forum_subforum_count":0,"site-sidebar-layout":"default","site-content-layout":"","ast-site-content-layout":"","site-content-style":"default","site-sidebar-style":"default","ast-global-header-display":"","ast-banner-title-visibility":"","ast-main-header-display":"","ast-hfb-above-header-display":"","ast-hfb-below-header-display":"","ast-hfb-mobile-header-display":"","site-post-title":"","ast-breadcrumbs-content":"","ast-featured-img":"","footer-sml-layout":"","theme-transparent-header-meta":"","adv-header-id-meta":"","stick-header-meta":"","header-above-stick-meta":"","header-main-stick-meta":"","header-below-stick-meta":"","astra-migrate-meta-layouts":"default","ast-page-background-enabled":"default","ast-page-background-meta":{"desktop":{"background-color":"var(--ast-global-color-4)","background-image":"","background-repeat":"repeat","background-position":"center center","background-size":"auto","background-attachment":"scroll","background-type":"","background-media":"","overlay-type":"","overlay-color":"","overlay-opacity":"","overlay-gradient":""},"tablet":{"background-color":"","background-image":"","background-repeat":"repeat","background-position":"center center","background-size":"auto","background-attachment":"scroll","background-type":"","background-media":"","overlay-type":"","overlay-color":"","overlay-opacity":"","overlay-gradient":""},"mobile":{"background-color":"","background-image":"","background-repeat":"repeat","background-position":"center center","background-size":"auto","background-attachment":"scroll","background-type":"","background-media":"","overlay-type":"","overlay-color":"","overlay-opacity":"","overlay-gradient":""}},"ast-content-background-meta":{"desktop":{"background-color":"var(--ast-global-color-5)","background-image":"","background-repeat":"repeat","background-position":"center center","background-size":"auto","background-attachment":"scroll","background-type":"","background-media":"","overlay-type":"","overlay-color":"","overlay-opacity":"","overlay-gradient":""},"tablet":{"background-color":"var(--ast-global-color-5)","background-image":"","background-repeat":"repeat","background-position":"center center","background-size":"auto","background-attachment":"scroll","background-type":"","background-media":"","overlay-type":"","overlay-color":"","overlay-opacity":"","overlay-gradient":""},"mobile":{"background-color":"var(--ast-global-color-5)","background-image":"","background-repeat":"repeat","background-position":"center center","background-size":"auto","background-attachment":"scroll","background-type":"","background-media":"","overlay-type":"","overlay-color":"","overlay-opacity":"","overlay-gradient":""}},"footnotes":""},"class_list":["post-64","page","type-page","status-publish","hentry"],"post_mailing_queue_ids":[],"_links":{"self":[{"href":"https:\/\/agora.xtec.cat\/ceiplapaubcn\/wp-json\/wp\/v2\/pages\/64","targetHints":{"allow":["GET"]}}],"collection":[{"href":"https:\/\/agora.xtec.cat\/ceiplapaubcn\/wp-json\/wp\/v2\/pages"}],"about":[{"href":"https:\/\/agora.xtec.cat\/ceiplapaubcn\/wp-json\/wp\/v2\/types\/page"}],"author":[{"embeddable":true,"href":"https:\/\/agora.xtec.cat\/ceiplapaubcn\/wp-json\/wp\/v2\/users\/1"}],"replies":[{"embeddable":true,"href":"https:\/\/agora.xtec.cat\/ceiplapaubcn\/wp-json\/wp\/v2\/comments?post=64"}],"version-history":[{"count":6,"href":"https:\/\/agora.xtec.cat\/ceiplapaubcn\/wp-json\/wp\/v2\/pages\/64\/revisions"}],"predecessor-version":[{"id":17188,"href":"https:\/\/agora.xtec.cat\/ceiplapaubcn\/wp-json\/wp\/v2\/pages\/64\/revisions\/17188"}],"up":[{"embeddable":true,"href":"https:\/\/agora.xtec.cat\/ceiplapaubcn\/wp-json\/wp\/v2\/pages\/22"}],"wp:attachment":[{"href":"https:\/\/agora.xtec.cat\/ceiplapaubcn\/wp-json\/wp\/v2\/media?parent=64"}],"curies":[{"name":"wp","href":"https:\/\/api.w.org\/{rel}","templated":true}]}}