{"id":22,"date":"2014-09-18T12:19:57","date_gmt":"2014-09-18T11:19:57","guid":{"rendered":"http:\/\/agora.xtec.cat\/ceiplapaubcn\/?page_id=22"},"modified":"2026-01-21T13:48:47","modified_gmt":"2026-01-21T12:48:47","slug":"lescola","status":"publish","type":"page","link":"https:\/\/agora.xtec.cat\/ceiplapaubcn\/","title":{"rendered":"Portes obertes 2026"},"content":{"rendered":"\n<div class=\"wp-block-columns is-layout-flex wp-container-core-columns-is-layout-1 wp-block-columns-is-layout-flex\">\n<div class=\"wp-block-column is-layout-flow wp-block-column-is-layout-flow\">\n<figure class=\"wp-block-image size-large is-resized\"><a href=\"https:\/\/agora.xtec.cat\/ceiplapaubcn\/wp-content\/uploads\/usu1146\/2026\/01\/Cartell-portes-obertes-26-27-1.jpg\"><img loading=\"lazy\" decoding=\"async\" width=\"724\" height=\"1024\" src=\"https:\/\/agora.xtec.cat\/ceiplapaubcn\/wp-content\/uploads\/usu1146\/2026\/01\/Cartell-portes-obertes-26-27-1-724x1024.jpg\" alt=\"\" class=\"wp-image-17633\" style=\"width:272px;height:auto\" srcset=\"https:\/\/agora.xtec.cat\/ceiplapaubcn\/wp-content\/uploads\/usu1146\/2026\/01\/Cartell-portes-obertes-26-27-1-724x1024.jpg 724w, https:\/\/agora.xtec.cat\/ceiplapaubcn\/wp-content\/uploads\/usu1146\/2026\/01\/Cartell-portes-obertes-26-27-1-212x300.jpg 212w, https:\/\/agora.xtec.cat\/ceiplapaubcn\/wp-content\/uploads\/usu1146\/2026\/01\/Cartell-portes-obertes-26-27-1-768x1086.jpg 768w, https:\/\/agora.xtec.cat\/ceiplapaubcn\/wp-content\/uploads\/usu1146\/2026\/01\/Cartell-portes-obertes-26-27-1-1086x1536.jpg 1086w, https:\/\/agora.xtec.cat\/ceiplapaubcn\/wp-content\/uploads\/usu1146\/2026\/01\/Cartell-portes-obertes-26-27-1-1448x2048.jpg 1448w, https:\/\/agora.xtec.cat\/ceiplapaubcn\/wp-content\/uploads\/usu1146\/2026\/01\/Cartell-portes-obertes-26-27-1.jpg 1587w\" sizes=\"auto, (max-width: 724px) 100vw, 724px\" \/><\/a><\/figure>\n<\/div>\n\n\n\n<div class=\"wp-block-column is-vertically-aligned-center is-layout-flow wp-block-column-is-layout-flow\">\n<p>La nostra escola obre les portes a les fam\u00edlies perqu\u00e8 pugueu con\u00e8ixer el nostre projecte educatiu, els espais i l\u2019equip docent. Podeu sol\u00b7licitar una visita pels dies:<\/p>\n\n\n\n<p class=\"has-text-align-center\"><strong>Dimecres 25 de febrer 16,30h <\/strong><br><strong>Dijous 26 de febrer a les 9h<\/strong><\/p>\n<\/div>\n<\/div>\n\n\n\n<p><\/p>\n\n\n\n<hr class=\"wp-block-separator has-alpha-channel-opacity\"\/>\n\n\n\n<div class=\"wp-block-getwid-section alignfull alignfull getwid-section-content-custom-width\"><div class=\"wp-block-getwid-section__wrapper getwid-padding-top-large getwid-padding-bottom-large getwid-padding-left-medium getwid-padding-right-medium\" style=\"min-height:70vh\"><div class=\"wp-block-getwid-section__inner-wrapper\" style=\"max-width:740px\"><div class=\"wp-block-getwid-section__background-holder\"><div class=\"wp-block-getwid-section__background\" style=\"background-image:url('https:\/\/cgw.motopress.com\/wp-content\/uploads\/2019\/11\/background-6.jpg')\"><div class=\"wp-block-getwid-section__background-image-wrapper\"><img decoding=\"async\" class=\"wp-block-getwid-section__background-image\" src=\"https:\/\/cgw.motopress.com\/wp-content\/uploads\/2019\/11\/background-6.jpg\" alt=\"\"\/><\/div><\/div><div class=\"wp-block-getwid-section__foreground\"><\/div><\/div><div class=\"wp-block-getwid-section__content\"><div class=\"wp-block-getwid-section__inner-content\">\n<p class=\"has-text-align-center\">Som una escola petita i familiar, on tots ens coneixem. L&#8217;equip de mestres i de treballadors de l&#8217;escola sentim que hem d\u2019estar a prop dels alumnes per poder-los acompanyar en aquest temps que passem junts a l\u2019escola.<\/p>\n\n\n\n<p>Volem cuidar els vincles, tant amb els alumnes com amb les fam\u00edlies; vincles que ens donen seguretat i ens ajuden a cr\u00e9ixer. Per tant, donem la benvinguda i animem a les fam\u00edlies a participar en activitats de l\u2019escola: col\u00b7laboraci\u00f3 a la classe, acompanyar a les sortides i excursions, participaci\u00f3 a les festes\u2026<\/p>\n\n\n\n<p class=\"has-text-align-center\">L\u00b4equip de mestres us saluda i est\u00e0 molt content que tots formem part d&#8217;aquesta fam\u00edlia, la fam\u00edlia de La Pau.<\/p>\n<\/div><\/div><\/div><\/div><\/div>\n","protected":false},"excerpt":{"rendered":"<p>La nostra escola obre les portes a les fam\u00edlies perqu\u00e8 pugueu con\u00e8ixer el nostre projecte educatiu, els espais i l\u2019equip docent. Podeu sol\u00b7licitar una visita pels dies: Dimecres 25 de febrer 16,30h Dijous 26 de febrer a les 9h<\/p>\n","protected":false},"author":1,"featured_media":0,"parent":0,"menu_order":0,"comment_status":"closed","ping_status":"closed","template":"","meta":{"_bbp_topic_count":0,"_bbp_reply_count":0,"_bbp_total_topic_count":0,"_bbp_total_reply_count":0,"_bbp_voice_count":0,"_bbp_anonymous_reply_count":0,"_bbp_topic_count_hidden":0,"_bbp_reply_count_hidden":0,"_bbp_forum_subforum_count":0,"site-sidebar-layout":"default","site-content-layout":"","ast-site-content-layout":"default","site-content-style":"default","site-sidebar-style":"default","ast-global-header-display":"","ast-banner-title-visibility":"","ast-main-header-display":"","ast-hfb-above-header-display":"","ast-hfb-below-header-display":"","ast-hfb-mobile-header-display":"","site-post-title":"","ast-breadcrumbs-content":"","ast-featured-img":"","footer-sml-layout":"","theme-transparent-header-meta":"default","adv-header-id-meta":"","stick-header-meta":"","header-above-stick-meta":"","header-main-stick-meta":"","header-below-stick-meta":"","astra-migrate-meta-layouts":"set","ast-page-background-enabled":"default","ast-page-background-meta":{"desktop":{"background-color":"var(--ast-global-color-4)","background-image":"","background-repeat":"repeat","background-position":"center center","background-size":"auto","background-attachment":"scroll","background-type":"","background-media":"","overlay-type":"","overlay-color":"","overlay-opacity":"","overlay-gradient":""},"tablet":{"background-color":"","background-image":"","background-repeat":"repeat","background-position":"center center","background-size":"auto","background-attachment":"scroll","background-type":"","background-media":"","overlay-type":"","overlay-color":"","overlay-opacity":"","overlay-gradient":""},"mobile":{"background-color":"","background-image":"","background-repeat":"repeat","background-position":"center center","background-size":"auto","background-attachment":"scroll","background-type":"","background-media":"","overlay-type":"","overlay-color":"","overlay-opacity":"","overlay-gradient":""}},"ast-content-background-meta":{"desktop":{"background-color":"var(--ast-global-color-5)","background-image":"","background-repeat":"repeat","background-position":"center center","background-size":"auto","background-attachment":"scroll","background-type":"","background-media":"","overlay-type":"","overlay-color":"","overlay-opacity":"","overlay-gradient":""},"tablet":{"background-color":"var(--ast-global-color-5)","background-image":"","background-repeat":"repeat","background-position":"center center","background-size":"auto","background-attachment":"scroll","background-type":"","background-media":"","overlay-type":"","overlay-color":"","overlay-opacity":"","overlay-gradient":""},"mobile":{"background-color":"var(--ast-global-color-5)","background-image":"","background-repeat":"repeat","background-position":"center center","background-size":"auto","background-attachment":"scroll","background-type":"","background-media":"","overlay-type":"","overlay-color":"","overlay-opacity":"","overlay-gradient":""}},"footnotes":""},"class_list":["post-22","page","type-page","status-publish","hentry"],"post_mailing_queue_ids":[],"_links":{"self":[{"href":"https:\/\/agora.xtec.cat\/ceiplapaubcn\/wp-json\/wp\/v2\/pages\/22","targetHints":{"allow":["GET"]}}],"collection":[{"href":"https:\/\/agora.xtec.cat\/ceiplapaubcn\/wp-json\/wp\/v2\/pages"}],"about":[{"href":"https:\/\/agora.xtec.cat\/ceiplapaubcn\/wp-json\/wp\/v2\/types\/page"}],"author":[{"embeddable":true,"href":"https:\/\/agora.xtec.cat\/ceiplapaubcn\/wp-json\/wp\/v2\/users\/1"}],"replies":[{"embeddable":true,"href":"https:\/\/agora.xtec.cat\/ceiplapaubcn\/wp-json\/wp\/v2\/comments?post=22"}],"version-history":[{"count":5,"href":"https:\/\/agora.xtec.cat\/ceiplapaubcn\/wp-json\/wp\/v2\/pages\/22\/revisions"}],"predecessor-version":[{"id":17634,"href":"https:\/\/agora.xtec.cat\/ceiplapaubcn\/wp-json\/wp\/v2\/pages\/22\/revisions\/17634"}],"wp:attachment":[{"href":"https:\/\/agora.xtec.cat\/ceiplapaubcn\/wp-json\/wp\/v2\/media?parent=22"}],"curies":[{"name":"wp","href":"https:\/\/api.w.org\/{rel}","templated":true}]}}