{"id":16961,"date":"2025-01-15T10:41:28","date_gmt":"2025-01-15T09:41:28","guid":{"rendered":"https:\/\/agora.xtec.cat\/ceiplapaubcn\/?page_id=16961"},"modified":"2025-05-20T09:52:38","modified_gmt":"2025-05-20T07:52:38","slug":"que-diuen-de-lescola","status":"publish","type":"page","link":"https:\/\/agora.xtec.cat\/ceiplapaubcn\/lescola\/que-diuen-de-lescola\/","title":{"rendered":"Qu\u00e8 diuen de l\u2019Escola?"},"content":{"rendered":"<table style=\"width: 100%;\">\n<tbody>\n<tr>\n<td style=\"background-color: #740c4c; height: 1cm; width: 100%; color: white; text-align: center;\">Noticies sobre l&#8217;Escola La Pau<\/td>\n<\/tr>\n<\/tbody>\n<\/table>\n<table style=\"width: 100%; background-color: #f032a4; color: white; text-align: center;\">\n<tbody>\n<tr>\n<td style=\"border-style: solid; width: 50%;\">\nEn l&#8217;Escola La Pau, ajudem a les fam\u00edlies amb dubtes als seus infants a adaptar-se<\/p>\n<div id='gallery-1' class='gallery galleryid-16961 gallery-columns-1 gallery-size-medium'><figure class='gallery-item'>\n\t\t\t<div class='gallery-icon landscape'>\n\t\t\t\t<img loading=\"lazy\" decoding=\"async\" width=\"300\" height=\"174\" src=\"https:\/\/agora.xtec.cat\/ceiplapaubcn\/wp-content\/uploads\/usu1146\/2025\/01\/fem_escola-300x174.png\" class=\"attachment-medium size-medium\" alt=\"\" srcset=\"https:\/\/agora.xtec.cat\/ceiplapaubcn\/wp-content\/uploads\/usu1146\/2025\/01\/fem_escola-300x174.png 300w, https:\/\/agora.xtec.cat\/ceiplapaubcn\/wp-content\/uploads\/usu1146\/2025\/01\/fem_escola-768x445.png 768w, https:\/\/agora.xtec.cat\/ceiplapaubcn\/wp-content\/uploads\/usu1146\/2025\/01\/fem_escola.png 1009w\" sizes=\"auto, (max-width: 300px) 100vw, 300px\" \/>\n\t\t\t<\/div><\/figure>\n\t\t<\/div>\n\n<p><button><a>Veure M\u00e9s<\/a><\/button><\/td>\n<td style=\"border-style: solid; width: 50%;\">\nEn l&#8217;Escola La Pau, fem experiments d&#8217;una manera molt innovadora<\/p>\n<div id='gallery-2' class='gallery galleryid-16961 gallery-columns-1 gallery-size-medium'><figure class='gallery-item'>\n\t\t\t<div class='gallery-icon landscape'>\n\t\t\t\t<img loading=\"lazy\" decoding=\"async\" width=\"300\" height=\"173\" src=\"https:\/\/agora.xtec.cat\/ceiplapaubcn\/wp-content\/uploads\/usu1146\/2025\/01\/fem_escola2-300x173.png\" class=\"attachment-medium size-medium\" alt=\"\" srcset=\"https:\/\/agora.xtec.cat\/ceiplapaubcn\/wp-content\/uploads\/usu1146\/2025\/01\/fem_escola2-300x173.png 300w, https:\/\/agora.xtec.cat\/ceiplapaubcn\/wp-content\/uploads\/usu1146\/2025\/01\/fem_escola2-768x442.png 768w, https:\/\/agora.xtec.cat\/ceiplapaubcn\/wp-content\/uploads\/usu1146\/2025\/01\/fem_escola2.png 1009w\" sizes=\"auto, (max-width: 300px) 100vw, 300px\" \/>\n\t\t\t<\/div><\/figure>\n\t\t<\/div>\n\n<p><button><a>Veure M\u00e9s<\/a><\/button><\/td>\n<\/tr>\n<tr>\n<td style=\"border-style: solid; width: 50%;\">\nEn l&#8217;Escola La Pau, hem acomplit la finalitzaci\u00f3 de la nova cuina<\/p>\n<div id='gallery-3' class='gallery galleryid-16961 gallery-columns-1 gallery-size-medium'><figure class='gallery-item'>\n\t\t\t<div class='gallery-icon landscape'>\n\t\t\t\t<img loading=\"lazy\" decoding=\"async\" width=\"300\" height=\"173\" src=\"https:\/\/agora.xtec.cat\/ceiplapaubcn\/wp-content\/uploads\/usu1146\/2025\/01\/transformacio-300x173.png\" class=\"attachment-medium size-medium\" alt=\"\" srcset=\"https:\/\/agora.xtec.cat\/ceiplapaubcn\/wp-content\/uploads\/usu1146\/2025\/01\/transformacio-300x173.png 300w, https:\/\/agora.xtec.cat\/ceiplapaubcn\/wp-content\/uploads\/usu1146\/2025\/01\/transformacio-768x442.png 768w, https:\/\/agora.xtec.cat\/ceiplapaubcn\/wp-content\/uploads\/usu1146\/2025\/01\/transformacio.png 1004w\" sizes=\"auto, (max-width: 300px) 100vw, 300px\" \/>\n\t\t\t<\/div><\/figure>\n\t\t<\/div>\n\n<p><button><a>Veure M\u00e9s<\/a><\/button><\/td>\n<td style=\"border-style: solid; width: 50%;\">\nEn l&#8217;Escloa La Pau, lluitem contra els discur\u00e7os d&#8217;odi<\/p>\n<div id='gallery-4' class='gallery galleryid-16961 gallery-columns-1 gallery-size-medium'><figure class='gallery-item'>\n\t\t\t<div class='gallery-icon landscape'>\n\t\t\t\t<img loading=\"lazy\" decoding=\"async\" width=\"300\" height=\"219\" src=\"https:\/\/agora.xtec.cat\/ceiplapaubcn\/wp-content\/uploads\/usu1146\/2025\/04\/Captura-de-pantalla-2025-04-28-104052-300x219.png\" class=\"attachment-medium size-medium\" alt=\"\" srcset=\"https:\/\/agora.xtec.cat\/ceiplapaubcn\/wp-content\/uploads\/usu1146\/2025\/04\/Captura-de-pantalla-2025-04-28-104052-300x219.png 300w, https:\/\/agora.xtec.cat\/ceiplapaubcn\/wp-content\/uploads\/usu1146\/2025\/04\/Captura-de-pantalla-2025-04-28-104052-768x560.png 768w, https:\/\/agora.xtec.cat\/ceiplapaubcn\/wp-content\/uploads\/usu1146\/2025\/04\/Captura-de-pantalla-2025-04-28-104052.png 792w\" sizes=\"auto, (max-width: 300px) 100vw, 300px\" \/>\n\t\t\t<\/div><\/figure>\n\t\t<\/div>\n\n<p><button><a href=\"https:\/\/educa.barcelona\/2025\/04\/08\/projectes-democratitzadors-dins-laula-per-lluitar-contra-els-discursos-dodi\/\">Veure M\u00e9s<\/a><\/button><\/td>\n<\/tr>\n<tr>\n<td style=\"border-style: solid; width: 50%;\">\nUna professora de la facultat de f\u00edsica opina sobre la ci\u00e8ncia en l&#8217;Escola La Pau<\/p>\n<div id='gallery-5' class='gallery galleryid-16961 gallery-columns-1 gallery-size-medium'><figure class='gallery-item'>\n\t\t\t<div class='gallery-icon landscape'>\n\t\t\t\t<img loading=\"lazy\" decoding=\"async\" width=\"300\" height=\"174\" src=\"https:\/\/agora.xtec.cat\/ceiplapaubcn\/wp-content\/uploads\/usu1146\/2025\/01\/ciencia_a_escola-300x174.png\" class=\"attachment-medium size-medium\" alt=\"\" srcset=\"https:\/\/agora.xtec.cat\/ceiplapaubcn\/wp-content\/uploads\/usu1146\/2025\/01\/ciencia_a_escola-300x174.png 300w, https:\/\/agora.xtec.cat\/ceiplapaubcn\/wp-content\/uploads\/usu1146\/2025\/01\/ciencia_a_escola-768x445.png 768w, https:\/\/agora.xtec.cat\/ceiplapaubcn\/wp-content\/uploads\/usu1146\/2025\/01\/ciencia_a_escola.png 1009w\" sizes=\"auto, (max-width: 300px) 100vw, 300px\" \/>\n\t\t\t<\/div><\/figure>\n\t\t<\/div>\n\n<p><button><a>Veure M\u00e9s<\/a><\/button><\/td>\n<td style=\"border-style: solid; width: 50%;\">\nEn l&#8217;Escloa La Pau, lluitem contra els discur\u00e7os d&#8217;odi<\/p>\n<div id='gallery-6' class='gallery galleryid-16961 gallery-columns-1 gallery-size-medium'><figure class='gallery-item'>\n\t\t\t<div class='gallery-icon landscape'>\n\t\t\t\t<img loading=\"lazy\" decoding=\"async\" width=\"300\" height=\"219\" src=\"https:\/\/agora.xtec.cat\/ceiplapaubcn\/wp-content\/uploads\/usu1146\/2025\/04\/Captura-de-pantalla-2025-04-28-104052-300x219.png\" class=\"attachment-medium size-medium\" alt=\"\" srcset=\"https:\/\/agora.xtec.cat\/ceiplapaubcn\/wp-content\/uploads\/usu1146\/2025\/04\/Captura-de-pantalla-2025-04-28-104052-300x219.png 300w, https:\/\/agora.xtec.cat\/ceiplapaubcn\/wp-content\/uploads\/usu1146\/2025\/04\/Captura-de-pantalla-2025-04-28-104052-768x560.png 768w, https:\/\/agora.xtec.cat\/ceiplapaubcn\/wp-content\/uploads\/usu1146\/2025\/04\/Captura-de-pantalla-2025-04-28-104052.png 792w\" sizes=\"auto, (max-width: 300px) 100vw, 300px\" \/>\n\t\t\t<\/div><\/figure>\n\t\t<\/div>\n\n<p><button><a>Veure M\u00e9s<\/a><\/button><\/td>\n<\/tr>\n<tr>\n<td style=\"border-style: solid; width: 50%;\">\nEn l&#8217;Escola La Pau, preparem als infants per al futur d&#8217;una manera m\u00e9s especial<\/p>\n<div id='gallery-7' class='gallery galleryid-16961 gallery-columns-1 gallery-size-medium'><figure class='gallery-item'>\n\t\t\t<div class='gallery-icon landscape'>\n\t\t\t\t<img loading=\"lazy\" decoding=\"async\" width=\"300\" height=\"179\" src=\"https:\/\/agora.xtec.cat\/ceiplapaubcn\/wp-content\/uploads\/usu1146\/2025\/01\/incitizem-300x179.png\" class=\"attachment-medium size-medium\" alt=\"\" srcset=\"https:\/\/agora.xtec.cat\/ceiplapaubcn\/wp-content\/uploads\/usu1146\/2025\/01\/incitizem-300x179.png 300w, https:\/\/agora.xtec.cat\/ceiplapaubcn\/wp-content\/uploads\/usu1146\/2025\/01\/incitizem-768x458.png 768w, https:\/\/agora.xtec.cat\/ceiplapaubcn\/wp-content\/uploads\/usu1146\/2025\/01\/incitizem.png 966w\" sizes=\"auto, (max-width: 300px) 100vw, 300px\" \/>\n\t\t\t<\/div><\/figure>\n\t\t<\/div>\n\n<p><button><a>Veure M\u00e9s<\/a><\/button><\/td>\n<td style=\"border-style: solid; width: 50%;\">\nEl grup de fam\u00edlies noves a l&#8217;Escola La Pau fomenten la comunitat i participaci\u00f3<\/p>\n<div id='gallery-8' class='gallery galleryid-16961 gallery-columns-1 gallery-size-medium'><figure class='gallery-item'>\n\t\t\t<div class='gallery-icon landscape'>\n\t\t\t\t<img loading=\"lazy\" decoding=\"async\" width=\"300\" height=\"163\" src=\"https:\/\/agora.xtec.cat\/ceiplapaubcn\/wp-content\/uploads\/usu1146\/2025\/05\/noticia-300x163.png\" class=\"attachment-medium size-medium\" alt=\"\" srcset=\"https:\/\/agora.xtec.cat\/ceiplapaubcn\/wp-content\/uploads\/usu1146\/2025\/05\/noticia-300x163.png 300w, https:\/\/agora.xtec.cat\/ceiplapaubcn\/wp-content\/uploads\/usu1146\/2025\/05\/noticia-1024x557.png 1024w, https:\/\/agora.xtec.cat\/ceiplapaubcn\/wp-content\/uploads\/usu1146\/2025\/05\/noticia-768x418.png 768w, https:\/\/agora.xtec.cat\/ceiplapaubcn\/wp-content\/uploads\/usu1146\/2025\/05\/noticia.png 1418w\" sizes=\"auto, (max-width: 300px) 100vw, 300px\" \/>\n\t\t\t<\/div><\/figure>\n\t\t<\/div>\n\n<p><button><a href=\"https:\/\/ajuntament.barcelona.cat\/serveissocials\/ca\/butlleti\/bloc-konnexions-5?utm_content=C6009-I195-I261&amp;utm_source=ecoms&amp;utm_medium=email&amp;utm_term=Not%c3%adcia%20horitzontal-contingut\">Veure M\u00e9s<\/a><\/button><\/td>\n<\/tr>\n<\/tbody>\n<\/table>\n<p>&nbsp;<\/p>\n<table style=\"width: 100%; text-align: center;\">\n<tbody>\n<tr>\n<td style=\"background-color: #740c4c; height: 1cm; color: white;\">Videos de l&#8217;Escola La Pau<\/td>\n<\/tr>\n<\/tbody>\n<\/table>\n<table style=\"background-color: #b5196e; color: white; text-align: center;\">\n<tr>\n<td style=\"border-style: solid; width: 50%;\">\n                En l&#8217;Escola La Pau, ajudem a les fam\u00edlies amb dubtes als seus infants a adaptar-se<\/p>\n<div id='gallery-9' class='gallery galleryid-16961 gallery-columns-1 gallery-size-medium'><figure class='gallery-item'>\n\t\t\t<div class='gallery-icon landscape'>\n\t\t\t\t<img loading=\"lazy\" decoding=\"async\" width=\"300\" height=\"136\" src=\"https:\/\/agora.xtec.cat\/ceiplapaubcn\/wp-content\/uploads\/usu1146\/2025\/02\/1-4-300x136.png\" class=\"attachment-medium size-medium\" alt=\"\" srcset=\"https:\/\/agora.xtec.cat\/ceiplapaubcn\/wp-content\/uploads\/usu1146\/2025\/02\/1-4-300x136.png 300w, https:\/\/agora.xtec.cat\/ceiplapaubcn\/wp-content\/uploads\/usu1146\/2025\/02\/1-4.png 634w\" sizes=\"auto, (max-width: 300px) 100vw, 300px\" \/>\n\t\t\t<\/div><\/figure>\n\t\t<\/div>\n\n<p>                <button style=\"font-size: 16px; font-weight: 400;\"><a href=\"\">Veure Videos<\/a><\/button>\n            <\/td>\n<td style=\"border-style: solid; width: 50%;\">\n                En l&#8217;Escola La Pau, fem experiments d&#8217;una manera molt innovadora<\/p>\n<div id='gallery-10' class='gallery galleryid-16961 gallery-columns-1 gallery-size-medium'><figure class='gallery-item'>\n\t\t\t<div class='gallery-icon landscape'>\n\t\t\t\t<img loading=\"lazy\" decoding=\"async\" width=\"300\" height=\"131\" src=\"https:\/\/agora.xtec.cat\/ceiplapaubcn\/wp-content\/uploads\/usu1146\/2025\/02\/2-4-300x131.png\" class=\"attachment-medium size-medium\" alt=\"\" srcset=\"https:\/\/agora.xtec.cat\/ceiplapaubcn\/wp-content\/uploads\/usu1146\/2025\/02\/2-4-300x131.png 300w, https:\/\/agora.xtec.cat\/ceiplapaubcn\/wp-content\/uploads\/usu1146\/2025\/02\/2-4.png 630w\" sizes=\"auto, (max-width: 300px) 100vw, 300px\" \/>\n\t\t\t<\/div><\/figure>\n\t\t<\/div>\n\n<p>                <button style=\"font-size: 16px; font-weight: 400;\"><a href=\"\">Veure Videos<\/a><\/button>\n            <\/td>\n<\/tr>\n<tr>\n<td style=\"border-style: solid; width: 50%;\">\n                Una professora de la facultat de f\u00edsica opina sobre la ci\u00e8ncia en l&#8217;Escola La Pau<\/p>\n<div id='gallery-11' class='gallery galleryid-16961 gallery-columns-1 gallery-size-medium'><figure class='gallery-item'>\n\t\t\t<div class='gallery-icon landscape'>\n\t\t\t\t<img loading=\"lazy\" decoding=\"async\" width=\"300\" height=\"140\" src=\"https:\/\/agora.xtec.cat\/ceiplapaubcn\/wp-content\/uploads\/usu1146\/2025\/02\/3-3-300x140.png\" class=\"attachment-medium size-medium\" alt=\"\" srcset=\"https:\/\/agora.xtec.cat\/ceiplapaubcn\/wp-content\/uploads\/usu1146\/2025\/02\/3-3-300x140.png 300w, https:\/\/agora.xtec.cat\/ceiplapaubcn\/wp-content\/uploads\/usu1146\/2025\/02\/3-3.png 631w\" sizes=\"auto, (max-width: 300px) 100vw, 300px\" \/>\n\t\t\t<\/div><\/figure>\n\t\t<\/div>\n\n<p>                <button style=\"font-size: 16px; font-weight: 400;\"><a href=\"\">Veure Videos<\/a><\/button>\n            <\/td>\n<td style=\"border-style: solid; width: 50%;\">\n                En l&#8217;Escola La Pau, hem acomplit la finalitzaci\u00f3 de la nova cuina<\/p>\n<div id='gallery-12' class='gallery galleryid-16961 gallery-columns-1 gallery-size-medium'><figure class='gallery-item'>\n\t\t\t<div class='gallery-icon landscape'>\n\t\t\t\t<img loading=\"lazy\" decoding=\"async\" width=\"300\" height=\"142\" src=\"https:\/\/agora.xtec.cat\/ceiplapaubcn\/wp-content\/uploads\/usu1146\/2025\/02\/4-2-300x142.png\" class=\"attachment-medium size-medium\" alt=\"\" srcset=\"https:\/\/agora.xtec.cat\/ceiplapaubcn\/wp-content\/uploads\/usu1146\/2025\/02\/4-2-300x142.png 300w, https:\/\/agora.xtec.cat\/ceiplapaubcn\/wp-content\/uploads\/usu1146\/2025\/02\/4-2.png 631w\" sizes=\"auto, (max-width: 300px) 100vw, 300px\" \/>\n\t\t\t<\/div><\/figure>\n\t\t<\/div>\n\n<p>                <button style=\"font-size: 16px; font-weight: 400;\"><a href=\"\">Veure Videos<\/a><\/button>\n            <\/td>\n<\/tr>\n<\/table>\n","protected":false},"excerpt":{"rendered":"<p>Noticies sobre l&#8217;Escola La Pau En l&#8217;Escola La Pau, ajudem a les fam\u00edlies amb dubtes als seus infants a adaptar-se Veure M\u00e9s En l&#8217;Escola La Pau, fem experiments d&#8217;una manera molt innovadora Veure M\u00e9s En l&#8217;Escola La Pau, hem acomplit la finalitzaci\u00f3 de la nova cuina Veure M\u00e9s En l&#8217;Escloa La Pau, lluitem contra els [&hellip;]<\/p>\n","protected":false},"author":1,"featured_media":0,"parent":22,"menu_order":0,"comment_status":"open","ping_status":"closed","template":"page-templates\/side-menu.php","meta":{"_bbp_topic_count":0,"_bbp_reply_count":0,"_bbp_total_topic_count":0,"_bbp_total_reply_count":0,"_bbp_voice_count":0,"_bbp_anonymous_reply_count":0,"_bbp_topic_count_hidden":0,"_bbp_reply_count_hidden":0,"_bbp_forum_subforum_count":0,"site-sidebar-layout":"default","site-content-layout":"","ast-site-content-layout":"","site-content-style":"default","site-sidebar-style":"default","ast-global-header-display":"","ast-banner-title-visibility":"","ast-main-header-display":"","ast-hfb-above-header-display":"","ast-hfb-below-header-display":"","ast-hfb-mobile-header-display":"","site-post-title":"","ast-breadcrumbs-content":"","ast-featured-img":"","footer-sml-layout":"","theme-transparent-header-meta":"","adv-header-id-meta":"","stick-header-meta":"","header-above-stick-meta":"","header-main-stick-meta":"","header-below-stick-meta":"","astra-migrate-meta-layouts":"default","ast-page-background-enabled":"default","ast-page-background-meta":{"desktop":{"background-color":"var(--ast-global-color-4)","background-image":"","background-repeat":"repeat","background-position":"center center","background-size":"auto","background-attachment":"scroll","background-type":"","background-media":"","overlay-type":"","overlay-color":"","overlay-opacity":"","overlay-gradient":""},"tablet":{"background-color":"","background-image":"","background-repeat":"repeat","background-position":"center center","background-size":"auto","background-attachment":"scroll","background-type":"","background-media":"","overlay-type":"","overlay-color":"","overlay-opacity":"","overlay-gradient":""},"mobile":{"background-color":"","background-image":"","background-repeat":"repeat","background-position":"center center","background-size":"auto","background-attachment":"scroll","background-type":"","background-media":"","overlay-type":"","overlay-color":"","overlay-opacity":"","overlay-gradient":""}},"ast-content-background-meta":{"desktop":{"background-color":"var(--ast-global-color-5)","background-image":"","background-repeat":"repeat","background-position":"center center","background-size":"auto","background-attachment":"scroll","background-type":"","background-media":"","overlay-type":"","overlay-color":"","overlay-opacity":"","overlay-gradient":""},"tablet":{"background-color":"var(--ast-global-color-5)","background-image":"","background-repeat":"repeat","background-position":"center center","background-size":"auto","background-attachment":"scroll","background-type":"","background-media":"","overlay-type":"","overlay-color":"","overlay-opacity":"","overlay-gradient":""},"mobile":{"background-color":"var(--ast-global-color-5)","background-image":"","background-repeat":"repeat","background-position":"center center","background-size":"auto","background-attachment":"scroll","background-type":"","background-media":"","overlay-type":"","overlay-color":"","overlay-opacity":"","overlay-gradient":""}},"footnotes":""},"class_list":["post-16961","page","type-page","status-publish","hentry"],"post_mailing_queue_ids":[],"_links":{"self":[{"href":"https:\/\/agora.xtec.cat\/ceiplapaubcn\/wp-json\/wp\/v2\/pages\/16961","targetHints":{"allow":["GET"]}}],"collection":[{"href":"https:\/\/agora.xtec.cat\/ceiplapaubcn\/wp-json\/wp\/v2\/pages"}],"about":[{"href":"https:\/\/agora.xtec.cat\/ceiplapaubcn\/wp-json\/wp\/v2\/types\/page"}],"author":[{"embeddable":true,"href":"https:\/\/agora.xtec.cat\/ceiplapaubcn\/wp-json\/wp\/v2\/users\/1"}],"replies":[{"embeddable":true,"href":"https:\/\/agora.xtec.cat\/ceiplapaubcn\/wp-json\/wp\/v2\/comments?post=16961"}],"version-history":[{"count":6,"href":"https:\/\/agora.xtec.cat\/ceiplapaubcn\/wp-json\/wp\/v2\/pages\/16961\/revisions"}],"predecessor-version":[{"id":17532,"href":"https:\/\/agora.xtec.cat\/ceiplapaubcn\/wp-json\/wp\/v2\/pages\/16961\/revisions\/17532"}],"up":[{"embeddable":true,"href":"https:\/\/agora.xtec.cat\/ceiplapaubcn\/wp-json\/wp\/v2\/pages\/22"}],"wp:attachment":[{"href":"https:\/\/agora.xtec.cat\/ceiplapaubcn\/wp-json\/wp\/v2\/media?parent=16961"}],"curies":[{"name":"wp","href":"https:\/\/api.w.org\/{rel}","templated":true}]}}