{"id":16734,"date":"2024-06-07T09:33:57","date_gmt":"2024-06-07T07:33:57","guid":{"rendered":"https:\/\/agora.xtec.cat\/ceiplapaubcn\/?page_id=16734"},"modified":"2024-06-07T09:33:57","modified_gmt":"2024-06-07T07:33:57","slug":"experimentem","status":"publish","type":"page","link":"https:\/\/agora.xtec.cat\/ceiplapaubcn\/experimentem\/","title":{"rendered":"Experimentem"},"content":{"rendered":"<p>A LA SALA EXPLORA D\u2019EDUCACI\u00d3 INFANTIL&#8230;.<\/p>\n<p>&nbsp;<\/p>\n<p>Amb les diferents activitat de la Sala Explora manipulem, ens fem preguntes i , inesperadament&#8230;.OH!!, tot jugant i experimentant arriben els descobriments! Les propostes estan plenes de sorpreses, com ara:\u00a0 intentar fer ombres xineses a la foscor, o b\u00e9 quan ens marquem petits reptes com aconseguir fer torres altes amb les peces de cart\u00f3, que siguin resistents i es converteixen en un castell que ens protegeix,\u00a0 o b\u00e9, observar com es desplacen les bales pels circuits,\u00a0 o quan toquem i olorem diferents\u00a0subst\u00e0ncies (sorra, gelatina, plantes arom\u00e0tiques, escuma&#8230;).<\/p>\n<p>Aix\u00ed, a poc a poc, anem aprenent que hi ha coses que es mouen i d&#8217;altres que no, que una torre aguanta m\u00e9s si t\u00e9 una bona base i que segons quins elements s\u00f3n tous o durs, pesen m\u00e9s o menys que d&#8217;altres, etc.<\/p>\n<p>Les primeres passes en el cam\u00ed cap a les descobertes cient\u00edfiques comencen a la Sala Explora, sempre que tinguem ULLS , MANS I PARAULES per entendre el que est\u00e0 passant&#8230;.<\/p>\n<p><img loading=\"lazy\" decoding=\"async\" class=\"alignnone size-full wp-image-16735\" src=\"https:\/\/agora.xtec.cat\/ceiplapaubcn\/wp-content\/uploads\/usu1146\/2024\/06\/IMG-20231025-WA0006.jpg\" alt=\"\" width=\"2048\" height=\"1536\" srcset=\"https:\/\/agora.xtec.cat\/ceiplapaubcn\/wp-content\/uploads\/usu1146\/2024\/06\/IMG-20231025-WA0006.jpg 2048w, https:\/\/agora.xtec.cat\/ceiplapaubcn\/wp-content\/uploads\/usu1146\/2024\/06\/IMG-20231025-WA0006-300x225.jpg 300w, https:\/\/agora.xtec.cat\/ceiplapaubcn\/wp-content\/uploads\/usu1146\/2024\/06\/IMG-20231025-WA0006-1024x768.jpg 1024w, https:\/\/agora.xtec.cat\/ceiplapaubcn\/wp-content\/uploads\/usu1146\/2024\/06\/IMG-20231025-WA0006-768x576.jpg 768w, https:\/\/agora.xtec.cat\/ceiplapaubcn\/wp-content\/uploads\/usu1146\/2024\/06\/IMG-20231025-WA0006-1536x1152.jpg 1536w, https:\/\/agora.xtec.cat\/ceiplapaubcn\/wp-content\/uploads\/usu1146\/2024\/06\/IMG-20231025-WA0006-200x150.jpg 200w\" sizes=\"auto, (max-width: 2048px) 100vw, 2048px\" \/> <img loading=\"lazy\" decoding=\"async\" class=\"alignnone size-full wp-image-16736\" src=\"https:\/\/agora.xtec.cat\/ceiplapaubcn\/wp-content\/uploads\/usu1146\/2024\/06\/IMG-20231023-WA0004.jpg\" alt=\"\" width=\"1536\" height=\"2048\" srcset=\"https:\/\/agora.xtec.cat\/ceiplapaubcn\/wp-content\/uploads\/usu1146\/2024\/06\/IMG-20231023-WA0004.jpg 1536w, https:\/\/agora.xtec.cat\/ceiplapaubcn\/wp-content\/uploads\/usu1146\/2024\/06\/IMG-20231023-WA0004-225x300.jpg 225w, https:\/\/agora.xtec.cat\/ceiplapaubcn\/wp-content\/uploads\/usu1146\/2024\/06\/IMG-20231023-WA0004-768x1024.jpg 768w, https:\/\/agora.xtec.cat\/ceiplapaubcn\/wp-content\/uploads\/usu1146\/2024\/06\/IMG-20231023-WA0004-1152x1536.jpg 1152w\" sizes=\"auto, (max-width: 1536px) 100vw, 1536px\" \/> <img loading=\"lazy\" decoding=\"async\" class=\"alignnone size-full wp-image-16737\" src=\"https:\/\/agora.xtec.cat\/ceiplapaubcn\/wp-content\/uploads\/usu1146\/2024\/06\/IMG-20231024-WA0048.jpg\" alt=\"\" width=\"2048\" height=\"1536\" srcset=\"https:\/\/agora.xtec.cat\/ceiplapaubcn\/wp-content\/uploads\/usu1146\/2024\/06\/IMG-20231024-WA0048.jpg 2048w, https:\/\/agora.xtec.cat\/ceiplapaubcn\/wp-content\/uploads\/usu1146\/2024\/06\/IMG-20231024-WA0048-300x225.jpg 300w, https:\/\/agora.xtec.cat\/ceiplapaubcn\/wp-content\/uploads\/usu1146\/2024\/06\/IMG-20231024-WA0048-1024x768.jpg 1024w, https:\/\/agora.xtec.cat\/ceiplapaubcn\/wp-content\/uploads\/usu1146\/2024\/06\/IMG-20231024-WA0048-768x576.jpg 768w, https:\/\/agora.xtec.cat\/ceiplapaubcn\/wp-content\/uploads\/usu1146\/2024\/06\/IMG-20231024-WA0048-1536x1152.jpg 1536w, https:\/\/agora.xtec.cat\/ceiplapaubcn\/wp-content\/uploads\/usu1146\/2024\/06\/IMG-20231024-WA0048-200x150.jpg 200w\" sizes=\"auto, (max-width: 2048px) 100vw, 2048px\" \/><\/p>\n","protected":false},"excerpt":{"rendered":"<p>A LA SALA EXPLORA D\u2019EDUCACI\u00d3 INFANTIL&#8230;. &nbsp; Amb les diferents activitat de la Sala Explora manipulem, ens fem preguntes i , inesperadament&#8230;.OH!!, tot jugant i experimentant arriben els descobriments! Les propostes estan plenes de sorpreses, com ara:\u00a0 intentar fer ombres xineses a la foscor, o b\u00e9 quan ens marquem petits reptes com aconseguir fer torres [&hellip;]<\/p>\n","protected":false},"author":1,"featured_media":0,"parent":0,"menu_order":0,"comment_status":"closed","ping_status":"closed","template":"","meta":{"_bbp_topic_count":0,"_bbp_reply_count":0,"_bbp_total_topic_count":0,"_bbp_total_reply_count":0,"_bbp_voice_count":0,"_bbp_anonymous_reply_count":0,"_bbp_topic_count_hidden":0,"_bbp_reply_count_hidden":0,"_bbp_forum_subforum_count":0,"site-sidebar-layout":"default","site-content-layout":"","ast-site-content-layout":"","site-content-style":"default","site-sidebar-style":"default","ast-global-header-display":"","ast-banner-title-visibility":"","ast-main-header-display":"","ast-hfb-above-header-display":"","ast-hfb-below-header-display":"","ast-hfb-mobile-header-display":"","site-post-title":"","ast-breadcrumbs-content":"","ast-featured-img":"","footer-sml-layout":"","theme-transparent-header-meta":"","adv-header-id-meta":"","stick-header-meta":"","header-above-stick-meta":"","header-main-stick-meta":"","header-below-stick-meta":"","astra-migrate-meta-layouts":"default","ast-page-background-enabled":"default","ast-page-background-meta":{"desktop":{"background-color":"var(--ast-global-color-4)","background-image":"","background-repeat":"repeat","background-position":"center center","background-size":"auto","background-attachment":"scroll","background-type":"","background-media":"","overlay-type":"","overlay-color":"","overlay-opacity":"","overlay-gradient":""},"tablet":{"background-color":"","background-image":"","background-repeat":"repeat","background-position":"center center","background-size":"auto","background-attachment":"scroll","background-type":"","background-media":"","overlay-type":"","overlay-color":"","overlay-opacity":"","overlay-gradient":""},"mobile":{"background-color":"","background-image":"","background-repeat":"repeat","background-position":"center center","background-size":"auto","background-attachment":"scroll","background-type":"","background-media":"","overlay-type":"","overlay-color":"","overlay-opacity":"","overlay-gradient":""}},"ast-content-background-meta":{"desktop":{"background-color":"var(--ast-global-color-5)","background-image":"","background-repeat":"repeat","background-position":"center center","background-size":"auto","background-attachment":"scroll","background-type":"","background-media":"","overlay-type":"","overlay-color":"","overlay-opacity":"","overlay-gradient":""},"tablet":{"background-color":"var(--ast-global-color-5)","background-image":"","background-repeat":"repeat","background-position":"center center","background-size":"auto","background-attachment":"scroll","background-type":"","background-media":"","overlay-type":"","overlay-color":"","overlay-opacity":"","overlay-gradient":""},"mobile":{"background-color":"var(--ast-global-color-5)","background-image":"","background-repeat":"repeat","background-position":"center center","background-size":"auto","background-attachment":"scroll","background-type":"","background-media":"","overlay-type":"","overlay-color":"","overlay-opacity":"","overlay-gradient":""}},"footnotes":""},"class_list":["post-16734","page","type-page","status-publish","hentry"],"post_mailing_queue_ids":[],"_links":{"self":[{"href":"https:\/\/agora.xtec.cat\/ceiplapaubcn\/wp-json\/wp\/v2\/pages\/16734","targetHints":{"allow":["GET"]}}],"collection":[{"href":"https:\/\/agora.xtec.cat\/ceiplapaubcn\/wp-json\/wp\/v2\/pages"}],"about":[{"href":"https:\/\/agora.xtec.cat\/ceiplapaubcn\/wp-json\/wp\/v2\/types\/page"}],"author":[{"embeddable":true,"href":"https:\/\/agora.xtec.cat\/ceiplapaubcn\/wp-json\/wp\/v2\/users\/1"}],"replies":[{"embeddable":true,"href":"https:\/\/agora.xtec.cat\/ceiplapaubcn\/wp-json\/wp\/v2\/comments?post=16734"}],"version-history":[{"count":1,"href":"https:\/\/agora.xtec.cat\/ceiplapaubcn\/wp-json\/wp\/v2\/pages\/16734\/revisions"}],"predecessor-version":[{"id":16740,"href":"https:\/\/agora.xtec.cat\/ceiplapaubcn\/wp-json\/wp\/v2\/pages\/16734\/revisions\/16740"}],"wp:attachment":[{"href":"https:\/\/agora.xtec.cat\/ceiplapaubcn\/wp-json\/wp\/v2\/media?parent=16734"}],"curies":[{"name":"wp","href":"https:\/\/api.w.org\/{rel}","templated":true}]}}