{"id":15296,"date":"2020-05-06T17:13:48","date_gmt":"2020-05-06T15:13:48","guid":{"rendered":"http:\/\/agora.xtec.cat\/ceiplapaubcn\/?page_id=15296"},"modified":"2020-05-15T19:02:16","modified_gmt":"2020-05-15T17:02:16","slug":"preinscripcio-2020-21","status":"publish","type":"page","link":"https:\/\/agora.xtec.cat\/ceiplapaubcn\/preinscripcio-2020-21\/","title":{"rendered":"PREINSCRIPCI\u00d3 2020-21"},"content":{"rendered":"<p>Se puede realizar la preinscripci\u00f3n Online rellenando esta solicitud y envi\u00e1ndola al email escuela o pidiendo d\u00eda y hora a trav\u00e9s de email o tel\u00e9fono:<\/p>\n<p style=\"text-align: center;\">a8002575@xtec.cat<\/p>\n<p style=\"text-align: center;\">658 78 70 24<\/p>\n<p style=\"text-align: center;\">ENLLA\u00c7 SOLICITUT: <a href=\"https:\/\/aplicacions.gestioeducativa.gencat.cat\/pls\/apex\/f?p=20160079072543618:5:::NO:RP,5,10,15,20,25::&amp;cs=3QIhkgzy3ePkE9WNuiSuQHVfx0e4\">https:\/\/aplicacions.gestioeducativa.gencat.cat\/pls\/apex\/f?p=20160079072543618:5:::NO:RP,5,10,15,20,25::&amp;cs=3QIhkgzy3ePkE9WNuiSuQHVfx0e4<\/a><\/p>\n<ul>\n<li class=\"p1\"><span class=\"s1\">La solicitud s\u00f3lo se considerar\u00e1 presentada cuando, despu\u00e9s de llenar todo el formulario, se ejecuta la opci\u00f3n &#8220;env\u00edo&#8221; desde la \u00faltima pantalla y se obtiene el resguardo de la solicitud y este se env\u00eda, junto con la documentaci\u00f3n acreditativa escaneada o fotografiada, por correo electr\u00f3nico a la direcci\u00f3n electr\u00f3nica oficial del centro solicitado en primera opci\u00f3n.<\/span><\/li>\n<li class=\"p1\"><span class=\"s1\">El centro responder\u00e1 al correo justificando la recepci\u00f3n de la solicitud para que el solicitante tenga constancia.<\/span><\/li>\n<\/ul>\n<p class=\"p1\"><span class=\"s1\"><b>TELEM\u00c1TICA: Del 13 al 18 de mayo<\/b>\u00a0 rellenando la <\/span><span class=\"s2\"><b>solicitud (enlla\u00e7) <\/b><\/span><span class=\"s1\">y envi\u00e1ndola a <a href=\"mailto:a8002575@xtec.cat\"><span class=\"s3\">a8002575@xtec.cat<\/span><\/a>.<\/span><\/p>\n<p class=\"p1\"><span class=\"s1\"><b>EN PERSONA: Del 19 al 22 de mayo<\/b>\u00a0 con cita previa llamando al\u00a0<\/span><span class=\"s4\"><b>658 78 70 24<\/b><\/span><span class=\"s5\"><b>\u00a0<\/b><\/span><span class=\"s1\">o enviando email<\/span><span class=\"s5\"><b>. <\/b><\/span><\/p>\n<p class=\"p1\"><span class=\"s5\">Tambi\u00e9n pueden acudir al Institut rambla prim c\/cristobal moura, 223 llamando para pedir hora de 9 a 13:30 al tel\u00e9fono: <strong>93 551 10 00<\/strong><\/span><\/p>\n<p class=\"p1\"><span class=\"s5\">Habr\u00e1 que venir una \u00fanica persona con<\/span> Mascarilla y guantes.<\/p>\n<p class=\"p1\"><span class=\"s1\">Tendr\u00e1n que entregar (escaneado si es telem\u00e1tica o fotocopiado si es en persona) los documentos siguientes:<\/span><\/p>\n<p class=\"p1\"><span class=\"s1\">&#8211; Libro de familia, DNI o Pasaporte del padre\/madre, DNI del alumno\/a\u00a0(si dispone) y documentaci\u00f3n acreditativa a efectos de puntos.<\/span><\/p>\n<p>&#8211; 1 foto<\/p>\n<div dir=\"auto\">\n<div dir=\"auto\">&#8211; Fotocopia tarjeta sanitaria<\/div>\n<div dir=\"auto\"><\/div>\n<div dir=\"auto\"><\/div>\n<\/div>\n<p><a href=\"https:\/\/agora.xtec.cat\/ceiplapaubcn\/wp-content\/uploads\/usu1146\/2020\/05\/Captura-de-pantalla-2020-05-06-a-las-18.04.29.png\"><img loading=\"lazy\" decoding=\"async\" class=\"alignnone wp-image-15313 size-large\" src=\"https:\/\/agora.xtec.cat\/ceiplapaubcn\/wp-content\/uploads\/usu1146\/2020\/05\/Captura-de-pantalla-2020-05-06-a-las-18.04.29-1024x640.png\" alt=\"\" width=\"1024\" height=\"640\" srcset=\"https:\/\/agora.xtec.cat\/ceiplapaubcn\/wp-content\/uploads\/usu1146\/2020\/05\/Captura-de-pantalla-2020-05-06-a-las-18.04.29-1024x640.png 1024w, https:\/\/agora.xtec.cat\/ceiplapaubcn\/wp-content\/uploads\/usu1146\/2020\/05\/Captura-de-pantalla-2020-05-06-a-las-18.04.29-300x188.png 300w, https:\/\/agora.xtec.cat\/ceiplapaubcn\/wp-content\/uploads\/usu1146\/2020\/05\/Captura-de-pantalla-2020-05-06-a-las-18.04.29-768x480.png 768w, https:\/\/agora.xtec.cat\/ceiplapaubcn\/wp-content\/uploads\/usu1146\/2020\/05\/Captura-de-pantalla-2020-05-06-a-las-18.04.29.png 1440w\" sizes=\"auto, (max-width: 1024px) 100vw, 1024px\" \/><\/a> <a href=\"https:\/\/agora.xtec.cat\/ceiplapaubcn\/wp-content\/uploads\/usu1146\/2020\/05\/Captura-de-pantalla-2020-05-06-a-las-18.04.50.png\"><img loading=\"lazy\" decoding=\"async\" class=\"alignnone wp-image-15314 size-large\" src=\"https:\/\/agora.xtec.cat\/ceiplapaubcn\/wp-content\/uploads\/usu1146\/2020\/05\/Captura-de-pantalla-2020-05-06-a-las-18.04.50-1024x640.png\" alt=\"\" width=\"1024\" height=\"640\" srcset=\"https:\/\/agora.xtec.cat\/ceiplapaubcn\/wp-content\/uploads\/usu1146\/2020\/05\/Captura-de-pantalla-2020-05-06-a-las-18.04.50-1024x640.png 1024w, https:\/\/agora.xtec.cat\/ceiplapaubcn\/wp-content\/uploads\/usu1146\/2020\/05\/Captura-de-pantalla-2020-05-06-a-las-18.04.50-300x188.png 300w, https:\/\/agora.xtec.cat\/ceiplapaubcn\/wp-content\/uploads\/usu1146\/2020\/05\/Captura-de-pantalla-2020-05-06-a-las-18.04.50-768x480.png 768w, https:\/\/agora.xtec.cat\/ceiplapaubcn\/wp-content\/uploads\/usu1146\/2020\/05\/Captura-de-pantalla-2020-05-06-a-las-18.04.50.png 1440w\" sizes=\"auto, (max-width: 1024px) 100vw, 1024px\" \/><\/a><\/p>\n<p>&nbsp;<\/p>\n<p>&nbsp;<\/p>\n","protected":false},"excerpt":{"rendered":"<p>Se puede realizar la preinscripci\u00f3n Online rellenando esta solicitud y envi\u00e1ndola al email escuela o pidiendo d\u00eda y hora a trav\u00e9s de email o tel\u00e9fono: a8002575@xtec.cat 658 78 70 24 ENLLA\u00c7 SOLICITUT: https:\/\/aplicacions.gestioeducativa.gencat.cat\/pls\/apex\/f?p=20160079072543618:5:::NO:RP,5,10,15,20,25::&amp;cs=3QIhkgzy3ePkE9WNuiSuQHVfx0e4 La solicitud s\u00f3lo se considerar\u00e1 presentada cuando, despu\u00e9s de llenar todo el formulario, se ejecuta la opci\u00f3n &#8220;env\u00edo&#8221; desde la \u00faltima pantalla [&hellip;]<\/p>\n","protected":false},"author":5,"featured_media":0,"parent":0,"menu_order":0,"comment_status":"closed","ping_status":"closed","template":"","meta":{"_bbp_topic_count":0,"_bbp_reply_count":0,"_bbp_total_topic_count":0,"_bbp_total_reply_count":0,"_bbp_voice_count":0,"_bbp_anonymous_reply_count":0,"_bbp_topic_count_hidden":0,"_bbp_reply_count_hidden":0,"_bbp_forum_subforum_count":0,"site-sidebar-layout":"default","site-content-layout":"","ast-site-content-layout":"","site-content-style":"default","site-sidebar-style":"default","ast-global-header-display":"","ast-banner-title-visibility":"","ast-main-header-display":"","ast-hfb-above-header-display":"","ast-hfb-below-header-display":"","ast-hfb-mobile-header-display":"","site-post-title":"","ast-breadcrumbs-content":"","ast-featured-img":"","footer-sml-layout":"","theme-transparent-header-meta":"","adv-header-id-meta":"","stick-header-meta":"","header-above-stick-meta":"","header-main-stick-meta":"","header-below-stick-meta":"","astra-migrate-meta-layouts":"default","ast-page-background-enabled":"default","ast-page-background-meta":{"desktop":{"background-color":"var(--ast-global-color-4)","background-image":"","background-repeat":"repeat","background-position":"center center","background-size":"auto","background-attachment":"scroll","background-type":"","background-media":"","overlay-type":"","overlay-color":"","overlay-opacity":"","overlay-gradient":""},"tablet":{"background-color":"","background-image":"","background-repeat":"repeat","background-position":"center center","background-size":"auto","background-attachment":"scroll","background-type":"","background-media":"","overlay-type":"","overlay-color":"","overlay-opacity":"","overlay-gradient":""},"mobile":{"background-color":"","background-image":"","background-repeat":"repeat","background-position":"center center","background-size":"auto","background-attachment":"scroll","background-type":"","background-media":"","overlay-type":"","overlay-color":"","overlay-opacity":"","overlay-gradient":""}},"ast-content-background-meta":{"desktop":{"background-color":"var(--ast-global-color-5)","background-image":"","background-repeat":"repeat","background-position":"center center","background-size":"auto","background-attachment":"scroll","background-type":"","background-media":"","overlay-type":"","overlay-color":"","overlay-opacity":"","overlay-gradient":""},"tablet":{"background-color":"var(--ast-global-color-5)","background-image":"","background-repeat":"repeat","background-position":"center center","background-size":"auto","background-attachment":"scroll","background-type":"","background-media":"","overlay-type":"","overlay-color":"","overlay-opacity":"","overlay-gradient":""},"mobile":{"background-color":"var(--ast-global-color-5)","background-image":"","background-repeat":"repeat","background-position":"center center","background-size":"auto","background-attachment":"scroll","background-type":"","background-media":"","overlay-type":"","overlay-color":"","overlay-opacity":"","overlay-gradient":""}},"footnotes":""},"class_list":["post-15296","page","type-page","status-publish","hentry"],"post_mailing_queue_ids":[],"_links":{"self":[{"href":"https:\/\/agora.xtec.cat\/ceiplapaubcn\/wp-json\/wp\/v2\/pages\/15296","targetHints":{"allow":["GET"]}}],"collection":[{"href":"https:\/\/agora.xtec.cat\/ceiplapaubcn\/wp-json\/wp\/v2\/pages"}],"about":[{"href":"https:\/\/agora.xtec.cat\/ceiplapaubcn\/wp-json\/wp\/v2\/types\/page"}],"author":[{"embeddable":true,"href":"https:\/\/agora.xtec.cat\/ceiplapaubcn\/wp-json\/wp\/v2\/users\/5"}],"replies":[{"embeddable":true,"href":"https:\/\/agora.xtec.cat\/ceiplapaubcn\/wp-json\/wp\/v2\/comments?post=15296"}],"version-history":[{"count":4,"href":"https:\/\/agora.xtec.cat\/ceiplapaubcn\/wp-json\/wp\/v2\/pages\/15296\/revisions"}],"predecessor-version":[{"id":15528,"href":"https:\/\/agora.xtec.cat\/ceiplapaubcn\/wp-json\/wp\/v2\/pages\/15296\/revisions\/15528"}],"wp:attachment":[{"href":"https:\/\/agora.xtec.cat\/ceiplapaubcn\/wp-json\/wp\/v2\/media?parent=15296"}],"curies":[{"name":"wp","href":"https:\/\/api.w.org\/{rel}","templated":true}]}}