{"id":14542,"date":"2020-04-14T16:48:23","date_gmt":"2020-04-14T14:48:23","guid":{"rendered":"http:\/\/agora.xtec.cat\/ceiplapaubcn\/?page_id=14542"},"modified":"2025-02-04T11:55:17","modified_gmt":"2025-02-04T10:55:17","slug":"infantil","status":"publish","type":"page","link":"https:\/\/agora.xtec.cat\/ceiplapaubcn\/infantil\/","title":{"rendered":"Infantil"},"content":{"rendered":"<p><b>EDUCACI\u00d3 INFANTIL A L\u2019ESCOLA LA PAU<\/b><\/p>\n<p>&nbsp;<\/p>\n<table>\n<tbody>\n<tr>\n<th style=\"background-color: #740c4c; height: 1cm; width: 27cm; color: white;\">ARRIBADA A L\u2019ESCOLA<\/th>\n<\/tr>\n<\/tbody>\n<\/table>\n<p style=\"text-align: justify;\"><span style=\"font-weight: 400;\">L\u2019arribada dels infants de 3, 4 i 5 anys a l\u2019escola \u00e9s un moment de grans descobriments d\u2019un nou espai amb noves relacions, amb altres adults i amb nous companys i amics, grans i petits.<\/span><\/p>\n<div id='gallery-1' class='gallery galleryid-14542 gallery-columns-1 gallery-size-medium'><figure class='gallery-item'>\n\t\t\t<div class='gallery-icon landscape'>\n\t\t\t\t<img loading=\"lazy\" decoding=\"async\" width=\"300\" height=\"298\" src=\"https:\/\/agora.xtec.cat\/ceiplapaubcn\/wp-content\/uploads\/usu1146\/2025\/02\/1-2-300x298.png\" class=\"attachment-medium size-medium\" alt=\"\" srcset=\"https:\/\/agora.xtec.cat\/ceiplapaubcn\/wp-content\/uploads\/usu1146\/2025\/02\/1-2-300x298.png 300w, https:\/\/agora.xtec.cat\/ceiplapaubcn\/wp-content\/uploads\/usu1146\/2025\/02\/1-2-150x150.png 150w, https:\/\/agora.xtec.cat\/ceiplapaubcn\/wp-content\/uploads\/usu1146\/2025\/02\/1-2.png 349w\" sizes=\"auto, (max-width: 300px) 100vw, 300px\" \/>\n\t\t\t<\/div><\/figure>\n\t\t<\/div>\n\n<p><span style=\"font-weight: 400;\">Les mestres acollim als infants amb respecte, amor i tendresa per acompanyar la separaci\u00f3 dels seus familiars, i guiar-los en un nou mon que comencen a con\u00e8ixer.<\/span><\/p>\n<div id='gallery-2' class='gallery galleryid-14542 gallery-columns-1 gallery-size-medium'><figure class='gallery-item'>\n\t\t\t<div class='gallery-icon landscape'>\n\t\t\t\t<img loading=\"lazy\" decoding=\"async\" width=\"300\" height=\"154\" src=\"https:\/\/agora.xtec.cat\/ceiplapaubcn\/wp-content\/uploads\/usu1146\/2025\/02\/2-2-300x154.png\" class=\"attachment-medium size-medium\" alt=\"\" aria-describedby=\"gallery-2-17226\" srcset=\"https:\/\/agora.xtec.cat\/ceiplapaubcn\/wp-content\/uploads\/usu1146\/2025\/02\/2-2-300x154.png 300w, https:\/\/agora.xtec.cat\/ceiplapaubcn\/wp-content\/uploads\/usu1146\/2025\/02\/2-2.png 452w\" sizes=\"auto, (max-width: 300px) 100vw, 300px\" \/>\n\t\t\t<\/div>\n\t\t\t\t<figcaption class='wp-caption-text gallery-caption' id='gallery-2-17226'>\n\t\t\t\tEl pati\n\t\t\t\t<\/figcaption><\/figure>\n\t\t<\/div>\n\n<p><span style=\"font-weight: 400;\">A Educaci\u00f3 Infantil treballem per acompanyar els infants per tal que s\u2019hi sentin cuidats i a gust a l\u2019escola, i que el seu dia a dia a La Pau tingui un ritme i uns est\u00edmuls adequats&#8230; sabem que sense benestar i cura l\u2019aprenentatge no s\u2019hi dona plenament; i alhora treballem perqu\u00e8 puguin arribar a l\u2019Educaci\u00f3 Prim\u00e0ria amb un bagatge ric, estimulats i preparats pels nous aprenentatges\u00a0 que s\u2019hi trobaran en els propers cursos.<\/span><\/p>\n<div id='gallery-3' class='gallery galleryid-14542 gallery-columns-1 gallery-size-medium'><figure class='gallery-item'>\n\t\t\t<div class='gallery-icon portrait'>\n\t\t\t\t<img loading=\"lazy\" decoding=\"async\" width=\"201\" height=\"300\" src=\"https:\/\/agora.xtec.cat\/ceiplapaubcn\/wp-content\/uploads\/usu1146\/2025\/02\/3-1-201x300.png\" class=\"attachment-medium size-medium\" alt=\"\" srcset=\"https:\/\/agora.xtec.cat\/ceiplapaubcn\/wp-content\/uploads\/usu1146\/2025\/02\/3-1-201x300.png 201w, https:\/\/agora.xtec.cat\/ceiplapaubcn\/wp-content\/uploads\/usu1146\/2025\/02\/3-1.png 233w\" sizes=\"auto, (max-width: 201px) 100vw, 201px\" \/>\n\t\t\t<\/div><\/figure>\n\t\t<\/div>\n\n<p>&nbsp;<\/p>\n<table>\n<tbody>\n<tr>\n<th style=\"background-color: #740c4c; height: 1cm; width: 27cm; color: white;\">AULES SOL, LLUNA I ESTRELLES<\/th>\n<\/tr>\n<\/tbody>\n<\/table>\n<p><span style=\"font-weight: 400;\">A\u00a0 la seva aula, la classe del Sol, de la Lluna o de les Estrelles, es troben amb un grup d\u2019infants de la seva edat i d\u2019altres m\u00e9s petits o m\u00e9s grans i amb la seva tutora de refer\u00e8ncia. \u00c9s l\u2019espai privilegiat on podr\u00e0 aprendre i compartir amb els altres viv\u00e8ncies, contes, can\u00e7ons i m\u00fasiques, jocs i reptes, h\u00e0bits, propostes d\u2019activitats i descobriments a fer&#8230; el ritme de l\u2019escola entra a poc a poc en el seu ritme de vida, i les mestres acompanyem atentes al seu costat.<\/span><\/p>\n<div id='gallery-4' class='gallery galleryid-14542 gallery-columns-2 gallery-size-medium'><figure class='gallery-item'>\n\t\t\t<div class='gallery-icon portrait'>\n\t\t\t\t<img loading=\"lazy\" decoding=\"async\" width=\"298\" height=\"300\" src=\"https:\/\/agora.xtec.cat\/ceiplapaubcn\/wp-content\/uploads\/usu1146\/2025\/02\/4-1-298x300.png\" class=\"attachment-medium size-medium\" alt=\"\" srcset=\"https:\/\/agora.xtec.cat\/ceiplapaubcn\/wp-content\/uploads\/usu1146\/2025\/02\/4-1-298x300.png 298w, https:\/\/agora.xtec.cat\/ceiplapaubcn\/wp-content\/uploads\/usu1146\/2025\/02\/4-1-150x150.png 150w, https:\/\/agora.xtec.cat\/ceiplapaubcn\/wp-content\/uploads\/usu1146\/2025\/02\/4-1.png 368w\" sizes=\"auto, (max-width: 298px) 100vw, 298px\" \/>\n\t\t\t<\/div><\/figure><figure class='gallery-item'>\n\t\t\t<div class='gallery-icon landscape'>\n\t\t\t\t<img loading=\"lazy\" decoding=\"async\" width=\"300\" height=\"300\" src=\"https:\/\/agora.xtec.cat\/ceiplapaubcn\/wp-content\/uploads\/usu1146\/2025\/02\/5-1-300x300.png\" class=\"attachment-medium size-medium\" alt=\"\" srcset=\"https:\/\/agora.xtec.cat\/ceiplapaubcn\/wp-content\/uploads\/usu1146\/2025\/02\/5-1-300x300.png 300w, https:\/\/agora.xtec.cat\/ceiplapaubcn\/wp-content\/uploads\/usu1146\/2025\/02\/5-1-150x150.png 150w, https:\/\/agora.xtec.cat\/ceiplapaubcn\/wp-content\/uploads\/usu1146\/2025\/02\/5-1.png 314w\" sizes=\"auto, (max-width: 300px) 100vw, 300px\" \/>\n\t\t\t<\/div><\/figure>\n\t\t<\/div>\n\n<p>&nbsp;<\/p>\n<table>\n<tbody>\n<tr>\n<th style=\"background-color: #740c4c; height: 1cm; width: 27cm; color: white;\">FRANGES D\u2019EDATS<\/th>\n<\/tr>\n<\/tbody>\n<\/table>\n<p><span style=\"font-weight: 400;\">En altres moments del dia, la trobada ser\u00e0 amb els companys de la seva edat, on comparteixen altres interessos i activitats, on podran treballar habilitats i continguts m\u00e9s espec\u00edfiques de l\u2019edat i d\u2019una manera continuada al llarg del curs:\u00a0 el grup d\u2019I3, I4, i I5.<\/span><\/p>\n<div id='gallery-5' class='gallery galleryid-14542 gallery-columns-1 gallery-size-medium'><figure class='gallery-item'>\n\t\t\t<div class='gallery-icon landscape'>\n\t\t\t\t<img loading=\"lazy\" decoding=\"async\" width=\"300\" height=\"251\" src=\"https:\/\/agora.xtec.cat\/ceiplapaubcn\/wp-content\/uploads\/usu1146\/2025\/02\/6-1-300x251.png\" class=\"attachment-medium size-medium\" alt=\"\" srcset=\"https:\/\/agora.xtec.cat\/ceiplapaubcn\/wp-content\/uploads\/usu1146\/2025\/02\/6-1-300x250.png 300w, https:\/\/agora.xtec.cat\/ceiplapaubcn\/wp-content\/uploads\/usu1146\/2025\/02\/6-1.png 434w\" sizes=\"auto, (max-width: 300px) 100vw, 300px\" \/>\n\t\t\t<\/div><\/figure>\n\t\t<\/div>\n\n<p>&nbsp;<\/p>\n<table>\n<tbody>\n<tr>\n<th style=\"background-color: #740c4c; height: 1cm; width: 27cm; color: white;\">AMBIENTS<\/th>\n<\/tr>\n<\/tbody>\n<\/table>\n<p><span style=\"font-weight: 400;\">M\u00e9s enll\u00e0 de l\u2019aula els infants gaudeixen tamb\u00e9 d\u2019altres espais educatius de tem\u00e0tiques diferenciades que els proporcionen noves experi\u00e8ncies: sala de psicomotricitat, aula natura, espai explora, aula de fang i pintura, i l\u2019espai de joc simb\u00f2lic \u201c El Barri\u201d, on viuen un reflex de la vida habitual fora de l\u2019escola: el supermercat, la botiga, la casa, l\u2019hospital, la perruqueria i el bar.<\/span><\/p>\n<div id='gallery-6' class='gallery galleryid-14542 gallery-columns-2 gallery-size-medium'><figure class='gallery-item'>\n\t\t\t<div class='gallery-icon landscape'>\n\t\t\t\t<img loading=\"lazy\" decoding=\"async\" width=\"300\" height=\"297\" src=\"https:\/\/agora.xtec.cat\/ceiplapaubcn\/wp-content\/uploads\/usu1146\/2025\/02\/7-300x297.png\" class=\"attachment-medium size-medium\" alt=\"\" srcset=\"https:\/\/agora.xtec.cat\/ceiplapaubcn\/wp-content\/uploads\/usu1146\/2025\/02\/7-300x297.png 300w, https:\/\/agora.xtec.cat\/ceiplapaubcn\/wp-content\/uploads\/usu1146\/2025\/02\/7-150x150.png 150w, https:\/\/agora.xtec.cat\/ceiplapaubcn\/wp-content\/uploads\/usu1146\/2025\/02\/7.png 347w\" sizes=\"auto, (max-width: 300px) 100vw, 300px\" \/>\n\t\t\t<\/div><\/figure><figure class='gallery-item'>\n\t\t\t<div class='gallery-icon portrait'>\n\t\t\t\t<img loading=\"lazy\" decoding=\"async\" width=\"223\" height=\"300\" src=\"https:\/\/agora.xtec.cat\/ceiplapaubcn\/wp-content\/uploads\/usu1146\/2025\/02\/8-223x300.png\" class=\"attachment-medium size-medium\" alt=\"\" srcset=\"https:\/\/agora.xtec.cat\/ceiplapaubcn\/wp-content\/uploads\/usu1146\/2025\/02\/8-223x300.png 223w, https:\/\/agora.xtec.cat\/ceiplapaubcn\/wp-content\/uploads\/usu1146\/2025\/02\/8.png 323w\" sizes=\"auto, (max-width: 223px) 100vw, 223px\" \/>\n\t\t\t<\/div><\/figure><figure class='gallery-item'>\n\t\t\t<div class='gallery-icon landscape'>\n\t\t\t\t<img loading=\"lazy\" decoding=\"async\" width=\"300\" height=\"229\" src=\"https:\/\/agora.xtec.cat\/ceiplapaubcn\/wp-content\/uploads\/usu1146\/2025\/02\/9-300x229.png\" class=\"attachment-medium size-medium\" alt=\"\" aria-describedby=\"gallery-6-17234\" srcset=\"https:\/\/agora.xtec.cat\/ceiplapaubcn\/wp-content\/uploads\/usu1146\/2025\/02\/9-300x229.png 300w, https:\/\/agora.xtec.cat\/ceiplapaubcn\/wp-content\/uploads\/usu1146\/2025\/02\/9.png 368w\" sizes=\"auto, (max-width: 300px) 100vw, 300px\" \/>\n\t\t\t<\/div>\n\t\t\t\t<figcaption class='wp-caption-text gallery-caption' id='gallery-6-17234'>\n\t\t\t\tAula de psicomotricitat\n\t\t\t\t<\/figcaption><\/figure><figure class='gallery-item'>\n\t\t\t<div class='gallery-icon landscape'>\n\t\t\t\t<img loading=\"lazy\" decoding=\"async\" width=\"294\" height=\"288\" src=\"https:\/\/agora.xtec.cat\/ceiplapaubcn\/wp-content\/uploads\/usu1146\/2025\/02\/10.png\" class=\"attachment-medium size-medium\" alt=\"\" aria-describedby=\"gallery-6-17235\" \/>\n\t\t\t<\/div>\n\t\t\t\t<figcaption class='wp-caption-text gallery-caption' id='gallery-6-17235'>\n\t\t\t\tAula explora\n\t\t\t\t<\/figcaption><\/figure>\n\t\t<\/div>\n\n<p>&nbsp;<\/p>\n<table>\n<tbody>\n<tr>\n<th style=\"background-color: #740c4c; height: 1cm; width: 27cm; color: white;\">FAM\u00cdLIES BENVINGUDES<\/th>\n<\/tr>\n<\/tbody>\n<\/table>\n<p><span style=\"font-weight: 400;\">Al llarg del curs les fam\u00edlies podreu con\u00e8ixer aquests espais, aix\u00ed com l\u2019aula, i compartir plegats un temps amb les vostres filles i fills, jugant i gaudint junts unes sessions cada trimestre.<\/span><\/p>\n<div id='gallery-7' class='gallery galleryid-14542 gallery-columns-2 gallery-size-medium'><figure class='gallery-item'>\n\t\t\t<div class='gallery-icon landscape'>\n\t\t\t\t<img loading=\"lazy\" decoding=\"async\" width=\"300\" height=\"224\" src=\"https:\/\/agora.xtec.cat\/ceiplapaubcn\/wp-content\/uploads\/usu1146\/2025\/02\/11-300x224.png\" class=\"attachment-medium size-medium\" alt=\"\" srcset=\"https:\/\/agora.xtec.cat\/ceiplapaubcn\/wp-content\/uploads\/usu1146\/2025\/02\/11-300x224.png 300w, https:\/\/agora.xtec.cat\/ceiplapaubcn\/wp-content\/uploads\/usu1146\/2025\/02\/11-200x150.png 200w, https:\/\/agora.xtec.cat\/ceiplapaubcn\/wp-content\/uploads\/usu1146\/2025\/02\/11.png 343w\" sizes=\"auto, (max-width: 300px) 100vw, 300px\" \/>\n\t\t\t<\/div><\/figure><figure class='gallery-item'>\n\t\t\t<div class='gallery-icon landscape'>\n\t\t\t\t<img loading=\"lazy\" decoding=\"async\" width=\"300\" height=\"225\" src=\"https:\/\/agora.xtec.cat\/ceiplapaubcn\/wp-content\/uploads\/usu1146\/2025\/02\/12-300x225.png\" class=\"attachment-medium size-medium\" alt=\"\" aria-describedby=\"gallery-7-17238\" srcset=\"https:\/\/agora.xtec.cat\/ceiplapaubcn\/wp-content\/uploads\/usu1146\/2025\/02\/12-300x225.png 300w, https:\/\/agora.xtec.cat\/ceiplapaubcn\/wp-content\/uploads\/usu1146\/2025\/02\/12-200x150.png 200w, https:\/\/agora.xtec.cat\/ceiplapaubcn\/wp-content\/uploads\/usu1146\/2025\/02\/12.png 348w\" sizes=\"auto, (max-width: 300px) 100vw, 300px\" \/>\n\t\t\t<\/div>\n\t\t\t\t<figcaption class='wp-caption-text gallery-caption' id='gallery-7-17238'>\n\t\t\t\tclasse del Sol\n\t\t\t\t<\/figcaption><\/figure>\n\t\t<\/div>\n\n","protected":false},"excerpt":{"rendered":"<p>EDUCACI\u00d3 INFANTIL A L\u2019ESCOLA LA PAU &nbsp; ARRIBADA A L\u2019ESCOLA L\u2019arribada dels infants de 3, 4 i 5 anys a l\u2019escola \u00e9s un moment de grans descobriments d\u2019un nou espai amb noves relacions, amb altres adults i amb nous companys i amics, grans i petits. Les mestres acollim als infants amb respecte, amor i tendresa [&hellip;]<\/p>\n","protected":false},"author":1,"featured_media":0,"parent":0,"menu_order":0,"comment_status":"closed","ping_status":"closed","template":"","meta":{"_bbp_topic_count":0,"_bbp_reply_count":0,"_bbp_total_topic_count":0,"_bbp_total_reply_count":0,"_bbp_voice_count":0,"_bbp_anonymous_reply_count":0,"_bbp_topic_count_hidden":0,"_bbp_reply_count_hidden":0,"_bbp_forum_subforum_count":0,"site-sidebar-layout":"default","site-content-layout":"","ast-site-content-layout":"","site-content-style":"default","site-sidebar-style":"default","ast-global-header-display":"","ast-banner-title-visibility":"","ast-main-header-display":"","ast-hfb-above-header-display":"","ast-hfb-below-header-display":"","ast-hfb-mobile-header-display":"","site-post-title":"","ast-breadcrumbs-content":"","ast-featured-img":"","footer-sml-layout":"","theme-transparent-header-meta":"","adv-header-id-meta":"","stick-header-meta":"","header-above-stick-meta":"","header-main-stick-meta":"","header-below-stick-meta":"","astra-migrate-meta-layouts":"default","ast-page-background-enabled":"default","ast-page-background-meta":{"desktop":{"background-color":"var(--ast-global-color-4)","background-image":"","background-repeat":"repeat","background-position":"center center","background-size":"auto","background-attachment":"scroll","background-type":"","background-media":"","overlay-type":"","overlay-color":"","overlay-opacity":"","overlay-gradient":""},"tablet":{"background-color":"","background-image":"","background-repeat":"repeat","background-position":"center center","background-size":"auto","background-attachment":"scroll","background-type":"","background-media":"","overlay-type":"","overlay-color":"","overlay-opacity":"","overlay-gradient":""},"mobile":{"background-color":"","background-image":"","background-repeat":"repeat","background-position":"center center","background-size":"auto","background-attachment":"scroll","background-type":"","background-media":"","overlay-type":"","overlay-color":"","overlay-opacity":"","overlay-gradient":""}},"ast-content-background-meta":{"desktop":{"background-color":"var(--ast-global-color-5)","background-image":"","background-repeat":"repeat","background-position":"center center","background-size":"auto","background-attachment":"scroll","background-type":"","background-media":"","overlay-type":"","overlay-color":"","overlay-opacity":"","overlay-gradient":""},"tablet":{"background-color":"var(--ast-global-color-5)","background-image":"","background-repeat":"repeat","background-position":"center center","background-size":"auto","background-attachment":"scroll","background-type":"","background-media":"","overlay-type":"","overlay-color":"","overlay-opacity":"","overlay-gradient":""},"mobile":{"background-color":"var(--ast-global-color-5)","background-image":"","background-repeat":"repeat","background-position":"center center","background-size":"auto","background-attachment":"scroll","background-type":"","background-media":"","overlay-type":"","overlay-color":"","overlay-opacity":"","overlay-gradient":""}},"footnotes":""},"class_list":["post-14542","page","type-page","status-publish","hentry"],"post_mailing_queue_ids":[],"_links":{"self":[{"href":"https:\/\/agora.xtec.cat\/ceiplapaubcn\/wp-json\/wp\/v2\/pages\/14542","targetHints":{"allow":["GET"]}}],"collection":[{"href":"https:\/\/agora.xtec.cat\/ceiplapaubcn\/wp-json\/wp\/v2\/pages"}],"about":[{"href":"https:\/\/agora.xtec.cat\/ceiplapaubcn\/wp-json\/wp\/v2\/types\/page"}],"author":[{"embeddable":true,"href":"https:\/\/agora.xtec.cat\/ceiplapaubcn\/wp-json\/wp\/v2\/users\/1"}],"replies":[{"embeddable":true,"href":"https:\/\/agora.xtec.cat\/ceiplapaubcn\/wp-json\/wp\/v2\/comments?post=14542"}],"version-history":[{"count":7,"href":"https:\/\/agora.xtec.cat\/ceiplapaubcn\/wp-json\/wp\/v2\/pages\/14542\/revisions"}],"predecessor-version":[{"id":17239,"href":"https:\/\/agora.xtec.cat\/ceiplapaubcn\/wp-json\/wp\/v2\/pages\/14542\/revisions\/17239"}],"wp:attachment":[{"href":"https:\/\/agora.xtec.cat\/ceiplapaubcn\/wp-json\/wp\/v2\/media?parent=14542"}],"curies":[{"name":"wp","href":"https:\/\/api.w.org\/{rel}","templated":true}]}}