{"id":12118,"date":"2018-07-06T10:05:06","date_gmt":"2018-07-06T08:05:06","guid":{"rendered":"http:\/\/agora.xtec.cat\/ceiplapaubcn\/?page_id=12118"},"modified":"2025-06-26T14:35:27","modified_gmt":"2025-06-26T12:35:27","slug":"documents-de-gestio-de-centre","status":"publish","type":"page","link":"https:\/\/agora.xtec.cat\/ceiplapaubcn\/documents-de-gestio-de-centre\/","title":{"rendered":"Documents de Gesti\u00f3 de Centre"},"content":{"rendered":"<tr>\n<th style=\"background-color: #e9da0c; height: 1cm; width: 27cm; color: black;\">Actualment les <strong><em>NOFC<\/em><\/strong> estan en proc\u00e9s de revisi\u00f3, seran publicades en la web properament.<\/th>\n<\/tr>\n<\/tbody>\n<\/table>\n<p>&nbsp;<\/p>\n<table>\n<tbody>\n<tr>\n<th style=\"background-color: #740c4c; height: 1cm; width: 27cm; color: white;\">PROJECTE DE DIRECCI\u00d3<\/th>\n<\/tr>\n<\/tbody>\n<\/table>\n<p><iframe loading=\"lazy\" src=\"https:\/\/player.flipsnack.com?hash=QzhDN0ZGRDZBRUQrZHpwc2Nwa3Z4bg==\" width=\"100%\" height=\"480\" seamless=\"seamless\" scrolling=\"no\" frameBorder=\"0\" allowFullScreen allow=\"autoplay; clipboard-read; clipboard-write\"><\/iframe><\/p>\n<table>\n<tbody>\n<tr>\n<th style=\"background-color: #740c4c; height: 1cm; width: 27cm; color: white;\">PROJECTE EDUCATIU<\/th>\n<\/tr>\n<\/tbody>\n<\/table>\n<p><iframe loading=\"lazy\" src=\"https:\/\/cdn.flipsnack.com\/widget\/v2\/widget.html?hash=fhml69m3z&amp;bgcolor=EEEEEE&amp;t=1545392006\" width=\"100%\" height=\"400\" frameborder=\"0\" scrolling=\"no\" seamless=\"seamless\" allowfullscreen=\"allowfullscreen\"><\/iframe><\/p>\n<p>&nbsp;<\/p>\n<table>\n<tbody>\n<tr>\n<th style=\"background-color: #740c4c; height: 1cm; width: 27cm; color: white;\">PROJECTE LING\u00dc\u00cdSTIC<\/th>\n<\/tr>\n<\/tbody>\n<\/table>\n<p><iframe loading=\"lazy\" src=\"https:\/\/cdn.flipsnack.com\/widget\/v2\/widget.html?hash=fdcig38pr\" width=\"100%\" height=\"480\" frameborder=\"0\" scrolling=\"no\" seamless=\"seamless\" allowfullscreen=\"allowfullscreen\"><\/iframe><\/p>\n<p>&nbsp;<\/p>\n<table>\n<tbody>\n<tr>\n<th style=\"background-color: #740c4c; height: 1cm; width: 27cm; color: white;\">ESTRAT\u00c8GIA DIGITAL DEL CENTRE<\/th>\n<\/tr>\n<\/tbody>\n<\/table>\n<p><a href=\"https:\/\/sites.google.com\/xtec.cat\/estratgiadigitalescolalapau\/p%C3%A0gina-principal\">https:\/\/sites.google.com\/xtec.cat\/estratgiadigitalescolalapau\/p%C3%A0gina-principal<\/a><\/p>\n","protected":false},"excerpt":{"rendered":"<p>Actualment les NOFC estan en proc\u00e9s de revisi\u00f3, seran publicades en la web properament. &nbsp; PROJECTE DE DIRECCI\u00d3 PROJECTE EDUCATIU &nbsp; PROJECTE LING\u00dc\u00cdSTIC &nbsp; ESTRAT\u00c8GIA DIGITAL DEL CENTRE https:\/\/sites.google.com\/xtec.cat\/estratgiadigitalescolalapau\/p%C3%A0gina-principal<\/p>\n","protected":false},"author":1,"featured_media":0,"parent":0,"menu_order":0,"comment_status":"closed","ping_status":"closed","template":"","meta":{"_bbp_topic_count":0,"_bbp_reply_count":0,"_bbp_total_topic_count":0,"_bbp_total_reply_count":0,"_bbp_voice_count":0,"_bbp_anonymous_reply_count":0,"_bbp_topic_count_hidden":0,"_bbp_reply_count_hidden":0,"_bbp_forum_subforum_count":0,"site-sidebar-layout":"default","site-content-layout":"","ast-site-content-layout":"","site-content-style":"default","site-sidebar-style":"default","ast-global-header-display":"","ast-banner-title-visibility":"","ast-main-header-display":"","ast-hfb-above-header-display":"","ast-hfb-below-header-display":"","ast-hfb-mobile-header-display":"","site-post-title":"","ast-breadcrumbs-content":"","ast-featured-img":"","footer-sml-layout":"","theme-transparent-header-meta":"","adv-header-id-meta":"","stick-header-meta":"","header-above-stick-meta":"","header-main-stick-meta":"","header-below-stick-meta":"","astra-migrate-meta-layouts":"default","ast-page-background-enabled":"default","ast-page-background-meta":{"desktop":{"background-color":"var(--ast-global-color-4)","background-image":"","background-repeat":"repeat","background-position":"center center","background-size":"auto","background-attachment":"scroll","background-type":"","background-media":"","overlay-type":"","overlay-color":"","overlay-opacity":"","overlay-gradient":""},"tablet":{"background-color":"","background-image":"","background-repeat":"repeat","background-position":"center center","background-size":"auto","background-attachment":"scroll","background-type":"","background-media":"","overlay-type":"","overlay-color":"","overlay-opacity":"","overlay-gradient":""},"mobile":{"background-color":"","background-image":"","background-repeat":"repeat","background-position":"center center","background-size":"auto","background-attachment":"scroll","background-type":"","background-media":"","overlay-type":"","overlay-color":"","overlay-opacity":"","overlay-gradient":""}},"ast-content-background-meta":{"desktop":{"background-color":"var(--ast-global-color-5)","background-image":"","background-repeat":"repeat","background-position":"center center","background-size":"auto","background-attachment":"scroll","background-type":"","background-media":"","overlay-type":"","overlay-color":"","overlay-opacity":"","overlay-gradient":""},"tablet":{"background-color":"var(--ast-global-color-5)","background-image":"","background-repeat":"repeat","background-position":"center center","background-size":"auto","background-attachment":"scroll","background-type":"","background-media":"","overlay-type":"","overlay-color":"","overlay-opacity":"","overlay-gradient":""},"mobile":{"background-color":"var(--ast-global-color-5)","background-image":"","background-repeat":"repeat","background-position":"center center","background-size":"auto","background-attachment":"scroll","background-type":"","background-media":"","overlay-type":"","overlay-color":"","overlay-opacity":"","overlay-gradient":""}},"footnotes":""},"class_list":["post-12118","page","type-page","status-publish","hentry"],"post_mailing_queue_ids":[],"_links":{"self":[{"href":"https:\/\/agora.xtec.cat\/ceiplapaubcn\/wp-json\/wp\/v2\/pages\/12118","targetHints":{"allow":["GET"]}}],"collection":[{"href":"https:\/\/agora.xtec.cat\/ceiplapaubcn\/wp-json\/wp\/v2\/pages"}],"about":[{"href":"https:\/\/agora.xtec.cat\/ceiplapaubcn\/wp-json\/wp\/v2\/types\/page"}],"author":[{"embeddable":true,"href":"https:\/\/agora.xtec.cat\/ceiplapaubcn\/wp-json\/wp\/v2\/users\/1"}],"replies":[{"embeddable":true,"href":"https:\/\/agora.xtec.cat\/ceiplapaubcn\/wp-json\/wp\/v2\/comments?post=12118"}],"version-history":[{"count":8,"href":"https:\/\/agora.xtec.cat\/ceiplapaubcn\/wp-json\/wp\/v2\/pages\/12118\/revisions"}],"predecessor-version":[{"id":17549,"href":"https:\/\/agora.xtec.cat\/ceiplapaubcn\/wp-json\/wp\/v2\/pages\/12118\/revisions\/17549"}],"wp:attachment":[{"href":"https:\/\/agora.xtec.cat\/ceiplapaubcn\/wp-json\/wp\/v2\/media?parent=12118"}],"curies":[{"name":"wp","href":"https:\/\/api.w.org\/{rel}","templated":true}]}}