{"id":11828,"date":"2018-03-14T13:18:10","date_gmt":"2018-03-14T12:18:10","guid":{"rendered":"http:\/\/agora.xtec.cat\/ceiplapaubcn\/?page_id=11828"},"modified":"2026-04-14T13:54:12","modified_gmt":"2026-04-14T11:54:12","slug":"organigrama","status":"publish","type":"page","link":"https:\/\/agora.xtec.cat\/ceiplapaubcn\/lescola\/organigrama\/","title":{"rendered":"Organigrama 2025-2026"},"content":{"rendered":"<div style=\"padding-left: 1cm;\">\n<table style=\"border-collapse: collapse; width: 80%; height: 1182px;\">\n<tbody>\n<tr style=\"height: 32px;\">\n<td style=\"text-align: center; background-color: #740c4c; color: white; height: 32px; width: 76.6667%;\" colspan=\"3\"><em><strong>EQUIP DIRECTIU<\/strong><\/em><\/td>\n<td><\/td>\n<\/tr>\n<tr style=\"height: 64px;\">\n<td style=\"background-color: #b5196e; color: white; width: 22.5397%; height: 64px;\"><strong>Directora<\/strong><\/td>\n<td style=\"width: 24.127%; height: 64px;\">S\u00f2nia Burgu\u00e9s<\/td>\n<td style=\"height: 64px; width: 30%;\">a8002575@xtec.cat<\/td>\n<td style=\"height: 64px; width: 23.1746%;\"><button><a href=\"https:\/\/agora.xtec.cat\/ceiplapaubcn\/wp-content\/uploads\/usu1146\/2025\/03\/Directora-Sonia-Burgues.pdf\">Perfil i Traject\u00f2ria professional<\/a><br \/>\n<\/button><\/td>\n<\/tr>\n<tr style=\"height: 64px;\">\n<td style=\"background-color: #b5196e; color: white; height: 64px; width: 22.5397%;\"><strong>Cap d\u2019Estudis<\/strong><\/td>\n<td style=\"height: 64px; width: 24.127%;\">Maria Neira<\/td>\n<td style=\"height: 64px; width: 30%;\">capdestudis@elapau.cat<\/td>\n<td style=\"height: 64px; width: 23.1746%;\"><button><a href=\"https:\/\/agora.xtec.cat\/ceiplapaubcn\/wp-content\/uploads\/usu1146\/2025\/03\/Cap-destudis-Maria-Neira.pdf\">Perfil i Traject\u00f2ria professional<\/a><\/button><\/td>\n<\/tr>\n<tr style=\"height: 64px;\">\n<td style=\"background-color: #b5196e; color: white; height: 64px; width: 22.5397%;\"><strong>Secretaria<\/strong><\/td>\n<td style=\"height: 64px; width: 24.127%;\">\u00c0ngels Pinatella<\/td>\n<td style=\"height: 64px; width: 30%;\">secretaria@elapau.cat<\/td>\n<td style=\"height: 64px; width: 23.1746%;\"><button><a href=\"https:\/\/agora.xtec.cat\/ceiplapaubcn\/wp-content\/uploads\/usu1146\/2025\/03\/Secretaria-Angels-Pinatella.pdf\">Perfil i Traject\u00f2ria professional<\/a><\/button><\/td>\n<\/tr>\n<tr style=\"height: 32px;\">\n<td style=\"text-align: center; background-color: #740c4c; color: white; height: 32px; width: 76.6667%;\" colspan=\"3\"><strong><em>EQUIP DOCENT<\/em><\/strong><\/td>\n<td><\/td>\n<\/tr>\n<tr style=\"height: 32px;\">\n<td style=\"text-align: center; background-color: #740c4c; color: white; height: 32px; width: 76.6667%;\" colspan=\"3\"><strong>Infantil<\/strong><\/td>\n<td><\/td>\n<\/tr>\n<tr style=\"height: 48px;\">\n<td style=\"background-color: #b5196e; color: white; width: 22.5397%; height: 48px;\"><strong>Classe Sol<\/strong><\/td>\n<td style=\"width: 24.127%; height: 48px;\"><span style=\"font-weight: 400;\">Javier Falc\u00f3n Balboa<\/span><\/td>\n<td style=\"height: 48px; width: 30%;\">classesol@elapau.cat<\/td>\n<td><\/td>\n<\/tr>\n<tr style=\"height: 48px;\">\n<td style=\"background-color: #b5196e; color: white; height: 48px; width: 22.5397%;\"><strong>Classe Lluna<\/strong><\/td>\n<td style=\"height: 48px; width: 24.127%;\">Alba Llanos<\/td>\n<td style=\"height: 48px; width: 30%;\">classelluna@elapau.cat<\/td>\n<td><\/td>\n<\/tr>\n<tr style=\"height: 48px;\">\n<td style=\"background-color: #b5196e; color: white; height: 48px; width: 22.5397%;\"><strong>Classe Estrelles<\/strong><\/td>\n<td style=\"height: 48px; width: 24.127%;\">Mireia Cobo<\/td>\n<td style=\"height: 48px; width: 30%;\">classeestrelles@elapau.cat<\/td>\n<td><\/td>\n<\/tr>\n<tr>\n<td style=\"background-color: #b5196e; color: white; width: 22.5397%;\"><strong>Coordinadora<\/strong><\/td>\n<td style=\"width: 24.127%;\">Montse \u00c1lvarez<\/td>\n<td style=\"width: 30%;\"><span style=\"font-weight: 400;\">refinfantil@elapau.cat<\/span><\/td>\n<td><\/td>\n<\/tr>\n<tr style=\"height: 32px;\">\n<td style=\"text-align: center; background-color: #740c4c; color: white; height: 32px; width: 76.6667%;\" colspan=\"3\"><strong>Primaria<\/strong><\/td>\n<td><\/td>\n<\/tr>\n<tr style=\"height: 48px;\">\n<td style=\"background-color: #b5196e; color: white; height: 48px; width: 22.5397%;\"><strong>Classe 1r<\/strong><\/td>\n<td style=\"width: 24.127%; height: 48px;\">Noem\u00ed Lopez<\/td>\n<td style=\"height: 48px; width: 30%;\">classe1r@elapau.cat<\/td>\n<td><\/td>\n<\/tr>\n<tr style=\"height: 48px;\">\n<td style=\"background-color: #b5196e; color: white; height: 48px; width: 22.5397%;\"><strong>Classe 2n<\/strong><\/td>\n<td style=\"height: 48px; width: 24.127%;\">Lydia Mora<\/td>\n<td style=\"height: 48px; width: 30%;\">classe2n@elapau.cat<\/td>\n<td><\/td>\n<\/tr>\n<tr style=\"height: 48px;\">\n<td style=\"background-color: #b5196e; color: white; height: 48px; width: 22.5397%;\"><strong>Classe 3r<\/strong><\/td>\n<td style=\"height: 48px; width: 24.127%;\">Clara Terencia<\/td>\n<td style=\"height: 48px; width: 30%;\">classe3r@elapau.cat<\/td>\n<td><\/td>\n<\/tr>\n<tr style=\"height: 48px;\">\n<td style=\"background-color: #b5196e; color: white; height: 48px; width: 22.5397%;\"><strong>Classe 4t<\/strong><\/td>\n<td style=\"height: 48px; width: 24.127%;\">Maria Andrino<\/td>\n<td style=\"height: 48px; width: 30%;\">classe4t@elapau.cat<\/td>\n<td><\/td>\n<\/tr>\n<tr style=\"height: 48px;\">\n<td style=\"background-color: #b5196e; color: white; height: 48px; width: 22.5397%;\"><strong>Classe 5\u00e8<\/strong><\/td>\n<td style=\"height: 48px; width: 24.127%;\">Judit Vallalta<\/td>\n<td style=\"height: 48px; width: 30%;\">classe5e@elapau.cat<\/td>\n<td><\/td>\n<\/tr>\n<tr style=\"height: 79px;\">\n<td style=\"background-color: #b5196e; color: white; height: 79px; width: 22.5397%;\"><strong>Classe 6\u00e8<\/strong><\/td>\n<td style=\"height: 79px; width: 24.127%;\">Bel\u00e9n Rodr\u00edguez<\/td>\n<td style=\"height: 79px; width: 30%;\">classe6e@elapau.cat<\/td>\n<td><\/td>\n<\/tr>\n<tr style=\"height: 48px;\">\n<td style=\"background-color: #b5196e; color: white; height: 48px; width: 22.5397%;\"><strong>Acollida<\/strong><\/td>\n<td style=\"height: 48px; width: 24.127%;\">M. Carmen Jimenez<\/td>\n<td style=\"height: 48px; width: 30%;\">acollida@elapau.cat<\/td>\n<td><\/td>\n<\/tr>\n<tr style=\"height: 48px;\">\n<td style=\"background-color: #b5196e; color: white; height: 48px; width: 22.5397%;\"><strong>M\u00fasica<\/strong><\/td>\n<td style=\"height: 48px; width: 24.127%;\">Javier Caro<\/td>\n<td style=\"height: 48px; width: 30%;\">musica@elapau.cat<\/td>\n<td><\/td>\n<\/tr>\n<tr style=\"height: 48px;\">\n<td style=\"background-color: #b5196e; color: white; height: 48px; width: 22.5397%;\"><strong>English <\/strong><\/td>\n<td style=\"height: 48px; width: 24.127%;\">Anna Barcia<\/p>\n<p>Roger Ruiz<\/td>\n<td style=\"height: 48px; width: 30%;\">englishgrans@elapau.cat<\/p>\n<p>englishpetits@elapau.cat<\/td>\n<td><\/td>\n<\/tr>\n<tr style=\"height: 48px;\">\n<td style=\"background-color: #b5196e; color: white; height: 48px; width: 22.5397%;\"><strong>Ed. F\u00edsica <\/strong><\/td>\n<td style=\"height: 48px; width: 24.127%;\">David Casabona<\/td>\n<td style=\"height: 48px; width: 30%;\">edfisicagrans@elapau.cat<\/td>\n<td><\/td>\n<\/tr>\n<tr>\n<td style=\"background-color: #b5196e; color: white; width: 22.5397%;\"><b>Mesi<\/b><\/td>\n<td style=\"width: 24.127%;\"><span style=\"font-weight: 400;\">Ferran Mart\u00ednez<\/span><\/td>\n<td style=\"width: 30%;\"><span style=\"font-weight: 400;\">adgrans@elapau.cat<\/span><\/td>\n<td><\/td>\n<\/tr>\n<tr style=\"height: 32px;\">\n<td style=\"text-align: center; background-color: #740c4c; color: white; height: 32px; width: 76.6667%;\" colspan=\"3\"><em><strong>EQUIP ADMINISTRATIU<\/strong><\/em><\/td>\n<td><\/td>\n<\/tr>\n<tr style=\"height: 48px;\">\n<td style=\"background-color: #b5196e; color: white; width: 22.5397%; height: 48px;\"><strong>Administrador\/a<\/strong><\/td>\n<td style=\"width: 24.127%; height: 48px;\"><span style=\"font-weight: 400;\">Martin Est\u00e9vez <\/span><\/td>\n<td style=\"height: 48px; width: 30%;\">administrador@elapau.cat<\/td>\n<td><\/td>\n<\/tr>\n<tr style=\"height: 79px;\">\n<td style=\"background-color: #b5196e; color: white; height: 79px; width: 22.5397%;\"><strong>Consergeria<\/strong><\/td>\n<td style=\"height: 79px; width: 24.127%;\">Pilar Cipres i Joan Rodriguez<\/td>\n<td style=\"height: 79px; width: 30%;\">consergeria@elapau.cat<\/td>\n<td><\/td>\n<\/tr>\n<tr style=\"height: 48px;\">\n<td style=\"background-color: #b5196e; color: white; height: 48px; width: 22.5397%;\"><strong>TIS<\/strong><\/td>\n<td style=\"height: 48px; width: 24.127%;\">Eva Planas<\/td>\n<td style=\"height: 48px; width: 30%;\">tis@elapau.cat<\/td>\n<td><\/td>\n<\/tr>\n<tr>\n<td style=\"background-color: #b5196e; color: white; width: 22.5397%;\"><strong>Educadora Social<\/strong><\/td>\n<td style=\"width: 24.127%;\"><span style=\"font-weight: 400;\">Anna Gonzalez <\/span><\/td>\n<td style=\"width: 30%;\"><span style=\"font-weight: 400;\">edusocial@elapau.cat<\/span><\/td>\n<td><\/td>\n<\/tr>\n<tr style=\"height: 32px;\">\n<td style=\"text-align: center; background-color: #740c4c; color: white; height: 32px; width: 76.6667%;\" colspan=\"3\"><em><strong>EQUIP MIGDIA I EXTRAESCOLARS<\/strong><\/em><\/td>\n<td><\/td>\n<\/tr>\n<tr style=\"height: 48px;\">\n<td style=\"background-color: #b5196e; color: white; width: 22.5397%; height: 48px;\"><strong>Coordinadora<\/strong><\/td>\n<td style=\"width: 24.127%; height: 48px;\">Miriam Maneses<\/td>\n<td style=\"height: 48px; width: 30%;\">espaimigdialapau@gmail.com<\/td>\n<td><\/td>\n<\/tr>\n<\/tbody>\n<\/table>\n<\/div>\n<p><!----comment node----><!--a=1--><!--a=1--><\/p>\n<p><!--a=1--><\/p>\n<p><!----comment node----><!--a=1--><\/p>\n","protected":false},"excerpt":{"rendered":"<p>EQUIP DIRECTIU Directora S\u00f2nia Burgu\u00e9s a8002575@xtec.cat Perfil i Traject\u00f2ria professional Cap d\u2019Estudis Maria Neira capdestudis@elapau.cat Perfil i Traject\u00f2ria professional Secretaria \u00c0ngels Pinatella secretaria@elapau.cat Perfil i Traject\u00f2ria professional EQUIP DOCENT Infantil Classe Sol Javier Falc\u00f3n Balboa classesol@elapau.cat Classe Lluna Alba Llanos classelluna@elapau.cat Classe Estrelles Mireia Cobo classeestrelles@elapau.cat Coordinadora Montse \u00c1lvarez refinfantil@elapau.cat Primaria Classe 1r Noem\u00ed Lopez [&hellip;]<\/p>\n","protected":false},"author":1,"featured_media":0,"parent":22,"menu_order":0,"comment_status":"closed","ping_status":"closed","template":"","meta":{"_bbp_topic_count":0,"_bbp_reply_count":0,"_bbp_total_topic_count":0,"_bbp_total_reply_count":0,"_bbp_voice_count":0,"_bbp_anonymous_reply_count":0,"_bbp_topic_count_hidden":0,"_bbp_reply_count_hidden":0,"_bbp_forum_subforum_count":0,"site-sidebar-layout":"default","site-content-layout":"","ast-site-content-layout":"default","site-content-style":"default","site-sidebar-style":"default","ast-global-header-display":"","ast-banner-title-visibility":"","ast-main-header-display":"","ast-hfb-above-header-display":"","ast-hfb-below-header-display":"","ast-hfb-mobile-header-display":"","site-post-title":"","ast-breadcrumbs-content":"","ast-featured-img":"","footer-sml-layout":"","theme-transparent-header-meta":"","adv-header-id-meta":"","stick-header-meta":"","header-above-stick-meta":"","header-main-stick-meta":"","header-below-stick-meta":"","astra-migrate-meta-layouts":"set","ast-page-background-enabled":"default","ast-page-background-meta":{"desktop":{"background-color":"var(--ast-global-color-4)","background-image":"","background-repeat":"repeat","background-position":"center center","background-size":"auto","background-attachment":"scroll","background-type":"","background-media":"","overlay-type":"","overlay-color":"","overlay-opacity":"","overlay-gradient":""},"tablet":{"background-color":"","background-image":"","background-repeat":"repeat","background-position":"center center","background-size":"auto","background-attachment":"scroll","background-type":"","background-media":"","overlay-type":"","overlay-color":"","overlay-opacity":"","overlay-gradient":""},"mobile":{"background-color":"","background-image":"","background-repeat":"repeat","background-position":"center center","background-size":"auto","background-attachment":"scroll","background-type":"","background-media":"","overlay-type":"","overlay-color":"","overlay-opacity":"","overlay-gradient":""}},"ast-content-background-meta":{"desktop":{"background-color":"var(--ast-global-color-5)","background-image":"","background-repeat":"repeat","background-position":"center center","background-size":"auto","background-attachment":"scroll","background-type":"","background-media":"","overlay-type":"","overlay-color":"","overlay-opacity":"","overlay-gradient":""},"tablet":{"background-color":"var(--ast-global-color-5)","background-image":"","background-repeat":"repeat","background-position":"center center","background-size":"auto","background-attachment":"scroll","background-type":"","background-media":"","overlay-type":"","overlay-color":"","overlay-opacity":"","overlay-gradient":""},"mobile":{"background-color":"var(--ast-global-color-5)","background-image":"","background-repeat":"repeat","background-position":"center center","background-size":"auto","background-attachment":"scroll","background-type":"","background-media":"","overlay-type":"","overlay-color":"","overlay-opacity":"","overlay-gradient":""}},"footnotes":""},"class_list":["post-11828","page","type-page","status-publish","hentry"],"post_mailing_queue_ids":[],"_links":{"self":[{"href":"https:\/\/agora.xtec.cat\/ceiplapaubcn\/wp-json\/wp\/v2\/pages\/11828","targetHints":{"allow":["GET"]}}],"collection":[{"href":"https:\/\/agora.xtec.cat\/ceiplapaubcn\/wp-json\/wp\/v2\/pages"}],"about":[{"href":"https:\/\/agora.xtec.cat\/ceiplapaubcn\/wp-json\/wp\/v2\/types\/page"}],"author":[{"embeddable":true,"href":"https:\/\/agora.xtec.cat\/ceiplapaubcn\/wp-json\/wp\/v2\/users\/1"}],"replies":[{"embeddable":true,"href":"https:\/\/agora.xtec.cat\/ceiplapaubcn\/wp-json\/wp\/v2\/comments?post=11828"}],"version-history":[{"count":5,"href":"https:\/\/agora.xtec.cat\/ceiplapaubcn\/wp-json\/wp\/v2\/pages\/11828\/revisions"}],"predecessor-version":[{"id":17660,"href":"https:\/\/agora.xtec.cat\/ceiplapaubcn\/wp-json\/wp\/v2\/pages\/11828\/revisions\/17660"}],"up":[{"embeddable":true,"href":"https:\/\/agora.xtec.cat\/ceiplapaubcn\/wp-json\/wp\/v2\/pages\/22"}],"wp:attachment":[{"href":"https:\/\/agora.xtec.cat\/ceiplapaubcn\/wp-json\/wp\/v2\/media?parent=11828"}],"curies":[{"name":"wp","href":"https:\/\/api.w.org\/{rel}","templated":true}]}}