{"id":11380,"date":"2018-01-17T12:24:59","date_gmt":"2018-01-17T11:24:59","guid":{"rendered":"http:\/\/agora.xtec.cat\/ceiplapaubcn\/?page_id=11380"},"modified":"2025-10-01T09:54:06","modified_gmt":"2025-10-01T07:54:06","slug":"qui-som","status":"publish","type":"page","link":"https:\/\/agora.xtec.cat\/ceiplapaubcn\/lescola\/qui-som\/","title":{"rendered":"Qui Som?"},"content":{"rendered":"<p style=\"text-align: justify;\">Som una escola petita i familiar, on tots ens coneixem. L\u00b4equip de mestres i de treballadors de l\u00b4escola sentim que hem d\u2019estar a prop dels alumnes per poder-los acompanyar en aquest temps que passem junts a l\u2019escola.<\/p>\n<p>Volem cuidar els vincles, tant amb els alumnes com amb les fam\u00edlies; vincles que ens donen seguretat i ens ajuden a cr\u00e9ixer. Per tant, donem la benvinguda i animem a les fam\u00edlies a participar en activitats de l\u2019escola: col\u00b7laboraci\u00f3 a la classe, acompanyar a les sortides i excursions, participaci\u00f3 a les festes\u2026<\/p>\n<p><strong>L\u00b4equip de professionals<\/strong>\u00a0us saluda i est\u00e0 molt content que tots formem part d\u00b4aquesta fam\u00edlia, la fam\u00edlia de La Pau.<\/p>\n<p>&nbsp;<\/p>\n<table>\n<tbody>\n<tr>\n<th style=\"background-color: #740c4c; height: 1cm; width: 27cm; color: white;\">Equip Educatiu<\/th>\n<\/tr>\n<\/tbody>\n<\/table>\n<div id='gallery-1' class='gallery galleryid-11380 gallery-columns-1 gallery-size-full'><figure class='gallery-item'>\n\t\t\t<div class='gallery-icon landscape'>\n\t\t\t\t<img loading=\"lazy\" decoding=\"async\" width=\"1600\" height=\"1200\" src=\"https:\/\/agora.xtec.cat\/ceiplapaubcn\/wp-content\/uploads\/usu1146\/2025\/10\/WhatsApp-Image-2025-09-08-at-13.57.14.jpeg\" class=\"attachment-full size-full\" alt=\"\" srcset=\"https:\/\/agora.xtec.cat\/ceiplapaubcn\/wp-content\/uploads\/usu1146\/2025\/10\/WhatsApp-Image-2025-09-08-at-13.57.14.jpeg 1600w, https:\/\/agora.xtec.cat\/ceiplapaubcn\/wp-content\/uploads\/usu1146\/2025\/10\/WhatsApp-Image-2025-09-08-at-13.57.14-300x225.jpeg 300w, https:\/\/agora.xtec.cat\/ceiplapaubcn\/wp-content\/uploads\/usu1146\/2025\/10\/WhatsApp-Image-2025-09-08-at-13.57.14-1024x768.jpeg 1024w, https:\/\/agora.xtec.cat\/ceiplapaubcn\/wp-content\/uploads\/usu1146\/2025\/10\/WhatsApp-Image-2025-09-08-at-13.57.14-768x576.jpeg 768w, https:\/\/agora.xtec.cat\/ceiplapaubcn\/wp-content\/uploads\/usu1146\/2025\/10\/WhatsApp-Image-2025-09-08-at-13.57.14-1536x1152.jpeg 1536w, https:\/\/agora.xtec.cat\/ceiplapaubcn\/wp-content\/uploads\/usu1146\/2025\/10\/WhatsApp-Image-2025-09-08-at-13.57.14-200x150.jpeg 200w\" sizes=\"auto, (max-width: 1600px) 100vw, 1600px\" \/>\n\t\t\t<\/div><\/figure>\n\t\t<\/div>\n\n<p>&nbsp;<\/p>\n<table>\n<tbody>\n<tr>\n<th style=\"background-color: #740c4c; height: 1cm; width: 27cm; color: white;\">Equip Migdia<\/th>\n<\/tr>\n<\/tbody>\n<\/table>\n<div id='gallery-2' class='gallery galleryid-11380 gallery-columns-1 gallery-size-full'><figure class='gallery-item'>\n\t\t\t<div class='gallery-icon landscape'>\n\t\t\t\t<img loading=\"lazy\" decoding=\"async\" width=\"1600\" height=\"1200\" src=\"https:\/\/agora.xtec.cat\/ceiplapaubcn\/wp-content\/uploads\/usu1146\/2025\/10\/WhatsApp-Image-2025-09-08-at-13.51.52.jpeg\" class=\"attachment-full size-full\" alt=\"\" srcset=\"https:\/\/agora.xtec.cat\/ceiplapaubcn\/wp-content\/uploads\/usu1146\/2025\/10\/WhatsApp-Image-2025-09-08-at-13.51.52.jpeg 1600w, https:\/\/agora.xtec.cat\/ceiplapaubcn\/wp-content\/uploads\/usu1146\/2025\/10\/WhatsApp-Image-2025-09-08-at-13.51.52-300x225.jpeg 300w, https:\/\/agora.xtec.cat\/ceiplapaubcn\/wp-content\/uploads\/usu1146\/2025\/10\/WhatsApp-Image-2025-09-08-at-13.51.52-1024x768.jpeg 1024w, https:\/\/agora.xtec.cat\/ceiplapaubcn\/wp-content\/uploads\/usu1146\/2025\/10\/WhatsApp-Image-2025-09-08-at-13.51.52-768x576.jpeg 768w, https:\/\/agora.xtec.cat\/ceiplapaubcn\/wp-content\/uploads\/usu1146\/2025\/10\/WhatsApp-Image-2025-09-08-at-13.51.52-1536x1152.jpeg 1536w, https:\/\/agora.xtec.cat\/ceiplapaubcn\/wp-content\/uploads\/usu1146\/2025\/10\/WhatsApp-Image-2025-09-08-at-13.51.52-200x150.jpeg 200w\" sizes=\"auto, (max-width: 1600px) 100vw, 1600px\" \/>\n\t\t\t<\/div><\/figure>\n\t\t<\/div>\n\n<p>Aqu\u00ed podem veure els grups-classe del <strong>curs 24-25<\/strong>:<\/p>\n<p>&nbsp;<\/p>\n<table>\n<tbody>\n<tr>\n<th style=\"background-color: #740c4c; height: 1cm; width: 27cm; color: white;\">Lluna<\/th>\n<\/tr>\n<\/tbody>\n<\/table>\n<div id='gallery-3' class='gallery galleryid-11380 gallery-columns-1 gallery-size-full'><figure class='gallery-item'>\n\t\t\t<div class='gallery-icon landscape'>\n\t\t\t\t<img loading=\"lazy\" decoding=\"async\" width=\"1600\" height=\"1196\" src=\"https:\/\/agora.xtec.cat\/ceiplapaubcn\/wp-content\/uploads\/usu1146\/2025\/10\/WhatsApp-Image-2025-09-18-at-17.14.09.jpeg\" class=\"attachment-full size-full\" alt=\"\" srcset=\"https:\/\/agora.xtec.cat\/ceiplapaubcn\/wp-content\/uploads\/usu1146\/2025\/10\/WhatsApp-Image-2025-09-18-at-17.14.09.jpeg 1600w, https:\/\/agora.xtec.cat\/ceiplapaubcn\/wp-content\/uploads\/usu1146\/2025\/10\/WhatsApp-Image-2025-09-18-at-17.14.09-300x224.jpeg 300w, https:\/\/agora.xtec.cat\/ceiplapaubcn\/wp-content\/uploads\/usu1146\/2025\/10\/WhatsApp-Image-2025-09-18-at-17.14.09-1024x765.jpeg 1024w, https:\/\/agora.xtec.cat\/ceiplapaubcn\/wp-content\/uploads\/usu1146\/2025\/10\/WhatsApp-Image-2025-09-18-at-17.14.09-768x574.jpeg 768w, https:\/\/agora.xtec.cat\/ceiplapaubcn\/wp-content\/uploads\/usu1146\/2025\/10\/WhatsApp-Image-2025-09-18-at-17.14.09-1536x1148.jpeg 1536w, https:\/\/agora.xtec.cat\/ceiplapaubcn\/wp-content\/uploads\/usu1146\/2025\/10\/WhatsApp-Image-2025-09-18-at-17.14.09-200x150.jpeg 200w\" sizes=\"auto, (max-width: 1600px) 100vw, 1600px\" \/>\n\t\t\t<\/div><\/figure>\n\t\t<\/div>\n\n<p>&nbsp;<\/p>\n<table>\n<tbody>\n<tr>\n<th style=\"background-color: #740c4c; height: 1cm; width: 27cm; color: white;\">Estrelles<\/th>\n<\/tr>\n<\/tbody>\n<\/table>\n<div id='gallery-4' class='gallery galleryid-11380 gallery-columns-1 gallery-size-full'><figure class='gallery-item'>\n\t\t\t<div class='gallery-icon landscape'>\n\t\t\t\t<img loading=\"lazy\" decoding=\"async\" width=\"2560\" height=\"1920\" src=\"https:\/\/agora.xtec.cat\/ceiplapaubcn\/wp-content\/uploads\/usu1146\/2025\/10\/Grup-INF.-ESTRELLES-min-scaled.jpg\" class=\"attachment-full size-full\" alt=\"\" srcset=\"https:\/\/agora.xtec.cat\/ceiplapaubcn\/wp-content\/uploads\/usu1146\/2025\/10\/Grup-INF.-ESTRELLES-min-scaled.jpg 2560w, https:\/\/agora.xtec.cat\/ceiplapaubcn\/wp-content\/uploads\/usu1146\/2025\/10\/Grup-INF.-ESTRELLES-min-300x225.jpg 300w, https:\/\/agora.xtec.cat\/ceiplapaubcn\/wp-content\/uploads\/usu1146\/2025\/10\/Grup-INF.-ESTRELLES-min-1024x768.jpg 1024w, https:\/\/agora.xtec.cat\/ceiplapaubcn\/wp-content\/uploads\/usu1146\/2025\/10\/Grup-INF.-ESTRELLES-min-768x576.jpg 768w, https:\/\/agora.xtec.cat\/ceiplapaubcn\/wp-content\/uploads\/usu1146\/2025\/10\/Grup-INF.-ESTRELLES-min-1536x1152.jpg 1536w, https:\/\/agora.xtec.cat\/ceiplapaubcn\/wp-content\/uploads\/usu1146\/2025\/10\/Grup-INF.-ESTRELLES-min-2048x1536.jpg 2048w, https:\/\/agora.xtec.cat\/ceiplapaubcn\/wp-content\/uploads\/usu1146\/2025\/10\/Grup-INF.-ESTRELLES-min-200x150.jpg 200w\" sizes=\"auto, (max-width: 2560px) 100vw, 2560px\" \/>\n\t\t\t<\/div><\/figure>\n\t\t<\/div>\n\n<p>&nbsp;<\/p>\n<table>\n<tbody>\n<tr>\n<th style=\"background-color: #740c4c; height: 1cm; width: 27cm; color: white;\">Sol<\/th>\n<\/tr>\n<\/tbody>\n<\/table>\n<div id='gallery-5' class='gallery galleryid-11380 gallery-columns-1 gallery-size-full'><figure class='gallery-item'>\n\t\t\t<div class='gallery-icon landscape'>\n\t\t\t\t<img loading=\"lazy\" decoding=\"async\" width=\"2560\" height=\"1920\" src=\"https:\/\/agora.xtec.cat\/ceiplapaubcn\/wp-content\/uploads\/usu1146\/2025\/10\/GRUP-INF.-EL-SOL-min-scaled.jpg\" class=\"attachment-full size-full\" alt=\"\" srcset=\"https:\/\/agora.xtec.cat\/ceiplapaubcn\/wp-content\/uploads\/usu1146\/2025\/10\/GRUP-INF.-EL-SOL-min-scaled.jpg 2560w, https:\/\/agora.xtec.cat\/ceiplapaubcn\/wp-content\/uploads\/usu1146\/2025\/10\/GRUP-INF.-EL-SOL-min-300x225.jpg 300w, https:\/\/agora.xtec.cat\/ceiplapaubcn\/wp-content\/uploads\/usu1146\/2025\/10\/GRUP-INF.-EL-SOL-min-1024x768.jpg 1024w, https:\/\/agora.xtec.cat\/ceiplapaubcn\/wp-content\/uploads\/usu1146\/2025\/10\/GRUP-INF.-EL-SOL-min-768x576.jpg 768w, https:\/\/agora.xtec.cat\/ceiplapaubcn\/wp-content\/uploads\/usu1146\/2025\/10\/GRUP-INF.-EL-SOL-min-1536x1152.jpg 1536w, https:\/\/agora.xtec.cat\/ceiplapaubcn\/wp-content\/uploads\/usu1146\/2025\/10\/GRUP-INF.-EL-SOL-min-2048x1536.jpg 2048w, https:\/\/agora.xtec.cat\/ceiplapaubcn\/wp-content\/uploads\/usu1146\/2025\/10\/GRUP-INF.-EL-SOL-min-200x150.jpg 200w\" sizes=\"auto, (max-width: 2560px) 100vw, 2560px\" \/>\n\t\t\t<\/div><\/figure>\n\t\t<\/div>\n\n<p>&nbsp;<\/p>\n<table>\n<tbody>\n<tr>\n<th style=\"background-color: #740c4c; height: 1cm; width: 27cm; color: white;\">1r<\/th>\n<\/tr>\n<\/tbody>\n<\/table>\n<div id='gallery-6' class='gallery galleryid-11380 gallery-columns-1 gallery-size-full'><figure class='gallery-item'>\n\t\t\t<div class='gallery-icon landscape'>\n\t\t\t\t<img loading=\"lazy\" decoding=\"async\" width=\"1600\" height=\"1200\" src=\"https:\/\/agora.xtec.cat\/ceiplapaubcn\/wp-content\/uploads\/usu1146\/2025\/10\/Grup-1r.jpeg\" class=\"attachment-full size-full\" alt=\"\" srcset=\"https:\/\/agora.xtec.cat\/ceiplapaubcn\/wp-content\/uploads\/usu1146\/2025\/10\/Grup-1r.jpeg 1600w, https:\/\/agora.xtec.cat\/ceiplapaubcn\/wp-content\/uploads\/usu1146\/2025\/10\/Grup-1r-300x225.jpeg 300w, https:\/\/agora.xtec.cat\/ceiplapaubcn\/wp-content\/uploads\/usu1146\/2025\/10\/Grup-1r-1024x768.jpeg 1024w, https:\/\/agora.xtec.cat\/ceiplapaubcn\/wp-content\/uploads\/usu1146\/2025\/10\/Grup-1r-768x576.jpeg 768w, https:\/\/agora.xtec.cat\/ceiplapaubcn\/wp-content\/uploads\/usu1146\/2025\/10\/Grup-1r-1536x1152.jpeg 1536w, https:\/\/agora.xtec.cat\/ceiplapaubcn\/wp-content\/uploads\/usu1146\/2025\/10\/Grup-1r-200x150.jpeg 200w\" sizes=\"auto, (max-width: 1600px) 100vw, 1600px\" \/>\n\t\t\t<\/div><\/figure>\n\t\t<\/div>\n\n<p>&nbsp;<\/p>\n<table>\n<tbody>\n<tr>\n<th style=\"background-color: #740c4c; height: 1cm; width: 27cm; color: white;\">2n<\/th>\n<\/tr>\n<\/tbody>\n<\/table>\n<div id='gallery-7' class='gallery galleryid-11380 gallery-columns-1 gallery-size-full'><figure class='gallery-item'>\n\t\t\t<div class='gallery-icon landscape'>\n\t\t\t\t<img loading=\"lazy\" decoding=\"async\" width=\"1600\" height=\"1200\" src=\"https:\/\/agora.xtec.cat\/ceiplapaubcn\/wp-content\/uploads\/usu1146\/2025\/10\/Grup-2n.jpg\" class=\"attachment-full size-full\" alt=\"\" srcset=\"https:\/\/agora.xtec.cat\/ceiplapaubcn\/wp-content\/uploads\/usu1146\/2025\/10\/Grup-2n.jpg 1600w, https:\/\/agora.xtec.cat\/ceiplapaubcn\/wp-content\/uploads\/usu1146\/2025\/10\/Grup-2n-300x225.jpg 300w, https:\/\/agora.xtec.cat\/ceiplapaubcn\/wp-content\/uploads\/usu1146\/2025\/10\/Grup-2n-1024x768.jpg 1024w, https:\/\/agora.xtec.cat\/ceiplapaubcn\/wp-content\/uploads\/usu1146\/2025\/10\/Grup-2n-768x576.jpg 768w, https:\/\/agora.xtec.cat\/ceiplapaubcn\/wp-content\/uploads\/usu1146\/2025\/10\/Grup-2n-1536x1152.jpg 1536w, https:\/\/agora.xtec.cat\/ceiplapaubcn\/wp-content\/uploads\/usu1146\/2025\/10\/Grup-2n-200x150.jpg 200w\" sizes=\"auto, (max-width: 1600px) 100vw, 1600px\" \/>\n\t\t\t<\/div><\/figure>\n\t\t<\/div>\n\n<p>&nbsp;<\/p>\n<table>\n<tbody>\n<tr>\n<th style=\"background-color: #740c4c; height: 1cm; width: 27cm; color: white;\">3r<\/th>\n<\/tr>\n<\/tbody>\n<\/table>\n<div id='gallery-8' class='gallery galleryid-11380 gallery-columns-1 gallery-size-full'><figure class='gallery-item'>\n\t\t\t<div class='gallery-icon landscape'>\n\t\t\t\t<img loading=\"lazy\" decoding=\"async\" width=\"822\" height=\"576\" src=\"https:\/\/agora.xtec.cat\/ceiplapaubcn\/wp-content\/uploads\/usu1146\/2025\/10\/Grup-3r-1.png\" class=\"attachment-full size-full\" alt=\"\" srcset=\"https:\/\/agora.xtec.cat\/ceiplapaubcn\/wp-content\/uploads\/usu1146\/2025\/10\/Grup-3r-1.png 822w, https:\/\/agora.xtec.cat\/ceiplapaubcn\/wp-content\/uploads\/usu1146\/2025\/10\/Grup-3r-1-300x210.png 300w, https:\/\/agora.xtec.cat\/ceiplapaubcn\/wp-content\/uploads\/usu1146\/2025\/10\/Grup-3r-1-768x538.png 768w\" sizes=\"auto, (max-width: 822px) 100vw, 822px\" \/>\n\t\t\t<\/div><\/figure>\n\t\t<\/div>\n\n<p>&nbsp;<\/p>\n<table>\n<tbody>\n<tr>\n<th style=\"background-color: #740c4c; height: 1cm; width: 27cm; color: white;\">4t<\/th>\n<\/tr>\n<\/tbody>\n<\/table>\n<div id='gallery-9' class='gallery galleryid-11380 gallery-columns-1 gallery-size-full'><figure class='gallery-item'>\n\t\t\t<div class='gallery-icon landscape'>\n\t\t\t\t<img loading=\"lazy\" decoding=\"async\" width=\"2560\" height=\"1920\" src=\"https:\/\/agora.xtec.cat\/ceiplapaubcn\/wp-content\/uploads\/usu1146\/2025\/10\/grup4t-min-1-scaled.jpg\" class=\"attachment-full size-full\" alt=\"\" srcset=\"https:\/\/agora.xtec.cat\/ceiplapaubcn\/wp-content\/uploads\/usu1146\/2025\/10\/grup4t-min-1-scaled.jpg 2560w, https:\/\/agora.xtec.cat\/ceiplapaubcn\/wp-content\/uploads\/usu1146\/2025\/10\/grup4t-min-1-300x225.jpg 300w, https:\/\/agora.xtec.cat\/ceiplapaubcn\/wp-content\/uploads\/usu1146\/2025\/10\/grup4t-min-1-1024x768.jpg 1024w, https:\/\/agora.xtec.cat\/ceiplapaubcn\/wp-content\/uploads\/usu1146\/2025\/10\/grup4t-min-1-768x576.jpg 768w, https:\/\/agora.xtec.cat\/ceiplapaubcn\/wp-content\/uploads\/usu1146\/2025\/10\/grup4t-min-1-1536x1152.jpg 1536w, https:\/\/agora.xtec.cat\/ceiplapaubcn\/wp-content\/uploads\/usu1146\/2025\/10\/grup4t-min-1-2048x1536.jpg 2048w, https:\/\/agora.xtec.cat\/ceiplapaubcn\/wp-content\/uploads\/usu1146\/2025\/10\/grup4t-min-1-200x150.jpg 200w\" sizes=\"auto, (max-width: 2560px) 100vw, 2560px\" \/>\n\t\t\t<\/div><\/figure>\n\t\t<\/div>\n\n<p>&nbsp;<\/p>\n<table>\n<tbody>\n<tr>\n<th style=\"background-color: #740c4c; height: 1cm; width: 27cm; color: white;\">5\u00e8<\/th>\n<\/tr>\n<\/tbody>\n<\/table>\n<div id='gallery-10' class='gallery galleryid-11380 gallery-columns-1 gallery-size-full'><figure class='gallery-item'>\n\t\t\t<div class='gallery-icon landscape'>\n\t\t\t\t<img loading=\"lazy\" decoding=\"async\" width=\"2560\" height=\"1920\" src=\"https:\/\/agora.xtec.cat\/ceiplapaubcn\/wp-content\/uploads\/usu1146\/2025\/10\/Grup-5e-min-scaled.jpg\" class=\"attachment-full size-full\" alt=\"\" srcset=\"https:\/\/agora.xtec.cat\/ceiplapaubcn\/wp-content\/uploads\/usu1146\/2025\/10\/Grup-5e-min-scaled.jpg 2560w, https:\/\/agora.xtec.cat\/ceiplapaubcn\/wp-content\/uploads\/usu1146\/2025\/10\/Grup-5e-min-300x225.jpg 300w, https:\/\/agora.xtec.cat\/ceiplapaubcn\/wp-content\/uploads\/usu1146\/2025\/10\/Grup-5e-min-1024x768.jpg 1024w, https:\/\/agora.xtec.cat\/ceiplapaubcn\/wp-content\/uploads\/usu1146\/2025\/10\/Grup-5e-min-768x576.jpg 768w, https:\/\/agora.xtec.cat\/ceiplapaubcn\/wp-content\/uploads\/usu1146\/2025\/10\/Grup-5e-min-1536x1152.jpg 1536w, https:\/\/agora.xtec.cat\/ceiplapaubcn\/wp-content\/uploads\/usu1146\/2025\/10\/Grup-5e-min-2048x1536.jpg 2048w, https:\/\/agora.xtec.cat\/ceiplapaubcn\/wp-content\/uploads\/usu1146\/2025\/10\/Grup-5e-min-200x150.jpg 200w\" sizes=\"auto, (max-width: 2560px) 100vw, 2560px\" \/>\n\t\t\t<\/div><\/figure>\n\t\t<\/div>\n\n<p>&nbsp;<\/p>\n<table>\n<tbody>\n<tr>\n<th style=\"background-color: #740c4c; height: 1cm; width: 27cm; color: white;\">6\u00e8<\/th>\n<\/tr>\n<\/tbody>\n<\/table>\n<div id='gallery-11' class='gallery galleryid-11380 gallery-columns-1 gallery-size-full'><figure class='gallery-item'>\n\t\t\t<div class='gallery-icon landscape'>\n\t\t\t\t<img loading=\"lazy\" decoding=\"async\" width=\"2560\" height=\"1920\" src=\"https:\/\/agora.xtec.cat\/ceiplapaubcn\/wp-content\/uploads\/usu1146\/2025\/10\/grup-6e-min-scaled.jpg\" class=\"attachment-full size-full\" alt=\"\" srcset=\"https:\/\/agora.xtec.cat\/ceiplapaubcn\/wp-content\/uploads\/usu1146\/2025\/10\/grup-6e-min-scaled.jpg 2560w, https:\/\/agora.xtec.cat\/ceiplapaubcn\/wp-content\/uploads\/usu1146\/2025\/10\/grup-6e-min-300x225.jpg 300w, https:\/\/agora.xtec.cat\/ceiplapaubcn\/wp-content\/uploads\/usu1146\/2025\/10\/grup-6e-min-1024x768.jpg 1024w, https:\/\/agora.xtec.cat\/ceiplapaubcn\/wp-content\/uploads\/usu1146\/2025\/10\/grup-6e-min-768x576.jpg 768w, https:\/\/agora.xtec.cat\/ceiplapaubcn\/wp-content\/uploads\/usu1146\/2025\/10\/grup-6e-min-1536x1152.jpg 1536w, https:\/\/agora.xtec.cat\/ceiplapaubcn\/wp-content\/uploads\/usu1146\/2025\/10\/grup-6e-min-2048x1536.jpg 2048w, https:\/\/agora.xtec.cat\/ceiplapaubcn\/wp-content\/uploads\/usu1146\/2025\/10\/grup-6e-min-200x150.jpg 200w\" sizes=\"auto, (max-width: 2560px) 100vw, 2560px\" \/>\n\t\t\t<\/div><\/figure>\n\t\t<\/div>\n\n","protected":false},"excerpt":{"rendered":"<p>Som una escola petita i familiar, on tots ens coneixem. L\u00b4equip de mestres i de treballadors de l\u00b4escola sentim que hem d\u2019estar a prop dels alumnes per poder-los acompanyar en aquest temps que passem junts a l\u2019escola. Volem cuidar els vincles, tant amb els alumnes com amb les fam\u00edlies; vincles que ens donen seguretat i [&hellip;]<\/p>\n","protected":false},"author":1,"featured_media":0,"parent":22,"menu_order":1,"comment_status":"closed","ping_status":"closed","template":"page-templates\/side-menu.php","meta":{"_bbp_topic_count":0,"_bbp_reply_count":0,"_bbp_total_topic_count":0,"_bbp_total_reply_count":0,"_bbp_voice_count":0,"_bbp_anonymous_reply_count":0,"_bbp_topic_count_hidden":0,"_bbp_reply_count_hidden":0,"_bbp_forum_subforum_count":0,"site-sidebar-layout":"default","site-content-layout":"","ast-site-content-layout":"","site-content-style":"default","site-sidebar-style":"default","ast-global-header-display":"","ast-banner-title-visibility":"","ast-main-header-display":"","ast-hfb-above-header-display":"","ast-hfb-below-header-display":"","ast-hfb-mobile-header-display":"","site-post-title":"","ast-breadcrumbs-content":"","ast-featured-img":"","footer-sml-layout":"","theme-transparent-header-meta":"","adv-header-id-meta":"","stick-header-meta":"","header-above-stick-meta":"","header-main-stick-meta":"","header-below-stick-meta":"","astra-migrate-meta-layouts":"default","ast-page-background-enabled":"default","ast-page-background-meta":{"desktop":{"background-color":"var(--ast-global-color-4)","background-image":"","background-repeat":"repeat","background-position":"center center","background-size":"auto","background-attachment":"scroll","background-type":"","background-media":"","overlay-type":"","overlay-color":"","overlay-opacity":"","overlay-gradient":""},"tablet":{"background-color":"","background-image":"","background-repeat":"repeat","background-position":"center center","background-size":"auto","background-attachment":"scroll","background-type":"","background-media":"","overlay-type":"","overlay-color":"","overlay-opacity":"","overlay-gradient":""},"mobile":{"background-color":"","background-image":"","background-repeat":"repeat","background-position":"center center","background-size":"auto","background-attachment":"scroll","background-type":"","background-media":"","overlay-type":"","overlay-color":"","overlay-opacity":"","overlay-gradient":""}},"ast-content-background-meta":{"desktop":{"background-color":"var(--ast-global-color-5)","background-image":"","background-repeat":"repeat","background-position":"center center","background-size":"auto","background-attachment":"scroll","background-type":"","background-media":"","overlay-type":"","overlay-color":"","overlay-opacity":"","overlay-gradient":""},"tablet":{"background-color":"var(--ast-global-color-5)","background-image":"","background-repeat":"repeat","background-position":"center center","background-size":"auto","background-attachment":"scroll","background-type":"","background-media":"","overlay-type":"","overlay-color":"","overlay-opacity":"","overlay-gradient":""},"mobile":{"background-color":"var(--ast-global-color-5)","background-image":"","background-repeat":"repeat","background-position":"center center","background-size":"auto","background-attachment":"scroll","background-type":"","background-media":"","overlay-type":"","overlay-color":"","overlay-opacity":"","overlay-gradient":""}},"footnotes":""},"class_list":["post-11380","page","type-page","status-publish","hentry"],"post_mailing_queue_ids":[],"_links":{"self":[{"href":"https:\/\/agora.xtec.cat\/ceiplapaubcn\/wp-json\/wp\/v2\/pages\/11380","targetHints":{"allow":["GET"]}}],"collection":[{"href":"https:\/\/agora.xtec.cat\/ceiplapaubcn\/wp-json\/wp\/v2\/pages"}],"about":[{"href":"https:\/\/agora.xtec.cat\/ceiplapaubcn\/wp-json\/wp\/v2\/types\/page"}],"author":[{"embeddable":true,"href":"https:\/\/agora.xtec.cat\/ceiplapaubcn\/wp-json\/wp\/v2\/users\/1"}],"replies":[{"embeddable":true,"href":"https:\/\/agora.xtec.cat\/ceiplapaubcn\/wp-json\/wp\/v2\/comments?post=11380"}],"version-history":[{"count":8,"href":"https:\/\/agora.xtec.cat\/ceiplapaubcn\/wp-json\/wp\/v2\/pages\/11380\/revisions"}],"predecessor-version":[{"id":17586,"href":"https:\/\/agora.xtec.cat\/ceiplapaubcn\/wp-json\/wp\/v2\/pages\/11380\/revisions\/17586"}],"up":[{"embeddable":true,"href":"https:\/\/agora.xtec.cat\/ceiplapaubcn\/wp-json\/wp\/v2\/pages\/22"}],"wp:attachment":[{"href":"https:\/\/agora.xtec.cat\/ceiplapaubcn\/wp-json\/wp\/v2\/media?parent=11380"}],"curies":[{"name":"wp","href":"https:\/\/api.w.org\/{rel}","templated":true}]}}