{"id":9398,"date":"2022-04-25T15:21:51","date_gmt":"2022-04-25T13:21:51","guid":{"rendered":"https:\/\/agora.xtec.cat\/ceiplapau\/?page_id=9398"},"modified":"2023-10-26T12:35:15","modified_gmt":"2023-10-26T10:35:15","slug":"edc-estrategia-digital-de-centre","status":"publish","type":"page","link":"https:\/\/agora.xtec.cat\/ceiplapau\/edc-estrategia-digital-de-centre\/","title":{"rendered":"EDC &#8211; Estrat\u00e8gia Digital de Centre"},"content":{"rendered":"<p>La comissi\u00f3 digital actualment es troba immersa en la constant elaboraci\u00f3 i evoluci\u00f3 de l\u2019Estrat\u00e8gia Digital de Centre (EDC).<\/p>\n<p>L\u2019EDC defineix i concreta les l\u00ednies d\u2019actuaci\u00f3 d\u2019un centre que fan possible que docents, alumnat i centre assoleixin la compet\u00e8ncia digital. Per aconseguir aquesta compet\u00e8ncia digital, l\u2019EDC compr\u00e8n tots els \u00e0mbits del centre: organitzatius, metodol\u00f2gics, curriculars i comunicatius, els quals s\u2019han de veure necess\u00e0riament implicats i, si escau, transformats, des d\u2019una perspectiva d\u2019innovaci\u00f3 i de millora cont\u00ednua.<\/p>\n<p><iframe loading=\"lazy\" title=\"Estrat\u00e8gia digital de centre\" width=\"500\" height=\"281\" src=\"https:\/\/www.youtube.com\/embed\/uS5UUZIYLPQ?feature=oembed\" frameborder=\"0\" allow=\"accelerometer; autoplay; clipboard-write; encrypted-media; gyroscope; picture-in-picture; web-share\" referrerpolicy=\"strict-origin-when-cross-origin\" allowfullscreen><\/iframe><\/p>\n<p><a href=\"https:\/\/www.canva.com\/design\/DAFyR-EJ8o8\/8ycIAZ47tfYn6AFjNJ78Fg\/edit?utm_content=DAFyR-EJ8o8&amp;utm_campaign=designshare&amp;utm_medium=link2&amp;utm_source=sharebutton\" target=\"_blank\" rel=\"noopener\"><img loading=\"lazy\" decoding=\"async\" class=\"wp-image-11376 alignleft\" src=\"https:\/\/agora.xtec.cat\/ceiplapau\/wp-content\/uploads\/usu859\/2023\/10\/images.png\" alt=\"\" width=\"92\" height=\"92\" srcset=\"https:\/\/agora.xtec.cat\/ceiplapau\/wp-content\/uploads\/usu859\/2023\/10\/images.png 225w, https:\/\/agora.xtec.cat\/ceiplapau\/wp-content\/uploads\/usu859\/2023\/10\/images-150x150.png 150w\" sizes=\"auto, (max-width: 92px) 100vw, 92px\" \/><img loading=\"lazy\" decoding=\"async\" class=\"wp-image-11370 alignleft\" src=\"https:\/\/agora.xtec.cat\/ceiplapau\/wp-content\/uploads\/usu859\/2023\/10\/baixa.png\" alt=\"\" width=\"330\" height=\"155\" srcset=\"https:\/\/agora.xtec.cat\/ceiplapau\/wp-content\/uploads\/usu859\/2023\/10\/baixa.png 327w, https:\/\/agora.xtec.cat\/ceiplapau\/wp-content\/uploads\/usu859\/2023\/10\/baixa-300x141.png 300w\" sizes=\"auto, (max-width: 330px) 100vw, 330px\" \/><\/a><\/p>\n<p>&nbsp;<\/p>\n","protected":false},"excerpt":{"rendered":"<p>La comissi\u00f3 digital actualment es troba immersa en la constant elaboraci\u00f3 i evoluci\u00f3 de l\u2019Estrat\u00e8gia Digital de Centre (EDC).<br \/>\nL\u2019EDC defineix i concreta les l\u00ednies d\u2019actuaci\u00f3 d\u2019un centre que fan possible que docents, alumnat i centre assoleixin la compet\u00e8ncia digital. Per aconseguir aquesta compet\u00e8ncia digital, l\u2019EDC&hellip;  <a href=\"https:\/\/agora.xtec.cat\/ceiplapau\/edc-estrategia-digital-de-centre\/\" title=\"Read EDC &#8211; Estrat\u00e8gia Digital de Centre\">Llegeix m\u00e9s\u00bb<\/a><\/p>\n","protected":false},"author":1,"featured_media":0,"parent":0,"menu_order":0,"comment_status":"closed","ping_status":"closed","template":"","meta":{"_bbp_topic_count":0,"_bbp_reply_count":0,"_bbp_total_topic_count":0,"_bbp_total_reply_count":0,"_bbp_voice_count":0,"_bbp_anonymous_reply_count":0,"_bbp_topic_count_hidden":0,"_bbp_reply_count_hidden":0,"_bbp_forum_subforum_count":0,"footnotes":""},"class_list":["post-9398","page","type-page","status-publish","hentry"],"post_mailing_queue_ids":[],"_links":{"self":[{"href":"https:\/\/agora.xtec.cat\/ceiplapau\/wp-json\/wp\/v2\/pages\/9398","targetHints":{"allow":["GET"]}}],"collection":[{"href":"https:\/\/agora.xtec.cat\/ceiplapau\/wp-json\/wp\/v2\/pages"}],"about":[{"href":"https:\/\/agora.xtec.cat\/ceiplapau\/wp-json\/wp\/v2\/types\/page"}],"author":[{"embeddable":true,"href":"https:\/\/agora.xtec.cat\/ceiplapau\/wp-json\/wp\/v2\/users\/1"}],"replies":[{"embeddable":true,"href":"https:\/\/agora.xtec.cat\/ceiplapau\/wp-json\/wp\/v2\/comments?post=9398"}],"version-history":[{"count":6,"href":"https:\/\/agora.xtec.cat\/ceiplapau\/wp-json\/wp\/v2\/pages\/9398\/revisions"}],"predecessor-version":[{"id":11377,"href":"https:\/\/agora.xtec.cat\/ceiplapau\/wp-json\/wp\/v2\/pages\/9398\/revisions\/11377"}],"wp:attachment":[{"href":"https:\/\/agora.xtec.cat\/ceiplapau\/wp-json\/wp\/v2\/media?parent=9398"}],"curies":[{"name":"wp","href":"https:\/\/api.w.org\/{rel}","templated":true}]}}