{"id":7830,"date":"2021-09-17T13:55:31","date_gmt":"2021-09-17T11:55:31","guid":{"rendered":"https:\/\/agora.xtec.cat\/ceiplapau\/?page_id=7830"},"modified":"2026-02-10T09:19:35","modified_gmt":"2026-02-10T08:19:35","slug":"ampa","status":"publish","type":"page","link":"https:\/\/agora.xtec.cat\/ceiplapau\/ampa\/","title":{"rendered":"AFA"},"content":{"rendered":"<h4><img loading=\"lazy\" decoding=\"async\" class=\"alignnone size-large wp-image-12604\" src=\"https:\/\/agora.xtec.cat\/ceiplapau\/wp-content\/uploads\/usu859\/2026\/02\/AFA-1-1024x786.png\" alt=\"\" width=\"1024\" height=\"786\" srcset=\"https:\/\/agora.xtec.cat\/ceiplapau\/wp-content\/uploads\/usu859\/2026\/02\/AFA-1-1024x786.png 1024w, https:\/\/agora.xtec.cat\/ceiplapau\/wp-content\/uploads\/usu859\/2026\/02\/AFA-1-300x230.png 300w, https:\/\/agora.xtec.cat\/ceiplapau\/wp-content\/uploads\/usu859\/2026\/02\/AFA-1-768x589.png 768w, https:\/\/agora.xtec.cat\/ceiplapau\/wp-content\/uploads\/usu859\/2026\/02\/AFA-1.png 1310w\" sizes=\"auto, (max-width: 1024px) 100vw, 1024px\" \/> <img loading=\"lazy\" decoding=\"async\" class=\"alignnone size-large wp-image-12605\" src=\"https:\/\/agora.xtec.cat\/ceiplapau\/wp-content\/uploads\/usu859\/2026\/02\/AFA-2-1024x788.png\" alt=\"\" width=\"1024\" height=\"788\" srcset=\"https:\/\/agora.xtec.cat\/ceiplapau\/wp-content\/uploads\/usu859\/2026\/02\/AFA-2-1024x788.png 1024w, https:\/\/agora.xtec.cat\/ceiplapau\/wp-content\/uploads\/usu859\/2026\/02\/AFA-2-300x231.png 300w, https:\/\/agora.xtec.cat\/ceiplapau\/wp-content\/uploads\/usu859\/2026\/02\/AFA-2-768x591.png 768w, https:\/\/agora.xtec.cat\/ceiplapau\/wp-content\/uploads\/usu859\/2026\/02\/AFA-2.png 1364w\" sizes=\"auto, (max-width: 1024px) 100vw, 1024px\" \/><\/h4>\n<h4>AFA<\/h4>\n<p>L&#8217;Associaci\u00f3 de fam\u00edlies d&#8217;alumnes s&#8217;encarrega d&#8217;organitzar el servei de menjador i el servei d&#8217;acollida. L&#8217;AFA disposa d&#8217;un grup de Whtasapp amb fam\u00edlies volunt\u00e0ries, contacteu amb nosaltres si en voleu formar part.<\/p>\n<h4>SERVEI D&#8217;ACOLLIDA<\/h4>\n<p>Oferim servei d\u2019acollida per aquelles fam\u00edlies que ho necessitin. Les fam\u00edlies que vulguin fer \u00fas d\u2019aquest servei s\u2019han d\u2019inscriure amb anterioritat, encara que sigui un \u00fas puntual o espor\u00e0dic. Si es t\u00e9 alguna necessitat d&#8217;\u00faltima hora es pot portar a l\u2019alumne\/a i posteriorment es cobrar\u00e0 a trav\u00e9s del compte corrent.<\/p>\n<table style=\"border-collapse: collapse; width: 37.2973%; height: 178px;\">\n<tbody>\n<tr style=\"height: 56px;\">\n<td style=\"height: 56px; width: 99.6377%;\">\n<p style=\"text-align: center;\"><b>SERVEI D&#8217;ACOLLIDA<\/b><\/p>\n<\/td>\n<\/tr>\n<tr style=\"height: 48px;\">\n<td style=\"height: 48px; width: 99.6377%;\"><span style=\"font-weight: 400;\">Acollida 1,5 hores (7,30 a 9,00 del mat\u00ed)\u00a0<\/span><\/td>\n<\/tr>\n<tr style=\"height: 32px;\">\n<td style=\"height: 32px; width: 99.6377%;\"><span style=\"font-weight: 400;\">Acollida 1 hora\u00a0 ( 8,00 a 9,00 del mat\u00ed)<\/span><\/td>\n<\/tr>\n<tr style=\"height: 32px;\">\n<td style=\"height: 32px; width: 99.6377%;\"><span style=\"font-weight: 400;\">Acollida 0,5 hores\u00a0 ( 8,30 a 9,00)<\/span><\/td>\n<\/tr>\n<tr style=\"height: 10px;\">\n<td style=\"height: 10px; width: 99.6377%;\"><span style=\"font-weight: 400;\">Acollida Espor\u00e0dica\u00a0 \u00a0 \u00a0 \u00a0 \u00a0 \u00a0 \u00a0 \u00a0 \u00a0 \u00a0 \u00a0 \u00a0 \u00a0 \u00a0 \u00a0<\/span><\/td>\n<\/tr>\n<\/tbody>\n<\/table>\n<h4>EXTRAESCOLARS- AFA<\/h4>\n<p>Des de l\u2019AFA s\u2019ofereixen <strong>activitats extraescolars en horari de migdia i en horari de tarda<\/strong>. Per con\u00e8ixer quines s\u00f3n les activitats que s&#8217;ofereixen al detall, cliqueu a continuaci\u00f3.<\/p>\n<p><a href=\"https:\/\/drive.google.com\/file\/d\/1IzEESRBjG81TS_1EjpTH08kE0uEv6ogM\/view?usp=sharing\" target=\"_blank\" rel=\"noopener\">ACTIVITATS EXTRAESCOLARS CURS 25-26<\/a><\/p>\n<p><img loading=\"lazy\" decoding=\"async\" class=\"alignnone size-large wp-image-12606\" src=\"https:\/\/agora.xtec.cat\/ceiplapau\/wp-content\/uploads\/usu859\/2026\/02\/Horari_Extraescolars_2025-26_20250918_122022_0000-1024x724.png\" alt=\"\" width=\"1024\" height=\"724\" srcset=\"https:\/\/agora.xtec.cat\/ceiplapau\/wp-content\/uploads\/usu859\/2026\/02\/Horari_Extraescolars_2025-26_20250918_122022_0000-1024x724.png 1024w, https:\/\/agora.xtec.cat\/ceiplapau\/wp-content\/uploads\/usu859\/2026\/02\/Horari_Extraescolars_2025-26_20250918_122022_0000-300x212.png 300w, https:\/\/agora.xtec.cat\/ceiplapau\/wp-content\/uploads\/usu859\/2026\/02\/Horari_Extraescolars_2025-26_20250918_122022_0000-768x543.png 768w, https:\/\/agora.xtec.cat\/ceiplapau\/wp-content\/uploads\/usu859\/2026\/02\/Horari_Extraescolars_2025-26_20250918_122022_0000-1536x1086.png 1536w, https:\/\/agora.xtec.cat\/ceiplapau\/wp-content\/uploads\/usu859\/2026\/02\/Horari_Extraescolars_2025-26_20250918_122022_0000.png 2000w\" sizes=\"auto, (max-width: 1024px) 100vw, 1024px\" \/><\/p>\n<p>Les inscripcions es poden realitzar a trav\u00e9s de la TPV Escola.<\/p>\n<p>Podeu contactar-nos al tel\u00e8fon 688757376 o al correu electr\u00f2nic afalapau@gmail.com<\/p>\n","protected":false},"excerpt":{"rendered":"<p>\nAFA<br \/>\nL&#8217;Associaci\u00f3 de fam\u00edlies d&#8217;alumnes s&#8217;encarrega d&#8217;organitzar el servei de menjador i el servei d&#8217;acollida. L&#8217;AFA disposa d&#8217;un grup de Whtasapp amb fam\u00edlies volunt\u00e0ries, contacteu amb nosaltres si en voleu formar part.<br \/>\nSERVEI D&#8217;ACOLLIDA<br \/>\nOferim servei d\u2019acollida per aquelles fam\u00edlies que ho necessitin. Les fam\u00edlies que vulguin&hellip;  <a href=\"https:\/\/agora.xtec.cat\/ceiplapau\/ampa\/\" title=\"Read AFA\">Llegeix m\u00e9s\u00bb<\/a><\/p>\n","protected":false},"author":1,"featured_media":0,"parent":0,"menu_order":0,"comment_status":"closed","ping_status":"closed","template":"","meta":{"_bbp_topic_count":0,"_bbp_reply_count":0,"_bbp_total_topic_count":0,"_bbp_total_reply_count":0,"_bbp_voice_count":0,"_bbp_anonymous_reply_count":0,"_bbp_topic_count_hidden":0,"_bbp_reply_count_hidden":0,"_bbp_forum_subforum_count":0,"footnotes":""},"class_list":["post-7830","page","type-page","status-publish","hentry"],"post_mailing_queue_ids":[],"_links":{"self":[{"href":"https:\/\/agora.xtec.cat\/ceiplapau\/wp-json\/wp\/v2\/pages\/7830","targetHints":{"allow":["GET"]}}],"collection":[{"href":"https:\/\/agora.xtec.cat\/ceiplapau\/wp-json\/wp\/v2\/pages"}],"about":[{"href":"https:\/\/agora.xtec.cat\/ceiplapau\/wp-json\/wp\/v2\/types\/page"}],"author":[{"embeddable":true,"href":"https:\/\/agora.xtec.cat\/ceiplapau\/wp-json\/wp\/v2\/users\/1"}],"replies":[{"embeddable":true,"href":"https:\/\/agora.xtec.cat\/ceiplapau\/wp-json\/wp\/v2\/comments?post=7830"}],"version-history":[{"count":6,"href":"https:\/\/agora.xtec.cat\/ceiplapau\/wp-json\/wp\/v2\/pages\/7830\/revisions"}],"predecessor-version":[{"id":12607,"href":"https:\/\/agora.xtec.cat\/ceiplapau\/wp-json\/wp\/v2\/pages\/7830\/revisions\/12607"}],"wp:attachment":[{"href":"https:\/\/agora.xtec.cat\/ceiplapau\/wp-json\/wp\/v2\/media?parent=7830"}],"curies":[{"name":"wp","href":"https:\/\/api.w.org\/{rel}","templated":true}]}}