{"id":34,"date":"2014-09-18T12:32:18","date_gmt":"2014-09-18T10:32:18","guid":{"rendered":"http:\/\/agora.xtec.cat\/ceiplapau\/?page_id=34"},"modified":"2026-02-09T09:36:06","modified_gmt":"2026-02-09T08:36:06","slug":"projecte-descola","status":"publish","type":"page","link":"https:\/\/agora.xtec.cat\/ceiplapau\/lescola\/projecte-descola\/","title":{"rendered":"Documents d&#8217;escola"},"content":{"rendered":"<p>Clicant els seg\u00fcents enlla\u00e7os tindreu acc\u00e9s als principals documents de l&#8217;escola: <a href=\"http:\/\/agora.xtec.cat\/ceiplapau\/wp-content\/uploads\/usu859\/2014\/09\/LAPAU_CERCLE.bmp\"><img loading=\"lazy\" decoding=\"async\" class=\"wp-image-1745 alignright\" src=\"http:\/\/agora.xtec.cat\/ceiplapau\/wp-content\/uploads\/usu859\/2014\/09\/LAPAU_CERCLE.bmp\" alt=\"\" width=\"150\" height=\"150\" \/><\/a><\/p>\n<p><a href=\"https:\/\/drive.google.com\/file\/d\/1FYxUb891u2O0nW9qgslpnGyOC-CzDYZd\/view?usp=sharing\">PEC (Projecte Educatiu del centre)<\/a><\/p>\n<p><a href=\"https:\/\/drive.google.com\/file\/d\/19z_1yyMNBiYiD8lsNlPN0RjXxOyIbjF2\/view?usp=sharing\" target=\"_blank\" rel=\"noopener noreferrer\">PLC\u00a0 (Projecte Ling\u00fc\u00edstic del Centre)<\/a><\/p>\n<p><a href=\"https:\/\/drive.google.com\/file\/d\/1-QnYzaRCWCZbzQJd20mTAJUX9euI_cpt\/view?usp=sharing\">NOFC\u00a0 (Normes d&#8217;Organitzaci\u00f3 i Funcionament de Centre)<\/a><\/p>\n<p><a href=\"https:\/\/drive.google.com\/file\/d\/1GLNQoPuxVzIUrqhdlRjvnmoWY0K7zptm\/view?usp=sharing\" target=\"_blank\" rel=\"noopener noreferrer\">Pla General Anual de Centre\u00a0 2025-2026<\/a><\/p>\n<p><a href=\"https:\/\/drive.google.com\/file\/d\/1cn0JHXNiBQZNF1S2PX8iVdoWgRLcfgsx\/view?usp=sharing\" target=\"_blank\" rel=\"noopener noreferrer\">Projecte de direcci\u00f3 2025-2029<\/a><\/p>\n<p>Podeu descarregar-vos els documents d&#8217;escola en els seg\u00fcents enlla\u00e7os:<\/p>\n<p><a href=\"https:\/\/drive.google.com\/file\/d\/1009qXDwTS259x3eAGBYzzwtUDPPynBy8\/view?usp=sharing\" target=\"_blank\" rel=\"noopener noreferrer\"><em>Autoritzaci\u00f3 drets d&#8217;imatge<\/em><\/a><\/p>\n<p><a href=\"https:\/\/drive.google.com\/file\/d\/1uYh1Q8KR8EDVmhCpe5MeC-9TigG1Vcuw\/view?usp=sharing\" target=\"_blank\" rel=\"noopener noreferrer\"><em>Autoritzaci\u00f3 marxar sol del centre<\/em><\/a><\/p>\n<p><a href=\"https:\/\/drive.google.com\/file\/d\/1vYRUJ-tn9MrC11zcNPpF-FYymOWzO_Hi\/view?usp=sharing\" target=\"_blank\" rel=\"noopener noreferrer\"><em>Autoritzaci\u00f3 administraci\u00f3 de medicaments<\/em><\/a><\/p>\n<p><a href=\"https:\/\/drive.google.com\/file\/d\/1MWVio3ngknwACfQkEH1I4WYiusNIBtKC\/view?usp=sharing\" target=\"_blank\" rel=\"noopener noreferrer\"><em>Autoritzaci\u00f3 sortides<\/em><\/a><\/p>\n","protected":false},"excerpt":{"rendered":"<p>Clicant els seg\u00fcents enlla\u00e7os tindreu acc\u00e9s als principals documents de l&#8217;escola: <a href=\"http:\/\/agora.xtec.cat\/ceiplapau\/wp-content\/uploads\/usu859\/2014\/09\/LAPAU_CERCLE.bmp\"><\/a><br \/>\n<a href=\"https:\/\/drive.google.com\/file\/d\/1FYxUb891u2O0nW9qgslpnGyOC-CzDYZd\/view?usp=sharing\">PEC (Projecte Educatiu del centre)<\/a><br \/>\n<a href=\"https:\/\/drive.google.com\/file\/d\/19z_1yyMNBiYiD8lsNlPN0RjXxOyIbjF2\/view?usp=sharing\" target=\"_blank\" rel=\"noopener noreferrer\">PLC\u00a0 (Projecte Ling\u00fc\u00edstic del Centre)<\/a><br \/>\n<a href=\"https:\/\/drive.google.com\/file\/d\/1-QnYzaRCWCZbzQJd20mTAJUX9euI_cpt\/view?usp=sharing\">NOFC\u00a0 (Normes d&#8217;Organitzaci\u00f3 i Funcionament de Centre)<\/a><br \/>\n<a href=\"https:\/\/drive.google.com\/file\/d\/1GLNQoPuxVzIUrqhdlRjvnmoWY0K7zptm\/view?usp=sharing\" target=\"_blank\" rel=\"noopener noreferrer\">Pla General Anual de Centre\u00a0 2025-2026<\/a><br \/>\n<a href=\"https:\/\/drive.google.com\/file\/d\/1cn0JHXNiBQZNF1S2PX8iVdoWgRLcfgsx\/view?usp=sharing\" target=\"_blank\" rel=\"noopener&hellip;  <a href=\"https:\/\/agora.xtec.cat\/ceiplapau\/lescola\/projecte-descola\/\" title=\"Read Documents d&#8217;escola\">Llegeix m\u00e9s\u00bb<\/a><\/p>\n","protected":false},"author":1,"featured_media":0,"parent":22,"menu_order":3,"comment_status":"closed","ping_status":"closed","template":"page-templates\/side-menu.php","meta":{"_bbp_topic_count":0,"_bbp_reply_count":0,"_bbp_total_topic_count":0,"_bbp_total_reply_count":0,"_bbp_voice_count":0,"_bbp_anonymous_reply_count":0,"_bbp_topic_count_hidden":0,"_bbp_reply_count_hidden":0,"_bbp_forum_subforum_count":0,"footnotes":""},"class_list":["post-34","page","type-page","status-publish","hentry"],"post_mailing_queue_ids":[],"_links":{"self":[{"href":"https:\/\/agora.xtec.cat\/ceiplapau\/wp-json\/wp\/v2\/pages\/34","targetHints":{"allow":["GET"]}}],"collection":[{"href":"https:\/\/agora.xtec.cat\/ceiplapau\/wp-json\/wp\/v2\/pages"}],"about":[{"href":"https:\/\/agora.xtec.cat\/ceiplapau\/wp-json\/wp\/v2\/types\/page"}],"author":[{"embeddable":true,"href":"https:\/\/agora.xtec.cat\/ceiplapau\/wp-json\/wp\/v2\/users\/1"}],"replies":[{"embeddable":true,"href":"https:\/\/agora.xtec.cat\/ceiplapau\/wp-json\/wp\/v2\/comments?post=34"}],"version-history":[{"count":7,"href":"https:\/\/agora.xtec.cat\/ceiplapau\/wp-json\/wp\/v2\/pages\/34\/revisions"}],"predecessor-version":[{"id":12601,"href":"https:\/\/agora.xtec.cat\/ceiplapau\/wp-json\/wp\/v2\/pages\/34\/revisions\/12601"}],"up":[{"embeddable":true,"href":"https:\/\/agora.xtec.cat\/ceiplapau\/wp-json\/wp\/v2\/pages\/22"}],"wp:attachment":[{"href":"https:\/\/agora.xtec.cat\/ceiplapau\/wp-json\/wp\/v2\/media?parent=34"}],"curies":[{"name":"wp","href":"https:\/\/api.w.org\/{rel}","templated":true}]}}