{"id":8857,"date":"2022-03-18T13:02:21","date_gmt":"2022-03-18T12:02:21","guid":{"rendered":"https:\/\/agora.xtec.cat\/ceiplanovaelectra\/?page_id=8857"},"modified":"2022-03-21T14:15:42","modified_gmt":"2022-03-21T13:15:42","slug":"programa-de-fruita-i-llet","status":"publish","type":"page","link":"https:\/\/agora.xtec.cat\/ceiplanovaelectra\/programa-de-fruita-i-llet\/","title":{"rendered":"Programa de fruita i llet"},"content":{"rendered":"<p>El <strong>programa ofereix llet<\/strong> gratu\u00efta en els esmorzars dins del centre escolar de segon cicle d&#8217;educaci\u00f3 infantil i de prim\u00e0ria (infants de 3 a 12 anys) de centres educatius que ho demanin.<\/p>\n<p>\u00c9s una iniciativa de la Uni\u00f3 Europea amb l&#8217;acci\u00f3 conjunta dels departaments d&#8217;Agricultura, Salut i Ensenyament.<\/p>\n<p>Els objectius s\u00f3n:<\/p>\n<ul>\n<li>Augmentar la sensibilitzaci\u00f3 per una\u00a0<strong>bona alimentaci\u00f3<\/strong>\u00a0i la transmissi\u00f3 de conductes d&#8217;h\u00e0bits saludables a trav\u00e9s de la\u00a0<strong>distribuci\u00f3 de llet sencer UHT.<\/strong><\/li>\n<li>Donar a con\u00e8ixer el paper de la llet com a\u00a0<strong>aliment important<\/strong>\u00a0(o de consum diari) dins d&#8217;una\u00a0<strong>alimentaci\u00f3 variada i saludable<\/strong>, i de les seves propietats nutricionals.<\/li>\n<li>Implicar tota la comunitat educativa (alumnat, docents i fam\u00edlies), perqu\u00e8 els h\u00e0bits alimentaris adquirits en la inf\u00e0ncia s\u00f3n <strong>decisius en el comportament alimentari en l&#8217;edat adulta<\/strong>.<\/li>\n<\/ul>\n<p><img loading=\"lazy\" decoding=\"async\" class=\"alignnone  wp-image-8871\" src=\"https:\/\/agora.xtec.cat\/ceiplanovaelectra\/wp-content\/uploads\/usu1276\/2022\/03\/20220321141403_00001-1024x724.jpg\" alt=\"\" width=\"556\" height=\"393\" srcset=\"https:\/\/agora.xtec.cat\/ceiplanovaelectra\/wp-content\/uploads\/usu1276\/2022\/03\/20220321141403_00001-1024x724.jpg 1024w, https:\/\/agora.xtec.cat\/ceiplanovaelectra\/wp-content\/uploads\/usu1276\/2022\/03\/20220321141403_00001-300x212.jpg 300w, https:\/\/agora.xtec.cat\/ceiplanovaelectra\/wp-content\/uploads\/usu1276\/2022\/03\/20220321141403_00001-768x543.jpg 768w, https:\/\/agora.xtec.cat\/ceiplanovaelectra\/wp-content\/uploads\/usu1276\/2022\/03\/20220321141403_00001-1536x1086.jpg 1536w, https:\/\/agora.xtec.cat\/ceiplanovaelectra\/wp-content\/uploads\/usu1276\/2022\/03\/20220321141403_00001-2048x1448.jpg 2048w\" sizes=\"auto, (max-width: 556px) 100vw, 556px\" \/> \u00a0\u00a0\u00a0\u00a0\u00a0 <a href=\"https:\/\/agora.xtec.cat\/ceiplanovaelectra\/wp-content\/uploads\/usu1276\/2022\/03\/20220321141454_00001-scaled.jpg\"><img loading=\"lazy\" decoding=\"async\" class=\"alignnone  wp-image-8870\" src=\"https:\/\/agora.xtec.cat\/ceiplanovaelectra\/wp-content\/uploads\/usu1276\/2022\/03\/20220321141454_00001-1024x724.jpg\" alt=\"\" width=\"557\" height=\"394\" srcset=\"https:\/\/agora.xtec.cat\/ceiplanovaelectra\/wp-content\/uploads\/usu1276\/2022\/03\/20220321141454_00001-1024x724.jpg 1024w, https:\/\/agora.xtec.cat\/ceiplanovaelectra\/wp-content\/uploads\/usu1276\/2022\/03\/20220321141454_00001-300x212.jpg 300w, https:\/\/agora.xtec.cat\/ceiplanovaelectra\/wp-content\/uploads\/usu1276\/2022\/03\/20220321141454_00001-768x543.jpg 768w, https:\/\/agora.xtec.cat\/ceiplanovaelectra\/wp-content\/uploads\/usu1276\/2022\/03\/20220321141454_00001-1536x1086.jpg 1536w, https:\/\/agora.xtec.cat\/ceiplanovaelectra\/wp-content\/uploads\/usu1276\/2022\/03\/20220321141454_00001-2048x1448.jpg 2048w\" sizes=\"auto, (max-width: 557px) 100vw, 557px\" \/><\/a><\/p>\n<p>&nbsp;<\/p>\n<p>El programa distribueix gratu\u00eftament<strong> fruita i verdura fresca<\/strong> als escolars de segon cicle d\u2019educaci\u00f3 infantil i de prim\u00e0ria (infants de 3 a 12 anys) de centres educatius que ho demanin.<\/p>\n<p>\u00c9s una iniciativa de la Uni\u00f3 Europea amb l&#8217;acci\u00f3 conjunta dels departaments d\u2019Agricultura, Salut i Ensenyament.<\/p>\n<p>Els objectius s\u00f3n:<\/p>\n<ul>\n<li>Oferir fruita gratu\u00efta en els esmorzars i berenars dins del centre escolar.<\/li>\n<li>Informar sobre els beneficis de pujar el consum de fruites i verdures, i sobre la seva diversitat, trets, producci\u00f3, estacionalitat, etc.<\/li>\n<li>Proposar el consum de fruites com una alternativa excel\u00b7lent al consum d\u2019altres aliments amb menys qualitat nutricional.<\/li>\n<\/ul>\n<p>Es pret\u00e9n amb aix\u00f2 afavorir la salut dels infants i promoure el consum de fruites, verdures, fruita seca, llegums, aigua i joc actiu.<\/p>\n<p>I tamb\u00e9 reduir el consum llaminadures, begudes refrescants, brioxeria i videojocs sedentaris.<\/p>\n<p><img loading=\"lazy\" decoding=\"async\" class=\"alignnone  wp-image-8869\" src=\"https:\/\/agora.xtec.cat\/ceiplanovaelectra\/wp-content\/uploads\/usu1276\/2022\/03\/20220321141619_00001-1024x724.jpg\" alt=\"\" width=\"547\" height=\"387\" srcset=\"https:\/\/agora.xtec.cat\/ceiplanovaelectra\/wp-content\/uploads\/usu1276\/2022\/03\/20220321141619_00001-1024x724.jpg 1024w, https:\/\/agora.xtec.cat\/ceiplanovaelectra\/wp-content\/uploads\/usu1276\/2022\/03\/20220321141619_00001-300x212.jpg 300w, https:\/\/agora.xtec.cat\/ceiplanovaelectra\/wp-content\/uploads\/usu1276\/2022\/03\/20220321141619_00001-768x543.jpg 768w, https:\/\/agora.xtec.cat\/ceiplanovaelectra\/wp-content\/uploads\/usu1276\/2022\/03\/20220321141619_00001-1536x1086.jpg 1536w, https:\/\/agora.xtec.cat\/ceiplanovaelectra\/wp-content\/uploads\/usu1276\/2022\/03\/20220321141619_00001-2048x1448.jpg 2048w\" sizes=\"auto, (max-width: 547px) 100vw, 547px\" \/>\u00a0 \u00a0 \u00a0 \u00a0 <a href=\"https:\/\/agora.xtec.cat\/ceiplanovaelectra\/wp-content\/uploads\/usu1276\/2022\/03\/20220321141659_00001-scaled.jpg\"><img loading=\"lazy\" decoding=\"async\" class=\"alignnone  wp-image-8868\" src=\"https:\/\/agora.xtec.cat\/ceiplanovaelectra\/wp-content\/uploads\/usu1276\/2022\/03\/20220321141659_00001-1024x724.jpg\" alt=\"\" width=\"552\" height=\"390\" srcset=\"https:\/\/agora.xtec.cat\/ceiplanovaelectra\/wp-content\/uploads\/usu1276\/2022\/03\/20220321141659_00001-1024x724.jpg 1024w, https:\/\/agora.xtec.cat\/ceiplanovaelectra\/wp-content\/uploads\/usu1276\/2022\/03\/20220321141659_00001-300x212.jpg 300w, https:\/\/agora.xtec.cat\/ceiplanovaelectra\/wp-content\/uploads\/usu1276\/2022\/03\/20220321141659_00001-768x543.jpg 768w, https:\/\/agora.xtec.cat\/ceiplanovaelectra\/wp-content\/uploads\/usu1276\/2022\/03\/20220321141659_00001-1536x1086.jpg 1536w, https:\/\/agora.xtec.cat\/ceiplanovaelectra\/wp-content\/uploads\/usu1276\/2022\/03\/20220321141659_00001-2048x1448.jpg 2048w\" sizes=\"auto, (max-width: 552px) 100vw, 552px\" \/><\/a><\/p>\n<p>&nbsp;<\/p>\n","protected":false},"excerpt":{"rendered":"<p>El programa ofereix llet gratu\u00efta en els esmorzars dins del centre escolar de segon cicle d&#8217;educaci\u00f3 infantil i de prim\u00e0ria (infants de 3 a 12 anys) de centres educatius que ho demanin.<br \/>\n\u00c9s una iniciativa de la Uni\u00f3 Europea amb l&#8217;acci\u00f3 conjunta dels departaments d&#8217;Agricultura, Salut&hellip;  <a href=\"https:\/\/agora.xtec.cat\/ceiplanovaelectra\/programa-de-fruita-i-llet\/\" title=\"Read Programa de fruita i llet\">Llegeix m\u00e9s\u00bb<\/a><\/p>\n","protected":false},"author":1,"featured_media":0,"parent":0,"menu_order":0,"comment_status":"closed","ping_status":"closed","template":"","meta":{"_bbp_topic_count":0,"_bbp_reply_count":0,"_bbp_total_topic_count":0,"_bbp_total_reply_count":0,"_bbp_voice_count":0,"_bbp_anonymous_reply_count":0,"_bbp_topic_count_hidden":0,"_bbp_reply_count_hidden":0,"_bbp_forum_subforum_count":0,"footnotes":""},"class_list":["post-8857","page","type-page","status-publish","hentry"],"post_mailing_queue_ids":[],"_links":{"self":[{"href":"https:\/\/agora.xtec.cat\/ceiplanovaelectra\/wp-json\/wp\/v2\/pages\/8857","targetHints":{"allow":["GET"]}}],"collection":[{"href":"https:\/\/agora.xtec.cat\/ceiplanovaelectra\/wp-json\/wp\/v2\/pages"}],"about":[{"href":"https:\/\/agora.xtec.cat\/ceiplanovaelectra\/wp-json\/wp\/v2\/types\/page"}],"author":[{"embeddable":true,"href":"https:\/\/agora.xtec.cat\/ceiplanovaelectra\/wp-json\/wp\/v2\/users\/1"}],"replies":[{"embeddable":true,"href":"https:\/\/agora.xtec.cat\/ceiplanovaelectra\/wp-json\/wp\/v2\/comments?post=8857"}],"version-history":[{"count":3,"href":"https:\/\/agora.xtec.cat\/ceiplanovaelectra\/wp-json\/wp\/v2\/pages\/8857\/revisions"}],"predecessor-version":[{"id":8872,"href":"https:\/\/agora.xtec.cat\/ceiplanovaelectra\/wp-json\/wp\/v2\/pages\/8857\/revisions\/8872"}],"wp:attachment":[{"href":"https:\/\/agora.xtec.cat\/ceiplanovaelectra\/wp-json\/wp\/v2\/media?parent=8857"}],"curies":[{"name":"wp","href":"https:\/\/api.w.org\/{rel}","templated":true}]}}