{"id":7178,"date":"2022-02-09T16:02:50","date_gmt":"2022-02-09T15:02:50","guid":{"rendered":"https:\/\/agora.xtec.cat\/ceiplanovaelectra\/?page_id=7178"},"modified":"2026-04-24T10:55:05","modified_gmt":"2026-04-24T08:55:05","slug":"preinscripcio","status":"publish","type":"page","link":"https:\/\/agora.xtec.cat\/ceiplanovaelectra\/preinscripcio\/","title":{"rendered":"Preinscripci\u00f3"},"content":{"rendered":"<h5 style=\"text-align: left;\"><a href=\"https:\/\/agora.xtec.cat\/ceiplanovaelectra\/wp-content\/uploads\/usu1276\/2026\/03\/cartell-web.gif\"><img loading=\"lazy\" decoding=\"async\" class=\"alignnone size-full wp-image-13494\" src=\"https:\/\/agora.xtec.cat\/ceiplanovaelectra\/wp-content\/uploads\/usu1276\/2026\/03\/cartell-web.gif\" alt=\"\" width=\"1543\" height=\"271\" \/><\/a><\/h5>\n<h5 style=\"text-align: left;\"><span style=\"color: #ffcc00;\">Calendari<\/span><\/h5>\n<table style=\"height: 369px; width: 65.6845%; border-collapse: collapse; border-color: #070808; border-style: solid;\">\n<tbody>\n<tr style=\"height: 32px;\">\n<td style=\"width: 46.4017%; height: 32px;\"><strong>Publicaci\u00f3 oferta inicial<\/strong><\/td>\n<td style=\"width: 31.3276%; height: 32px;\"><a href=\"https:\/\/drive.google.com\/file\/d\/1Z5W9p94qGtq4VgDLVehenoWLg9jiTDyn\/view?usp=sharing\" target=\"_blank\" rel=\"noopener\">3 de mar\u00e7<\/a><\/td>\n<\/tr>\n<tr style=\"height: 32px;\">\n<td style=\"width: 46.4017%; height: 10px;\"><span style=\"color: #000000;\"><strong>Presentaci\u00f3 i\/o modificaci\u00f3 de sol\u00b7licituds del 4 al 18 de mar\u00e7<\/strong><\/span><\/td>\n<td style=\"width: 31.3276%; height: 10px;\"><span style=\"color: #33cccc;\"><a style=\"color: #33cccc;\" href=\"https:\/\/tramits.gencat.cat\/ca\/tramits\/tramits-temes\/perinscripcio-obligatoris?moda=1\" target=\"_blank\" rel=\"noopener\"><strong>SOL\u00b7LICITUD INFANTIL<\/strong><\/a><\/span><\/p>\n<p><a href=\"https:\/\/educacio.gencat.cat\/ca\/tramits\/tramits-temes\/perinscripcio-obligatoris?category=&amp;moda=2\" target=\"_blank\" rel=\"noopener\"><strong><span style=\"color: #ff9900;\">SOL\u00b7LICITUD PRIM\u00c0RIA\u00a0<\/span><\/strong><\/a><\/td>\n<\/tr>\n<tr style=\"height: 32px;\">\n<td style=\"width: 46.4017%; height: 32px;\"><strong>Presentaci\u00f3 de documentaci\u00f3<\/strong><\/td>\n<td style=\"width: 31.3276%; height: 32px;\">Fins el 19 de mar\u00e7<\/td>\n<\/tr>\n<tr style=\"height: 32px;\">\n<td style=\"width: 46.4017%; height: 32px;\"><strong>Publicaci\u00f3 de la llista de sol\u00b7licituds amb la puntuaci\u00f3 provisional<\/strong><\/td>\n<td style=\"width: 31.3276%; height: 32px;\"><a href=\"https:\/\/drive.google.com\/file\/d\/1w64hIgpTTR9MPTYduVJvrjAiTwjCfPfd\/view?usp=sharing\" target=\"_blank\" rel=\"noopener\">15 d&#8217;abril<\/a><\/td>\n<\/tr>\n<tr style=\"height: 32px;\">\n<td style=\"width: 46.4017%; height: 32px;\"><strong>Presentaci\u00f3 de reclamacions a la llista amb la puntuaci\u00f3 provisional<\/strong><\/td>\n<td style=\"width: 31.3276%; height: 32px;\">del 15 al 20 d&#8217;abril<\/td>\n<\/tr>\n<tr style=\"height: 32px;\">\n<td style=\"width: 46.4017%; height: 32px;\"><strong>Publicaci\u00f3 de la llista amb la puntuaci\u00f3, resoltes les reclamacions<\/strong><\/td>\n<td style=\"width: 31.3276%; height: 32px;\"><a href=\"https:\/\/agora.xtec.cat\/ceiplanovaelectra\/wp-content\/uploads\/usu1276\/2026\/04\/INFORME_BAREM_RESOLTES_BAREM-2.pdf\" target=\"_blank\" rel=\"noopener\">23 d&#8217;abril<\/a><\/td>\n<\/tr>\n<tr style=\"height: 32px;\">\n<td style=\"width: 46.4017%; height: 32px;\"><strong>Sorteig<\/strong><\/td>\n<td style=\"width: 31.3276%; height: 32px;\">28 d&#8217;abril<\/td>\n<\/tr>\n<tr style=\"height: 32px;\">\n<td style=\"width: 46.4017%; height: 32px;\"><strong>Publicaci\u00f3 llista ordenada<\/strong><\/td>\n<td style=\"width: 31.3276%; height: 32px;\">30 d&#8217;abril<\/td>\n<\/tr>\n<tr style=\"height: 32px;\">\n<td style=\"width: 46.4017%; height: 32px;\"><strong>Ampliaci\u00f3 de peticions ( per aquells que necessiten assignaci\u00f3 d&#8217;ofici i no s&#8217;han assignat per petici\u00f3 original)<\/strong><\/td>\n<td style=\"width: 31.3276%; height: 32px;\">NEE 13 i 14 de maig<\/p>\n<p>Ordinaris de l&#8217;1 al 3 de juny<\/td>\n<\/tr>\n<tr style=\"height: 32px;\">\n<td style=\"width: 46.4017%; height: 32px;\"><strong>Publicaci\u00f3 de l&#8217;oferta final<\/strong><\/td>\n<td style=\"width: 31.3276%; height: 32px;\">10 de juny<\/td>\n<\/tr>\n<tr style=\"height: 32px;\">\n<td style=\"width: 46.4017%; height: 32px;\"><strong>Publicaci\u00f3 de la <span style=\"color: #ff0000;\">l<\/span><span style=\"color: #ff0000;\">lista d&#8217;adm<\/span><span style=\"color: #ff0000;\">esos<\/span> i la<span style=\"color: #ffcc00;\"> llista d&#8217;espera<\/span> i<span style=\"color: #ff00ff;\"> llista preinscrits<\/span><\/strong><\/td>\n<td style=\"width: 31.3276%; height: 32px;\">10 de juny<\/td>\n<\/tr>\n<tr style=\"height: 39px;\">\n<td style=\"width: 46.4017%; height: 39px;\"><strong>Per\u00edode de matriculaci\u00f3 de l&#8217;educaci\u00f3 infantil, prim\u00e0ria<\/strong><\/td>\n<td style=\"width: 31.3276%; height: 39px;\">22 al 30 de juny<\/td>\n<\/tr>\n<\/tbody>\n<\/table>\n<p>Per m\u00e9s informaci\u00f3 cliqueu a <a href=\"https:\/\/preinscripcio.gencat.cat\/ca\/inici\/index.html\" target=\"_blank\" rel=\"noopener\">l&#8217;enlla\u00e7 del Departament<\/a>.<\/p>\n<p>&nbsp;<\/p>\n<p>&nbsp;<\/p>\n","protected":false},"excerpt":{"rendered":"<p><a href=\"https:\/\/agora.xtec.cat\/ceiplanovaelectra\/wp-content\/uploads\/usu1276\/2026\/03\/cartell-web.gif\"><\/a><br \/>\nCalendari<\/p>\n<p>Publicaci\u00f3 oferta inicial<br \/>\n<a href=\"https:\/\/drive.google.com\/file\/d\/1Z5W9p94qGtq4VgDLVehenoWLg9jiTDyn\/view?usp=sharing\" target=\"_blank\" rel=\"noopener\">3 de mar\u00e7<\/a><\/p>\n<p>Presentaci\u00f3 i\/o modificaci\u00f3 de sol\u00b7licituds del 4 al 18 de mar\u00e7<br \/>\n<a style=\"color: #33cccc;\" href=\"https:\/\/tramits.gencat.cat\/ca\/tramits\/tramits-temes\/perinscripcio-obligatoris?moda=1\" target=\"_blank\" rel=\"noopener\">SOL\u00b7LICITUD INFANTIL<\/a><br \/>\n<a href=\"https:\/\/educacio.gencat.cat\/ca\/tramits\/tramits-temes\/perinscripcio-obligatoris?category=&amp;moda=2\" target=\"_blank\" rel=\"noopener\">SOL\u00b7LICITUD PRIM\u00c0RIA\u00a0<\/a><\/p>\n<p>Presentaci\u00f3 de documentaci\u00f3<br \/>\nFins el 19 de mar\u00e7<\/p>\n<p>Publicaci\u00f3 de la llista de sol\u00b7licituds amb la puntuaci\u00f3 provisional<br \/>\n<a href=\"https:\/\/drive.google.com\/file\/d\/1w64hIgpTTR9MPTYduVJvrjAiTwjCfPfd\/view?usp=sharing\"&hellip;  <a href=\"https:\/\/agora.xtec.cat\/ceiplanovaelectra\/preinscripcio\/\" title=\"Read Preinscripci\u00f3\">Llegeix m\u00e9s\u00bb<\/a><\/p>\n","protected":false},"author":1,"featured_media":0,"parent":0,"menu_order":0,"comment_status":"closed","ping_status":"closed","template":"","meta":{"_bbp_topic_count":0,"_bbp_reply_count":0,"_bbp_total_topic_count":0,"_bbp_total_reply_count":0,"_bbp_voice_count":0,"_bbp_anonymous_reply_count":0,"_bbp_topic_count_hidden":0,"_bbp_reply_count_hidden":0,"_bbp_forum_subforum_count":0,"footnotes":""},"class_list":["post-7178","page","type-page","status-publish","hentry"],"post_mailing_queue_ids":[],"_links":{"self":[{"href":"https:\/\/agora.xtec.cat\/ceiplanovaelectra\/wp-json\/wp\/v2\/pages\/7178","targetHints":{"allow":["GET"]}}],"collection":[{"href":"https:\/\/agora.xtec.cat\/ceiplanovaelectra\/wp-json\/wp\/v2\/pages"}],"about":[{"href":"https:\/\/agora.xtec.cat\/ceiplanovaelectra\/wp-json\/wp\/v2\/types\/page"}],"author":[{"embeddable":true,"href":"https:\/\/agora.xtec.cat\/ceiplanovaelectra\/wp-json\/wp\/v2\/users\/1"}],"replies":[{"embeddable":true,"href":"https:\/\/agora.xtec.cat\/ceiplanovaelectra\/wp-json\/wp\/v2\/comments?post=7178"}],"version-history":[{"count":7,"href":"https:\/\/agora.xtec.cat\/ceiplanovaelectra\/wp-json\/wp\/v2\/pages\/7178\/revisions"}],"predecessor-version":[{"id":13605,"href":"https:\/\/agora.xtec.cat\/ceiplanovaelectra\/wp-json\/wp\/v2\/pages\/7178\/revisions\/13605"}],"wp:attachment":[{"href":"https:\/\/agora.xtec.cat\/ceiplanovaelectra\/wp-json\/wp\/v2\/media?parent=7178"}],"curies":[{"name":"wp","href":"https:\/\/api.w.org\/{rel}","templated":true}]}}