{"id":1383,"date":"2020-02-11T08:31:27","date_gmt":"2020-02-11T07:31:27","guid":{"rendered":"https:\/\/agora.xtec.cat\/ceiplanovaelectra\/?page_id=1383"},"modified":"2025-09-10T09:58:15","modified_gmt":"2025-09-10T07:58:15","slug":"equip-docent-2020-2021","status":"publish","type":"page","link":"https:\/\/agora.xtec.cat\/ceiplanovaelectra\/lescola\/equip-docent-2020-2021\/","title":{"rendered":"Equip docent"},"content":{"rendered":"<table style=\"height: 933px; width: 82.8845%; border-color: #eda951; background-color: #edda5c;\">\n<tbody>\n<tr style=\"height: 42px;\">\n<td style=\"width: 185.849%; height: 42px;\" colspan=\"2\">\n<h4 style=\"text-align: center;\"><span style=\"color: #808000;\"><strong>EQUIP DOCENT\u00a0 25-26<\/strong><\/span><\/h4>\n<\/td>\n<\/tr>\n<tr style=\"height: 134px;\">\n<td style=\"width: 35.5128%; height: 18px;\"><strong>Directora<\/strong><\/p>\n<p><strong>Cap d\u2019estudis<\/strong><\/p>\n<p><strong>Secret\u00e0ria<\/strong><\/td>\n<td style=\"width: 150.336%; height: 18px;\">Anna Antich<\/p>\n<p>M. Jos\u00e9 Canal\u00eds<\/p>\n<p>\u00darsula Jurado<\/td>\n<\/tr>\n<tr style=\"height: 55px;\">\n<td style=\"width: 185.849%; height: 55px;\" colspan=\"2\">\n<h4 style=\"text-align: center;\"><span style=\"color: #ff9900;\"><strong>EDUCACI\u00d3 INFANTIL<\/strong><\/span><\/h4>\n<\/td>\n<\/tr>\n<tr style=\"height: 55px;\">\n<td style=\"width: 35.5128%; height: 39px;\"><strong>I3A<\/strong><\/td>\n<td style=\"width: 150.336%; height: 39px;\">Consu Heredo\/ Sandra Rodr\u00edguez<\/td>\n<\/tr>\n<tr style=\"height: 55px;\">\n<td style=\"width: 35.5128%; height: 36px;\"><strong>I3B<\/strong><\/td>\n<td style=\"width: 150.336%; height: 36px;\">Judit Buy\u00e9<\/td>\n<\/tr>\n<tr style=\"height: 55px;\">\n<td style=\"width: 35.5128%; height: 39px;\"><strong>I4A<\/strong><\/td>\n<td style=\"width: 150.336%; height: 39px;\">Bea Morales<\/td>\n<\/tr>\n<tr style=\"height: 55px;\">\n<td style=\"width: 35.5128%; height: 20px;\"><strong>I4B<\/strong><\/td>\n<td style=\"width: 150.336%; height: 20px;\">Ester Chesa<\/td>\n<\/tr>\n<tr style=\"height: 55px;\">\n<td style=\"width: 35.5128%; height: 34px;\"><strong>I5A<\/strong><\/td>\n<td style=\"width: 150.336%; height: 34px;\">Laura Heredia<\/td>\n<\/tr>\n<tr style=\"height: 55px;\">\n<td style=\"width: 35.5128%; height: 32px;\"><strong>I5B<\/strong><\/td>\n<td style=\"width: 150.336%; height: 32px;\">Mireia Garcia<\/td>\n<\/tr>\n<tr style=\"height: 55px;\">\n<td style=\"width: 35.5128%; height: 37px;\"><strong>M\u00fasica<\/strong><\/td>\n<td style=\"width: 150.336%; height: 37px;\">Anabel Ben\u00edtez<\/td>\n<\/tr>\n<tr style=\"height: 55px;\">\n<td style=\"width: 35.5128%; height: 32px;\"><strong>Psicomotricitat<\/strong><\/td>\n<td style=\"width: 150.336%; height: 32px;\">Jordi Navarro<\/td>\n<\/tr>\n<tr style=\"height: 55px;\">\n<td style=\"width: 35.5128%; height: 33px;\"><strong>TEI<\/strong><\/td>\n<td style=\"width: 150.336%; height: 33px;\">Vanessa S\u00e1nchez<\/td>\n<\/tr>\n<tr style=\"height: 55px;\">\n<td style=\"width: 185.849%; height: 40px;\" colspan=\"2\">\n<h4 style=\"text-align: center;\"><span style=\"color: #ff9900;\"><strong>EDUCACI\u00d3 PRIM\u00c0RIA<\/strong><\/span><\/h4>\n<\/td>\n<\/tr>\n<tr style=\"height: 55px;\">\n<td style=\"width: 35.5128%; height: 35px;\"><strong>1rA<\/strong><\/td>\n<td style=\"width: 150.336%; height: 35px;\">Nadia Arnau<\/td>\n<\/tr>\n<tr style=\"height: 55px;\">\n<td style=\"width: 35.5128%; height: 35px;\"><strong>1rB<\/strong><\/td>\n<td style=\"width: 150.336%; height: 35px;\">T\u00e0nia Samariego<\/td>\n<\/tr>\n<tr style=\"height: 55px;\">\n<td style=\"width: 35.5128%; height: 38px;\"><strong>2nA<\/strong><\/td>\n<td style=\"width: 150.336%; height: 38px;\">Laura Domene<\/td>\n<\/tr>\n<tr style=\"height: 55px;\">\n<td style=\"width: 35.5128%; height: 34px;\"><strong>2nB<\/strong><\/td>\n<td style=\"width: 150.336%; height: 34px;\">J\u00falia Masons<\/td>\n<\/tr>\n<tr style=\"height: 55px;\">\n<td style=\"width: 35.5128%; height: 35px;\"><strong>3r A<\/strong><\/td>\n<td style=\"width: 150.336%; height: 35px;\">Carme Reyes<\/td>\n<\/tr>\n<tr style=\"height: 55px;\">\n<td style=\"width: 35.5128%; height: 32px;\"><strong>3rB<\/strong><\/td>\n<td style=\"width: 150.336%; height: 32px;\">Nat\u00e0lia P\u00e9rez<\/td>\n<\/tr>\n<tr style=\"height: 55px;\">\n<td style=\"width: 35.5128%; height: 35px;\"><strong>4tA<\/strong><\/td>\n<td style=\"width: 150.336%; height: 35px;\">Mariona Bach<\/td>\n<\/tr>\n<tr style=\"height: 55px;\">\n<td style=\"width: 35.5128%; height: 30px;\"><strong>4tB<\/strong><\/td>\n<td style=\"width: 150.336%; height: 30px;\">Teresa Guti\u00e9rrez<\/td>\n<\/tr>\n<tr style=\"height: 55px;\">\n<td style=\"width: 35.5128%; height: 38px;\"><strong>5\u00e8A<\/strong><\/td>\n<td style=\"width: 150.336%; height: 38px;\">Georgina Mart\u00ed<\/td>\n<\/tr>\n<tr style=\"height: 55px;\">\n<td style=\"width: 35.5128%; height: 33px;\"><strong>5\u00e8B<\/strong><\/td>\n<td style=\"width: 150.336%; height: 33px;\">Xavi Vilanova<\/td>\n<\/tr>\n<tr style=\"height: 55px;\">\n<td style=\"width: 35.5128%; height: 35px;\"><strong>6\u00e8A<\/strong><\/td>\n<td style=\"width: 150.336%; height: 35px;\">Midori Cots<\/td>\n<\/tr>\n<tr style=\"height: 55px;\">\n<td style=\"width: 35.5128%; height: 32px;\"><strong>6\u00e8B<\/strong><\/td>\n<td style=\"width: 150.336%; height: 32px;\">Diego Gil<\/td>\n<\/tr>\n<\/tbody>\n<\/table>\n<p>&nbsp;<\/p>\n<table style=\"height: 406px; width: 83.0745%; border-color: #e8a73f; background-color: #f2da77;\">\n<tbody>\n<tr style=\"height: 60px;\">\n<td style=\"width: 160.647%; height: 60px;\" colspan=\"2\">\n<h4 style=\"text-align: center;\"><span style=\"color: #ff9900;\"><strong>ESPECIALISTES PRIM\u00c0RIA<\/strong><\/span><\/h4>\n<\/td>\n<\/tr>\n<tr style=\"height: 49px;\">\n<td style=\"width: 38.9452%; height: 49px;\"><strong>Angl\u00e8s<\/strong><\/td>\n<td style=\"width: 121.702%; height: 49px;\">\u00darsula Jurado, Alba Casta\u00f1\u00e9<\/td>\n<\/tr>\n<tr style=\"height: 33px;\">\n<td style=\"width: 38.9452%; height: 40px;\"><strong>M\u00fasica prim\u00e0ria<\/strong><\/td>\n<td style=\"width: 121.702%; height: 40px;\">Anabel Ben\u00edtez<\/td>\n<\/tr>\n<tr style=\"height: 33px;\">\n<td style=\"width: 38.9452%; height: 42px;\"><strong>Educaci\u00f3 f\u00edsica<\/strong><\/td>\n<td style=\"width: 121.702%; height: 42px;\">Jordi Navarro, Laia Gal\u00ed<\/td>\n<\/tr>\n<tr style=\"height: 33px;\">\n<td style=\"width: 38.9452%; height: 43px;\"><strong>SIEI<\/strong><\/td>\n<td style=\"width: 121.702%; height: 43px;\">Paola Moreno, Llu\u00efsa Martin<\/td>\n<\/tr>\n<tr style=\"height: 28px;\">\n<td style=\"width: 38.9452%; height: 40px;\"><strong>Educaci\u00f3 especial<\/strong><\/td>\n<td style=\"width: 121.702%; height: 40px;\">\u00c0ngels Estrada, Anna M\u00aa Roca, Marta Fons<\/td>\n<\/tr>\n<tr style=\"height: 49px;\">\n<td style=\"width: 38.9452%; height: 43px;\"><strong>Religi\u00f3<\/strong><\/td>\n<td style=\"width: 121.702%; height: 43px;\">Maria del Mar \u00dabeda<\/td>\n<\/tr>\n<tr style=\"height: 49px;\">\n<td style=\"width: 38.9452%; height: 44px;\"><strong>Castell\u00e0<\/strong><\/td>\n<td style=\"width: 121.702%; height: 44px; text-align: justify;\"><\/td>\n<\/tr>\n<tr style=\"height: 53px;\">\n<td style=\"width: 38.9452%; height: 45px;\"><strong>Aula d&#8217;acollida<\/strong><\/td>\n<td style=\"width: 121.702%; height: 45px;\">\u00c0ngels Urendes<\/td>\n<\/tr>\n<\/tbody>\n<\/table>\n<p>&nbsp;<\/p>\n<table style=\"height: 43px; width: 83.0395%; border-color: #e8a73f; background-color: #ffd059;\">\n<tbody>\n<tr style=\"height: 53px;\">\n<td style=\"width: 38.2783%; height: 43px;\"><strong>Refor\u00e7os d&#8217;infantil i prim\u00e0ria<\/strong><\/td>\n<td style=\"width: 127.017%; height: 43px; text-align: justify;\">Cristina Casino, Maria del Mar \u00dabeda,<\/td>\n<\/tr>\n<\/tbody>\n<\/table>\n","protected":false},"excerpt":{"rendered":"<p>EQUIP DOCENT\u00a0 25-26<\/p>\n<p>Directora<br \/>\nCap d\u2019estudis<br \/>\nSecret\u00e0ria<br \/>\nAnna Antich<br \/>\nM. Jos\u00e9 Canal\u00eds<br \/>\n\u00darsula Jurado<\/p>\n<p>EDUCACI\u00d3 INFANTIL<\/p>\n<p>I3A<br \/>\nConsu Heredo\/ Sandra Rodr\u00edguez<\/p>\n<p>I3B<br \/>\nJudit Buy\u00e9<\/p>\n<p>I4A<br \/>\nBea Morales<\/p>\n<p>I4B<br \/>\nEster Chesa<\/p>\n<p>I5A<br \/>\nLaura Heredia<\/p>\n<p>I5B<br \/>\nMireia Garcia<\/p>\n<p>M\u00fasica<br \/>\nAnabel Ben\u00edtez<\/p>\n<p>Psicomotricitat<br \/>\nJordi Navarro<\/p>\n<p>TEI<br \/>\nVanessa S\u00e1nchez<\/p>\n<p>EDUCACI\u00d3 PRIM\u00c0RIA<\/p>\n<p>1rA<br \/>\nNadia Arnau<\/p>\n<p>1rB<br \/>\nT\u00e0nia Samariego<\/p>\n<p>2nA<br \/>\nLaura Domene<\/p>\n<p>2nB<br \/>\nJ\u00falia Masons<\/p>\n<p>3r A<br \/>\nCarme Reyes<\/p>\n<p>3rB<br \/>\nNat\u00e0lia P\u00e9rez<\/p>\n<p>4tA<br \/>\nMariona Bach<\/p>\n<p>4tB<br \/>\nTeresa Guti\u00e9rrez<\/p>\n<p>5\u00e8A<br \/>\nGeorgina Mart\u00ed<\/p>\n<p>5\u00e8B<br \/>\nXavi Vilanova<\/p>\n<p>6\u00e8A<br \/>\nMidori Cots<\/p>\n<p>6\u00e8B<br \/>\nDiego Gil<\/p>\n<p>&nbsp;<\/p>\n<p>ESPECIALISTES PRIM\u00c0RIA<\/p>\n<p>Angl\u00e8s<br \/>\n\u00darsula Jurado, Alba Casta\u00f1\u00e9<\/p>\n<p>M\u00fasica prim\u00e0ria<br \/>\nAnabel Ben\u00edtez<\/p>\n<p>Educaci\u00f3 f\u00edsica<br \/>\nJordi Navarro, Laia Gal\u00ed<\/p>\n<p>SIEI<br \/>\nPaola Moreno,&hellip;  <a href=\"https:\/\/agora.xtec.cat\/ceiplanovaelectra\/lescola\/equip-docent-2020-2021\/\" title=\"Read Equip docent\">Llegeix m\u00e9s\u00bb<\/a><\/p>\n","protected":false},"author":1,"featured_media":0,"parent":22,"menu_order":0,"comment_status":"closed","ping_status":"closed","template":"","meta":{"_bbp_topic_count":0,"_bbp_reply_count":0,"_bbp_total_topic_count":0,"_bbp_total_reply_count":0,"_bbp_voice_count":0,"_bbp_anonymous_reply_count":0,"_bbp_topic_count_hidden":0,"_bbp_reply_count_hidden":0,"_bbp_forum_subforum_count":0,"footnotes":""},"class_list":["post-1383","page","type-page","status-publish","hentry"],"post_mailing_queue_ids":[],"_links":{"self":[{"href":"https:\/\/agora.xtec.cat\/ceiplanovaelectra\/wp-json\/wp\/v2\/pages\/1383","targetHints":{"allow":["GET"]}}],"collection":[{"href":"https:\/\/agora.xtec.cat\/ceiplanovaelectra\/wp-json\/wp\/v2\/pages"}],"about":[{"href":"https:\/\/agora.xtec.cat\/ceiplanovaelectra\/wp-json\/wp\/v2\/types\/page"}],"author":[{"embeddable":true,"href":"https:\/\/agora.xtec.cat\/ceiplanovaelectra\/wp-json\/wp\/v2\/users\/1"}],"replies":[{"embeddable":true,"href":"https:\/\/agora.xtec.cat\/ceiplanovaelectra\/wp-json\/wp\/v2\/comments?post=1383"}],"version-history":[{"count":7,"href":"https:\/\/agora.xtec.cat\/ceiplanovaelectra\/wp-json\/wp\/v2\/pages\/1383\/revisions"}],"predecessor-version":[{"id":12931,"href":"https:\/\/agora.xtec.cat\/ceiplanovaelectra\/wp-json\/wp\/v2\/pages\/1383\/revisions\/12931"}],"up":[{"embeddable":true,"href":"https:\/\/agora.xtec.cat\/ceiplanovaelectra\/wp-json\/wp\/v2\/pages\/22"}],"wp:attachment":[{"href":"https:\/\/agora.xtec.cat\/ceiplanovaelectra\/wp-json\/wp\/v2\/media?parent=1383"}],"curies":[{"name":"wp","href":"https:\/\/api.w.org\/{rel}","templated":true}]}}