{"id":8879,"date":"2023-04-13T23:58:32","date_gmt":"2023-04-13T21:58:32","guid":{"rendered":"https:\/\/agora.xtec.cat\/ceiplanaspa\/?page_id=8879"},"modified":"2024-12-08T22:07:13","modified_gmt":"2024-12-08T21:07:13","slug":"guies-de-lectura","status":"publish","type":"page","link":"https:\/\/agora.xtec.cat\/ceiplanaspa\/transformacio-biblioteca\/guies-de-lectura\/","title":{"rendered":"Actuacions conjuntes (comissi\u00f3 mixta)"},"content":{"rendered":"<h4 id=\"yui_3_17_2_1_1733691754253_191478\">Reflexi\u00f3 sobre les accions de col\u00b7laboraci\u00f3 amb les fam\u00edlies en l\u2019aprenentatge de la lectura<\/h4>\n<p id=\"yui_3_17_2_1_1733691754253_4047\">A la nostra escola s\u2019ha establert una estreta col\u00b7laboraci\u00f3 amb les fam\u00edlies en relaci\u00f3 amb la lectura i la dinamitzaci\u00f3 de la biblioteca escolar, una pe\u00e7a clau per fomentar l\u2019h\u00e0bit lector entre infants i adults. Aquest projecte \u00e9s relativament recent, i encara estem construint les bases. La participaci\u00f3 de les fam\u00edlies es vehicula a trav\u00e9s de la comissi\u00f3 de biblioteca, que s\u2019ha consolidat com un espai de treball col\u00b7laboratiu entre la comunitat educativa.<\/p>\n<h5 id=\"yui_3_17_2_1_1733691754253_191708\">Accions realitzades amb les fam\u00edlies<\/h5>\n<ol id=\"yui_3_17_2_1_1733691754253_3810\">\n<li id=\"yui_3_17_2_1_1733691754253_3809\"><strong>Organitzaci\u00f3 d\u2019activitats de dinamitzaci\u00f3 fora de l\u2019horari lectiu<\/strong>\n<ul id=\"yui_3_17_2_1_1733691754253_3808\">\n<li id=\"yui_3_17_2_1_1733691754253_3807\"><strong id=\"yui_3_17_2_1_1733691754253_3827\"><\/strong>\n<p id=\"yui_3_17_2_1_1733691754253_3863\"><strong id=\"yui_3_17_2_1_1733691754253_3864\">Caf\u00e8 i llibres<\/strong>: Aquestes trobades estan dissenyades tant per a les fam\u00edlies com per al professorat, creant un espai d\u2019inter\u00e8s compartit on es tracten temes relacionats amb la lectura. Algunes de les q\u00fcestions abordades s\u00f3n:<\/p>\n<ul id=\"yui_3_17_2_1_1733691754253_3865\">\n<li id=\"yui_3_17_2_1_1733691754253_3866\">Com escollir bons llibres per a infants i joves.<\/li>\n<li id=\"yui_3_17_2_1_1733691754253_3867\">Estrat\u00e8gies per acompanyar la lectura a casa de manera efectiva i motivadora.<\/li>\n<li id=\"yui_3_17_2_1_1733691754253_3868\">Tipus de preguntes que es poden fer despr\u00e9s de la lectura per fomentar la comprensi\u00f3 i el pensament cr\u00edtic.<br id=\"yui_3_17_2_1_1733691754253_3869\" \/>Aquestes sessions no nom\u00e9s ofereixen orientaci\u00f3 pr\u00e0ctica, sin\u00f3 que tamb\u00e9 reforcen la connexi\u00f3 entre fam\u00edlies i docents al voltant de l\u2019objectiu com\u00fa de fomentar l\u2019amor per la lectura.<\/li>\n<\/ul>\n<\/li>\n<\/ul>\n<\/li>\n<\/ol>\n<ol id=\"yui_3_17_2_1_1733691754253_4554\">\n<li style=\"list-style-type: none;\">\n<ul id=\"yui_3_17_2_1_1733691754253_4553\">\n<li id=\"yui_3_17_2_1_1733691754253_4552\"><strong>Tallers per a infants<\/strong>: Inclou propostes com el\u00a0<em>laboratori de llibres<\/em>, sessions de contacontes i tallers d\u2019il\u00b7lustraci\u00f3, que ajuden a despertar la creativitat i el gust per la lectura des d\u2019edats primerenques.<\/li>\n<\/ul>\n<\/li>\n<\/ol>\n<ol id=\"yui_3_17_2_1_1733691754253_4661\">\n<li id=\"yui_3_17_2_1_1733691754253_4660\">\n<p id=\"yui_3_17_2_1_1733691754253_4659\"><strong id=\"yui_3_17_2_1_1733691754253_4684\">Tasques espec\u00edfiques relacionades amb la gesti\u00f3 de la biblioteca<\/strong><br \/>\nLes fam\u00edlies col\u00b7laboren activament en funcions essencials com:<\/p>\n<ul id=\"yui_3_17_2_1_1733691754253_4689\">\n<li><strong>Catalogaci\u00f3<\/strong>\u00a0i actualitzaci\u00f3 de materials.<\/li>\n<li><strong>Inventari<\/strong>\u00a0dels llibres i recursos disponibles.<\/li>\n<li id=\"yui_3_17_2_1_1733691754253_4688\"><strong>Esporga<\/strong>: Selecci\u00f3 de llibres per retirar, garantint una col\u00b7lecci\u00f3 actualitzada i rellevant.<\/li>\n<\/ul>\n<\/li>\n<\/ol>\n<ol id=\"yui_3_17_2_1_1733691754253_4879\">\n<li id=\"yui_3_17_2_1_1733691754253_4878\">\n<p id=\"yui_3_17_2_1_1733691754253_4877\"><strong>Obertura setmanal de la biblioteca en horari extraescolar<\/strong><br \/>\n2-3 cops al mes, les fam\u00edlies organitzen l\u2019obertura de la biblioteca a la tarda, oferint un espai accessible per a la lectura i el pr\u00e9stec de llibres. Aquesta acci\u00f3 fomenta la continu\u00eftat de l\u2019h\u00e0bit lector fora de l\u2019horari lectiu i refor\u00e7a el vincle entre escola, alumnat i fam\u00edlies.<\/p>\n<\/li>\n<\/ol>\n<h5 id=\"yui_3_17_2_1_1733691754253_43400\">Coordinaci\u00f3 entre escola i fam\u00edlies<\/h5>\n<p id=\"yui_3_17_2_1_1733691754253_43402\">Un dels pilars del projecte \u00e9s la pres\u00e8ncia d\u2019una persona de l\u2019escola dins la comissi\u00f3 de biblioteca. Aquest rol assegura que el treball conjunt entre docents i fam\u00edlies estigui alineat amb els objectius pedag\u00f2gics del centre, i permet una comunicaci\u00f3 fluida i resolutiva. Aquesta figura actua com a pont entre les necessitats educatives i les iniciatives familiars, assegurant que les accions tinguin un impacte positiu en l\u2019aprenentatge de la lectura.<\/p>\n<h5>Conclusions<\/h5>\n<p id=\"yui_3_17_2_1_1733691754253_166970\">El projecte est\u00e0 encara en una fase inicial, per\u00f2 ja s\u2019observen els beneficis d\u2019aquesta col\u00b7laboraci\u00f3:<\/p>\n<ul id=\"yui_3_17_2_1_1733691754253_166973\">\n<li id=\"yui_3_17_2_1_1733691754253_167009\"><span id=\"yui_3_17_2_1_1733691754253_167209\">El treball conjunt entre fam\u00edlies i escola refor\u00e7a la import\u00e0ncia de la lectura com a eina d\u2019aprenentatge i gaudi.<\/span><\/li>\n<\/ul>\n","protected":false},"excerpt":{"rendered":"<p>Reflexi\u00f3 sobre les accions de col\u00b7laboraci\u00f3 amb les fam\u00edlies en l\u2019aprenentatge de la lectura A la nostra escola s\u2019ha establert una estreta col\u00b7laboraci\u00f3 amb les fam\u00edlies en relaci\u00f3 amb la lectura i la dinamitzaci\u00f3 de la biblioteca escolar, una pe\u00e7a clau per fomentar l\u2019h\u00e0bit lector entre infants i adults. Aquest projecte \u00e9s relativament recent, i [&hellip;]<\/p>\n","protected":false},"author":1,"featured_media":0,"parent":2801,"menu_order":0,"comment_status":"closed","ping_status":"closed","template":"page-templates\/side-menu.php","meta":{"_bbp_topic_count":0,"_bbp_reply_count":0,"_bbp_total_topic_count":0,"_bbp_total_reply_count":0,"_bbp_voice_count":0,"_bbp_anonymous_reply_count":0,"_bbp_topic_count_hidden":0,"_bbp_reply_count_hidden":0,"_bbp_forum_subforum_count":0,"site-sidebar-layout":"default","site-content-layout":"","ast-site-content-layout":"","site-content-style":"default","site-sidebar-style":"default","ast-global-header-display":"","ast-banner-title-visibility":"","ast-main-header-display":"","ast-hfb-above-header-display":"","ast-hfb-below-header-display":"","ast-hfb-mobile-header-display":"","site-post-title":"","ast-breadcrumbs-content":"","ast-featured-img":"","footer-sml-layout":"","theme-transparent-header-meta":"","adv-header-id-meta":"","stick-header-meta":"","header-above-stick-meta":"","header-main-stick-meta":"","header-below-stick-meta":"","astra-migrate-meta-layouts":"default","ast-page-background-enabled":"default","ast-page-background-meta":{"desktop":{"background-color":"var(--ast-global-color-4)","background-image":"","background-repeat":"repeat","background-position":"center center","background-size":"auto","background-attachment":"scroll","background-type":"","background-media":"","overlay-type":"","overlay-color":"","overlay-opacity":"","overlay-gradient":""},"tablet":{"background-color":"","background-image":"","background-repeat":"repeat","background-position":"center center","background-size":"auto","background-attachment":"scroll","background-type":"","background-media":"","overlay-type":"","overlay-color":"","overlay-opacity":"","overlay-gradient":""},"mobile":{"background-color":"","background-image":"","background-repeat":"repeat","background-position":"center center","background-size":"auto","background-attachment":"scroll","background-type":"","background-media":"","overlay-type":"","overlay-color":"","overlay-opacity":"","overlay-gradient":""}},"ast-content-background-meta":{"desktop":{"background-color":"var(--ast-global-color-5)","background-image":"","background-repeat":"repeat","background-position":"center center","background-size":"auto","background-attachment":"scroll","background-type":"","background-media":"","overlay-type":"","overlay-color":"","overlay-opacity":"","overlay-gradient":""},"tablet":{"background-color":"var(--ast-global-color-5)","background-image":"","background-repeat":"repeat","background-position":"center center","background-size":"auto","background-attachment":"scroll","background-type":"","background-media":"","overlay-type":"","overlay-color":"","overlay-opacity":"","overlay-gradient":""},"mobile":{"background-color":"var(--ast-global-color-5)","background-image":"","background-repeat":"repeat","background-position":"center center","background-size":"auto","background-attachment":"scroll","background-type":"","background-media":"","overlay-type":"","overlay-color":"","overlay-opacity":"","overlay-gradient":""}},"footnotes":""},"class_list":["post-8879","page","type-page","status-publish","hentry"],"post_mailing_queue_ids":[],"_links":{"self":[{"href":"https:\/\/agora.xtec.cat\/ceiplanaspa\/wp-json\/wp\/v2\/pages\/8879","targetHints":{"allow":["GET"]}}],"collection":[{"href":"https:\/\/agora.xtec.cat\/ceiplanaspa\/wp-json\/wp\/v2\/pages"}],"about":[{"href":"https:\/\/agora.xtec.cat\/ceiplanaspa\/wp-json\/wp\/v2\/types\/page"}],"author":[{"embeddable":true,"href":"https:\/\/agora.xtec.cat\/ceiplanaspa\/wp-json\/wp\/v2\/users\/1"}],"replies":[{"embeddable":true,"href":"https:\/\/agora.xtec.cat\/ceiplanaspa\/wp-json\/wp\/v2\/comments?post=8879"}],"version-history":[{"count":3,"href":"https:\/\/agora.xtec.cat\/ceiplanaspa\/wp-json\/wp\/v2\/pages\/8879\/revisions"}],"predecessor-version":[{"id":12126,"href":"https:\/\/agora.xtec.cat\/ceiplanaspa\/wp-json\/wp\/v2\/pages\/8879\/revisions\/12126"}],"up":[{"embeddable":true,"href":"https:\/\/agora.xtec.cat\/ceiplanaspa\/wp-json\/wp\/v2\/pages\/2801"}],"wp:attachment":[{"href":"https:\/\/agora.xtec.cat\/ceiplanaspa\/wp-json\/wp\/v2\/media?parent=8879"}],"curies":[{"name":"wp","href":"https:\/\/api.w.org\/{rel}","templated":true}]}}