{"id":8877,"date":"2023-04-13T23:58:32","date_gmt":"2023-04-13T21:58:32","guid":{"rendered":"https:\/\/agora.xtec.cat\/ceiplanaspa\/?page_id=8877"},"modified":"2023-05-04T23:04:22","modified_gmt":"2023-05-04T21:04:22","slug":"mediacio-literaria","status":"publish","type":"page","link":"https:\/\/agora.xtec.cat\/ceiplanaspa\/transformacio-biblioteca\/mediacio-literaria\/","title":{"rendered":"Mediaci\u00f3 liter\u00e0ria"},"content":{"rendered":"<p>Per poder fer una bona mediaci\u00f3 liter\u00e0ria a l&#8217;escola ens ajuda la Madalena, la nostra bibliotec\u00e0ria.\u00a0Si cliqueu al damunt de la imatge, podreu accedir directament al v\u00eddeo de presentaci\u00f3 de la biblioteca.<\/p>\n<p><a href=\"https:\/\/drive.google.com\/file\/d\/1cXY03T8ys3MoQW4EvswRoguFo2rCbI8y\/view?usp=share_link\"><img loading=\"lazy\" decoding=\"async\" class=\"alignnone wp-image-8960\" src=\"https:\/\/agora.xtec.cat\/ceiplanaspa\/wp-content\/uploads\/usu1392\/2023\/04\/Captura-de-Pantalla-2023-04-17-a-las-13.52.09.png\" alt=\"\" width=\"296\" height=\"180\" srcset=\"https:\/\/agora.xtec.cat\/ceiplanaspa\/wp-content\/uploads\/usu1392\/2023\/04\/Captura-de-Pantalla-2023-04-17-a-las-13.52.09.png 884w, https:\/\/agora.xtec.cat\/ceiplanaspa\/wp-content\/uploads\/usu1392\/2023\/04\/Captura-de-Pantalla-2023-04-17-a-las-13.52.09-300x183.png 300w, https:\/\/agora.xtec.cat\/ceiplanaspa\/wp-content\/uploads\/usu1392\/2023\/04\/Captura-de-Pantalla-2023-04-17-a-las-13.52.09-768x467.png 768w\" sizes=\"auto, (max-width: 296px) 100vw, 296px\" \/><\/a><\/p>\n<p>Al centre sabem que tenir a la Madalena amb nosaltres i poder tenir una biblioteca amb una qualitat liter\u00e0ria incre\u00efble \u00e9s un tresor. Sabem que \u00e9s un privilegi i, per tant, \u00e9s un dels pilars fonamentals del nostre projecte de centre. Ella porta a terme les funcions de bibliotec\u00e0ria i, tamb\u00e9, la proposta de mediaci\u00f3. Aquesta proposta \u00e9s de treball directe amb els infants. En aquest article publicat a la p\u00e0gina web de l&#8217;ICE de la UAB: Aprendre a llegir i a escriure, es va fer una explicaci\u00f3 d&#8217;aquest projecte: <a href=\"https:\/\/icellegiriescriure.wixsite.com\/aprendre\/single-post\/biblioteca-a-l-escola-com-neix-un-nou-projecte\">ENLLA\u00c7<\/a><\/p>\n<p>A m\u00e9s a m\u00e9s, desenvolupa les seg\u00fcents tasques:<\/p>\n<ul style=\"list-style-type: circle;\">\n<li>Gestionar i mantenir el fons documental de la biblioteca escolar, que inclou l&#8217;adquisici\u00f3, la catalogaci\u00f3 i el manteniment dels materials:<\/li>\n<\/ul>\n<ul style=\"list-style-type: circle;\">\n<li style=\"list-style-type: none;\">\n<ul>\n<li style=\"list-style-type: none;\">\n<ul>\n<li style=\"list-style-type: none;\">\n<ul style=\"list-style-type: circle;\">\n<li>Adquirir nous materials AMB CRITERI per a la biblioteca buscant sempre mantenir la col\u00b7lecci\u00f3 actualitzada i adequada a les necessitats de la comunitat educativa.<\/li>\n<li>Organitzar i mantenir la col\u00b7lecci\u00f3, realitzant tasques de neteja, reparaci\u00f3 i conservaci\u00f3 dels materials, per garantir la seva preservaci\u00f3.<\/li>\n<li>Ajudar a desenvolupar les habilitats necess\u00e0ries per cercar i utilitzar la informaci\u00f3 de manera efica\u00e7.<\/li>\n<li>Col\u00b7laborar en la planificaci\u00f3 i en la realitzaci\u00f3 d&#8217;activitats culturals i educatives a la biblioteca, que puguin promoure el foment de la lectura i la cultura en general entre la comunitat educativa.<\/li>\n<li>Assessorar els estudiants i als mestres en l&#8217;\u00fas de la biblioteca, proporcionant-los orientaci\u00f3 en la cerca d&#8217;informaci\u00f3.<\/li>\n<li>Etiquetar i catalogar tot el fons documental al programa digital eP\u00e8rgam.<\/li>\n<li>Actualitzar i gestionar el programa eP\u00e8rgam.<\/li>\n<\/ul>\n<\/li>\n<\/ul>\n<\/li>\n<\/ul>\n<\/li>\n<\/ul>\n<ul style=\"list-style-type: circle;\">\n<li>Planificar i implementar programes d&#8217;alfabetitzaci\u00f3 informacional i activitats per promoure l&#8217;\u00fas de la biblioteca per part dels infants &#8211;&gt; la proposta esmentada anteriorment a l&#8217;enlla\u00e7<\/li>\n<li>Coordinar amb els mestres per integrar els recursos de la biblioteca als projectes i a les activitats d&#8217;aula.<\/li>\n<li>Assessorar i donar suport als estudiants, mestres i altres membres de la comunitat educativa en l&#8217;\u00fas de la biblioteca i en la cerca d&#8217;informaci\u00f3.<\/li>\n<li>Supervisar i capacitar el personal auxiliar de la biblioteca (comissi\u00f3 de fam\u00edlies, voluntaris i volunt\u00e0ries de 5\u00e8 i de 6\u00e8, mestres)<\/li>\n<li>Mantenir i actualitzar el cat\u00e0leg de la biblioteca.<\/li>\n<li>Mantenir la biblioteca en bon estat i vetllar per la seva seguretat.<\/li>\n<li>Planificar i gestionar el pressupost de la biblioteca.<\/li>\n<li>Establir i mantenir relacions amb altres biblioteques i institucions relacionades amb el m\u00f3n de la cultura i l&#8217;educaci\u00f3 per promoure l&#8217;intercanvi de materials i experi\u00e8ncies (Synusia, Bamb\u00fa, Biblioteca Central, etc.)<\/li>\n<li>Coordinar i promoure activitats de foment de la lectura i altres activitats culturals i educatives que puguin ser realitzades a la biblioteca escolar.<\/li>\n<li>Realitzar tasques de catalogaci\u00f3 i classificaci\u00f3 dels materials de la biblioteca, utilitzant els sistemes establerts per a la catalogaci\u00f3 de llibres i altres materials bibliogr\u00e0fics.<\/li>\n<li>Formar al professorat en el nou fons documental que hi ha a l&#8217;escola.<\/li>\n<\/ul>\n<p>Entre moltes altres&#8230;<\/p>\n<p>&nbsp;<\/p>\n","protected":false},"excerpt":{"rendered":"<p>Per poder fer una bona mediaci\u00f3 liter\u00e0ria a l&#8217;escola ens ajuda la Madalena, la nostra bibliotec\u00e0ria.\u00a0Si cliqueu al damunt de la imatge, podreu accedir directament al v\u00eddeo de presentaci\u00f3 de la biblioteca. Al centre sabem que tenir a la Madalena amb nosaltres i poder tenir una biblioteca amb una qualitat liter\u00e0ria incre\u00efble \u00e9s un tresor. [&hellip;]<\/p>\n","protected":false},"author":1,"featured_media":0,"parent":2801,"menu_order":0,"comment_status":"closed","ping_status":"closed","template":"page-templates\/side-menu.php","meta":{"_bbp_topic_count":0,"_bbp_reply_count":0,"_bbp_total_topic_count":0,"_bbp_total_reply_count":0,"_bbp_voice_count":0,"_bbp_anonymous_reply_count":0,"_bbp_topic_count_hidden":0,"_bbp_reply_count_hidden":0,"_bbp_forum_subforum_count":0,"site-sidebar-layout":"default","site-content-layout":"","ast-site-content-layout":"","site-content-style":"default","site-sidebar-style":"default","ast-global-header-display":"","ast-banner-title-visibility":"","ast-main-header-display":"","ast-hfb-above-header-display":"","ast-hfb-below-header-display":"","ast-hfb-mobile-header-display":"","site-post-title":"","ast-breadcrumbs-content":"","ast-featured-img":"","footer-sml-layout":"","theme-transparent-header-meta":"","adv-header-id-meta":"","stick-header-meta":"","header-above-stick-meta":"","header-main-stick-meta":"","header-below-stick-meta":"","astra-migrate-meta-layouts":"default","ast-page-background-enabled":"default","ast-page-background-meta":{"desktop":{"background-color":"var(--ast-global-color-4)","background-image":"","background-repeat":"repeat","background-position":"center center","background-size":"auto","background-attachment":"scroll","background-type":"","background-media":"","overlay-type":"","overlay-color":"","overlay-opacity":"","overlay-gradient":""},"tablet":{"background-color":"","background-image":"","background-repeat":"repeat","background-position":"center center","background-size":"auto","background-attachment":"scroll","background-type":"","background-media":"","overlay-type":"","overlay-color":"","overlay-opacity":"","overlay-gradient":""},"mobile":{"background-color":"","background-image":"","background-repeat":"repeat","background-position":"center center","background-size":"auto","background-attachment":"scroll","background-type":"","background-media":"","overlay-type":"","overlay-color":"","overlay-opacity":"","overlay-gradient":""}},"ast-content-background-meta":{"desktop":{"background-color":"var(--ast-global-color-5)","background-image":"","background-repeat":"repeat","background-position":"center center","background-size":"auto","background-attachment":"scroll","background-type":"","background-media":"","overlay-type":"","overlay-color":"","overlay-opacity":"","overlay-gradient":""},"tablet":{"background-color":"var(--ast-global-color-5)","background-image":"","background-repeat":"repeat","background-position":"center center","background-size":"auto","background-attachment":"scroll","background-type":"","background-media":"","overlay-type":"","overlay-color":"","overlay-opacity":"","overlay-gradient":""},"mobile":{"background-color":"var(--ast-global-color-5)","background-image":"","background-repeat":"repeat","background-position":"center center","background-size":"auto","background-attachment":"scroll","background-type":"","background-media":"","overlay-type":"","overlay-color":"","overlay-opacity":"","overlay-gradient":""}},"footnotes":""},"class_list":["post-8877","page","type-page","status-publish","hentry"],"post_mailing_queue_ids":[],"_links":{"self":[{"href":"https:\/\/agora.xtec.cat\/ceiplanaspa\/wp-json\/wp\/v2\/pages\/8877","targetHints":{"allow":["GET"]}}],"collection":[{"href":"https:\/\/agora.xtec.cat\/ceiplanaspa\/wp-json\/wp\/v2\/pages"}],"about":[{"href":"https:\/\/agora.xtec.cat\/ceiplanaspa\/wp-json\/wp\/v2\/types\/page"}],"author":[{"embeddable":true,"href":"https:\/\/agora.xtec.cat\/ceiplanaspa\/wp-json\/wp\/v2\/users\/1"}],"replies":[{"embeddable":true,"href":"https:\/\/agora.xtec.cat\/ceiplanaspa\/wp-json\/wp\/v2\/comments?post=8877"}],"version-history":[{"count":4,"href":"https:\/\/agora.xtec.cat\/ceiplanaspa\/wp-json\/wp\/v2\/pages\/8877\/revisions"}],"predecessor-version":[{"id":9138,"href":"https:\/\/agora.xtec.cat\/ceiplanaspa\/wp-json\/wp\/v2\/pages\/8877\/revisions\/9138"}],"up":[{"embeddable":true,"href":"https:\/\/agora.xtec.cat\/ceiplanaspa\/wp-json\/wp\/v2\/pages\/2801"}],"wp:attachment":[{"href":"https:\/\/agora.xtec.cat\/ceiplanaspa\/wp-json\/wp\/v2\/media?parent=8877"}],"curies":[{"name":"wp","href":"https:\/\/api.w.org\/{rel}","templated":true}]}}