{"id":8876,"date":"2023-04-13T23:58:32","date_gmt":"2023-04-13T21:58:32","guid":{"rendered":"https:\/\/agora.xtec.cat\/ceiplanaspa\/?page_id=8876"},"modified":"2023-05-04T22:15:15","modified_gmt":"2023-05-04T20:15:15","slug":"la-nova-biblioteca","status":"publish","type":"page","link":"https:\/\/agora.xtec.cat\/ceiplanaspa\/transformacio-biblioteca\/la-nova-biblioteca\/","title":{"rendered":"La nova biblioteca"},"content":{"rendered":"<header class=\"entry-header\">\n<h1 class=\"entry-title\"><\/h1>\n<\/header>\n<div class=\"entry-content\">\n<p>La lectura volem que sigui un dels <strong>eixos<\/strong> m\u00e9s importants de l\u2019escola i, per tal d\u2019aconseguir-ho, al curs 2020-2021 vam iniciar la transformaci\u00f3 de la nostra biblioteca.<\/p>\n<p>En aquest v\u00eddeo que us presentem podreu veure les primeres passes:<\/p>\n<p><a class=\"customize-unpreviewable\" href=\"https:\/\/drive.google.com\/file\/d\/1Lt0-7p6TkPdE1pnf-FnGcBmHfH8TpF2j\/view\">https:\/\/drive.google.com\/file\/d\/1Lt0-7p6TkPdE1pnf-FnGcBmHfH8TpF2j\/view<\/a><\/p>\n<p>Durant tot el curs hem seguit fent actuacions concretes, <strong>les voleu con\u00e8ixer?<\/strong><\/p>\n<ul>\n<li><strong>Reunions de delegats\/des<\/strong> mensualment per poder fer d\u2019enlla\u00e7 entre la comissi\u00f3 de fam\u00edlies i tots els alumnes de l\u2019escola. Aquesta actuaci\u00f3 ens ha perm\u00e8s que tots els nens i nenes de l\u2019escola hagin pogut pensar en la biblioteca que desitgem. Mireu quines idees m\u00e9s bones han sorgit!! \u2b07<\/li>\n<\/ul>\n<p><a class=\"customize-unpreviewable\" href=\"https:\/\/agora.xtec.cat\/ceiplanaspa\/wp-content\/uploads\/usu1392\/2021\/05\/WhatsApp-Image-2021-04-14-at-11.55.07.jpeg\"><img loading=\"lazy\" decoding=\"async\" class=\"alignnone wp-image-4382\" src=\"https:\/\/agora.xtec.cat\/ceiplanaspa\/wp-content\/uploads\/usu1392\/2021\/05\/WhatsApp-Image-2021-04-14-at-11.55.07-768x1024.jpeg\" sizes=\"auto, (max-width: 174px) 100vw, 174px\" srcset=\"https:\/\/agora.xtec.cat\/ceiplanaspa\/wp-content\/uploads\/usu1392\/2021\/05\/WhatsApp-Image-2021-04-14-at-11.55.07-768x1024.jpeg 768w, https:\/\/agora.xtec.cat\/ceiplanaspa\/wp-content\/uploads\/usu1392\/2021\/05\/WhatsApp-Image-2021-04-14-at-11.55.07-225x300.jpeg 225w, https:\/\/agora.xtec.cat\/ceiplanaspa\/wp-content\/uploads\/usu1392\/2021\/05\/WhatsApp-Image-2021-04-14-at-11.55.07.jpeg 1536w\" alt=\"\" width=\"174\" height=\"232\" \/><\/a><a class=\"customize-unpreviewable\" href=\"https:\/\/agora.xtec.cat\/ceiplanaspa\/wp-content\/uploads\/usu1392\/2021\/07\/IMG_7445.png\"><img loading=\"lazy\" decoding=\"async\" class=\"alignnone wp-image-4692\" src=\"https:\/\/agora.xtec.cat\/ceiplanaspa\/wp-content\/uploads\/usu1392\/2021\/07\/IMG_7445.png\" sizes=\"auto, (max-width: 313px) 100vw, 313px\" srcset=\"https:\/\/agora.xtec.cat\/ceiplanaspa\/wp-content\/uploads\/usu1392\/2021\/07\/IMG_7445.png 748w, https:\/\/agora.xtec.cat\/ceiplanaspa\/wp-content\/uploads\/usu1392\/2021\/07\/IMG_7445-300x220.png 300w\" alt=\"\" width=\"313\" height=\"229\" \/><\/a><a class=\"customize-unpreviewable\" href=\"https:\/\/agora.xtec.cat\/ceiplanaspa\/wp-content\/uploads\/usu1392\/2021\/07\/r.png\"><img loading=\"lazy\" decoding=\"async\" class=\"alignnone wp-image-4696\" src=\"https:\/\/agora.xtec.cat\/ceiplanaspa\/wp-content\/uploads\/usu1392\/2021\/07\/r-1024x695.png\" sizes=\"auto, (max-width: 337px) 100vw, 337px\" srcset=\"https:\/\/agora.xtec.cat\/ceiplanaspa\/wp-content\/uploads\/usu1392\/2021\/07\/r.png 1024w, https:\/\/agora.xtec.cat\/ceiplanaspa\/wp-content\/uploads\/usu1392\/2021\/07\/r-300x204.png 300w, https:\/\/agora.xtec.cat\/ceiplanaspa\/wp-content\/uploads\/usu1392\/2021\/07\/r-768x521.png 768w\" alt=\"\" width=\"337\" height=\"229\" \/><\/a><\/p>\n<ul>\n<li><strong>Treball col\u00b7laboratiu a les aules<\/strong> \u27a1 tots els nens i nenes han pensat en l\u2019espai de biblioteca i, mitjan\u00e7ant un document Canva, s\u2019han fet el recull de propostes i d\u2019observacions. El podeu veure <a class=\"customize-unpreviewable\" href=\"https:\/\/www.canva.com\/design\/DAELb-3bkU0\/AYRev-AAR8_STW6-KQc0zg\/view?utm_content=DAELb-3bkU0&amp;utm_campaign=designshare&amp;utm_medium=link&amp;utm_source=publishsharelink\">aqu\u00ed\u00a0<\/a><\/li>\n<li><strong>Reuni\u00f3 de les dues comissions<\/strong> (fam\u00edlia i mestres) per prendre decisions conjuntes. La comissi\u00f3 de fam\u00edlies i escola est\u00e0 m\u00e9s viva que mai, ja que hi ha un grup de mares i pares que creuen en el projecte i l\u2019impulsen conjuntament amb l\u2019escola. Mitjan\u00e7ant una enquesta que vam enviar a les fam\u00edlies, van sorgir moltes noves col\u00b7laboracions per ajudar a fer moltes petites actuacions: buscar pressupostos, dissenyar l\u2019espai, endre\u00e7ar i catalogar nous llibres, etc.<\/li>\n<\/ul>\n<p><a class=\"customize-unpreviewable\" href=\"https:\/\/agora.xtec.cat\/ceiplanaspa\/wp-content\/uploads\/usu1392\/2021\/05\/WhatsApp-Image-2021-05-07-at-21.42.34.jpeg\"><img loading=\"lazy\" decoding=\"async\" class=\"alignnone wp-image-4386\" src=\"https:\/\/agora.xtec.cat\/ceiplanaspa\/wp-content\/uploads\/usu1392\/2021\/05\/WhatsApp-Image-2021-05-07-at-21.42.34-1024x768.jpeg\" sizes=\"auto, (max-width: 246px) 100vw, 246px\" srcset=\"https:\/\/agora.xtec.cat\/ceiplanaspa\/wp-content\/uploads\/usu1392\/2021\/05\/WhatsApp-Image-2021-05-07-at-21.42.34-1024x768.jpeg 1024w, https:\/\/agora.xtec.cat\/ceiplanaspa\/wp-content\/uploads\/usu1392\/2021\/05\/WhatsApp-Image-2021-05-07-at-21.42.34-300x225.jpeg 300w, https:\/\/agora.xtec.cat\/ceiplanaspa\/wp-content\/uploads\/usu1392\/2021\/05\/WhatsApp-Image-2021-05-07-at-21.42.34-768x576.jpeg 768w, https:\/\/agora.xtec.cat\/ceiplanaspa\/wp-content\/uploads\/usu1392\/2021\/05\/WhatsApp-Image-2021-05-07-at-21.42.34-200x150.jpeg 200w, https:\/\/agora.xtec.cat\/ceiplanaspa\/wp-content\/uploads\/usu1392\/2021\/05\/WhatsApp-Image-2021-05-07-at-21.42.34.jpeg 1600w\" alt=\"\" width=\"246\" height=\"185\" \/><\/a><a class=\"customize-unpreviewable\" href=\"https:\/\/agora.xtec.cat\/ceiplanaspa\/wp-content\/uploads\/usu1392\/2021\/07\/IMG_4982.jpg\"><img loading=\"lazy\" decoding=\"async\" class=\"alignnone wp-image-4693\" src=\"https:\/\/agora.xtec.cat\/ceiplanaspa\/wp-content\/uploads\/usu1392\/2021\/07\/IMG_4982-1024x769.jpg\" sizes=\"auto, (max-width: 245px) 100vw, 245px\" srcset=\"https:\/\/agora.xtec.cat\/ceiplanaspa\/wp-content\/uploads\/usu1392\/2021\/07\/IMG_4982-1024x769.jpg 1024w, https:\/\/agora.xtec.cat\/ceiplanaspa\/wp-content\/uploads\/usu1392\/2021\/07\/IMG_4982-300x225.jpg 300w, https:\/\/agora.xtec.cat\/ceiplanaspa\/wp-content\/uploads\/usu1392\/2021\/07\/IMG_4982-768x577.jpg 768w, https:\/\/agora.xtec.cat\/ceiplanaspa\/wp-content\/uploads\/usu1392\/2021\/07\/IMG_4982-200x150.jpg 200w\" alt=\"\" width=\"245\" height=\"184\" \/><\/a><\/p>\n<ul>\n<li><strong>Trobades amb les fam\u00edlies<\/strong> per millorar conjuntament l\u2019espai f\u00edsic de la biblioteca. Aquestes fam\u00edlies de Lanaspa s\u00f3n la canya! Vam fer una crida per venir un dissabte al mat\u00ed i amb l\u2019ajuda de tothom, vam poder enllestir r\u00e0pidament els nostres objectius. Gr\u00e0cies a tothom!<\/li>\n<\/ul>\n<p><a class=\"customize-unpreviewable\" href=\"https:\/\/agora.xtec.cat\/ceiplanaspa\/wp-content\/uploads\/usu1392\/2021\/05\/WhatsApp-Image-2021-05-08-at-12.27.42.jpeg\"><img loading=\"lazy\" decoding=\"async\" class=\"alignnone wp-image-4383\" src=\"https:\/\/agora.xtec.cat\/ceiplanaspa\/wp-content\/uploads\/usu1392\/2021\/05\/WhatsApp-Image-2021-05-08-at-12.27.42-1024x768.jpeg\" sizes=\"auto, (max-width: 271px) 100vw, 271px\" srcset=\"https:\/\/agora.xtec.cat\/ceiplanaspa\/wp-content\/uploads\/usu1392\/2021\/05\/WhatsApp-Image-2021-05-08-at-12.27.42-1024x768.jpeg 1024w, https:\/\/agora.xtec.cat\/ceiplanaspa\/wp-content\/uploads\/usu1392\/2021\/05\/WhatsApp-Image-2021-05-08-at-12.27.42-300x225.jpeg 300w, https:\/\/agora.xtec.cat\/ceiplanaspa\/wp-content\/uploads\/usu1392\/2021\/05\/WhatsApp-Image-2021-05-08-at-12.27.42-768x576.jpeg 768w, https:\/\/agora.xtec.cat\/ceiplanaspa\/wp-content\/uploads\/usu1392\/2021\/05\/WhatsApp-Image-2021-05-08-at-12.27.42-200x150.jpeg 200w, https:\/\/agora.xtec.cat\/ceiplanaspa\/wp-content\/uploads\/usu1392\/2021\/05\/WhatsApp-Image-2021-05-08-at-12.27.42.jpeg 2000w\" alt=\"\" width=\"271\" height=\"203\" \/><\/a> <a class=\"customize-unpreviewable\" href=\"https:\/\/agora.xtec.cat\/ceiplanaspa\/wp-content\/uploads\/usu1392\/2021\/05\/WhatsApp-Image-2021-05-08-at-12.27.43-1.jpeg\"><img loading=\"lazy\" decoding=\"async\" class=\"alignnone wp-image-4384\" src=\"https:\/\/agora.xtec.cat\/ceiplanaspa\/wp-content\/uploads\/usu1392\/2021\/05\/WhatsApp-Image-2021-05-08-at-12.27.43-1-1024x768.jpeg\" sizes=\"auto, (max-width: 269px) 100vw, 269px\" srcset=\"https:\/\/agora.xtec.cat\/ceiplanaspa\/wp-content\/uploads\/usu1392\/2021\/05\/WhatsApp-Image-2021-05-08-at-12.27.43-1-1024x768.jpeg 1024w, https:\/\/agora.xtec.cat\/ceiplanaspa\/wp-content\/uploads\/usu1392\/2021\/05\/WhatsApp-Image-2021-05-08-at-12.27.43-1-300x225.jpeg 300w, https:\/\/agora.xtec.cat\/ceiplanaspa\/wp-content\/uploads\/usu1392\/2021\/05\/WhatsApp-Image-2021-05-08-at-12.27.43-1-768x576.jpeg 768w, https:\/\/agora.xtec.cat\/ceiplanaspa\/wp-content\/uploads\/usu1392\/2021\/05\/WhatsApp-Image-2021-05-08-at-12.27.43-1-200x150.jpeg 200w, https:\/\/agora.xtec.cat\/ceiplanaspa\/wp-content\/uploads\/usu1392\/2021\/05\/WhatsApp-Image-2021-05-08-at-12.27.43-1.jpeg 2000w\" alt=\"\" width=\"269\" height=\"202\" \/><\/a> <a class=\"customize-unpreviewable\" href=\"https:\/\/agora.xtec.cat\/ceiplanaspa\/wp-content\/uploads\/usu1392\/2021\/05\/WhatsApp-Image-2021-05-08-at-12.27.43.jpeg\"><img loading=\"lazy\" decoding=\"async\" class=\"alignnone wp-image-4385\" src=\"https:\/\/agora.xtec.cat\/ceiplanaspa\/wp-content\/uploads\/usu1392\/2021\/05\/WhatsApp-Image-2021-05-08-at-12.27.43-1024x840.jpeg\" sizes=\"auto, (max-width: 245px) 100vw, 245px\" srcset=\"https:\/\/agora.xtec.cat\/ceiplanaspa\/wp-content\/uploads\/usu1392\/2021\/05\/WhatsApp-Image-2021-05-08-at-12.27.43-1024x840.jpeg 1024w, https:\/\/agora.xtec.cat\/ceiplanaspa\/wp-content\/uploads\/usu1392\/2021\/05\/WhatsApp-Image-2021-05-08-at-12.27.43-300x246.jpeg 300w, https:\/\/agora.xtec.cat\/ceiplanaspa\/wp-content\/uploads\/usu1392\/2021\/05\/WhatsApp-Image-2021-05-08-at-12.27.43-768x630.jpeg 768w, https:\/\/agora.xtec.cat\/ceiplanaspa\/wp-content\/uploads\/usu1392\/2021\/05\/WhatsApp-Image-2021-05-08-at-12.27.43.jpeg 1600w\" alt=\"\" width=\"245\" height=\"200\" \/><\/a><\/p>\n<ul>\n<li><strong>Treball constant de la comissi\u00f3 de la biblioteca a l\u2019escola.\u00a0<\/strong>Els mestres que formen part de la comissi\u00f3 de la biblioteca s\u2019han esfor\u00e7at molt\u00edssim per aconseguir impulsar tot el projecte i portar a terme les actuacions previstes. Es troben setmanalment una hora i mitja i tenen molt\u00edssima il\u00b7lusi\u00f3!!!!<\/li>\n<\/ul>\n<p><a class=\"customize-unpreviewable\" href=\"https:\/\/agora.xtec.cat\/ceiplanaspa\/wp-content\/uploads\/usu1392\/2021\/07\/EmkmIP9XUAE3A1a.jpg\"><img loading=\"lazy\" decoding=\"async\" class=\"alignnone wp-image-4683\" src=\"https:\/\/agora.xtec.cat\/ceiplanaspa\/wp-content\/uploads\/usu1392\/2021\/07\/EmkmIP9XUAE3A1a-1024x768.jpg\" sizes=\"auto, (max-width: 248px) 100vw, 248px\" srcset=\"https:\/\/agora.xtec.cat\/ceiplanaspa\/wp-content\/uploads\/usu1392\/2021\/07\/EmkmIP9XUAE3A1a-1024x768.jpg 1024w, https:\/\/agora.xtec.cat\/ceiplanaspa\/wp-content\/uploads\/usu1392\/2021\/07\/EmkmIP9XUAE3A1a-300x225.jpg 300w, https:\/\/agora.xtec.cat\/ceiplanaspa\/wp-content\/uploads\/usu1392\/2021\/07\/EmkmIP9XUAE3A1a-768x576.jpg 768w, https:\/\/agora.xtec.cat\/ceiplanaspa\/wp-content\/uploads\/usu1392\/2021\/07\/EmkmIP9XUAE3A1a-200x150.jpg 200w, https:\/\/agora.xtec.cat\/ceiplanaspa\/wp-content\/uploads\/usu1392\/2021\/07\/EmkmIP9XUAE3A1a.jpg 2048w\" alt=\"\" width=\"248\" height=\"186\" \/><\/a><a class=\"customize-unpreviewable\" href=\"https:\/\/agora.xtec.cat\/ceiplanaspa\/wp-content\/uploads\/usu1392\/2021\/07\/EmoEIcMXUAMq8Jo.jpg\"><img loading=\"lazy\" decoding=\"async\" class=\"alignnone wp-image-4699\" src=\"https:\/\/agora.xtec.cat\/ceiplanaspa\/wp-content\/uploads\/usu1392\/2021\/07\/EmoEIcMXUAMq8Jo-1024x818.jpg\" sizes=\"auto, (max-width: 233px) 100vw, 233px\" srcset=\"https:\/\/agora.xtec.cat\/ceiplanaspa\/wp-content\/uploads\/usu1392\/2021\/07\/EmoEIcMXUAMq8Jo-1024x818.jpg 1024w, https:\/\/agora.xtec.cat\/ceiplanaspa\/wp-content\/uploads\/usu1392\/2021\/07\/EmoEIcMXUAMq8Jo-300x240.jpg 300w, https:\/\/agora.xtec.cat\/ceiplanaspa\/wp-content\/uploads\/usu1392\/2021\/07\/EmoEIcMXUAMq8Jo-768x613.jpg 768w, https:\/\/agora.xtec.cat\/ceiplanaspa\/wp-content\/uploads\/usu1392\/2021\/07\/EmoEIcMXUAMq8Jo.jpg 2047w\" alt=\"\" width=\"233\" height=\"185\" \/><\/a><\/p>\n<ul>\n<li><strong>Persones de pr\u00e0ctiques a l\u2019escola<\/strong> que ens ajuden a analitzar activitats i fer propostes de millores, entre d\u2019altres. L\u2019escola acollim cada any alumnes de pr\u00e0ctiques de la universitat i, per suposat, la nostra escola est\u00e0 oberta i compromesa amb aquesta tasca.<\/li>\n<li><strong>Implicaci\u00f3 del claustre:\u00a0<\/strong>tenim clar que el projecte no seria possible sense la motivaci\u00f3 i l\u2019entusiasme del nostre equip de mestres. Per aquest motiu, es promouran sessions per involuclar, assessorar i acompanyar als nostres infants. Aquest curs hem fet sessions de valoraci\u00f3 de les diferents activitats que hem fet per pensar si les volem seguir mantenint o no el curs vinent.<\/li>\n<\/ul>\n<p><a class=\"customize-unpreviewable\" href=\"https:\/\/agora.xtec.cat\/ceiplanaspa\/wp-content\/uploads\/usu1392\/2021\/07\/1.png\"><img loading=\"lazy\" decoding=\"async\" class=\"alignnone wp-image-4695\" src=\"https:\/\/agora.xtec.cat\/ceiplanaspa\/wp-content\/uploads\/usu1392\/2021\/07\/1-1024x724.png\" sizes=\"auto, (max-width: 281px) 100vw, 281px\" srcset=\"https:\/\/agora.xtec.cat\/ceiplanaspa\/wp-content\/uploads\/usu1392\/2021\/07\/1.png 1024w, https:\/\/agora.xtec.cat\/ceiplanaspa\/wp-content\/uploads\/usu1392\/2021\/07\/1-300x212.png 300w, https:\/\/agora.xtec.cat\/ceiplanaspa\/wp-content\/uploads\/usu1392\/2021\/07\/1-768x543.png 768w\" alt=\"\" width=\"281\" height=\"199\" \/><\/a><a class=\"customize-unpreviewable\" href=\"https:\/\/agora.xtec.cat\/ceiplanaspa\/wp-content\/uploads\/usu1392\/2021\/07\/2.png\"><img loading=\"lazy\" decoding=\"async\" class=\"alignnone wp-image-4697\" src=\"https:\/\/agora.xtec.cat\/ceiplanaspa\/wp-content\/uploads\/usu1392\/2021\/07\/2-1024x686.png\" sizes=\"auto, (max-width: 294px) 100vw, 294px\" srcset=\"https:\/\/agora.xtec.cat\/ceiplanaspa\/wp-content\/uploads\/usu1392\/2021\/07\/2.png 1024w, https:\/\/agora.xtec.cat\/ceiplanaspa\/wp-content\/uploads\/usu1392\/2021\/07\/2-300x201.png 300w, https:\/\/agora.xtec.cat\/ceiplanaspa\/wp-content\/uploads\/usu1392\/2021\/07\/2-768x515.png 768w\" alt=\"\" width=\"294\" height=\"198\" \/><\/a><\/p>\n<ul>\n<li><strong>Xarxa:\u00a0<\/strong>com heu pogut veure al v\u00eddeo, la xarxa de col\u00b7laboraci\u00f3 que hem establert aquest curs ha estat totalment fonamental per poder impulsar el projecte. Gr\u00e0cies a tothom per acompanyar-nos i fer-nos el cam\u00ed m\u00e9s planer.<\/li>\n<\/ul>\n<p><a class=\"customize-unpreviewable\" href=\"https:\/\/agora.xtec.cat\/ceiplanaspa\/wp-content\/uploads\/usu1392\/2021\/07\/unnamed.jpg\"><img loading=\"lazy\" decoding=\"async\" class=\"alignnone wp-image-4690\" src=\"https:\/\/agora.xtec.cat\/ceiplanaspa\/wp-content\/uploads\/usu1392\/2021\/07\/unnamed.jpg\" sizes=\"auto, (max-width: 123px) 100vw, 123px\" srcset=\"https:\/\/agora.xtec.cat\/ceiplanaspa\/wp-content\/uploads\/usu1392\/2021\/07\/unnamed.jpg 512w, https:\/\/agora.xtec.cat\/ceiplanaspa\/wp-content\/uploads\/usu1392\/2021\/07\/unnamed-150x150.jpg 150w, https:\/\/agora.xtec.cat\/ceiplanaspa\/wp-content\/uploads\/usu1392\/2021\/07\/unnamed-300x300.jpg 300w\" alt=\"\" width=\"123\" height=\"123\" \/><\/a><a class=\"customize-unpreviewable\" href=\"https:\/\/agora.xtec.cat\/ceiplanaspa\/wp-content\/uploads\/usu1392\/2021\/07\/baixa.png\"><img loading=\"lazy\" decoding=\"async\" class=\"alignnone wp-image-4686\" src=\"https:\/\/agora.xtec.cat\/ceiplanaspa\/wp-content\/uploads\/usu1392\/2021\/07\/baixa.png\" sizes=\"auto, (max-width: 127px) 100vw, 127px\" srcset=\"https:\/\/agora.xtec.cat\/ceiplanaspa\/wp-content\/uploads\/usu1392\/2021\/07\/baixa.png 225w, https:\/\/agora.xtec.cat\/ceiplanaspa\/wp-content\/uploads\/usu1392\/2021\/07\/baixa-150x150.png 150w\" alt=\"\" width=\"127\" height=\"126\" \/><\/a> <a class=\"customize-unpreviewable\" href=\"https:\/\/agora.xtec.cat\/ceiplanaspa\/wp-content\/uploads\/usu1392\/2021\/07\/hQut__DW.jpg\"><img loading=\"lazy\" decoding=\"async\" class=\"alignnone wp-image-4689\" src=\"https:\/\/agora.xtec.cat\/ceiplanaspa\/wp-content\/uploads\/usu1392\/2021\/07\/hQut__DW.jpg\" sizes=\"auto, (max-width: 124px) 100vw, 124px\" srcset=\"https:\/\/agora.xtec.cat\/ceiplanaspa\/wp-content\/uploads\/usu1392\/2021\/07\/hQut__DW.jpg 512w, https:\/\/agora.xtec.cat\/ceiplanaspa\/wp-content\/uploads\/usu1392\/2021\/07\/hQut__DW-150x150.jpg 150w, https:\/\/agora.xtec.cat\/ceiplanaspa\/wp-content\/uploads\/usu1392\/2021\/07\/hQut__DW-300x300.jpg 300w\" alt=\"\" width=\"124\" height=\"124\" \/><\/a><a class=\"customize-unpreviewable\" href=\"https:\/\/agora.xtec.cat\/ceiplanaspa\/wp-content\/uploads\/usu1392\/2021\/07\/baixa-1.jpg\"><img loading=\"lazy\" decoding=\"async\" class=\"alignnone wp-image-4688\" src=\"https:\/\/agora.xtec.cat\/ceiplanaspa\/wp-content\/uploads\/usu1392\/2021\/07\/baixa-1.jpg\" alt=\"\" width=\"191\" height=\"119\" \/><\/a><a class=\"customize-unpreviewable\" href=\"https:\/\/agora.xtec.cat\/ceiplanaspa\/wp-content\/uploads\/usu1392\/2021\/07\/logo-escola-crespinell-terrassa.png\"><img loading=\"lazy\" decoding=\"async\" class=\"alignnone wp-image-4687\" src=\"https:\/\/agora.xtec.cat\/ceiplanaspa\/wp-content\/uploads\/usu1392\/2021\/07\/logo-escola-crespinell-terrassa.png\" sizes=\"auto, (max-width: 251px) 100vw, 251px\" srcset=\"https:\/\/agora.xtec.cat\/ceiplanaspa\/wp-content\/uploads\/usu1392\/2021\/07\/logo-escola-crespinell-terrassa.png 1012w, https:\/\/agora.xtec.cat\/ceiplanaspa\/wp-content\/uploads\/usu1392\/2021\/07\/logo-escola-crespinell-terrassa-300x147.png 300w, https:\/\/agora.xtec.cat\/ceiplanaspa\/wp-content\/uploads\/usu1392\/2021\/07\/logo-escola-crespinell-terrassa-768x376.png 768w\" alt=\"\" width=\"251\" height=\"122\" \/><\/a><\/p>\n<ul>\n<li><strong>Formaci\u00f3 de l\u2019equip<\/strong> de mestres en l\u2019\u00fas del programa eP\u00e8rgam: un equip de mestres ha realitzat de manera volunt\u00e0ria el curs de la formaci\u00f3 eP\u00e8rgam per saber com funciona aquesta aplicaci\u00f3 i, d\u2019aquesta manera, poder fer una bona catalogaci\u00f3 dels nostres llibres.<\/li>\n<\/ul>\n<p><a class=\"customize-unpreviewable\" href=\"https:\/\/agora.xtec.cat\/ceiplanaspa\/wp-content\/uploads\/usu1392\/2021\/07\/t_epergam.gif\"><img loading=\"lazy\" decoding=\"async\" class=\"alignnone wp-image-4698\" src=\"https:\/\/agora.xtec.cat\/ceiplanaspa\/wp-content\/uploads\/usu1392\/2021\/07\/t_epergam.gif\" alt=\"\" width=\"270\" height=\"90\" \/><\/a><\/p>\n<p><strong>T\u2019agradaria formar part d\u2019aquesta transformaci\u00f3? Escriu un correu electr\u00f2nic a la direcci\u00f3 de l\u2019escola i t\u2019informaran de quina pot ser la teva participaci\u00f3! \ud83d\udcaa<\/strong><\/p>\n<p><em>Tota l\u2019ajuda \u00e9s benvinguda!<\/em><\/p>\n<p>\ud83d\udccb Vols saber quines activitats estem fent a l\u2019escola?<\/p>\n<ul>\n<li>\n<ul>\n<li>\n<ul>\n<li>\n<ul>\n<li>Mira el seg\u00fcent apartat \ud83d\udc40<\/li>\n<\/ul>\n<\/li>\n<\/ul>\n<\/li>\n<\/ul>\n<\/li>\n<\/ul>\n<p><a class=\"customize-unpreviewable\" href=\"https:\/\/agora.xtec.cat\/ceiplanaspa\/wp-content\/uploads\/usu1392\/2021\/07\/5.png\"><img loading=\"lazy\" decoding=\"async\" class=\"alignnone wp-image-4700\" src=\"https:\/\/agora.xtec.cat\/ceiplanaspa\/wp-content\/uploads\/usu1392\/2021\/07\/5-1024x646.png\" sizes=\"auto, (max-width: 317px) 100vw, 317px\" srcset=\"https:\/\/agora.xtec.cat\/ceiplanaspa\/wp-content\/uploads\/usu1392\/2021\/07\/5.png 1024w, https:\/\/agora.xtec.cat\/ceiplanaspa\/wp-content\/uploads\/usu1392\/2021\/07\/5-300x189.png 300w, https:\/\/agora.xtec.cat\/ceiplanaspa\/wp-content\/uploads\/usu1392\/2021\/07\/5-768x485.png 768w\" alt=\"\" width=\"317\" height=\"200\" \/><\/a><\/p>\n<div class=\"addtoany_share_save_container addtoany_content addtoany_content_bottom\">\n<div class=\"a2a_kit a2a_kit_size_32 addtoany_list\" data-a2a-url=\"https:\/\/agora.xtec.cat\/ceiplanaspa\/transformacio-biblioteca\/\" data-a2a-title=\"Transformaci\u00f3 Biblioteca\"><\/div>\n<\/div>\n<\/div>\n","protected":false},"excerpt":{"rendered":"<p>La lectura volem que sigui un dels eixos m\u00e9s importants de l\u2019escola i, per tal d\u2019aconseguir-ho, al curs 2020-2021 vam iniciar la transformaci\u00f3 de la nostra biblioteca. En aquest v\u00eddeo que us presentem podreu veure les primeres passes: https:\/\/drive.google.com\/file\/d\/1Lt0-7p6TkPdE1pnf-FnGcBmHfH8TpF2j\/view Durant tot el curs hem seguit fent actuacions concretes, les voleu con\u00e8ixer? Reunions de delegats\/des mensualment [&hellip;]<\/p>\n","protected":false},"author":1,"featured_media":0,"parent":2801,"menu_order":0,"comment_status":"closed","ping_status":"closed","template":"page-templates\/side-menu.php","meta":{"_bbp_topic_count":0,"_bbp_reply_count":0,"_bbp_total_topic_count":0,"_bbp_total_reply_count":0,"_bbp_voice_count":0,"_bbp_anonymous_reply_count":0,"_bbp_topic_count_hidden":0,"_bbp_reply_count_hidden":0,"_bbp_forum_subforum_count":0,"site-sidebar-layout":"default","site-content-layout":"","ast-site-content-layout":"","site-content-style":"default","site-sidebar-style":"default","ast-global-header-display":"","ast-banner-title-visibility":"","ast-main-header-display":"","ast-hfb-above-header-display":"","ast-hfb-below-header-display":"","ast-hfb-mobile-header-display":"","site-post-title":"","ast-breadcrumbs-content":"","ast-featured-img":"","footer-sml-layout":"","theme-transparent-header-meta":"","adv-header-id-meta":"","stick-header-meta":"","header-above-stick-meta":"","header-main-stick-meta":"","header-below-stick-meta":"","astra-migrate-meta-layouts":"default","ast-page-background-enabled":"default","ast-page-background-meta":{"desktop":{"background-color":"var(--ast-global-color-4)","background-image":"","background-repeat":"repeat","background-position":"center center","background-size":"auto","background-attachment":"scroll","background-type":"","background-media":"","overlay-type":"","overlay-color":"","overlay-opacity":"","overlay-gradient":""},"tablet":{"background-color":"","background-image":"","background-repeat":"repeat","background-position":"center center","background-size":"auto","background-attachment":"scroll","background-type":"","background-media":"","overlay-type":"","overlay-color":"","overlay-opacity":"","overlay-gradient":""},"mobile":{"background-color":"","background-image":"","background-repeat":"repeat","background-position":"center center","background-size":"auto","background-attachment":"scroll","background-type":"","background-media":"","overlay-type":"","overlay-color":"","overlay-opacity":"","overlay-gradient":""}},"ast-content-background-meta":{"desktop":{"background-color":"var(--ast-global-color-5)","background-image":"","background-repeat":"repeat","background-position":"center center","background-size":"auto","background-attachment":"scroll","background-type":"","background-media":"","overlay-type":"","overlay-color":"","overlay-opacity":"","overlay-gradient":""},"tablet":{"background-color":"var(--ast-global-color-5)","background-image":"","background-repeat":"repeat","background-position":"center center","background-size":"auto","background-attachment":"scroll","background-type":"","background-media":"","overlay-type":"","overlay-color":"","overlay-opacity":"","overlay-gradient":""},"mobile":{"background-color":"var(--ast-global-color-5)","background-image":"","background-repeat":"repeat","background-position":"center center","background-size":"auto","background-attachment":"scroll","background-type":"","background-media":"","overlay-type":"","overlay-color":"","overlay-opacity":"","overlay-gradient":""}},"footnotes":""},"class_list":["post-8876","page","type-page","status-publish","hentry"],"post_mailing_queue_ids":[],"_links":{"self":[{"href":"https:\/\/agora.xtec.cat\/ceiplanaspa\/wp-json\/wp\/v2\/pages\/8876","targetHints":{"allow":["GET"]}}],"collection":[{"href":"https:\/\/agora.xtec.cat\/ceiplanaspa\/wp-json\/wp\/v2\/pages"}],"about":[{"href":"https:\/\/agora.xtec.cat\/ceiplanaspa\/wp-json\/wp\/v2\/types\/page"}],"author":[{"embeddable":true,"href":"https:\/\/agora.xtec.cat\/ceiplanaspa\/wp-json\/wp\/v2\/users\/1"}],"replies":[{"embeddable":true,"href":"https:\/\/agora.xtec.cat\/ceiplanaspa\/wp-json\/wp\/v2\/comments?post=8876"}],"version-history":[{"count":3,"href":"https:\/\/agora.xtec.cat\/ceiplanaspa\/wp-json\/wp\/v2\/pages\/8876\/revisions"}],"predecessor-version":[{"id":9123,"href":"https:\/\/agora.xtec.cat\/ceiplanaspa\/wp-json\/wp\/v2\/pages\/8876\/revisions\/9123"}],"up":[{"embeddable":true,"href":"https:\/\/agora.xtec.cat\/ceiplanaspa\/wp-json\/wp\/v2\/pages\/2801"}],"wp:attachment":[{"href":"https:\/\/agora.xtec.cat\/ceiplanaspa\/wp-json\/wp\/v2\/media?parent=8876"}],"curies":[{"name":"wp","href":"https:\/\/api.w.org\/{rel}","templated":true}]}}