{"id":8870,"date":"2023-04-13T23:58:32","date_gmt":"2023-04-13T21:58:32","guid":{"rendered":"https:\/\/agora.xtec.cat\/ceiplanaspa\/?page_id=8870"},"modified":"2025-01-22T10:08:16","modified_gmt":"2025-01-22T09:08:16","slug":"angles","status":"publish","type":"page","link":"https:\/\/agora.xtec.cat\/ceiplanaspa\/el-projecte\/angles\/","title":{"rendered":"Angl\u00e8s"},"content":{"rendered":"<p><span style=\"font-weight: 400;\">Quina \u00e9s la metodologia que utilitzem a l&#8217;escola Lanaspa-Giralt en l&#8217;ensenyament de la llengua estrangera?<\/span><\/p>\n<p><span style=\"font-weight: 400;\">Creiem fermament que la millor manera d&#8217;aprendre una llengua \u00e9s de manera funcional, \u00e9s a dir, utilitzant-la en contextos reals i practicant-la de manera efectiva.<\/span><\/p>\n<p><span style=\"font-weight: 400;\">Per aix\u00f2, el nostre nou model d&#8217;aprenentatge de l&#8217;angl\u00e8s est\u00e0 basat en la comunicaci\u00f3 oral des del primer moment. Com ho fem? A trav\u00e9s d&#8217;una s\u00e8rie d&#8217;activitats vertebradores i graduals a tota l&#8217;escola, el nostre alumnat apr\u00e8n una base oral als cursos de EI i despr\u00e9s introdu\u00efm\u00a0l\u2019escriptura a prim\u00e0ria. Fem pal\u00e8s, la import\u00e0ncia destacada a l&#8217;oralitat a tots els cursos, ja que \u00e9s la base per a una bona comunicaci\u00f3 en qualsevol idioma.<\/span><\/p>\n<p><strong>La innovaci\u00f3 a infantil:<\/strong><\/p>\n<p><span style=\"font-weight: 400;\">Aquest model noved\u00f3s es va implantar fa uns cursos amb la premisa de dedicar menys hores per\u00f2 m\u00e9s sessions per aconseguir un millor aprenentatge. Ens v\u00e0rem plantejar que un infant no t\u00e9 una atenci\u00f3 plena d\u2019una hora, i encara menys en una llengua estrangera, aix\u00ed que invertir una sessi\u00f3 d\u2019un hora a una classe d\u2019angl\u00e8s era desaprofitar el recurs, fou a trav\u00e9s d\u2019aquesta reflexi\u00f3 que va apar\u00e8ixer la idea de fer sessions m\u00e9s freq\u00fcents i intenses per\u00f2 de m\u00e0xim mitja hora. Dins d\u2019aquestes oferim varietats d\u2019activitats com teatres, contactones, jocs, can\u00e7ons, pictogrames i un gran etc.<\/span><\/p>\n<p><strong>A prim\u00e0ria:<\/strong><\/p>\n<p><span style=\"font-weight: 400;\">A prim\u00e0ria utilitzem un llibre guia com a recurs igualitari envers els impulsos digitals i auditius. Aix\u00f2 ens permet garantir una educaci\u00f3 de qualitat i adaptada a les necessitats de cada alumne, fomentant el desenvolupament d&#8217;habilitats clau en l&#8217;aprenentatge de l&#8217;angl\u00e8s, com ara la comunicaci\u00f3 oral i escrita, la comprensi\u00f3 lectora i la pronunciaci\u00f3 correcta.<\/span><\/p>\n<p><span style=\"font-weight: 400;\">Desdoblem cursos a cada grup i garantim un m\u00ednim de tres sessions d\u2019angl\u00e8s a la setmana.<\/span><\/p>\n<h4><\/h4>\n<h4><strong>Activitats vertebradores i graduals:<\/strong><\/h4>\n<p><span style=\"font-weight: 400;\"><strong><a href=\"https:\/\/agora.xtec.cat\/ceiplanaspa\/petits\/2020-2029-p5\/hello-october-2\/\">Rutines<\/a>:<\/strong> un cop per setmana a cada classe d\u2019infantil: bon dia, comptem, qui falta, dia de la setmana, mesos de l\u2019any i temps (gradual des d\u2019I3 a I5)<\/span><\/p>\n<p><span style=\"font-weight: 400;\"><strong><a href=\"https:\/\/drive.google.com\/drive\/folders\/1BQX4KG6RB6vriXEb9RD3YNIZwTsAvinG?usp=share_link\">Pictogrames<\/a>:<\/strong> Imatges que ens ajuden a establir bases comunicatives. Des d\u2019i3 a 2n.<\/span><\/p>\n<p><span style=\"font-weight: 400;\"><strong>Di\u00e0legs:<\/strong> Comences a I5, i de forma gradual acaben a 6\u00e8, on fan una descripci\u00f3 d\u2019ellxs mateixxs o d\u2019un company\/a.<\/span><\/p>\n<p><span style=\"font-weight: 400;\"><strong>Scrapook:<\/strong> a 5\u00e8 i 6\u00e8 fem servir un quadern de dibuix tipus \u201cscrapbook\u201d on plasmem all\u00f2 que voldrem recordar: apunts gram\u00e0ticals, paraules i expressions que vull recordar, can\u00e7ons que treballem\u2026<\/span><\/p>\n<p><span style=\"font-weight: 400;\"><strong>Projecte:<\/strong> cada curs fem un projecte anual a cada classe.<\/span><\/p>\n<p><span style=\"font-weight: 400;\"><strong>Teatres:<\/strong> cada any contractem serveis de teatre a professionals que ens deleiten amb les seves obres i els seus shows, acompanyats de programacions did\u00e0ctiques per treballar apriori.\u00a0<\/span><\/p>\n<p><span style=\"font-weight: 400;\"><strong><a href=\"https:\/\/agora.xtec.cat\/ceiplanaspa\/festivitats-i-celebracions\/\">Festivitats<\/a>:<\/strong> celebrem les festivitats de: Halloween, Christmas, Carnival, Easter.<\/span><\/p>\n<p>&nbsp;<\/p>\n<h5><span style=\"font-weight: 400;\"><strong>GRUPS LING\u00dc\u00cdSTICS<\/strong> (inaugurat 22-23)<\/span><\/h5>\n<p>El m\u00f3n canvia constantment i tamb\u00e9, les nostres escoles. \u00c9s per aix\u00f2 que creiem fermament en cr\u00e9ixer com escola i apostar per novetats que permetin arribar a les demandes del nostre alumnat. Enguany, v\u00e0rem apostar per l&#8217;espai &#8220;grups ling\u00fc\u00edstics&#8221;, un espai de 45 minuts de durada un cop a la setmana multinivell, \u00e9s a dir, on ens barregem nens i nenes de diferents classes, per fer activitats m\u00e9s o menys guiades on es fomenti l&#8217;oralitat, la interacci\u00f3 i sobretot el gaudi envers l&#8217;angl\u00e8s.<\/p>\n<p>Us deixem l&#8217;enlla\u00e7 on s&#8217;explica de manera m\u00e9s acurada aquest <a href=\"https:\/\/www.canva.com\/design\/DAFgcPca1ao\/8ZyoiVEYzLF84IFd94Onog\/edit?utm_content=DAFgcPca1ao&amp;utm_campaign=designshare&amp;utm_medium=link2&amp;utm_source=sharebutton\">projecte<\/a>.<\/p>\n","protected":false},"excerpt":{"rendered":"<p>Quina \u00e9s la metodologia que utilitzem a l&#8217;escola Lanaspa-Giralt en l&#8217;ensenyament de la llengua estrangera? Creiem fermament que la millor manera d&#8217;aprendre una llengua \u00e9s de manera funcional, \u00e9s a dir, utilitzant-la en contextos reals i practicant-la de manera efectiva. Per aix\u00f2, el nostre nou model d&#8217;aprenentatge de l&#8217;angl\u00e8s est\u00e0 basat en la comunicaci\u00f3 oral [&hellip;]<\/p>\n","protected":false},"author":1,"featured_media":0,"parent":2795,"menu_order":6,"comment_status":"closed","ping_status":"closed","template":"page-templates\/side-menu.php","meta":{"_bbp_topic_count":0,"_bbp_reply_count":0,"_bbp_total_topic_count":0,"_bbp_total_reply_count":0,"_bbp_voice_count":0,"_bbp_anonymous_reply_count":0,"_bbp_topic_count_hidden":0,"_bbp_reply_count_hidden":0,"_bbp_forum_subforum_count":0,"site-sidebar-layout":"default","site-content-layout":"","ast-site-content-layout":"","site-content-style":"default","site-sidebar-style":"default","ast-global-header-display":"","ast-banner-title-visibility":"","ast-main-header-display":"","ast-hfb-above-header-display":"","ast-hfb-below-header-display":"","ast-hfb-mobile-header-display":"","site-post-title":"","ast-breadcrumbs-content":"","ast-featured-img":"","footer-sml-layout":"","theme-transparent-header-meta":"","adv-header-id-meta":"","stick-header-meta":"","header-above-stick-meta":"","header-main-stick-meta":"","header-below-stick-meta":"","astra-migrate-meta-layouts":"default","ast-page-background-enabled":"default","ast-page-background-meta":{"desktop":{"background-color":"var(--ast-global-color-4)","background-image":"","background-repeat":"repeat","background-position":"center center","background-size":"auto","background-attachment":"scroll","background-type":"","background-media":"","overlay-type":"","overlay-color":"","overlay-opacity":"","overlay-gradient":""},"tablet":{"background-color":"","background-image":"","background-repeat":"repeat","background-position":"center center","background-size":"auto","background-attachment":"scroll","background-type":"","background-media":"","overlay-type":"","overlay-color":"","overlay-opacity":"","overlay-gradient":""},"mobile":{"background-color":"","background-image":"","background-repeat":"repeat","background-position":"center center","background-size":"auto","background-attachment":"scroll","background-type":"","background-media":"","overlay-type":"","overlay-color":"","overlay-opacity":"","overlay-gradient":""}},"ast-content-background-meta":{"desktop":{"background-color":"var(--ast-global-color-5)","background-image":"","background-repeat":"repeat","background-position":"center center","background-size":"auto","background-attachment":"scroll","background-type":"","background-media":"","overlay-type":"","overlay-color":"","overlay-opacity":"","overlay-gradient":""},"tablet":{"background-color":"var(--ast-global-color-5)","background-image":"","background-repeat":"repeat","background-position":"center center","background-size":"auto","background-attachment":"scroll","background-type":"","background-media":"","overlay-type":"","overlay-color":"","overlay-opacity":"","overlay-gradient":""},"mobile":{"background-color":"var(--ast-global-color-5)","background-image":"","background-repeat":"repeat","background-position":"center center","background-size":"auto","background-attachment":"scroll","background-type":"","background-media":"","overlay-type":"","overlay-color":"","overlay-opacity":"","overlay-gradient":""}},"footnotes":""},"class_list":["post-8870","page","type-page","status-publish","hentry"],"post_mailing_queue_ids":[],"_links":{"self":[{"href":"https:\/\/agora.xtec.cat\/ceiplanaspa\/wp-json\/wp\/v2\/pages\/8870","targetHints":{"allow":["GET"]}}],"collection":[{"href":"https:\/\/agora.xtec.cat\/ceiplanaspa\/wp-json\/wp\/v2\/pages"}],"about":[{"href":"https:\/\/agora.xtec.cat\/ceiplanaspa\/wp-json\/wp\/v2\/types\/page"}],"author":[{"embeddable":true,"href":"https:\/\/agora.xtec.cat\/ceiplanaspa\/wp-json\/wp\/v2\/users\/1"}],"replies":[{"embeddable":true,"href":"https:\/\/agora.xtec.cat\/ceiplanaspa\/wp-json\/wp\/v2\/comments?post=8870"}],"version-history":[{"count":5,"href":"https:\/\/agora.xtec.cat\/ceiplanaspa\/wp-json\/wp\/v2\/pages\/8870\/revisions"}],"predecessor-version":[{"id":12362,"href":"https:\/\/agora.xtec.cat\/ceiplanaspa\/wp-json\/wp\/v2\/pages\/8870\/revisions\/12362"}],"up":[{"embeddable":true,"href":"https:\/\/agora.xtec.cat\/ceiplanaspa\/wp-json\/wp\/v2\/pages\/2795"}],"wp:attachment":[{"href":"https:\/\/agora.xtec.cat\/ceiplanaspa\/wp-json\/wp\/v2\/media?parent=8870"}],"curies":[{"name":"wp","href":"https:\/\/api.w.org\/{rel}","templated":true}]}}